{"id":16096,"date":"2026-03-18T22:03:17","date_gmt":"2026-03-18T21:03:17","guid":{"rendered":"https:\/\/gltestm.webology.pl\/produkt\/beissel-sticknadel-set-mix-130-705-he\/"},"modified":"2026-03-22T21:44:17","modified_gmt":"2026-03-22T20:44:17","slug":"beissel-sticknadel-set-mix-130-705-he","status":"publish","type":"product","link":"https:\/\/gltestm.webology.pl\/de\/produkt\/beissel-sticknadel-set-mix-130-705-he\/","title":{"rendered":"Beissel-Sticknadel-Set MIX 130-705 HE"},"content":{"rendered":"<p><strong>Beissel-Sticknadeln MIX 130-705 HE<\/strong><\/p>\n<p>Nadeln f\u00fcr das maschinelle N\u00e4hen mit Zierf\u00e4den.<\/p>\n<p><strong>Farbkodierte Kolbenst\u00e4rke.<\/strong><br \/><strong>Dicke der Nadel 3&#215;75, 2&#215;90.<\/strong><br \/><strong>Packung mit 5 St\u00fcck.<\/strong><br \/><strong>Halb-flach.<\/strong><\/p>\n<p>Lizenziert von BMN Beissel Maschinennadel Gmbh, Deutschland.<\/p>\n<p>Beissel Nadel:<\/p>\n<p>wird nach der DIN-Norm hergestellt<br \/>hergestellt nach SATRA, UK Standard<br \/>unterliegt einer Qualit\u00e4tskontrolle mit 155 Pr\u00fcfpunkten<\/p>\n<p>Beissel Maschinennadeln werden in Dutzenden von L\u00e4ndern auf allen Kontinenten eingesetzt. Die Altek Beissel Fabrik ist eine der letzten in der Welt, in der der Eigent\u00fcmer jeden Tag in der Produktion anwesend ist.<\/p>\n","protected":false},"excerpt":{"rendered":"<p>BEISSEL Halbflachnadel f\u00fcr Stickerei 130-705 HE<\/p>\n","protected":false},"featured_media":13004,"comment_status":"open","ping_status":"closed","template":"","meta":[],"product_brand":[],"product_cat":[520],"product_tag":[],"class_list":{"0":"post-16096","1":"product","2":"type-product","3":"status-publish","4":"has-post-thumbnail","6":"product_cat-igly-do-maszyn","8":"first","9":"instock","10":"taxable","11":"shipping-taxable","12":"purchasable","13":"product-type-simple"},"_links":{"self":[{"href":"https:\/\/gltestm.webology.pl\/de\/wp-json\/wp\/v2\/product\/16096","targetHints":{"allow":["GET"]}}],"collection":[{"href":"https:\/\/gltestm.webology.pl\/de\/wp-json\/wp\/v2\/product"}],"about":[{"href":"https:\/\/gltestm.webology.pl\/de\/wp-json\/wp\/v2\/types\/product"}],"replies":[{"embeddable":true,"href":"https:\/\/gltestm.webology.pl\/de\/wp-json\/wp\/v2\/comments?post=16096"}],"version-history":[{"count":0,"href":"https:\/\/gltestm.webology.pl\/de\/wp-json\/wp\/v2\/product\/16096\/revisions"}],"wp:featuredmedia":[{"embeddable":true,"href":"https:\/\/gltestm.webology.pl\/de\/wp-json\/wp\/v2\/media\/13004"}],"wp:attachment":[{"href":"https:\/\/gltestm.webology.pl\/de\/wp-json\/wp\/v2\/media?parent=16096"}],"wp:term":[{"taxonomy":"product_brand","embeddable":true,"href":"https:\/\/gltestm.webology.pl\/de\/wp-json\/wp\/v2\/product_brand?post=16096"},{"taxonomy":"product_cat","embeddable":true,"href":"https:\/\/gltestm.webology.pl\/de\/wp-json\/wp\/v2\/product_cat?post=16096"},{"taxonomy":"product_tag","embeddable":true,"href":"https:\/\/gltestm.webology.pl\/de\/wp-json\/wp\/v2\/product_tag?post=16096"}],"curies":[{"name":"wp","href":"https:\/\/api.w.org\/{rel}","templated":true}]}}