{"id":16088,"date":"2026-03-18T22:03:17","date_gmt":"2026-03-18T21:03:17","guid":{"rendered":"https:\/\/gltestm.webology.pl\/produkt\/beissel-705-hdk-nadelset-groesse-80-fuer-sehbehinderte\/"},"modified":"2026-03-22T21:44:11","modified_gmt":"2026-03-22T20:44:11","slug":"beissel-705-hdk-nadelset-groesse-80-fuer-sehbehinderte","status":"publish","type":"product","link":"https:\/\/gltestm.webology.pl\/de\/produkt\/beissel-705-hdk-nadelset-groesse-80-fuer-sehbehinderte\/","title":{"rendered":"Beissel 705 HDK Nadelset Gr\u00f6\u00dfe 80 f\u00fcr Sehbehinderte"},"content":{"rendered":"<p><strong>Beissel 705 HDK Gr\u00f6\u00dfe 80 Nadeln f\u00fcr Sehbehinderte<\/strong><\/p>\n<p>Die Nadel f\u00fcr Sehbehinderte hat eine spezielle Rille, die das Einf\u00e4deln erleichtert, auch wenn wir das Auge nicht sehen k\u00f6nnen. Diese Nadeln werden auch von Menschen verwendet, die n\u00e4hen und in gewissem Ma\u00dfe behindert sind, z. B. durch die Parkinsonsche Krankheit.<\/p>\n<p><strong>Farbcodierte Kolbenst\u00e4rke.<\/strong><br \/><strong>Dicke der Nadel 80. <\/strong><br \/><strong>Packung mit 5 St\u00fcck.<\/strong><br \/><strong>Halb-flach.<\/strong><\/p>\n<p>Lizenziert von BMN Beissel Maschinennadel Gmbh, Deutschland.<\/p>\n<p>Beissel Nadel:<br \/>wird gem\u00e4\u00df der DIN-Norm hergestellt<br \/>hergestellt nach SATRA, UK Standard<\/p>\n<p>unterliegt einer Qualit\u00e4tskontrolle mit 155 Pr\u00fcfpunkten<br \/>Beissel Maschinennadeln werden in Dutzenden von L\u00e4ndern auf der ganzen Welt verwendet, auf allen<\/p>\n","protected":false},"excerpt":{"rendered":"<p>BEISSEL Universal-Halbflachnadel f\u00fcr Sehbehinderte 705 HDK, f\u00fcr alle Arten von Stoffen.<\/p>\n","protected":false},"featured_media":14821,"comment_status":"open","ping_status":"closed","template":"","meta":[],"product_brand":[],"product_cat":[520],"product_tag":[],"class_list":{"0":"post-16088","1":"product","2":"type-product","3":"status-publish","4":"has-post-thumbnail","6":"product_cat-igly-do-maszyn","8":"first","9":"instock","10":"taxable","11":"shipping-taxable","12":"purchasable","13":"product-type-simple"},"_links":{"self":[{"href":"https:\/\/gltestm.webology.pl\/de\/wp-json\/wp\/v2\/product\/16088","targetHints":{"allow":["GET"]}}],"collection":[{"href":"https:\/\/gltestm.webology.pl\/de\/wp-json\/wp\/v2\/product"}],"about":[{"href":"https:\/\/gltestm.webology.pl\/de\/wp-json\/wp\/v2\/types\/product"}],"replies":[{"embeddable":true,"href":"https:\/\/gltestm.webology.pl\/de\/wp-json\/wp\/v2\/comments?post=16088"}],"version-history":[{"count":0,"href":"https:\/\/gltestm.webology.pl\/de\/wp-json\/wp\/v2\/product\/16088\/revisions"}],"wp:featuredmedia":[{"embeddable":true,"href":"https:\/\/gltestm.webology.pl\/de\/wp-json\/wp\/v2\/media\/14821"}],"wp:attachment":[{"href":"https:\/\/gltestm.webology.pl\/de\/wp-json\/wp\/v2\/media?parent=16088"}],"wp:term":[{"taxonomy":"product_brand","embeddable":true,"href":"https:\/\/gltestm.webology.pl\/de\/wp-json\/wp\/v2\/product_brand?post=16088"},{"taxonomy":"product_cat","embeddable":true,"href":"https:\/\/gltestm.webology.pl\/de\/wp-json\/wp\/v2\/product_cat?post=16088"},{"taxonomy":"product_tag","embeddable":true,"href":"https:\/\/gltestm.webology.pl\/de\/wp-json\/wp\/v2\/product_tag?post=16088"}],"curies":[{"name":"wp","href":"https:\/\/api.w.org\/{rel}","templated":true}]}}