{"id":16084,"date":"2026-03-18T22:03:16","date_gmt":"2026-03-18T21:03:16","guid":{"rendered":"https:\/\/gltestm.webology.pl\/produkt\/schachtel-mit-farbigen-spulen-fuer-naehmaschinen\/"},"modified":"2026-03-22T21:07:11","modified_gmt":"2026-03-22T20:07:11","slug":"schachtel-mit-farbigen-spulen-fuer-naehmaschinen","status":"publish","type":"product","link":"https:\/\/gltestm.webology.pl\/de\/produkt\/schachtel-mit-farbigen-spulen-fuer-naehmaschinen\/","title":{"rendered":"Schachtel mit farbigen Spulen f\u00fcr N\u00e4hmaschinen"},"content":{"rendered":"<p>Eine Schachtel mit bunten N\u00e4hmaschinenspulen ist <strong>ein praktisches Set<\/strong>, das alle Arten von N\u00e4harbeiten erleichtern wird. Das Set enth\u00e4lt<strong> 25<\/strong> Spulen aus hochwertigem, <strong>haltbarem Material<\/strong>, das ihre <strong>langfristige<\/strong> Nutzung garantiert. Die Spulen passen zu allen Modellen der Lucznik-Maschinen aus dem <strong>aktuellen Verkaufsangebot unseres Shops<\/strong>.<\/p>\n<h2>Abmessungen der Kl\u00f6ppel<\/h2>\n<ul>\n<li>durchmesser 2 cm<\/li>\n<li>h\u00f6he 1 cm<\/li>\n<li>innendurchmesser 6 mm<\/li>\n<\/ul>\n<h2>Immer zur Hand. Immer griffbereit. <\/h2>\n<p>Die farbigen Spulen sind leicht zu <strong>erkennen<\/strong> und erm\u00f6glichen es Ihnen, schnell die richtige Garnfarbe f\u00fcr ein bestimmtes Projekt zu w\u00e4hlen. Die <strong>Box<\/strong>, in der sie aufbewahrt werden, h\u00e4lt die Spulen <strong>ordentlich<\/strong> und \u00fcbersichtlich. Das Set ist ideal f\u00fcr <strong>Anf\u00e4nger<\/strong> und <strong>erfahrene<\/strong> N\u00e4herinnen, die eine Auswahl an N\u00e4hgarnfarben f\u00fcr ihre N\u00e4hmaschine ben\u00f6tigen. Es ist auch ein tolles <strong>Geschenk<\/strong> f\u00fcr N\u00e4hbegeisterte oder Menschen, die mit dem N\u00e4hen beginnen m\u00f6chten.<\/p>\n<h2>Eine gute Idee f\u00fcr ein praktisches Geschenk<\/h2>\n<p>Eine Schachtel mit bunten Spulen f\u00fcr N\u00e4hmaschinen ist nicht nur praktisch, sondern auch ein \u00e4sthetisches Produkt. Die Wahl der Farben und ihre Anordnung lassen das Set sehr attraktiv aussehen und k\u00f6nnen eine Dekoration f\u00fcr jedes N\u00e4hstudio sein.<\/p>\n","protected":false},"excerpt":{"rendered":"<p>Die Box enth\u00e4lt 25 verschiedenfarbige Spulen<\/p>\n","protected":false},"featured_media":13872,"comment_status":"open","ping_status":"closed","template":"","meta":[],"product_brand":[],"product_cat":[525],"product_tag":[],"class_list":{"0":"post-16084","1":"product","2":"type-product","3":"status-publish","4":"has-post-thumbnail","6":"product_cat-szpulki-na-nici","8":"first","9":"instock","10":"taxable","11":"shipping-taxable","12":"purchasable","13":"product-type-simple"},"_links":{"self":[{"href":"https:\/\/gltestm.webology.pl\/de\/wp-json\/wp\/v2\/product\/16084","targetHints":{"allow":["GET"]}}],"collection":[{"href":"https:\/\/gltestm.webology.pl\/de\/wp-json\/wp\/v2\/product"}],"about":[{"href":"https:\/\/gltestm.webology.pl\/de\/wp-json\/wp\/v2\/types\/product"}],"replies":[{"embeddable":true,"href":"https:\/\/gltestm.webology.pl\/de\/wp-json\/wp\/v2\/comments?post=16084"}],"version-history":[{"count":0,"href":"https:\/\/gltestm.webology.pl\/de\/wp-json\/wp\/v2\/product\/16084\/revisions"}],"wp:featuredmedia":[{"embeddable":true,"href":"https:\/\/gltestm.webology.pl\/de\/wp-json\/wp\/v2\/media\/13872"}],"wp:attachment":[{"href":"https:\/\/gltestm.webology.pl\/de\/wp-json\/wp\/v2\/media?parent=16084"}],"wp:term":[{"taxonomy":"product_brand","embeddable":true,"href":"https:\/\/gltestm.webology.pl\/de\/wp-json\/wp\/v2\/product_brand?post=16084"},{"taxonomy":"product_cat","embeddable":true,"href":"https:\/\/gltestm.webology.pl\/de\/wp-json\/wp\/v2\/product_cat?post=16084"},{"taxonomy":"product_tag","embeddable":true,"href":"https:\/\/gltestm.webology.pl\/de\/wp-json\/wp\/v2\/product_tag?post=16084"}],"curies":[{"name":"wp","href":"https:\/\/api.w.org\/{rel}","templated":true}]}}