{"id":16072,"date":"2026-03-18T22:03:16","date_gmt":"2026-03-18T21:03:16","guid":{"rendered":"https:\/\/gltestm.webology.pl\/produkt\/metallspulen-fuer-naehmaschinen-satz-mit-25-stueck-in-einer-schachtel\/"},"modified":"2026-03-22T21:43:13","modified_gmt":"2026-03-22T20:43:13","slug":"metallspulen-fuer-naehmaschinen-satz-mit-25-stueck-in-einer-schachtel","status":"publish","type":"product","link":"https:\/\/gltestm.webology.pl\/de\/produkt\/metallspulen-fuer-naehmaschinen-satz-mit-25-stueck-in-einer-schachtel\/","title":{"rendered":"Metallspulen f\u00fcr N\u00e4hmaschinen (Satz mit 25 St\u00fcck in einer Schachtel)"},"content":{"rendered":"<h2>Satz von 25 Metall-N\u00e4hmaschinenspulen in einer Schachtel<\/h2>\n<p>Dieses Set enth\u00e4lt <strong>25<\/strong> N\u00e4hmaschinenspulen. Sie haben einen Durchmesser von 2 cm, eine H\u00f6he von 1 cm und einen Innendurchmesser von 6 mm.<\/p>\n<p>Metallspulen f\u00fcr Lucznik-N\u00e4hmaschinen mit <strong>flachem<\/strong> <strong>Abschnitt<\/strong>. Spulen aus Metall sind im Allgemeinen <strong>haltbarer<\/strong> als Kunststoffspulen. Es lohnt sich, <strong>mehr<\/strong> von ihnen zu haben und die Garnfarben, die Sie haben, aufzuspulen!<\/p>\n<h2>Abmessungen der Spule<\/h2>\n<ul>\n<li>durchmesser:2 cm<\/li>\n<li>h\u00f6he 1 cm<\/li>\n<li>innendurchmesser 6 mm<\/li>\n<\/ul>\n<h2>Die Spule passt zu folgenden Maschinen<\/h2>\n<p>Archer Alicja 420, Archer Amelia II, Archer Anna 510, Archer Balladyna II 2020, Archer Carmen, Archer Diana 417, Archer Dorota, Archer Ewa II 2014, Archer Everyday, Archer Gabriela 875, Archer Helena 2060, Archer Izabella 888, Archer Jagoda 787, Archer Julia 2009, Archer Julita 777, Archer Justina 2010, Archer Karina 910, Archer Karolina 2040, Archer Katarzyna 444, Archer Kinga 2011, Archer Kornelia II 2004, Archer Laura 555, Archer Lena, Archer Lidia 2016, Archer Magdalena 2050, Archer Maja 827, Archer Malwina 2070, Archer Maria 418, Archer Marilyn 2018, Archer Marta 712, Archer Martina 2080, Archer Milena 419, Archer Mini, Archer Natalia 2007, Archer Ola 803, Archer Olga 418, Archer Otylia 2006, Archer Patrycja 2090, Archer Paulina 511, Archer Paulina 512, Archer Polonia 2018, Archer Telimena II 2030, Archer Teresa, Archer Veronica 2008, Archer Sophia I 2015, Archer Sophia II 2015.<\/p>\n<h2><span>Diese Spule <strong>passt nicht<\/strong><\/span><\/h2>\n<p><span>F\u00fcr fr\u00fcher hergestellte N\u00e4hmaschinen der Marke Lucznik, da sie keine tiefe Aussparung hat und eine Flachspule ist. Beispiele f\u00fcr Modelle, bei denen die Spule NICHT passt: 466, 451, 834, 884.<\/span><\/p>\n","protected":false},"excerpt":{"rendered":"<p>Ein Satz von 25 Metallspulen f\u00fcr N\u00e4hmaschinen in einer praktischen Box. Entwickelt f\u00fcr den Einsatz in Lucznik N\u00e4hmaschinen und viele andere Hersteller<\/p>\n","protected":false},"featured_media":15706,"comment_status":"open","ping_status":"closed","template":"","meta":[],"product_brand":[],"product_cat":[525],"product_tag":[],"class_list":{"0":"post-16072","1":"product","2":"type-product","3":"status-publish","4":"has-post-thumbnail","6":"product_cat-szpulki-na-nici","8":"first","9":"instock","10":"taxable","11":"shipping-taxable","12":"purchasable","13":"product-type-simple"},"_links":{"self":[{"href":"https:\/\/gltestm.webology.pl\/de\/wp-json\/wp\/v2\/product\/16072","targetHints":{"allow":["GET"]}}],"collection":[{"href":"https:\/\/gltestm.webology.pl\/de\/wp-json\/wp\/v2\/product"}],"about":[{"href":"https:\/\/gltestm.webology.pl\/de\/wp-json\/wp\/v2\/types\/product"}],"replies":[{"embeddable":true,"href":"https:\/\/gltestm.webology.pl\/de\/wp-json\/wp\/v2\/comments?post=16072"}],"version-history":[{"count":0,"href":"https:\/\/gltestm.webology.pl\/de\/wp-json\/wp\/v2\/product\/16072\/revisions"}],"wp:featuredmedia":[{"embeddable":true,"href":"https:\/\/gltestm.webology.pl\/de\/wp-json\/wp\/v2\/media\/15706"}],"wp:attachment":[{"href":"https:\/\/gltestm.webology.pl\/de\/wp-json\/wp\/v2\/media?parent=16072"}],"wp:term":[{"taxonomy":"product_brand","embeddable":true,"href":"https:\/\/gltestm.webology.pl\/de\/wp-json\/wp\/v2\/product_brand?post=16072"},{"taxonomy":"product_cat","embeddable":true,"href":"https:\/\/gltestm.webology.pl\/de\/wp-json\/wp\/v2\/product_cat?post=16072"},{"taxonomy":"product_tag","embeddable":true,"href":"https:\/\/gltestm.webology.pl\/de\/wp-json\/wp\/v2\/product_tag?post=16072"}],"curies":[{"name":"wp","href":"https:\/\/api.w.org\/{rel}","templated":true}]}}