{"id":16068,"date":"2026-03-18T22:03:15","date_gmt":"2026-03-18T21:03:15","guid":{"rendered":"https:\/\/gltestm.webology.pl\/produkt\/fusszeile-mit-obertransport-gehen\/"},"modified":"2026-03-22T21:43:04","modified_gmt":"2026-03-22T20:43:04","slug":"fusszeile-mit-obertransport-gehen","status":"publish","type":"product","link":"https:\/\/gltestm.webology.pl\/de\/produkt\/fusszeile-mit-obertransport-gehen\/","title":{"rendered":"Fu\u00dfzeile mit Obertransport &#8211; Gehen"},"content":{"rendered":"<h2>Steppfu\u00df &#8211; Fu\u00df mit Obertransport<\/h2>\n<p>Ein spezieller N\u00e4hmaschinenfu\u00df <strong>, der das N\u00e4hen schwieriger Materialien erleichtert.<\/strong> Der Schrittfuss h\u00e4lt die gen\u00e4hten Stofflagen mit Hilfe der oberen Z\u00e4hne, die zus\u00e4tzlich den Stoff von oben, b\u00fcndig mit der unteren Lage, halten und bewegen.<\/p>\n<p><strong>Anwendung:<\/strong><\/p>\n<p>Der Obertransportfu\u00df ist f\u00fcr alle Arten von Stoffen und Maschenwaren geeignet und erleichtert das F\u00fchren und N\u00e4hen dieser.<\/p>\n<p><strong>Gebrauchsanweisung:<\/strong><br \/>Mit Hilfe dieses Fu\u00dfes k\u00f6nnen Sie mit allen Stichen n\u00e4hen, die auch mit dem Universalfu\u00df gestickt werden k\u00f6nnen. Der Fu\u00df wird direkt auf dem Maschinendorn montiert, nachdem die Halterung mit einem Schnappverschluss entfernt wurde. Der Fu\u00dfhebel muss sich auf der Nadelbefestigungsschraube befinden. F\u00fchren Sie immer Probestiche durch, bevor Sie mit der eigentlichen Arbeit beginnen.<\/p>\n<p><strong>Der Fu\u00df passt:<\/strong><\/p>\n<p>Der Fu\u00df passt zu allen Archer-N\u00e4hmaschinen aus dem aktuellen Verkaufsprogramm <strong>Archer-N\u00e4hmaschinen <\/strong> mit<strong>Unterfu\u00dfbefestigung<\/strong><\/p>\n<p>&#8211; f\u00fcr N\u00e4hmaschinen mit Tieffu\u00dfaufsatz<\/p>\n<p>&#8211;<strong> archer-N\u00e4hmaschinen<\/strong> des alten Typs (Klasse 800 und andere).<\/p>\n<p>Passt nicht f\u00fcr Lucznik-Maschinen: Mini, Everyday, Lena.<\/p>\n<p>Der Fu\u00df wird mit einer Papieranleitung in Englisch geliefert. Um die Anleitung auf Polnisch herunterzuladen, gehen Sie zum Abschnitt &#8222;Download&#8220; und klicken Sie auf den Link.<\/p>\n","protected":false},"excerpt":{"rendered":"<p>Ein Obertransportfu\u00df sorgt daf\u00fcr, dass zwei Stofflagen beim N\u00e4hen gleichm\u00e4\u00dfig transportiert werden.<\/p>\n","protected":false},"featured_media":13976,"comment_status":"open","ping_status":"closed","template":"","meta":[],"product_brand":[],"product_cat":[450],"product_tag":[],"class_list":{"0":"post-16068","1":"product","2":"type-product","3":"status-publish","4":"has-post-thumbnail","6":"product_cat-stopki-do-maszyn","8":"first","9":"instock","10":"taxable","11":"shipping-taxable","12":"purchasable","13":"product-type-simple"},"_links":{"self":[{"href":"https:\/\/gltestm.webology.pl\/de\/wp-json\/wp\/v2\/product\/16068","targetHints":{"allow":["GET"]}}],"collection":[{"href":"https:\/\/gltestm.webology.pl\/de\/wp-json\/wp\/v2\/product"}],"about":[{"href":"https:\/\/gltestm.webology.pl\/de\/wp-json\/wp\/v2\/types\/product"}],"replies":[{"embeddable":true,"href":"https:\/\/gltestm.webology.pl\/de\/wp-json\/wp\/v2\/comments?post=16068"}],"version-history":[{"count":0,"href":"https:\/\/gltestm.webology.pl\/de\/wp-json\/wp\/v2\/product\/16068\/revisions"}],"wp:featuredmedia":[{"embeddable":true,"href":"https:\/\/gltestm.webology.pl\/de\/wp-json\/wp\/v2\/media\/13976"}],"wp:attachment":[{"href":"https:\/\/gltestm.webology.pl\/de\/wp-json\/wp\/v2\/media?parent=16068"}],"wp:term":[{"taxonomy":"product_brand","embeddable":true,"href":"https:\/\/gltestm.webology.pl\/de\/wp-json\/wp\/v2\/product_brand?post=16068"},{"taxonomy":"product_cat","embeddable":true,"href":"https:\/\/gltestm.webology.pl\/de\/wp-json\/wp\/v2\/product_cat?post=16068"},{"taxonomy":"product_tag","embeddable":true,"href":"https:\/\/gltestm.webology.pl\/de\/wp-json\/wp\/v2\/product_tag?post=16068"}],"curies":[{"name":"wp","href":"https:\/\/api.w.org\/{rel}","templated":true}]}}