{"id":16064,"date":"2026-03-18T22:03:15","date_gmt":"2026-03-18T21:03:15","guid":{"rendered":"https:\/\/gltestm.webology.pl\/produkt\/overlockstichfuss-mit-messer\/"},"modified":"2026-03-22T21:42:55","modified_gmt":"2026-03-22T20:42:55","slug":"overlockstichfuss-mit-messer","status":"publish","type":"product","link":"https:\/\/gltestm.webology.pl\/de\/produkt\/overlockstichfuss-mit-messer\/","title":{"rendered":"Overlockstichfu\u00df mit Messer"},"content":{"rendered":"<h2>Overlockstichfu\u00df mit Schneidevorrichtung<\/h2>\n<p>Overlockstichfu\u00df mit Schneidevorrichtung zum N\u00e4hen von Overlockstichen.<\/p>\n<p>Sie m\u00f6chten Ihrer Arbeit den letzten Schliff geben, m\u00f6chten aber nicht gleich eine ganze Overlock kaufen? Mit diesem Fu\u00df kommen Sie einem Overlock-Effekt mit Ihrer Heimn\u00e4hmaschine so nahe wie m\u00f6glich. Er vers\u00e4ubert die Kanten gleichm\u00e4\u00dfig, gerade, \u00e4sthetisch und genau an der Kante, und mit einem speziellen Messer schneidet er gleichzeitig das \u00fcbersch\u00fcssige Material ab.<\/p>\n<p>Der Fu\u00df ist zum N\u00e4hen der meisten Overlockstiche geeignet.<\/p>\n<p><strong>Er wird direkt auf den N\u00e4hmaschinendorn montiert<\/strong>, nachdem man zuvor den unteren Matrizenhalter entfernt hat.<\/p>\n<p>Vergewissern Sie sich immer, dass alle Parameter des gew\u00e4hlten Stichs richtig eingestellt sind, bevor Sie mit dem N\u00e4hen beginnen!<\/p>\n<p>F\u00fchren Sie immer einen Probestich auf einem nicht ben\u00f6tigten St\u00fcck Stoff durch, bevor Sie mit der eigentlichen Arbeit beginnen.<\/p>\n<p><strong>Passend f\u00fcr:<\/strong><\/p>\n<p>-bogensch\u00fctzen-N\u00e4hmaschinen <strong>mit niedrigem Fu\u00dfaufsatz<\/strong><\/p>\n<p><strong>Passt nicht f\u00fcr Lucznik-Maschinen: Mini, Lena, Everyday.<\/strong><\/p>\n<p>Der Schuh wird mit einer Papieranleitung in Englisch geliefert. Um die Anleitung auf Polnisch herunterzuladen, gehen Sie zum Abschnitt &#8222;Download&#8220; und klicken Sie auf den Link.<\/p>\n","protected":false},"excerpt":{"rendered":"<p>Fu\u00df mit Schneidmesser zum N\u00e4hen von Overlockstichen.<\/p>\n","protected":false},"featured_media":13925,"comment_status":"open","ping_status":"closed","template":"","meta":[],"product_brand":[],"product_cat":[450],"product_tag":[],"class_list":{"0":"post-16064","1":"product","2":"type-product","3":"status-publish","4":"has-post-thumbnail","6":"product_cat-stopki-do-maszyn","8":"first","9":"instock","10":"taxable","11":"shipping-taxable","12":"purchasable","13":"product-type-simple"},"_links":{"self":[{"href":"https:\/\/gltestm.webology.pl\/de\/wp-json\/wp\/v2\/product\/16064","targetHints":{"allow":["GET"]}}],"collection":[{"href":"https:\/\/gltestm.webology.pl\/de\/wp-json\/wp\/v2\/product"}],"about":[{"href":"https:\/\/gltestm.webology.pl\/de\/wp-json\/wp\/v2\/types\/product"}],"replies":[{"embeddable":true,"href":"https:\/\/gltestm.webology.pl\/de\/wp-json\/wp\/v2\/comments?post=16064"}],"version-history":[{"count":0,"href":"https:\/\/gltestm.webology.pl\/de\/wp-json\/wp\/v2\/product\/16064\/revisions"}],"wp:featuredmedia":[{"embeddable":true,"href":"https:\/\/gltestm.webology.pl\/de\/wp-json\/wp\/v2\/media\/13925"}],"wp:attachment":[{"href":"https:\/\/gltestm.webology.pl\/de\/wp-json\/wp\/v2\/media?parent=16064"}],"wp:term":[{"taxonomy":"product_brand","embeddable":true,"href":"https:\/\/gltestm.webology.pl\/de\/wp-json\/wp\/v2\/product_brand?post=16064"},{"taxonomy":"product_cat","embeddable":true,"href":"https:\/\/gltestm.webology.pl\/de\/wp-json\/wp\/v2\/product_cat?post=16064"},{"taxonomy":"product_tag","embeddable":true,"href":"https:\/\/gltestm.webology.pl\/de\/wp-json\/wp\/v2\/product_tag?post=16064"}],"curies":[{"name":"wp","href":"https:\/\/api.w.org\/{rel}","templated":true}]}}