{"id":16060,"date":"2026-03-18T22:03:15","date_gmt":"2026-03-18T21:03:15","guid":{"rendered":"https:\/\/gltestm.webology.pl\/produkt\/kreis-naehfuss\/"},"modified":"2026-03-22T21:41:19","modified_gmt":"2026-03-22T20:41:19","slug":"kreis-naehfuss","status":"publish","type":"product","link":"https:\/\/gltestm.webology.pl\/de\/produkt\/kreis-naehfuss\/","title":{"rendered":"Kreis-N\u00e4hfu\u00df"},"content":{"rendered":"<h2>Kreis-N\u00e4hfu\u00df<\/h2>\n<p>Dieser Fu\u00df ist ein interessantes Zubeh\u00f6r, mit dem Sie die M\u00f6glichkeiten Ihrer Maschine f\u00fcr k\u00fcnstlerisches N\u00e4hen und Stoffverzierungen erweitern k\u00f6nnen. Mit ihm k\u00f6nnen Sie ganz einfach einen gleichm\u00e4\u00dfigen Kreis sticken, um einen Saum zu n\u00e4hen oder ein Loch im Stoff zu befestigen.<\/p>\n<p>Au\u00dferdem k\u00f6nnen Sie damit eine erstaunliche Vielfalt an dekorativen Rosetten, Blumen, Sternen und Sonnen sowohl mit Einzel- als auch mit Doppelnadeln herstellen.<\/p>\n<p>Er stickt Kreise mit einem Durchmesser von wenigen Millimetern bis etwa einem Zentimeter und einem \u00d6ffnungsdurchmesser von 0,5 &#8211; 1,1 cm.<\/p>\n<p>Mit dem Fu\u00df k\u00f6nnen Sie einfache, doppelte, konzentrische, versetzte und gemischte Stichmuster herstellen.<\/p>\n<p><strong>Gebrauchsanweisung:<\/strong><br \/>Verdecken Sie zun\u00e4chst die Transportz\u00e4hne oder verdecken Sie sie mit einer Abdeckplatte. Zum Einsetzen des Fu\u00dfes entfernen Sie den Schnappfu\u00dfhebel, indem Sie die Schraube l\u00f6sen, setzen <strong>den Kreisfu\u00df<\/strong> direkt auf den Dorn und ziehen die Schraube fest. Der Fu\u00dfhebel sollte sich in der Position oberhalb der Schraube des Nadelhalters befinden. F\u00fchren Sie einen N\u00e4htest auf dem ausgew\u00e4hlten Material durch.<\/p>\n<p><strong>Der Fu\u00df passt:<\/strong><\/p>\n<p>Der Fu\u00df passt auf alle Lucznik-Maschinen aus dem aktuellen Verkaufsangebot.<\/p>\n<p>&#8211;<strong>lucznik<\/strong> n\u00e4hmaschinen mit niedriger fussbefestigung<\/p>\n<p>&#8211;<strong> bogensch\u00fctzen-N\u00e4hmaschinen<\/strong> alten Typs (Klasse 800 und andere).<\/p>\n<p>Er passt nicht auf Lucznik-Maschinen: Mini, Lena, Everyday.<\/p>\n<p>Der Fu\u00df kommt mit einer Papier-Bedienungsanleitung in Englisch. Das Handbuch in Polnisch kann von der Angebotsseite heruntergeladen werden.<\/p>\n","protected":false},"excerpt":{"rendered":"<p>Ein Fu\u00df zum Sticken von Kreisen, Rosetten und Sternen, mit dem wir die R\u00e4nder von L\u00f6chern oder dekorative Muster entlang des Kreisumfangs sticken k\u00f6nnen.<\/p>\n","protected":false},"featured_media":14806,"comment_status":"open","ping_status":"closed","template":"","meta":[],"product_brand":[],"product_cat":[450],"product_tag":[],"class_list":{"0":"post-16060","1":"product","2":"type-product","3":"status-publish","4":"has-post-thumbnail","6":"product_cat-stopki-do-maszyn","8":"first","9":"instock","10":"taxable","11":"shipping-taxable","12":"purchasable","13":"product-type-simple"},"_links":{"self":[{"href":"https:\/\/gltestm.webology.pl\/de\/wp-json\/wp\/v2\/product\/16060","targetHints":{"allow":["GET"]}}],"collection":[{"href":"https:\/\/gltestm.webology.pl\/de\/wp-json\/wp\/v2\/product"}],"about":[{"href":"https:\/\/gltestm.webology.pl\/de\/wp-json\/wp\/v2\/types\/product"}],"replies":[{"embeddable":true,"href":"https:\/\/gltestm.webology.pl\/de\/wp-json\/wp\/v2\/comments?post=16060"}],"version-history":[{"count":0,"href":"https:\/\/gltestm.webology.pl\/de\/wp-json\/wp\/v2\/product\/16060\/revisions"}],"wp:featuredmedia":[{"embeddable":true,"href":"https:\/\/gltestm.webology.pl\/de\/wp-json\/wp\/v2\/media\/14806"}],"wp:attachment":[{"href":"https:\/\/gltestm.webology.pl\/de\/wp-json\/wp\/v2\/media?parent=16060"}],"wp:term":[{"taxonomy":"product_brand","embeddable":true,"href":"https:\/\/gltestm.webology.pl\/de\/wp-json\/wp\/v2\/product_brand?post=16060"},{"taxonomy":"product_cat","embeddable":true,"href":"https:\/\/gltestm.webology.pl\/de\/wp-json\/wp\/v2\/product_cat?post=16060"},{"taxonomy":"product_tag","embeddable":true,"href":"https:\/\/gltestm.webology.pl\/de\/wp-json\/wp\/v2\/product_tag?post=16060"}],"curies":[{"name":"wp","href":"https:\/\/api.w.org\/{rel}","templated":true}]}}