{"id":16056,"date":"2026-03-18T22:03:13","date_gmt":"2026-03-18T21:03:13","guid":{"rendered":"https:\/\/gltestm.webology.pl\/produkt\/satz-von-14-fuessen-mit-matic-griff-in-einer-schachtel\/"},"modified":"2026-03-22T21:40:57","modified_gmt":"2026-03-22T20:40:57","slug":"satz-von-14-fuessen-mit-matic-griff-in-einer-schachtel","status":"publish","type":"product","link":"https:\/\/gltestm.webology.pl\/de\/produkt\/satz-von-14-fuessen-mit-matic-griff-in-einer-schachtel\/","title":{"rendered":"Satz von 14 F\u00fc\u00dfen mit Matic-Griff in einer Schachtel"},"content":{"rendered":"<h2>Universeller Satz von N\u00e4hf\u00fc\u00dfen<\/h2>\n<p>Verschiedene N\u00e4hmaschinenf\u00fc\u00dfe erm\u00f6glichen es Ihnen, die Funktionen der Maschine <strong>pr\u00e4zise, schnell und einfach<\/strong> zu nutzen, vereinfachen die Ausf\u00fchrung vieler Arbeiten und bieten Ihnen sogar <strong>M\u00f6glichkeiten<\/strong>, die Sie bei den Grundfunktionen der Maschine vergeblich suchen w\u00fcrden.<\/p>\n<p>Die im Set erh\u00e4ltlichen F\u00fc\u00dfe k\u00f6nnen an fast <strong>jeder Art von Maschine<\/strong> angebracht werden &#8211; schenken Sie sie, und wir garantieren Ihnen, dass Sie den Unterschied in ihrer Arbeit sp\u00fcren werden. Bei den im Set enthaltenen F\u00fc\u00dfen handelt es sich um die Arten von F\u00fc\u00dfen, die in der Ausstattung eines jeden Heimn\u00e4hstudios nicht fehlen sollten, sowie um einige &#8222;fabelhafte&#8220; F\u00fc\u00dfe, deren Verwendung <strong>Ihnen viel Freude bereiten wird<\/strong>.<\/p>\n<h2>Inhalt des Sets<\/h2>\n<ol>\n<li><strong>Matic-Halterung<\/strong>, um die F\u00fc\u00dfe auch an einer \u00e4lteren Maschine zu befestigen. Es handelt sich um eine niedrige Halterung, die auf die meisten Heimn\u00e4hmaschinen passt (Archer Klasse 800, Janome, Brother, Toyota, Huskystar, Redstar, Pfaff, Singer, Bernina Bernette, Jaguar).<\/li>\n<li><strong>Universal-Fu\u00df<\/strong>.<\/li>\n<li>Fu\u00df zum S\u00e4umen von <strong>Knopfl\u00f6chern<\/strong> (kann auch zum Sticken von Verst\u00e4rkungen und zum Ausbessern kleinerer Absch\u00fcrfungen verwendet werden).<\/li>\n<li>Fu\u00df f\u00fcr den <strong>Satinstich <\/strong> (unverzichtbar beim N\u00e4hen aller Zierstiche und bei Verwendung dickerer F\u00e4den).<\/li>\n<li><strong>Quiltfu\u00df <\/strong> (mit dem Sie dank einer speziellen F\u00fchrung auch einen perfekt gleichm\u00e4\u00dfigen Geradstich ausf\u00fchren k\u00f6nnen).<\/li>\n<li>N\u00e4hfu\u00df zum Ann\u00e4hen von <strong>Kn\u00f6pfen<\/strong>.<\/li>\n<li>N\u00e4hfu\u00df zum Ann\u00e4hen von <strong>Rei\u00dfverschl\u00fcssen<\/strong>.<\/li>\n<li>N\u00e4hfu\u00df zum <strong>S\u00e4umen <\/strong>(mit Hilfe einer speziellen Schnecke&#8220; wird der Stoff perfekt aufgerollt, was ein gleichm\u00e4\u00dfiges und \u00e4sthetisches S\u00e4umen am Rand erm\u00f6glicht).<\/li>\n<li><strong>Verdeckter Stichfu\u00df<\/strong> (erleichtert die schwierige Kunst des Kr\u00e4uselns mit einem verdeckten Stich erheblich).<\/li>\n<li>F\u00fc\u00dfchen zum <strong>N\u00e4hen von Kordeln<\/strong> (ein sehr interessantes Gadget, mit dem man Dekorationen aus Kordeln herstellen kann).<\/li>\n<li>N\u00e4hfu\u00df f\u00fcr <strong>Patchwork<\/strong>.<\/li>\n<li>N\u00e4hfu\u00df f\u00fcr <strong>Stickereien<\/strong> und <strong>Ausbesserungen<\/strong>.<\/li>\n<li>F\u00fc\u00dfchen zum Erstellen von <strong>Falten <\/strong>(mit seiner Hilfe ist es sehr einfach, \u00e4sthetische Falten und R\u00fcschen zu erstellen).<\/li>\n<li><strong>Overlockstichfu\u00df <\/strong> (macht das N\u00e4hen mit Overlockstichen einfacher, \u00e4sthetischer und hilft, das N\u00e4hen gleichm\u00e4\u00dfig an der Kante zu f\u00fchren)<\/li>\n<li>Steppfu\u00df (dank des Obertransports erleichtert er das N\u00e4hen von Gewirken, F\u00fcllungen, Futter, dickeren Materialien, N\u00e4hen mehrerer Lagen. Er ist unverzichtbar f\u00fcr alle Arten von Problemen und bewirkt wahre Wunder).<\/li>\n<\/ol>\n<h2>Inklusive Gebrauchsanweisung<\/h2>\n<p>Dem Karton liegt eine Bedienungsanleitung in <strong>englischer<\/strong> Sprache bei. Eine Anleitung f\u00fcr den Zusammenbau und die Verwendung aller im Karton enthaltenen F\u00fc\u00dfe in polnischer Sprache kann <strong>unten heruntergeladen<\/strong> werden.<\/p>\n<h3><strong>Modelle der \u0141ucznik-Maschinen, zu denen die F\u00fc\u00dfe passen<\/strong><\/h3>\n<p>Lucznik Serie 700, 800, Lucznik <span>Alicja, Anna, Amelia II, Balladyna, Carmen, Diana, Dorota, Ewa II, Izabella II, Jagoda, Karolina, Kornelia, Katarzyna, Karina, Lidia, Laura, Magdalena, Malwina, Maria, Milena, Marta, Martyna, Ola, Paulina, Patrycja, Polonia, Teresa, Weronika, Zofia I, Zofia II und andere.<\/span><\/p>\n<p><span>Um die F\u00fc\u00dfe an ein Modell <strong>der Serie<\/strong> Archer <strong>400<\/strong> anzuschlie\u00dfen, muss ein<strong> Matic-Hochhalter<\/strong> angeschlossen werden, der nicht im Bausatz enthalten ist. Der Rill- und Steppfu\u00df funktioniert ebenfalls nicht mit diesen Modellen.<\/span><\/p>\n<h3>Maschinenmodelle anderer Hersteller, an die die F\u00fc\u00dfe passen<\/h3>\n<h3><strong>Brother<\/strong><\/h3>\n<p>Brother BN27, Brother BQ17, Brother BQ25, Brother CS10, Brother DS120, Brother DS140, Brother F400, Brother F410, Brother F420, Brother F460, Brother HF27, Brother HF37 STRONG &amp; TOUGH, Brother Innov-is VQ2, Brother Little Angel KD144, Brother Little Angel KD144S, Brother M280D, Brother NV1040SE, Brother NV1100, Brother NV1300, Brother NV15, Brother NV1800Q, Brother NV20 Limited Edition, Brother NV27SE, Brother NV35, Brother NV55FE, Brother RH127, Brother RL425<\/p>\n<h3><strong>Elna<\/strong><\/h3>\n<p>Elna 160 eXplore, Elna 220 eXplore, Elna 240 eXplore, Elna 320 eXplore, Elna 3210 Jeans, Elna 340 eXplore, Elna 520 eXperience, Elna 540 eXperience, Elna 550 eXperience, Elna 560 eXperience, Elna 570 eXperience, Elna 580 eXperience, Elna 680 eXcellence, Elna 720 eXcellence, Elna Sew 75, Elna Sew Fun, Elna Sew Green, Elna Sew Zebra<\/p>\n<h3><strong>Husqvarna<\/strong><\/h3>\n<p>Husqvarna E20, Husqvarna Viking E 20, Husqvarna E10, Husqvarna <span>EMERALD <\/span><span>116<\/span>, Husqvarna<span> <span>H|CLASS 100Q,<\/span><\/span> Husqvarna<span> <span> <span>EMERALD <\/span><span>118, Husqvarna TRIBUTE 145M<\/span><\/span><\/span>, Husqvarna<span> <span><span> <span>TRIBUTE 145C <\/span><\/span><\/span><\/span>, Husqvarna Viking<span> <span><span>OPAL<span>650<\/span><\/span><\/span><\/span>, Husqvarna Viking<span> <span><span><span> <span>OPAL<\/span><\/span><\/span><\/span><\/span> 690Q, Husqvarna<span> <span><span><span><span>Sapphire: 965Q, 960Q, 930Q, Husqvarna Viking Brilliance 75Q, Husqvarna EPIC 980Q, Husqvarna JADE 20, Husqvarna Designer JADE 35, Husqvarna Designer TOPAZ: 25, 40, Husqvarna Designer: TOPAZ 50, RUBY Royale, DIAMOND Royale, BRILLIANCE 80, Husqvarna DESIGNER EPIC<\/span><\/span><\/span><\/span><\/span><\/p>\n<h3><strong>Janome<\/strong><\/h3>\n<p>Janome 393, Janome 415, Janome 419S, Janome 423S, Janome 920, Janome E1015, Janome JUNO J15, Janome SAKURA 95, Janome JUNO E1019, Janome Jubilee 60507, Janome 725S, Janome Easy Jeans HD 1800, Janome Juno J100, Janome TXL607, Janome DM7200, Janome Skyline S3, Janome Skyline S5, Janome MC6600P, Janome MC8200QCP SE, Janome MC6700P, Janome Skyline S7 <\/p>\n<h3><strong>Juki<\/strong><\/h3>\n<p>Juki HZL-12Z, Juki HZL-27Z, Juki HZL-29Z, Juki HZL-353ZR, Juki HZL-355ZW-B, Juki HZL-357ZP, Juki HZL-60HR-B, Juki HZL-60HR-C, Juki HZL-70HW-B, Juki HZL-70HW-C, Juki HZL-80HP-B, Juki HZL-80HP-C, Juki HZL-DX5, Juki HZL-DX7, Juki HZL-F300, Juki HZL-F400, Juki HZL-F600, Juki HZL-G110, Juki HZL-G120, Juki HZL-G210, Juki HZL-G220<\/p>\n<h3><strong>SilverCrest<\/strong><\/h3>\n<h3><strong>Singer<\/strong> (alter Typ)<\/h3>\n<p>Singer 833, Singer 814, Singer 518, Singer 514 (zum Aufsetzen des Fu\u00dfes muss der <a href=\"https:\/\/galerialucznik.pl\/product-pol-576-Uchwyt-Matic-typ-niski.html\" target=\"_blank\" rel=\"noopener\">niedrige MATIC-Griff<\/a> verwendet werden!)<\/p>\n<h3><strong>Singer<\/strong> (Neuer Typ)<\/h3>\n<p>Singer 1306, Singer 2250, Singer 3221, Singer 3229, Singer 3232, Singer 3333, Singer 3337, Singer 3342, Singer 4411 HEAVY DUTY (Singer 4411 verst\u00e4rkt), Singer 4423 HEAVY DUTY (Singer 4423 verst\u00e4rkt), Singer 4432 HEAVY DUTY (Singer 4432 verst\u00e4rkt), Singer 6180, Singer 6699, Singer 7470, Singer 7640, Singer 8280, Singer 9960, Singer C240, Singer C440, Singer SE 300<\/p>\n<h3><strong>Toyota<\/strong><\/h3>\n<p>Toyota 21DES, Toyota C.E.V. (Toyota creatif elegance vogue), Toyota Decomaster25, Toyota Eco 15CB, Toyota Eco 26C, Toyota ECO15A, Toyota ECO15CG, Toyota ECO15CJ, Toyota ECO26A, Toyota ECO34B, Toyota ESG325, Toyota ESS224, Toyota FSG325, Toyota FSL18, Toyota FSR21, Toyota FSS224, Toyota JCB15, Toyota JEANS17C, Toyota JetB224, Toyota JFS18, ToyotaJNS17CT, Toyota JSA21, Toyota Oekaki Renaissance, Toyota OEKAKI (RS2000),  Toyota Power FabriQ, Toyota SPA15, Toyota SPA15R, Toyota SPA34, Toyota SPB15, Toyota SPB26, ToyotaSPB34, Toyota SUPER JEANS 15 PE (Toyota SUPERJ15PE), Toyota SUPER JEANS 15 WHITE (Toyota SUPERJ15WE), Toyota SUPER JEANS 17 XL (Toyota SPJ17XL), Toyota SUPER JEANS 26 (Toyota SUPERJ26), Toyota SUPER JEANS 34 (Toyota SUPERJ34), Toyota SUPER JEANS SJ 15 (Toyota SUPERJ15), Toyota QUILT226<\/p>\n","protected":false},"excerpt":{"rendered":"<p>Ein Satz von 14 F\u00fc\u00dfen zusammen mit einem einrastenden Fu\u00dfhalter. Die praktische Box macht es einfach zu speichern, und die niedrige Matic Typ Halter erm\u00f6glicht es Ihnen, die F\u00fc\u00dfe auf \u00e4ltere Maschinen zu befestigen, wie die legend\u00e4re 800-Serie Archers<\/p>\n","protected":false},"featured_media":13041,"comment_status":"open","ping_status":"closed","template":"","meta":[],"product_brand":[],"product_cat":[465],"product_tag":[],"class_list":{"0":"post-16056","1":"product","2":"type-product","3":"status-publish","4":"has-post-thumbnail","6":"product_cat-uchwyty-do-stopek","8":"first","9":"instock","10":"taxable","11":"shipping-taxable","12":"purchasable","13":"product-type-simple"},"_links":{"self":[{"href":"https:\/\/gltestm.webology.pl\/de\/wp-json\/wp\/v2\/product\/16056","targetHints":{"allow":["GET"]}}],"collection":[{"href":"https:\/\/gltestm.webology.pl\/de\/wp-json\/wp\/v2\/product"}],"about":[{"href":"https:\/\/gltestm.webology.pl\/de\/wp-json\/wp\/v2\/types\/product"}],"replies":[{"embeddable":true,"href":"https:\/\/gltestm.webology.pl\/de\/wp-json\/wp\/v2\/comments?post=16056"}],"version-history":[{"count":0,"href":"https:\/\/gltestm.webology.pl\/de\/wp-json\/wp\/v2\/product\/16056\/revisions"}],"wp:featuredmedia":[{"embeddable":true,"href":"https:\/\/gltestm.webology.pl\/de\/wp-json\/wp\/v2\/media\/13041"}],"wp:attachment":[{"href":"https:\/\/gltestm.webology.pl\/de\/wp-json\/wp\/v2\/media?parent=16056"}],"wp:term":[{"taxonomy":"product_brand","embeddable":true,"href":"https:\/\/gltestm.webology.pl\/de\/wp-json\/wp\/v2\/product_brand?post=16056"},{"taxonomy":"product_cat","embeddable":true,"href":"https:\/\/gltestm.webology.pl\/de\/wp-json\/wp\/v2\/product_cat?post=16056"},{"taxonomy":"product_tag","embeddable":true,"href":"https:\/\/gltestm.webology.pl\/de\/wp-json\/wp\/v2\/product_tag?post=16056"}],"curies":[{"name":"wp","href":"https:\/\/api.w.org\/{rel}","templated":true}]}}