{"id":16052,"date":"2026-03-18T22:03:12","date_gmt":"2026-03-18T21:03:12","guid":{"rendered":"https:\/\/gltestm.webology.pl\/produkt\/overlock-fuss-zum-einnaehen-von-faeden\/"},"modified":"2026-03-22T21:39:11","modified_gmt":"2026-03-22T20:39:11","slug":"overlock-fuss-zum-einnaehen-von-faeden","status":"publish","type":"product","link":"https:\/\/gltestm.webology.pl\/de\/produkt\/overlock-fuss-zum-einnaehen-von-faeden\/","title":{"rendered":"Overlock-Fu\u00df zum Einn\u00e4hen von F\u00e4den"},"content":{"rendered":"<p>Fu\u00df f\u00fcr die Lucznik Overlocker 820D5 und 720D.<\/p>\n<p>Erm\u00f6glicht das N\u00e4hen von zwei Stoffpartien mit Paspelband dazwischen in einem Arbeitsgang. Er hat eine spezielle Rille f\u00fcr die F\u00fchrung des Paspelbandes. Ideal zum N\u00e4hen von loser Kleidung, Sporttaschen und Kopfkissenbez\u00fcgen.<\/p>\n","protected":false},"excerpt":{"rendered":"<p>Ideal zum schnellen Aufn\u00e4hen von Paspelband zwischen zwei Materialien.<\/p>\n","protected":false},"featured_media":14161,"comment_status":"open","ping_status":"closed","template":"","meta":[],"product_brand":[],"product_cat":[455],"product_tag":[],"class_list":{"0":"post-16052","1":"product","2":"type-product","3":"status-publish","4":"has-post-thumbnail","6":"product_cat-stopki-do-overlockow","8":"first","9":"instock","10":"taxable","11":"shipping-taxable","12":"purchasable","13":"product-type-simple"},"_links":{"self":[{"href":"https:\/\/gltestm.webology.pl\/de\/wp-json\/wp\/v2\/product\/16052","targetHints":{"allow":["GET"]}}],"collection":[{"href":"https:\/\/gltestm.webology.pl\/de\/wp-json\/wp\/v2\/product"}],"about":[{"href":"https:\/\/gltestm.webology.pl\/de\/wp-json\/wp\/v2\/types\/product"}],"replies":[{"embeddable":true,"href":"https:\/\/gltestm.webology.pl\/de\/wp-json\/wp\/v2\/comments?post=16052"}],"version-history":[{"count":0,"href":"https:\/\/gltestm.webology.pl\/de\/wp-json\/wp\/v2\/product\/16052\/revisions"}],"wp:featuredmedia":[{"embeddable":true,"href":"https:\/\/gltestm.webology.pl\/de\/wp-json\/wp\/v2\/media\/14161"}],"wp:attachment":[{"href":"https:\/\/gltestm.webology.pl\/de\/wp-json\/wp\/v2\/media?parent=16052"}],"wp:term":[{"taxonomy":"product_brand","embeddable":true,"href":"https:\/\/gltestm.webology.pl\/de\/wp-json\/wp\/v2\/product_brand?post=16052"},{"taxonomy":"product_cat","embeddable":true,"href":"https:\/\/gltestm.webology.pl\/de\/wp-json\/wp\/v2\/product_cat?post=16052"},{"taxonomy":"product_tag","embeddable":true,"href":"https:\/\/gltestm.webology.pl\/de\/wp-json\/wp\/v2\/product_tag?post=16052"}],"curies":[{"name":"wp","href":"https:\/\/api.w.org\/{rel}","templated":true}]}}