{"id":16048,"date":"2026-03-18T22:03:11","date_gmt":"2026-03-18T21:03:11","guid":{"rendered":"https:\/\/gltestm.webology.pl\/produkt\/overlock-fuss-zum-einnaehen-von-gummibaendern\/"},"modified":"2026-03-22T21:06:51","modified_gmt":"2026-03-22T20:06:51","slug":"overlock-fuss-zum-einnaehen-von-gummibaendern","status":"publish","type":"product","link":"https:\/\/gltestm.webology.pl\/de\/produkt\/overlock-fuss-zum-einnaehen-von-gummibaendern\/","title":{"rendered":"Overlock-Fu\u00df zum Einn\u00e4hen von Gummib\u00e4ndern"},"content":{"rendered":"<h2><span>Overlock-Fu\u00df zum N\u00e4hen von Gummib\u00e4ndern<\/span><\/h2>\n<p>Dieser flexible Fu\u00df wurde speziell entwickelt, um ein schmales <strong>Gummiband<\/strong> beim Ann\u00e4hen an den Stoff zu <strong>f\u00fchren<\/strong> und <strong>zu dehnen<\/strong>. Die Breite des Gummibandes sollte im Bereich von<strong> 6-12 mm<\/strong> (\u00bc bis \u00bd Zoll) breit sein. Er ist ein hervorragendes Hilfsmittel zum N\u00e4hen von <strong>Activewear<\/strong>, <strong>Dessous<\/strong> und anderen Projekten.<\/p>\n<h2>Wie wird der Gummifu\u00df verwendet?<\/h2>\n<ol>\n<li><strong>Bevor<\/strong> Sie den Fu\u00df an der <strong>Maschine<\/strong><strong>befestigen<\/strong>, f\u00fchren Sie das Gummiband durch das Loch im Fu\u00df und stellen Sie die <strong>Spannung<\/strong> mit der Stellschraube ein.<\/li>\n<li>Bringen Sie den N\u00e4hfu\u00df an der Maschine an und vergewissern Sie sich, dass er <strong>sicher befestigt<\/strong> ist.<\/li>\n<li>Beginnen Sie mit dem N\u00e4hen und <strong>n\u00e4hen Sie die ersten 2-3 Stiche<\/strong>. Ziehen Sie das Gummiband vorsichtig in Richtung der <strong>R\u00fcckseite der Maschine<\/strong>, um es <strong>gleichm\u00e4\u00dfig<\/strong> zu dehnen.<\/li>\n<li>N\u00e4hen Sie das Gummiband weiter an den Stoff und <strong>ziehen Sie<\/strong> dabei immer noch leicht am Ende des Gummibandes. So<strong> behalten Sie die Kontrolle<\/strong> \u00fcber die Spannung, was beim N\u00e4hen von Projekten mit Gummiband <strong>sehr wichtig<\/strong> ist.<\/li>\n<\/ol>\n<h2>Der Fu\u00df passt f\u00fcr folgende Maschinen<\/h2>\n<ul>\n<li>Overlock Lucznik 820D5 und <span>720D5<\/span><\/li>\n<li><span>Pfaff Hobbylock 2.0, Pfaff Hobbylock 4762, Pfaff Coverlock 4772<\/span><\/li>\n<li>Singer 14U544, Singer 14U554, Singer 14U555, Singer 14CG744,<\/li>\n<li>Singer 14CG754, Singer 14SH654, Singer 14SH744, Singer 14SH754, Singer 50SCH<\/li>\n<li>Husqvarna Viking Huskylock s15<\/li>\n<\/ul>\n","protected":false},"excerpt":{"rendered":"<p>Fu\u00df zum N\u00e4hen von elastischen B\u00e4ndern und Gummis. Die Breite des Gummibandes betr\u00e4gt 6-12 mm. Ideal zum N\u00e4hen von Unterw\u00e4sche oder Activewear.<\/p>\n","protected":false},"featured_media":15092,"comment_status":"open","ping_status":"closed","template":"","meta":[],"product_brand":[],"product_cat":[455],"product_tag":[],"class_list":{"0":"post-16048","1":"product","2":"type-product","3":"status-publish","4":"has-post-thumbnail","6":"product_cat-stopki-do-overlockow","8":"first","9":"instock","10":"taxable","11":"shipping-taxable","12":"purchasable","13":"product-type-simple"},"_links":{"self":[{"href":"https:\/\/gltestm.webology.pl\/de\/wp-json\/wp\/v2\/product\/16048","targetHints":{"allow":["GET"]}}],"collection":[{"href":"https:\/\/gltestm.webology.pl\/de\/wp-json\/wp\/v2\/product"}],"about":[{"href":"https:\/\/gltestm.webology.pl\/de\/wp-json\/wp\/v2\/types\/product"}],"replies":[{"embeddable":true,"href":"https:\/\/gltestm.webology.pl\/de\/wp-json\/wp\/v2\/comments?post=16048"}],"version-history":[{"count":0,"href":"https:\/\/gltestm.webology.pl\/de\/wp-json\/wp\/v2\/product\/16048\/revisions"}],"wp:featuredmedia":[{"embeddable":true,"href":"https:\/\/gltestm.webology.pl\/de\/wp-json\/wp\/v2\/media\/15092"}],"wp:attachment":[{"href":"https:\/\/gltestm.webology.pl\/de\/wp-json\/wp\/v2\/media?parent=16048"}],"wp:term":[{"taxonomy":"product_brand","embeddable":true,"href":"https:\/\/gltestm.webology.pl\/de\/wp-json\/wp\/v2\/product_brand?post=16048"},{"taxonomy":"product_cat","embeddable":true,"href":"https:\/\/gltestm.webology.pl\/de\/wp-json\/wp\/v2\/product_cat?post=16048"},{"taxonomy":"product_tag","embeddable":true,"href":"https:\/\/gltestm.webology.pl\/de\/wp-json\/wp\/v2\/product_tag?post=16048"}],"curies":[{"name":"wp","href":"https:\/\/api.w.org\/{rel}","templated":true}]}}