{"id":16044,"date":"2026-03-18T22:03:11","date_gmt":"2026-03-18T21:03:11","guid":{"rendered":"https:\/\/gltestm.webology.pl\/produkt\/overlock-fuss-fuer-perlennaehen\/"},"modified":"2026-03-22T21:06:50","modified_gmt":"2026-03-22T20:06:50","slug":"overlock-fuss-fuer-perlennaehen","status":"publish","type":"product","link":"https:\/\/gltestm.webology.pl\/de\/produkt\/overlock-fuss-fuer-perlennaehen\/","title":{"rendered":"Overlock-Fu\u00df f\u00fcr Perlenn\u00e4hen"},"content":{"rendered":"<h2>Overlock-Fu\u00df zum Einn\u00e4hen von Perlen <\/h2>\n<p>Idealer Fuss zum Einn\u00e4hen von <strong>Perlen<\/strong>, <strong>Pailletten<\/strong> und \u00e4hnlichem, sowie von <strong>Gummib\u00e4ndern<\/strong> und verschiedenen Arten von <strong>Schn\u00fcren<\/strong>. Er verf\u00fcgt \u00fcber <strong>eine F\u00fchrung f\u00fcr das Einn\u00e4hen von Perlen<\/strong> am Rande des Stoffes.<\/p>\n<h2>Wie wird der<span> Perlenn\u00e4hfu\u00df<\/span>verwendet<span>?<\/span><\/h2>\n<ol>\n<li>Stellen Sie die Overlock auf die gew\u00fcnschte Art der Naht ein.<\/li>\n<li>F\u00e4deln Sie die Perlenschnur durch den Kanal an der Unterseite des Fu\u00dfes.<\/li>\n<li>Bringen Sie den Fu\u00df an der Maschine an.<\/li>\n<li>Machen Sie mit dem Schwungrad zwei erste Stiche, um sicherzustellen, dass die Perlen an ihrem Platz bleiben.<\/li>\n<li>N\u00e4hen Sie die Perlen an die Kante des Stoffes, wobei Sie den \u00fcbersch\u00fcssigen Stoff beim N\u00e4hen minimal beschneiden, oder n\u00e4hen Sie entlang der Falte, ohne zu schneiden.<\/li>\n<\/ol>\n<h2>Der Fu\u00df passt auf folgende Maschinen<\/h2>\n<ul>\n<li>Overlock Lucznik 820D5 und <span>720D5<\/span><\/li>\n<li><span>Pfaff Hobbylock 2.0, Pfaff Hobbylock 4762, Pfaff Coverlock 4772<\/span><\/li>\n<li>Singer 14U544, Singer 14U554, Singer 14U555, Singer 14CG744,<\/li>\n<li>Singer 14CG754, Singer 14SH654, Singer 14SH744, Singer 14SH754, Singer 50SCH<\/li>\n<li>Husqvarna Viking Huskylock s15<\/li>\n<\/ul>\n","protected":false},"excerpt":{"rendered":"<p>Fu\u00df mit F\u00fchrung zum N\u00e4hen von Perlen, Pailletten usw<\/p>\n","protected":false},"featured_media":13682,"comment_status":"open","ping_status":"closed","template":"","meta":[],"product_brand":[],"product_cat":[455],"product_tag":[],"class_list":{"0":"post-16044","1":"product","2":"type-product","3":"status-publish","4":"has-post-thumbnail","6":"product_cat-stopki-do-overlockow","8":"first","9":"instock","10":"taxable","11":"shipping-taxable","12":"purchasable","13":"product-type-simple"},"_links":{"self":[{"href":"https:\/\/gltestm.webology.pl\/de\/wp-json\/wp\/v2\/product\/16044","targetHints":{"allow":["GET"]}}],"collection":[{"href":"https:\/\/gltestm.webology.pl\/de\/wp-json\/wp\/v2\/product"}],"about":[{"href":"https:\/\/gltestm.webology.pl\/de\/wp-json\/wp\/v2\/types\/product"}],"replies":[{"embeddable":true,"href":"https:\/\/gltestm.webology.pl\/de\/wp-json\/wp\/v2\/comments?post=16044"}],"version-history":[{"count":0,"href":"https:\/\/gltestm.webology.pl\/de\/wp-json\/wp\/v2\/product\/16044\/revisions"}],"wp:featuredmedia":[{"embeddable":true,"href":"https:\/\/gltestm.webology.pl\/de\/wp-json\/wp\/v2\/media\/13682"}],"wp:attachment":[{"href":"https:\/\/gltestm.webology.pl\/de\/wp-json\/wp\/v2\/media?parent=16044"}],"wp:term":[{"taxonomy":"product_brand","embeddable":true,"href":"https:\/\/gltestm.webology.pl\/de\/wp-json\/wp\/v2\/product_brand?post=16044"},{"taxonomy":"product_cat","embeddable":true,"href":"https:\/\/gltestm.webology.pl\/de\/wp-json\/wp\/v2\/product_cat?post=16044"},{"taxonomy":"product_tag","embeddable":true,"href":"https:\/\/gltestm.webology.pl\/de\/wp-json\/wp\/v2\/product_tag?post=16044"}],"curies":[{"name":"wp","href":"https:\/\/api.w.org\/{rel}","templated":true}]}}