{"id":16036,"date":"2026-03-18T22:03:10","date_gmt":"2026-03-18T21:03:10","guid":{"rendered":"https:\/\/gltestm.webology.pl\/produkt\/overlock-fuss-zum-aufnaehen-von-spitze\/"},"modified":"2026-03-22T21:39:05","modified_gmt":"2026-03-22T20:39:05","slug":"overlock-fuss-zum-aufnaehen-von-spitze","status":"publish","type":"product","link":"https:\/\/gltestm.webology.pl\/de\/produkt\/overlock-fuss-zum-aufnaehen-von-spitze\/","title":{"rendered":"Overlock-Fu\u00df zum Aufn\u00e4hen von Spitze"},"content":{"rendered":"<p> Ein Fuss zur Verwendung mit der Overlock 820D5 und 720.<\/p>\n<p>Mit dem B\u00e4nderfu\u00df k\u00f6nnen Sie Spitze und breite B\u00e4nder zusammenn\u00e4hen oder auf einen anderen Stoff aufn\u00e4hen.<\/p>\n<p>Ein Fu\u00df, mit dem Sie einfach und schnell<strong> jede Art von Spitze<\/strong> auf Stoff n\u00e4hen k\u00f6nnen und dabei einen professionellen und \u00e4sthetischen Effekt erzielen.<\/p>\n","protected":false},"excerpt":{"rendered":"<p>Ideal zum N\u00e4hen und Aufn\u00e4hen von B\u00e4ndern und Spitzen.<\/p>\n","protected":false},"featured_media":14671,"comment_status":"open","ping_status":"closed","template":"","meta":[],"product_brand":[],"product_cat":[455],"product_tag":[],"class_list":{"0":"post-16036","1":"product","2":"type-product","3":"status-publish","4":"has-post-thumbnail","6":"product_cat-stopki-do-overlockow","8":"first","9":"instock","10":"taxable","11":"shipping-taxable","12":"purchasable","13":"product-type-simple"},"_links":{"self":[{"href":"https:\/\/gltestm.webology.pl\/de\/wp-json\/wp\/v2\/product\/16036","targetHints":{"allow":["GET"]}}],"collection":[{"href":"https:\/\/gltestm.webology.pl\/de\/wp-json\/wp\/v2\/product"}],"about":[{"href":"https:\/\/gltestm.webology.pl\/de\/wp-json\/wp\/v2\/types\/product"}],"replies":[{"embeddable":true,"href":"https:\/\/gltestm.webology.pl\/de\/wp-json\/wp\/v2\/comments?post=16036"}],"version-history":[{"count":0,"href":"https:\/\/gltestm.webology.pl\/de\/wp-json\/wp\/v2\/product\/16036\/revisions"}],"wp:featuredmedia":[{"embeddable":true,"href":"https:\/\/gltestm.webology.pl\/de\/wp-json\/wp\/v2\/media\/14671"}],"wp:attachment":[{"href":"https:\/\/gltestm.webology.pl\/de\/wp-json\/wp\/v2\/media?parent=16036"}],"wp:term":[{"taxonomy":"product_brand","embeddable":true,"href":"https:\/\/gltestm.webology.pl\/de\/wp-json\/wp\/v2\/product_brand?post=16036"},{"taxonomy":"product_cat","embeddable":true,"href":"https:\/\/gltestm.webology.pl\/de\/wp-json\/wp\/v2\/product_cat?post=16036"},{"taxonomy":"product_tag","embeddable":true,"href":"https:\/\/gltestm.webology.pl\/de\/wp-json\/wp\/v2\/product_tag?post=16036"}],"curies":[{"name":"wp","href":"https:\/\/api.w.org\/{rel}","templated":true}]}}