{"id":16032,"date":"2026-03-18T22:03:10","date_gmt":"2026-03-18T21:03:10","guid":{"rendered":"https:\/\/gltestm.webology.pl\/produkt\/overlock-fuss-zum-rillen\/"},"modified":"2026-03-22T21:39:04","modified_gmt":"2026-03-22T20:39:04","slug":"overlock-fuss-zum-rillen","status":"publish","type":"product","link":"https:\/\/gltestm.webology.pl\/de\/produkt\/overlock-fuss-zum-rillen\/","title":{"rendered":"Overlock-Fu\u00df zum Rillen"},"content":{"rendered":"<h2>Overlock-Rillfu\u00df<\/h2>\n<p>Mit dem <strong>Overlock-Rillfuss<\/strong> k\u00f6nnen Sie <strong>zwei Stofflagen<\/strong> zusammenn\u00e4hen und dabei die untere Lage des Stoffes rillen. Er ist ideal zum N\u00e4hen von <strong>Kinderkleidung<\/strong>, zum Kombinieren von <strong>Faltenr\u00fcschen mit Vorh\u00e4ngen<\/strong>, sowie f\u00fcr Tischdecken oder <strong>mehrlagige<\/strong> <strong>R\u00f6cke<\/strong>. Der <strong>Grad der R<\/strong> illung wird durch Einstellen des <strong>Differentialtransports<\/strong> eingestellt.<\/p>\n<h2>Wie wird der Rillfu\u00df verwendet?<\/h2>\n<ol>\n<li><strong>Legen Sie zwei<\/strong> Stofflagen auf die Maschine und legen Sie eine Trennplatte dazwischen.<\/li>\n<li>N\u00e4hen Sie <strong>2-3 N\u00e4hte<\/strong>.<\/li>\n<li>F\u00fchren Sie w\u00e4hrend des N\u00e4hens die obere und die untere Stofflage vorsichtig und halten Sie sie getrennt.<\/li>\n<\/ol>\n<h2>Der Fu\u00df passt auf die folgenden Maschinen<\/h2>\n<ul>\n<li>Overlock Lucznik 820D5 und <span>720D5<\/span><\/li>\n<li><span>Pfaff Hobbylock 2.0, Pfaff Hobbylock 4762, Pfaff Coverlock 4772<\/span><\/li>\n<li>Singer 14U544, Singer 14U554, Singer 14U555, Singer 14CG744,<\/li>\n<li>Singer 14CG754, Singer 14SH654, Singer 14SH744, Singer 14SH754, Singer 50SCH<\/li>\n<li>Husqvarna Viking Huskylock s15<\/li>\n<\/ul>\n","protected":false},"excerpt":{"rendered":"<p>Ideal zum Herstellen von Falten beim N\u00e4hen von Passe, Manschetten, R\u00fcschen oder \u00d6ffnungen.<\/p>\n","protected":false},"featured_media":15903,"comment_status":"open","ping_status":"closed","template":"","meta":[],"product_brand":[],"product_cat":[455],"product_tag":[],"class_list":{"0":"post-16032","1":"product","2":"type-product","3":"status-publish","4":"has-post-thumbnail","6":"product_cat-stopki-do-overlockow","8":"first","9":"instock","10":"taxable","11":"shipping-taxable","12":"purchasable","13":"product-type-simple"},"_links":{"self":[{"href":"https:\/\/gltestm.webology.pl\/de\/wp-json\/wp\/v2\/product\/16032","targetHints":{"allow":["GET"]}}],"collection":[{"href":"https:\/\/gltestm.webology.pl\/de\/wp-json\/wp\/v2\/product"}],"about":[{"href":"https:\/\/gltestm.webology.pl\/de\/wp-json\/wp\/v2\/types\/product"}],"replies":[{"embeddable":true,"href":"https:\/\/gltestm.webology.pl\/de\/wp-json\/wp\/v2\/comments?post=16032"}],"version-history":[{"count":0,"href":"https:\/\/gltestm.webology.pl\/de\/wp-json\/wp\/v2\/product\/16032\/revisions"}],"wp:featuredmedia":[{"embeddable":true,"href":"https:\/\/gltestm.webology.pl\/de\/wp-json\/wp\/v2\/media\/15903"}],"wp:attachment":[{"href":"https:\/\/gltestm.webology.pl\/de\/wp-json\/wp\/v2\/media?parent=16032"}],"wp:term":[{"taxonomy":"product_brand","embeddable":true,"href":"https:\/\/gltestm.webology.pl\/de\/wp-json\/wp\/v2\/product_brand?post=16032"},{"taxonomy":"product_cat","embeddable":true,"href":"https:\/\/gltestm.webology.pl\/de\/wp-json\/wp\/v2\/product_cat?post=16032"},{"taxonomy":"product_tag","embeddable":true,"href":"https:\/\/gltestm.webology.pl\/de\/wp-json\/wp\/v2\/product_tag?post=16032"}],"curies":[{"name":"wp","href":"https:\/\/api.w.org\/{rel}","templated":true}]}}