{"id":16028,"date":"2026-03-18T22:03:09","date_gmt":"2026-03-18T21:03:09","guid":{"rendered":"https:\/\/gltestm.webology.pl\/produkt\/satz-mit-6-fuessen-fuer-overlocks\/"},"modified":"2026-03-22T21:06:43","modified_gmt":"2026-03-22T20:06:43","slug":"satz-mit-6-fuessen-fuer-overlocks","status":"publish","type":"product","link":"https:\/\/gltestm.webology.pl\/de\/produkt\/satz-mit-6-fuessen-fuer-overlocks\/","title":{"rendered":"Satz mit 6 F\u00fc\u00dfen f\u00fcr Overlocks"},"content":{"rendered":"<h2>Satz F\u00fc\u00dfe f\u00fcr Overlocks<\/h2>\n<p>Satz Spezialf\u00fc\u00dfe f\u00fcr Lucznik 820D5 und 720D Overlocks. Das Set besteht aus 6 F\u00fc\u00dfen und ist in einer praktischen Box untergebracht, um die F\u00fc\u00dfe einfach aufzubewahren.<\/p>\n<h2>Inhalt des Sets<\/h2>\n<ol>\n<li>Fu\u00df zum Rillen<\/li>\n<li>Fu\u00df zum N\u00e4hen von Gummib\u00e4ndern<\/li>\n<li>N\u00e4hfu\u00df zum N\u00e4hen mit verdecktem Stich<\/li>\n<li>Fu\u00df zum N\u00e4hen von Spitzen<\/li>\n<li>Legierung zum Einn\u00e4hen von Perlen<\/li>\n<li>N\u00e4hfu\u00df zum Einn\u00e4hen von Schn\u00fcren<\/li>\n<\/ol>\n","protected":false},"excerpt":{"rendered":"<p>Set mit sechs F\u00fc\u00dfen f\u00fcr Overlok 820D5 und 720D4 von Lucznik in einer praktischen Box.<\/p>\n","protected":false},"featured_media":13651,"comment_status":"open","ping_status":"closed","template":"","meta":[],"product_brand":[],"product_cat":[455],"product_tag":[],"class_list":{"0":"post-16028","1":"product","2":"type-product","3":"status-publish","4":"has-post-thumbnail","6":"product_cat-stopki-do-overlockow","8":"first","9":"instock","10":"taxable","11":"shipping-taxable","12":"purchasable","13":"product-type-simple"},"_links":{"self":[{"href":"https:\/\/gltestm.webology.pl\/de\/wp-json\/wp\/v2\/product\/16028","targetHints":{"allow":["GET"]}}],"collection":[{"href":"https:\/\/gltestm.webology.pl\/de\/wp-json\/wp\/v2\/product"}],"about":[{"href":"https:\/\/gltestm.webology.pl\/de\/wp-json\/wp\/v2\/types\/product"}],"replies":[{"embeddable":true,"href":"https:\/\/gltestm.webology.pl\/de\/wp-json\/wp\/v2\/comments?post=16028"}],"version-history":[{"count":0,"href":"https:\/\/gltestm.webology.pl\/de\/wp-json\/wp\/v2\/product\/16028\/revisions"}],"wp:featuredmedia":[{"embeddable":true,"href":"https:\/\/gltestm.webology.pl\/de\/wp-json\/wp\/v2\/media\/13651"}],"wp:attachment":[{"href":"https:\/\/gltestm.webology.pl\/de\/wp-json\/wp\/v2\/media?parent=16028"}],"wp:term":[{"taxonomy":"product_brand","embeddable":true,"href":"https:\/\/gltestm.webology.pl\/de\/wp-json\/wp\/v2\/product_brand?post=16028"},{"taxonomy":"product_cat","embeddable":true,"href":"https:\/\/gltestm.webology.pl\/de\/wp-json\/wp\/v2\/product_cat?post=16028"},{"taxonomy":"product_tag","embeddable":true,"href":"https:\/\/gltestm.webology.pl\/de\/wp-json\/wp\/v2\/product_tag?post=16028"}],"curies":[{"name":"wp","href":"https:\/\/api.w.org\/{rel}","templated":true}]}}