{"id":16020,"date":"2024-09-22T21:40:53","date_gmt":"2024-09-22T19:40:53","guid":{"rendered":"https:\/\/gltestm.webology.pl\/produkt\/lucznik-ewa-ii-naehmaschine-2014\/"},"modified":"2026-03-22T21:39:59","modified_gmt":"2026-03-22T20:39:59","slug":"lucznik-ewa-ii-naehmaschine-2014","status":"publish","type":"product","link":"https:\/\/gltestm.webology.pl\/de\/produkt\/lucznik-ewa-ii-naehmaschine-2014\/","title":{"rendered":"Lucznik Ewa II N\u00e4hmaschine 2014"},"content":{"rendered":"<h2><strong>Lucznik Ewa II 2014 N\u00e4hmaschine<\/strong><\/h2>\n<p>Das <strong>leichte<\/strong>, <strong>tragbare<\/strong> und sehr <strong>geschmackvolle<\/strong> Geh\u00e4use der <strong>Lucznik<\/strong> <strong>Ewa II 2014<\/strong> N\u00e4hmaschine verbirgt nicht weniger als <strong>38<\/strong> N\u00e4hprogramme (22 N\u00e4hprogramme ohne Verwendung einer Doppelnadel). Darunter befinden sich Einstellungen, die nicht nur <strong>Grundstiche<\/strong>, sondern auch <strong>Overlockstiche<\/strong> und <strong>elastische<\/strong> <strong>Stiche<\/strong> ber\u00fccksichtigen, die auch mit <strong>dehnbaren<\/strong> Materialien funktionieren. Die Stichl\u00e4nge kann von 0-4 mm eingestellt werden. Die Maschine bietet eine <strong>4-stufige Knopflochvers\u00e4uberung<\/strong> und eine Option zum <strong>Kantenvers\u00e4ubern<\/strong>. F\u00fcr die Arbeit mit verschiedenen Stoffen ist die gro\u00dfe Auswahl an Stichen und die M\u00f6glichkeit, den Fu\u00df zu heben, sehr n\u00fctzlich, denn so k\u00f6nnen Sie sich problemlos an verschiedene Stoffarten und -dicken anpassen.<\/p>\n<h2>Ewa II 2014 &#8211; Hauptmerkmale<\/h2>\n<ul>\n<li><strong>38 N\u00e4hprogramme<\/strong> (22 N\u00e4hprogramme ohne Doppelnadel)<\/li>\n<li>geradstich, <strong>Ovalstich<\/strong>, <strong>elastischer<\/strong> Stich, <strong>Zickzackstich<\/strong>, Dreiecksstich, verdeckter Stich (2 Arten) und viele andere<\/li>\n<li><strong>stichl\u00e4ngen-<\/strong> und <strong>Stichbreitenverstellung<\/strong> <\/li>\n<li><strong>automatisches<\/strong> Aufspulen des <strong>Fadens<\/strong> auf der unteren Spule<\/li>\n<li>halbautomatisches <strong>Stanzen von L\u00f6chern<\/strong><\/li>\n<li>einstellung der <strong>Fadenspannung<\/strong><\/li>\n<li><strong>hohe<\/strong> Fu\u00dfanhebung<\/li>\n<li><strong>kantenbearbeitung<\/strong>: kritischer Stich, Overlockstich, Zickzackstich<\/li>\n<li>unsichtbares<strong> S\u00e4umen<\/strong>: kritischer Stich<\/li>\n<li>m\u00f6glichkeit zum N\u00e4hen <strong>mit Doppelnadel<\/strong><\/li>\n<li><strong>freiarm<\/strong> (Reichweite)<\/li>\n<li><strong>pendelgreifer<\/strong> <\/li>\n<li>r\u00fcckw\u00e4rtsn\u00e4hen<\/li>\n<li>4-stufiges Knopfloch n\u00e4hen<\/li>\n<li>deutliche<strong> Markierungen auf dem Maschinenk\u00f6rper<\/strong> <\/li>\n<li><strong>lED-Beleuchtung<\/strong> <\/li>\n<li><strong> transportsicherungshebel<\/strong> <\/li>\n<li>tragegriff<\/li>\n<\/ul>\n<h2>\u0141ucznik Ewa II 2014 N\u00e4hmaschine &#8211; n\u00fctzliches Zubeh\u00f6r kostenlos<\/h2>\n<p>Im \u00e4u\u00dferen Teil des Styropors befindet sich ein Beh\u00e4lter\/Schublade f\u00fcr Zubeh\u00f6r.<\/p>\n<ul>\n<li><strong>universalfu\u00df<\/strong> <\/li>\n<li><strong>rei\u00dfverschlussfu\u00df<\/strong> <\/li>\n<li><strong>knopfann\u00e4hfu\u00df<\/strong><\/li>\n<li><strong>stanzfu\u00df<\/strong> <\/li>\n<li>prujka<\/li>\n<li>\u00f6ler mit \u00d6l f\u00fcr die Wartung<\/li>\n<li><strong>3<\/strong> <strong>Ersatz-Universalnadeln<\/strong> 90\/14<\/li>\n<li><strong>3 Spulen f\u00fcr Unterfaden<\/strong><\/li>\n<li><strong>doppelnadel<\/strong><\/li>\n<li>platte zur Abdeckung der Z\u00e4hne des Transporters<\/li>\n<li><strong>2 Stifte<\/strong> f\u00fcr den Oberfaden<\/li>\n<li>2 Unterlegscheiben f\u00fcr die Fadenspule<\/li>\n<li><strong>geschwindigkeitsregler mit Netzkabel<\/strong><\/li>\n<li>2 Schraubendreher (klein und gro\u00df)<\/li>\n<li>staubschutzhaube<\/li>\n<\/ul>\n<h2>Welche Stiche hat die N\u00e4hmaschine Ewa II?<\/h2>\n<p>Sie k\u00f6nnen<strong> 22 verschiedene Programme<\/strong> auf der Hauptskala der Maschine einstellen. Wenn Sie <strong>eine Doppelnadel<\/strong> installieren (im <strong>Set<\/strong> enthalten), k\u00f6nnen Sie bis zu <strong>38<\/strong> Muster sticken! <strong>Doppelstiche<\/strong> (feste und elastische Stiche) sind <strong>auf dem Geh\u00e4use der<\/strong> Maschine in <strong>Rot<\/strong> <strong>abgebildet<\/strong>. <strong>Overlockstiche<\/strong> und elastische Stiche <strong>erleichtern das<\/strong> N\u00e4hen mit <strong>dehnbaren<\/strong> Materialien wie <strong>Strick<\/strong> und <strong>Stretch<\/strong>. Zu den Stichen, die mit der \u0141ucznik EWA II 2014 gen\u00e4ht werden k\u00f6nnen, geh\u00f6ren:<\/p>\n<ul>\n<li>geradstich<\/li>\n<li>zickzack<\/li>\n<li>dreieck<\/li>\n<li>verdeckt<\/li>\n<li>muschel<\/li>\n<li>satiniert<\/li>\n<li>dreifach<\/li>\n<li>br\u00fccke<\/li>\n<li>overlock<\/li>\n<li>dreifach<\/li>\n<li>elastisch<\/li>\n<li>gerade<\/li>\n<\/ul>\n<h2>Ewa II 2014 N\u00e4hmaschine &#8211; Voll-Overlockstich<\/h2>\n<p>Die EWA II 2014 hat bis zu <strong>3 Overlock-N\u00e4hmodi<\/strong>, darunter einen erweiterten <strong>doppelseitigen Overlockstich<\/strong> &#8211; mit seiner Hilfe s\u00e4umen Sie die Kanten Ihrer Produkte \u00e4sthetisch. Der Fu\u00df auf dem Foto ist nicht Teil des Sets, er kann <strong><a href=\"https:\/\/galerialucznik.pl\/pl\/products\/czesci-i-akcesoria\/stopki-i-lamowniki\/stopki-do-maszyn\/stopka-do-sciegow-overlockowych-97.html\" target=\"_blank\" rel=\"noopener\">hier<\/a><\/strong> erworben werden.<\/p>\n<h2>Metall-Schwenkschaft<\/h2>\n<p>Die N\u00e4hmaschine hat einen <strong>klassischen<\/strong> <strong>Metall-Schiffchengreifer<\/strong>, der von Traditionalisten gesch\u00e4tzt wird.<\/p>\n<h2>Freiarm und Doppelnadel inklusive<\/h2>\n<p>Der linke Teil des Arbeitsbereichs der Maschine kann frei ausgefahren werden, um den sogenannten<strong> Freiarm der Maschine<\/strong> zu bilden &#8211; so k\u00f6nnen Sie <strong>bequem Hosenbeine<\/strong>, <strong>Manschetten<\/strong> oder <strong>Halsausschnitte<\/strong> <strong>s\u00e4umen<\/strong>.<\/p>\n<p>Die Ewa II 2014 erm\u00f6glicht das <strong>N\u00e4hen mit einer Doppelnadel<\/strong>. Sie verf\u00fcgt \u00fcber <strong>zwei Fadenstifte, um<\/strong> diesen N\u00e4hmodus bequem nutzen zu k\u00f6nnen. Sobald die Doppelnadel installiert ist, erh\u00f6ht sich die Anzahl der Muster, die mit der Ewa II 2014 gestickt werden k\u00f6nnen, auf <strong>38<\/strong>!<\/p>\n<h2>24-monatige Garantie<\/h2>\n<p>Die Lucznik<strong> Ewa II 2014<\/strong> N\u00e4hmaschine wird mit einer <strong>24-monatigen Hausgarantie <\/strong>und einer Bedienungsanleitung in polnischer Sprache geliefert, die vor der Benutzung des Ger\u00e4tes gelesen werden sollte.<\/p>\n<h2>Wartung der N\u00e4hmaschine. Schritt f\u00fcr Schritt.<\/h2>\n","protected":false},"excerpt":{"rendered":"<p>Einfachheit mit einem Plus, das hei\u00dft, die schicke und sehr hilfreiche Lucznik Ewa II 2014 ist eine Kombination aus den klassischen F\u00e4higkeiten der Lucznik-Produkte und modernen L\u00f6sungen f\u00fcr den modernen Benutzer.<\/p>\n","protected":false},"featured_media":13701,"comment_status":"open","ping_status":"closed","template":"","meta":[],"product_brand":[],"product_cat":[395],"product_tag":[],"class_list":{"0":"post-16020","1":"product","2":"type-product","3":"status-publish","4":"has-post-thumbnail","6":"product_cat-maszyny-do-szycia-tradycyjne","8":"first","9":"instock","10":"purchasable","11":"product-type-simple"},"_links":{"self":[{"href":"https:\/\/gltestm.webology.pl\/de\/wp-json\/wp\/v2\/product\/16020","targetHints":{"allow":["GET"]}}],"collection":[{"href":"https:\/\/gltestm.webology.pl\/de\/wp-json\/wp\/v2\/product"}],"about":[{"href":"https:\/\/gltestm.webology.pl\/de\/wp-json\/wp\/v2\/types\/product"}],"replies":[{"embeddable":true,"href":"https:\/\/gltestm.webology.pl\/de\/wp-json\/wp\/v2\/comments?post=16020"}],"version-history":[{"count":0,"href":"https:\/\/gltestm.webology.pl\/de\/wp-json\/wp\/v2\/product\/16020\/revisions"}],"wp:featuredmedia":[{"embeddable":true,"href":"https:\/\/gltestm.webology.pl\/de\/wp-json\/wp\/v2\/media\/13701"}],"wp:attachment":[{"href":"https:\/\/gltestm.webology.pl\/de\/wp-json\/wp\/v2\/media?parent=16020"}],"wp:term":[{"taxonomy":"product_brand","embeddable":true,"href":"https:\/\/gltestm.webology.pl\/de\/wp-json\/wp\/v2\/product_brand?post=16020"},{"taxonomy":"product_cat","embeddable":true,"href":"https:\/\/gltestm.webology.pl\/de\/wp-json\/wp\/v2\/product_cat?post=16020"},{"taxonomy":"product_tag","embeddable":true,"href":"https:\/\/gltestm.webology.pl\/de\/wp-json\/wp\/v2\/product_tag?post=16020"}],"curies":[{"name":"wp","href":"https:\/\/api.w.org\/{rel}","templated":true}]}}