{"id":16016,"date":"2024-09-22T21:40:53","date_gmt":"2024-09-22T19:40:53","guid":{"rendered":"https:\/\/gltestm.webology.pl\/produkt\/lucznik-mia-naehmaschine\/"},"modified":"2026-03-22T21:59:24","modified_gmt":"2026-03-22T20:59:24","slug":"lucznik-mia-naehmaschine","status":"publish","type":"product","link":"https:\/\/gltestm.webology.pl\/de\/produkt\/lucznik-mia-naehmaschine\/","title":{"rendered":"Lucznik Mia N\u00e4hmaschine"},"content":{"rendered":"<h2><strong>MIA N\u00e4hmaschine &#8211; N\u00e4hen mit dem Herzen!<\/strong><\/h2>\n<p><strong><span>Dank der MIA-N\u00e4hmaschine k\u00f6nnen Sie ein Meister (oder Meisterinnen) der Nadel werden! <\/span><span>Ihr <\/span>einfacher Mechanismus<span> und die mitgelieferte Bedienungsanleitung machen die ersten Stiche in Ihrer N\u00e4hkarriere zum Kinderspiel<\/span>.<span> Wir sind zuversichtlich, dass Sie bei jedem N\u00e4hprojekt, das Sie mit der MIA machen werden, sehen werden, wie viel Herzblut in ihm steckt.<\/span><\/strong><\/p>\n<h2><strong>MIA &#8211; eine Maschine, mit der Sie Ihre Leidenschaften entfalten k\u00f6nnen<\/strong><\/h2>\n<p><strong><span>Damit Sie all Ihre N\u00e4hideen verwirklichen k\u00f6nnen, ist die MIA mit<\/span> 38 N\u00e4hprogrammen<span>ausgestattet<\/span>, unter anderem mit der M\u00f6glichkeit, mit einer Doppelnadel zu n\u00e4hen. Die <span>gro\u00dfe Anzahl von Stichen bietet eine breite Palette von M\u00f6glichkeiten mit verschiedenen Materialien &#8211; insbesondere bei der Arbeit<\/span><span> mit empfindlichen, d\u00fcnnen und traditionellen Materialien<\/span><span>. Obwohl &#8211; mit der Auswahl der richtigen Nadel &#8211; und Denim ist keine Angst vor ihr!<\/span><\/strong><\/p>\n<p><strong><span>MIA hat einen Druckknopf-Fu\u00df, einen schwingenden Fadengreifer und die M\u00f6glichkeit, r\u00fcckw\u00e4rts zu n\u00e4hen. Zu ihrem Repertoire geh\u00f6ren Grund-, Elastik- und Overlockstiche. Au\u00dferdem verf\u00fcgt sie \u00fcber eine Funktion zum Einstellen der L\u00e4nge.<\/span><\/strong><\/p>\n<p><strong><span>Die meisten Ideen kommen Ihnen erst abends in den Sinn? F\u00fcr die MII ist das kein Problem! <\/span><span>Unser &#8222;Pinky&#8220; hat <\/span>eine moderne LED-Beleuchtung<span>eingebaut <\/span><span>, die Ihnen das Arbeiten unabh\u00e4ngig von der Uhrzeit erleichtert. Schon bei der ersten Begegnung mit der MIA werden Sie sehen, dass sie wie f\u00fcr Sie gemacht ist. <\/span><\/strong><\/p>\n<h2><strong>N\u00e4hen mit Farbe mit MIA<\/strong><\/h2>\n<p><strong><span>Der Slogan &#8222;N\u00e4hen mit Farbe&#8220; kommt nicht von ungef\u00e4hr. <\/span>Das<span> energiegeladene Pink<\/span>, das<span> in diesem Modell<\/span> verwendet wird<span>, weckt in Ihnen Emotionen, um einzigartige Designs zu kreieren<\/span>.<\/strong><\/p>\n<p><strong><span>Nat\u00fcrlich hat die MIA eine richtige &#8222;Ausstattung&#8220; &#8211; Sie erhalten sie mit<\/span> einem Satz von Zubeh\u00f6r,<span> der Folgendes umfasst:<\/span><\/strong><\/p>\n<ul>\n<li><strong><span>universalfu\u00df (in der Maschine montiert)<\/span><\/strong><\/li>\n<li><strong><span>fu\u00df f\u00fcr Schl\u00f6sser<\/span><\/strong><\/li>\n<li><strong><span>fu\u00df zum S\u00e4umen von L\u00f6chern<\/span><\/strong><\/li>\n<li><strong><span>knopffu\u00df<\/span><\/strong><\/li>\n<li><strong><span>schraubendreher<\/span><\/strong><\/li>\n<li><strong><span>aufrei\u00dfer<\/span><\/strong><\/li>\n<li><strong><span>\u00f6ler<\/span><\/strong><\/li>\n<li><strong><span>nadeln<\/span><\/strong><\/li>\n<li><strong><span>spulen<\/span><\/strong><\/li>\n<li><strong><span>doppelnadeln<\/span><\/strong><\/li>\n<li><strong><span>platte zum Schutz der Z\u00e4hne des Transporters<\/span><\/strong><\/li>\n<li><strong><span>zusatzstift f\u00fcr Spule<\/span><\/strong><\/li>\n<li><strong><span>anlasser<\/span><\/strong><\/li>\n<li><strong><span>pVC-Abdeckung f\u00fcr die Maschine<\/span><\/strong><\/li>\n<li><strong><span>24-Monats-Garantie<\/span><\/strong><\/li>\n<\/ul>\n<h2>24-Monats-Garantie<\/h2>\n<p>Die<span>Maschine wird mit <\/span><strong>einer 24-monatigen Garantie<\/strong><span>und<\/span><strong>der<\/strong><strong>Anleitung<\/strong><strong>in polnischer<\/strong> Sprache<span>geliefert <\/span><span>, die vor der Benutzung des Ger\u00e4ts gelesen werden sollte, um dessen volle Leistungsf\u00e4higkeit sicher und bestimmungsgem\u00e4\u00df nutzen<\/span> zu k\u00f6nnen.<\/p>\n<h2>Wartung der N\u00e4hmaschine. Schritt f\u00fcr Schritt.<\/h2>\n","protected":false},"excerpt":{"rendered":"<p>Mamma Mia, was f\u00fcr ein Rosa! 38 Programme (einschlie\u00dflich N\u00e4hen mit einer Doppelnadel), mit denen Sie viele sch\u00f6ne Kreationen erstellen k\u00f6nnen. MIA ist eine gute Wahl f\u00fcr N\u00e4hanf\u00e4nger, die die Geheimnisse des N\u00e4hens erkunden m\u00f6chten.<\/p>\n","protected":false},"featured_media":15927,"comment_status":"open","ping_status":"closed","template":"","meta":[],"product_brand":[],"product_cat":[395],"product_tag":[],"class_list":{"0":"post-16016","1":"product","2":"type-product","3":"status-publish","4":"has-post-thumbnail","6":"product_cat-maszyny-do-szycia-tradycyjne","8":"first","9":"instock","10":"purchasable","11":"product-type-variable"},"_links":{"self":[{"href":"https:\/\/gltestm.webology.pl\/de\/wp-json\/wp\/v2\/product\/16016","targetHints":{"allow":["GET"]}}],"collection":[{"href":"https:\/\/gltestm.webology.pl\/de\/wp-json\/wp\/v2\/product"}],"about":[{"href":"https:\/\/gltestm.webology.pl\/de\/wp-json\/wp\/v2\/types\/product"}],"replies":[{"embeddable":true,"href":"https:\/\/gltestm.webology.pl\/de\/wp-json\/wp\/v2\/comments?post=16016"}],"version-history":[{"count":0,"href":"https:\/\/gltestm.webology.pl\/de\/wp-json\/wp\/v2\/product\/16016\/revisions"}],"wp:featuredmedia":[{"embeddable":true,"href":"https:\/\/gltestm.webology.pl\/de\/wp-json\/wp\/v2\/media\/15927"}],"wp:attachment":[{"href":"https:\/\/gltestm.webology.pl\/de\/wp-json\/wp\/v2\/media?parent=16016"}],"wp:term":[{"taxonomy":"product_brand","embeddable":true,"href":"https:\/\/gltestm.webology.pl\/de\/wp-json\/wp\/v2\/product_brand?post=16016"},{"taxonomy":"product_cat","embeddable":true,"href":"https:\/\/gltestm.webology.pl\/de\/wp-json\/wp\/v2\/product_cat?post=16016"},{"taxonomy":"product_tag","embeddable":true,"href":"https:\/\/gltestm.webology.pl\/de\/wp-json\/wp\/v2\/product_tag?post=16016"}],"curies":[{"name":"wp","href":"https:\/\/api.w.org\/{rel}","templated":true}]}}