{"id":16004,"date":"2024-09-22T21:40:53","date_gmt":"2024-09-22T19:40:53","guid":{"rendered":"https:\/\/gltestm.webology.pl\/produkt\/lucznik-polonia-2018-naehmaschine\/"},"modified":"2026-03-22T21:52:47","modified_gmt":"2026-03-22T20:52:47","slug":"lucznik-polonia-2018-naehmaschine","status":"publish","type":"product","link":"https:\/\/gltestm.webology.pl\/de\/produkt\/lucznik-polonia-2018-naehmaschine\/","title":{"rendered":"Lucznik Polonia 2018 N\u00e4hmaschine"},"content":{"rendered":"<h2>Lucznik Polonia 2018 &#8211; eine einfache und vielseitige Haushaltsn\u00e4hmaschine<\/h2>\n<p><strong>Eine einfache N\u00e4hmaschine ist in jedem Haushalt unentbehrlich<\/strong> &#8211; schlie\u00dflich muss man entweder ein Loch n\u00e4hen, oder Gardinen k\u00fcrzen oder Hosenbeine s\u00e4umen. Eine Maschine der <strong>ersten Wahl<\/strong>, die man aus dem Schrank holt, um kleine Haushaltskrisen zu meistern. Das ist die <strong>Polonia 2018<\/strong>, eine Maschine, die Sie auf den ersten Blick lieben werden. Eine Maschine mit wundersch\u00f6nen roten Mohnblumen, die wir speziell f\u00fcr den <strong>100. Jahrestag der<\/strong> Unabh\u00e4ngigkeit Polens entworfen haben.  <\/p>\n<h2>Wichtigste Merkmale<\/h2>\n<ul>\n<li><strong>22 Stiche<\/strong> (gerade, <strong>Overlock<\/strong>, Zickzack, Trikot, <strong>elastisch<\/strong> und viele andere)<\/li>\n<li><strong>hohe<\/strong> <strong>Fu\u00dfl\u00fcftung<\/strong> <\/li>\n<li> einstellung der<strong> N\u00e4hgeschwindigkeit<\/strong> (Fu\u00dfanlasser),<\/li>\n<li><strong>zickzackstich-Breitenverstellung<\/strong> <\/li>\n<li><strong>stichl\u00e4ngenverstellung<\/strong> (bis zu 4 mm)<\/li>\n<li>einstellung der <strong>Fadenspannung<\/strong> <\/li>\n<li><strong>r\u00fcckw\u00e4rtsn\u00e4hen<\/strong> (Hebel)<\/li>\n<li>automatisches <strong>Aufspulen<\/strong> des Fadens auf der Spule<\/li>\n<li>automatischer Einf\u00e4dler an der <strong>Nadel<\/strong><\/li>\n<li>m\u00f6glichkeit des N\u00e4hens <strong>mit Doppelnadel<\/strong><\/li>\n<li>4-stufiges <strong>Knopflochsystem<\/strong> <\/li>\n<li>fadenschneider<\/li>\n<li>schnappfu\u00dfbefestigung<strong>(matic<\/strong>)<\/li>\n<li><strong>freier Arm<\/strong><\/li>\n<li>lED-Beleuchtung<\/li>\n<\/ul>\n<h2><strong>Mitgeliefertes Zubeh\u00f6r<\/strong><\/h2>\n<p>Das <strong>ausziehbare Zubeh\u00f6rfach<\/strong> enth\u00e4lt die Grundausstattung der Maschine und das f\u00fcr die Wartung notwendige Zubeh\u00f6r:<\/p>\n<ul>\n<li>universalfu\u00df (in der Maschine montiert)<\/li>\n<li>fu\u00df zum Einn\u00e4hen von Rei\u00dfverschl\u00fcssen<\/li>\n<li>knopfloch-N\u00e4hfu\u00df<\/li>\n<li>knopfann\u00e4hfu\u00df<\/li>\n<li>kr\u00e4uselfu\u00df mit B\u00fcrste<\/li>\n<li>quilting-F\u00fchrung<\/li>\n<li>ersatznadeln<\/li>\n<li>anschl\u00e4ge f\u00fcr oberen Spulendorn<\/li>\n<li>spulen 3 Stk.<\/li>\n<li>schraubendreher<\/li>\n<li>\u00f6ler<\/li>\n<li>platte zur Abdeckung der Z\u00e4hne des Transporters<\/li>\n<li>zus\u00e4tzlicher Spulendorn<\/li>\n<li>spulenunterlegscheibe<\/li>\n<li><strong>drehgeschwindigkeitsregler<\/strong><\/li>\n<li><strong>staubschutzhaube<\/strong><\/li>\n<\/ul>\n<h2>22 Stiche und intuitive Ein-Knopf-Bedienung<\/h2>\n<p>Bei der <strong>Polonia 2018<\/strong> k\u00f6nnen Sie jeden der <strong>22 Stiche<\/strong> ganz einfach mit dem <strong>gut lesbaren Drehknopf<\/strong> auf der Vorderseite der Maschine ausw\u00e4hlen &#8211; jeder Buchstabe steht f\u00fcr den entsprechenden N\u00e4hmodus f\u00fcr das Muster. Und wie sieht das Muster aus? Sie <strong>sind<\/strong> alle <strong>auf dem Geh\u00e4use eingezeichnet<\/strong> &#8211; so k\u00f6nnen Sie jederzeit eine Vorschau des gew\u00e4hlten Stichs sehen.  <\/p>\n<h2>Der automatische Einf\u00e4dler macht das Einf\u00e4deln der Nadel einfacher und schneller<\/h2>\n<p>DiePolonia<strong>2018<\/strong> verf\u00fcgt \u00fcber eine Funktion, die Sie sicher zu sch\u00e4tzen wissen: einen <strong>automatischen<\/strong> Einf\u00e4dler, mit dem Sie die Nadel der Maschine einfach und schnell einf\u00e4deln k\u00f6nnen, um sie m\u00fchelos einsatzbereit zu machen. Sie m\u00fcssen also nicht mehr auf das Nadel\u00f6hr zielen! Auch das Einf\u00e4deln selbst wird durch <strong>Pfeile und \u00dcbersichtsbilder<\/strong> auf dem Geh\u00e4use erleichtert, die Ihnen Schritt f\u00fcr Schritt zeigen, wo und in welche Richtung Sie den Faden ziehen m\u00fcssen.  <\/p>\n<h2>Freiarm mit Staufach und hoher Fu\u00dfl\u00fcftung<\/h2>\n<p>Dank des <strong>Freiarms<\/strong> der <strong>Polonia 2018<\/strong>, der sich beim Herausschieben des Zubeh\u00f6rfachs bildet, k\u00f6nnen Sie bequem ein Bein s\u00e4umen, einen \u00c4rmel oder einen Kragen n\u00e4hen. Bei Bedarf k\u00f6nnen Sie auch eine h\u00f6here Stofffalte unter den Fu\u00df schieben, dank der <strong>M\u00f6glichkeit, den Fu\u00df hochzuheben<\/strong>.<\/p>\n<h2>Overlock und elastische Stiche verwenden<\/h2>\n<p>Das N\u00e4hen mit der <strong>Polonia 2018<\/strong> ist ein echtes Vergn\u00fcgen, dank der <strong>Overlockstiche<\/strong>, \u00fcber die die Maschine verf\u00fcgt. Das sind spezielle Stiche, mit denen Sie Ihre Arbeit beenden k\u00f6nnen, indem Sie einen Saum imitieren, der mit einer Overlock in voller Gr\u00f6\u00dfe hergestellt wurde. Wenn n\u00f6tig, k\u00f6nnen Sie mit ihrer Hilfe auch <strong>elastische St<\/strong> iche sticken, wie sie im Abschnitt S1 auf der rechten Seite des Geh\u00e4uses zu sehen sind.<\/p>\n<p>Nach Beendigung der Arbeit schneiden Sie den Faden einfach ab, indem Sie ihn durch einen <strong>im Geh\u00e4use versteckten Spezialschneider<\/strong> ziehen, w\u00e4hrend Sie beim N\u00e4hen den Stich mit einem Riegel sichern, der mit dem <strong>R\u00fcckw\u00e4rtsn\u00e4hhebel<\/strong> hergestellt wird.<\/p>\n<h2>M\u00f6glichkeit des N\u00e4hens mit einer Doppelnadel<\/h2>\n<p>Mit der<strong>Polonia 2018<\/strong> k\u00f6nnen Sie auch <strong>bequem mit einer Doppelnadel n<\/strong>\u00e4hen, dank eines zweiten Stifts f\u00fcr eine zus\u00e4tzliche Garnspule, die Sie bei Bedarf anschlie\u00dfen k\u00f6nnen.<\/p>\n<p>Alle <strong>verf\u00fcgbaren Zwillingsnadeln<\/strong> finden Sie <strong><a href=\"https:\/\/galerialucznik.pl\/pl\/menu\/czesci-i-akcesoria\/akcesoria-do-maszyn-do-szycia\/igly-do-maszyn-676.html?filter_traits[781]=3803\" target=\"_blank\" rel=\"noopener\">hier<\/a><\/strong>.<\/p>\n<h2>24-monatige Haus-zu-Haus-Garantie<\/h2>\n<p>Die Maschine wird mit einer<strong> 24-monatigen <\/strong><strong> Haus-zu-Haus-Garantie<\/strong> geliefert. Zum Lieferumfang geh\u00f6rt auch <strong>eine leicht verst\u00e4ndliche Bedienungsanleitung<\/strong> in polnischer und englischer Sprache, die Sie mit der Maschine vertraut macht und es Ihnen erm\u00f6glicht, ihre M\u00f6glichkeiten voll auszusch\u00f6pfen. Schauen Sie es sich unbedingt an, bevor Sie mit dem N\u00e4hen beginnen!<\/p>\n<h2>Wartung der N\u00e4hmaschine. Schritt f\u00fcr Schritt.<\/h2>\n","protected":false},"excerpt":{"rendered":"<p>Polonia: limitierte Auflage zum 100. Jahrestag der Unabh\u00e4ngigkeit! Die Kraft der Tradition, Funktionalit\u00e4t und Benutzerfreundlichkeit in einem. Intuitive Bedienung und solide Metallkomponenten<\/p>\n","protected":false},"featured_media":15674,"comment_status":"open","ping_status":"closed","template":"","meta":[],"product_brand":[],"product_cat":[395],"product_tag":[],"class_list":{"0":"post-16004","1":"product","2":"type-product","3":"status-publish","4":"has-post-thumbnail","6":"product_cat-maszyny-do-szycia-tradycyjne","8":"first","9":"outofstock","10":"purchasable","11":"product-type-simple"},"_links":{"self":[{"href":"https:\/\/gltestm.webology.pl\/de\/wp-json\/wp\/v2\/product\/16004","targetHints":{"allow":["GET"]}}],"collection":[{"href":"https:\/\/gltestm.webology.pl\/de\/wp-json\/wp\/v2\/product"}],"about":[{"href":"https:\/\/gltestm.webology.pl\/de\/wp-json\/wp\/v2\/types\/product"}],"replies":[{"embeddable":true,"href":"https:\/\/gltestm.webology.pl\/de\/wp-json\/wp\/v2\/comments?post=16004"}],"version-history":[{"count":0,"href":"https:\/\/gltestm.webology.pl\/de\/wp-json\/wp\/v2\/product\/16004\/revisions"}],"wp:featuredmedia":[{"embeddable":true,"href":"https:\/\/gltestm.webology.pl\/de\/wp-json\/wp\/v2\/media\/15674"}],"wp:attachment":[{"href":"https:\/\/gltestm.webology.pl\/de\/wp-json\/wp\/v2\/media?parent=16004"}],"wp:term":[{"taxonomy":"product_brand","embeddable":true,"href":"https:\/\/gltestm.webology.pl\/de\/wp-json\/wp\/v2\/product_brand?post=16004"},{"taxonomy":"product_cat","embeddable":true,"href":"https:\/\/gltestm.webology.pl\/de\/wp-json\/wp\/v2\/product_cat?post=16004"},{"taxonomy":"product_tag","embeddable":true,"href":"https:\/\/gltestm.webology.pl\/de\/wp-json\/wp\/v2\/product_tag?post=16004"}],"curies":[{"name":"wp","href":"https:\/\/api.w.org\/{rel}","templated":true}]}}