{"id":15996,"date":"2024-09-22T21:40:53","date_gmt":"2024-09-22T19:40:53","guid":{"rendered":"https:\/\/gltestm.webology.pl\/produkt\/lucznik-everyday-naehmaschine\/"},"modified":"2026-03-22T21:41:16","modified_gmt":"2026-03-22T20:41:16","slug":"lucznik-everyday-naehmaschine","status":"publish","type":"product","link":"https:\/\/gltestm.webology.pl\/de\/produkt\/lucznik-everyday-naehmaschine\/","title":{"rendered":"Lucznik Everyday N\u00e4hmaschine"},"content":{"rendered":"<h2><strong>Everyday-Maschine &#8211; N\u00e4hen, wo immer Sie<\/strong><strong>wollen!<\/strong><\/h2>\n<p>Die Archer Everyday ist eine Maschine f\u00fcr <strong>Anf\u00e4nger, Kinder<\/strong> und alle, die <strong>eine Miniaturmaschine<\/strong> suchen, die man \u00fcberallhin mitnehmen kann. Denn die Everyday-Maschine ist <strong>im<\/strong> Vergleich zu den klassischen Maschinen in voller Gr\u00f6\u00dfe verkleinert worden, wodurch sie <strong>leichter<\/strong> und <strong>einfacher zu verstauen ist. <\/strong>Die Grundfunktionen einer N\u00e4hmaschine bleiben jedoch erhalten. Die <strong>einfache Bedienung <\/strong>und die geringe Gr\u00f6\u00dfe machen sie <strong>kinderfreundlich<\/strong>.<\/p>\n<h2>Wichtigste Merkmale<\/h2>\n<ul>\n<li><strong>16 N\u00e4hprogramme<\/strong> (einschlie\u00dflich Geradstich, Zickzack, Cover, Satin)<\/li>\n<li>Funktion der automatischen <strong>4-Stufen-Knopflocheinfassung<\/strong> <\/li>\n<li><strong>Geradstich-Steppstich<\/strong> <\/li>\n<li><strong>R\u00fcckw\u00e4rtsn\u00e4hen<\/strong><\/li>\n<li><strong>Automatisches<\/strong> Aufspulen des Fadens auf die Spule<\/li>\n<li><strong>Automatisches<\/strong> N\u00e4hen (die N\u00e4hgeschwindigkeit kann mit dem Schieberegler eingestellt werden)<\/li>\n<li><strong>Fadengreifer &#8211; drehbar<\/strong><\/li>\n<li>Einstellung der<strong>Fadenspannung<\/strong> <\/li>\n<li>eingebautes <strong>LED-Licht<\/strong> <\/li>\n<li>fadenschneider<\/li>\n<li>ON\/OFF-Schalter<\/li>\n<li><strong>Freier Arm<\/strong><\/li>\n<\/ul>\n<h2>Standard-Ausstattung<\/h2>\n<ul>\n<li><strong>universalfu\u00df<\/strong> <\/li>\n<li><strong>knopflochfu\u00df<\/strong> <\/li>\n<li>2 x <strong>Kunststoffspulen<\/strong> <\/li>\n<li>2 x Metallkl\u00f6ppel<\/li>\n<li><strong>universalnadel<\/strong> <\/li>\n<li><strong>nadeleinf\u00e4dler<\/strong> <\/li>\n<li>anlasser f\u00fcr die Maschine (sog. <strong>Pedal<\/strong>) mit Stromkabeln<\/li>\n<li>handbuch <\/li>\n<\/ul>\n<h2>N\u00e4hmaschine einfach zu bedienen<\/h2>\n<p>Das<span>N\u00e4hen mit <strong>Everyday<\/strong><\/span><span> kann ohne Fu\u00dfanlasser erfolgen, da <\/span><strong> mit einem Schieberegler<\/strong><span> am Maschinengeh\u00e4use<\/span><strong>gesteuert<\/strong> werden<span> kann <\/span><span>.<\/span><span> Er schaltet das langsame oder etwas schnellere automatische N\u00e4hen ein &#8211; das hei\u00dft<\/span><strong> die Maschine n\u00e4ht sich selbst<\/strong><span>. Dieser Modus ist f\u00fcr N\u00e4hanf\u00e4nger einfacher, da er nicht die Entwicklung der Hand-Bein-Koordination erfordert.<span> <strong>Im Alltag<\/strong><\/span><\/span><span>bietet auch die M\u00f6glichkeit, ein Minipedal anzuschlie\u00dfen und <\/span> die<strong>Fu\u00dfsteuerung<\/strong> einzuschalten<span>.<\/span><span> Das macht <\/span><strong>zu einem idealen Einstieg in das N\u00e4hen<\/strong><span>, um sich schrittweise an die Funktionsweise einer &#8222;erwachsenen&#8220; Maschine zu gew\u00f6hnen.<\/span><\/p>\n<h2><span>16 N\u00e4hprogramme <\/span><\/h2>\n<p>Diese Maschine verf\u00fcgt \u00fcber <strong>16<\/strong> integrierte <strong>N\u00e4hprogramme<\/strong>,<span> die mit einem einzigen Knopf eingestellt werden. Da kann man sich unm\u00f6glich verirren! <\/span> Die<span> Funktionalit\u00e4t wird durch die M\u00f6glichkeit des <\/span><strong>R\u00fcckw\u00e4rtsn\u00e4hens <\/strong>und der<strong> Einstellung der N\u00e4hgeschwindigkeit<\/strong><span> erweitert <\/span>, so dass wir die Arbeit der Maschine leicht an unsere F\u00e4higkeiten im Umgang mit dem Material anpassen k\u00f6nnen. Nat\u00fcrlich verf\u00fcgt die Maschine \u00fcber eine integrierte <strong>Zubeh\u00f6rschublade<\/strong>,  <strong>Fadenschneider<\/strong> und <strong>komfortablen Tragegriff<\/strong>, der den Transport der Maschine erheblich erleichtert.<\/p>\n<h2>Drehgreifer und LED-Beleuchtung<\/h2>\n<p>Die Lucznik Everyday-Maschine verf\u00fcgt \u00fcber einen <strong>Drehgreifer<\/strong>, der bisher nur bei h\u00f6herwertigen Maschinen zu finden war. Damit wird nicht nur das Einf\u00e4deln des Unterfadens erleichtert, sondern man kann auch direkt sehen, wie viel Faden noch auf der Spule ist. Sie verf\u00fcgt \u00fcber  <strong>LED-Beleuchtung<\/strong><strong>des Arbeitsfeldes<\/strong>. <\/p>\n<h2>Unverzichtbar f\u00fcr gelegentliches N\u00e4hen von einfachen Materialien<\/h2>\n<p><strong>Die<\/strong><strong>Maschine<\/strong><strong>Everyday<\/strong>  ist trotz ihrer kompakten Gr\u00f6\u00dfe voll<strong>funktionsf\u00e4hig <\/strong>  &#8211;<strong> ideal f\u00fcr kleine, gelegentliche Arbeiten an einfachen Materialien <\/strong>und die<strong> Entwicklung von Hobbys<\/strong>. Dank ihrer geringen Gr\u00f6\u00dfe (sie wiegt nur etwas mehr als 3 kg!) ist die Maschine au\u00dferdem ideal f\u00fcr die Mitnahme am Wochenende oder in den Urlaub. Sie ist nicht nur f\u00fcr kleinere Reparaturen an zerrissenen Kleidungsst\u00fccken n\u00fctzlich, sondern bietet auch eine ideale M\u00f6glichkeit, einen verregneten Abend zu verbringen &#8211;<span> durch <\/span><strong>kreativen<\/strong> <strong>Spa\u00df<\/strong> f\u00fcr Ihr Kind!<\/p>\n<h2>N\u00e4hmaschine zur F\u00f6rderung der Kreativit\u00e4t von Kindern<\/h2>\n<p>Auch die Alltagsmaschine ist eine tolle Erg\u00e4nzung f\u00fcr das Zimmer jedes kreativen Kindes. Die N\u00e4hmaschine bietet nicht nur stundenlange Unterhaltung, sondern f\u00f6rdert auch die Entwicklung der<strong> Auge-Hand-Koordination, des \u00e4sthetischen Emp <\/strong>findens und der<strong> Fantasie<\/strong>. <\/p>\n<p>Die <strong>Lucznik Everyday-Maschine<\/strong> eignet sich am besten f\u00fcr Stoffe mit einfacher Konstruktion und d\u00fcnner bis mittlerer Dicke. Beachten Sie, dass es sich um eine vereinfachte und verkleinerte Maschine mit geringerem Gewicht und einfacher Funktionalit\u00e4t handelt. Daher eignet sie sich nicht zum N\u00e4hen von schweren, dicken Stoffen oder Stretch-Strickwaren.<\/p>\n<h2>Kompatibel mit MATIC-System<\/h2>\n<p>Die Maschine kann mit Schnappf\u00fc\u00dfen verwendet werden, die am Matic-Griff befestigt sind. <\/p>\n<h2>Korrekter Betrieb der Maschine<\/h2>\n<p>Um <strong>einen korrekten<\/strong> Betrieb der Maschine zu gew\u00e4hrleisten, verwenden Sie <span><strong>nur Unterfadenspulen aus Metall<\/strong><\/span>. Die Verwendung von <strong>Kunststoffspulen<\/strong> kann zu Fehlfunktionen oder sogar <strong>Sch\u00e4den an der Maschine<\/strong> f\u00fchren.<\/p>\n<h2>24-monatige Garantie<\/h2>\n<p>Die<span>Maschine <\/span>wird mit einer 24-monatigen Garantie und einer Bedienungsanleitung in polnischer Sprache geliefert, die vor der Benutzung des Ger\u00e4ts gelesen werden sollte.<\/p>\n","protected":false},"excerpt":{"rendered":"<p>Klein und leicht, aber mit einer reichhaltigen Ausstattung. Die Mini-N\u00e4hmaschine Everyday ist das perfekte Werkzeug f\u00fcr kleine, gelegentliche Arbeiten an einfachen Materialien.<\/p>\n","protected":false},"featured_media":15646,"comment_status":"open","ping_status":"closed","template":"","meta":[],"product_brand":[],"product_cat":[415],"product_tag":[],"class_list":{"0":"post-15996","1":"product","2":"type-product","3":"status-publish","4":"has-post-thumbnail","6":"product_cat-maszyny-do-szycia-dla-dzieci","8":"first","9":"instock","10":"purchasable","11":"product-type-simple"},"_links":{"self":[{"href":"https:\/\/gltestm.webology.pl\/de\/wp-json\/wp\/v2\/product\/15996","targetHints":{"allow":["GET"]}}],"collection":[{"href":"https:\/\/gltestm.webology.pl\/de\/wp-json\/wp\/v2\/product"}],"about":[{"href":"https:\/\/gltestm.webology.pl\/de\/wp-json\/wp\/v2\/types\/product"}],"replies":[{"embeddable":true,"href":"https:\/\/gltestm.webology.pl\/de\/wp-json\/wp\/v2\/comments?post=15996"}],"version-history":[{"count":0,"href":"https:\/\/gltestm.webology.pl\/de\/wp-json\/wp\/v2\/product\/15996\/revisions"}],"wp:featuredmedia":[{"embeddable":true,"href":"https:\/\/gltestm.webology.pl\/de\/wp-json\/wp\/v2\/media\/15646"}],"wp:attachment":[{"href":"https:\/\/gltestm.webology.pl\/de\/wp-json\/wp\/v2\/media?parent=15996"}],"wp:term":[{"taxonomy":"product_brand","embeddable":true,"href":"https:\/\/gltestm.webology.pl\/de\/wp-json\/wp\/v2\/product_brand?post=15996"},{"taxonomy":"product_cat","embeddable":true,"href":"https:\/\/gltestm.webology.pl\/de\/wp-json\/wp\/v2\/product_cat?post=15996"},{"taxonomy":"product_tag","embeddable":true,"href":"https:\/\/gltestm.webology.pl\/de\/wp-json\/wp\/v2\/product_tag?post=15996"}],"curies":[{"name":"wp","href":"https:\/\/api.w.org\/{rel}","templated":true}]}}