{"id":15992,"date":"2024-09-22T21:40:53","date_gmt":"2024-09-22T19:40:53","guid":{"rendered":"https:\/\/gltestm.webology.pl\/produkt\/lucznik-kornelia-ii-2004-naehmaschine\/"},"modified":"2026-03-22T21:40:58","modified_gmt":"2026-03-22T20:40:58","slug":"lucznik-kornelia-ii-2004-naehmaschine","status":"publish","type":"product","link":"https:\/\/gltestm.webology.pl\/de\/produkt\/lucznik-kornelia-ii-2004-naehmaschine\/","title":{"rendered":"\u0141ucznik Kornelia II 2004 N\u00e4hmaschine"},"content":{"rendered":"<h2>\u0141ucznik Kornelia II 2004 N\u00e4hmaschine<\/h2>\n<p>Die N\u00e4hmaschine<strong> Kornelia II 2004<\/strong> verf\u00fcgt \u00fcber 27 eingebaute N\u00e4hprogramme &#8211; wenn Sie eine Doppelnadel verwenden, stehen Ihnen bis zu <strong>48 Stichmuster<\/strong> zur Verf\u00fcgung! Sie ist ein gro\u00dfartiges Werkzeug, mit dem Sie Ihre F\u00e4higkeiten weiterentwickeln k\u00f6nnen.<\/p>\n<p>Ausgestattet mit <strong>Freiarm <\/strong>und <strong>einem schwenkbaren Fadengreifer<\/strong>, ist diese Maschine ideal zum N\u00e4hen von Kissen, Vorh\u00e4ngen, Kleidern, Hemden, aber auch f\u00fcr unkomplizierte Strickwaren und verschiedene Arten von Dekorationen. Sie erm\u00f6glicht es Ihnen, die Kanten mit dem<strong>Overlockstich<\/strong> , dem<strong>verdeckten<\/strong><strong>Stich<\/strong>   oder dem Zickzackstich   \u00e4sthetisch zu vers\u00e4ubern<strong>und das Gummiband mit elastischen Stichen zu vern\u00e4hen.<\/strong><\/p>\n<p>Die N\u00e4hmaschine Kornelia II 2004 eignet sich hervorragend zum Erlernen des N\u00e4hens mit einer Vielzahl von d\u00fcnnen und mittleren Materialien. <strong>Die Stichl\u00e4ngenverstellung <\/strong>des Stiches kann im Bereich<strong> bis 4 Millimeter<\/strong> vorgenommen werden, so dass Sie den Stich entsprechend der Struktur des Stoffes und der Art des Fadens anpassen k\u00f6nnen. Sie erm\u00f6glicht auch das<strong> R\u00fcckw\u00e4rtsn\u00e4hen<\/strong> und<strong> S\u00e4umen<\/strong> <strong>von<\/strong> Stoffen. Nach Beendigung des N\u00e4hvorgangs kann der Faden bequem mit  einem<strong>im Geh\u00e4use verborgenen Schneider<\/strong> abgeschnitten werden.<\/p>\n<p>Dar\u00fcber hinaus ist die <strong>Kornelia II 2004<\/strong> mit einer Beleuchtung ausgestattet, die das N\u00e4hen bei schlechten Sichtverh\u00e4ltnissen erleichtert. Dank ihres kompakten Geh\u00e4uses und der Konstruktion aus hochwertigem Kunststoff ist die Kornelia extrem leicht und l\u00e4sst <strong>sich einfach transportieren<\/strong> und<strong> verstauen<\/strong>. Das Tragen der Maschine selbst wird durch<strong> einen praktischen Transportgriff<\/strong> erleichtert. Die Maschine verf\u00fcgt au\u00dferdem \u00fcber ein eingebautes<strong> Staufach f\u00fcr Zubeh\u00f6r<\/strong>.<\/p>\n<p>Die<strong>Maschine wird mit einem Zubeh\u00f6rsatz geliefert<\/strong>, der unter anderem Universal-, Rei\u00dfverschluss- und Saumf\u00fc\u00dfe sowie eine Anleitung zum N\u00e4hen mit verdeckten Stichen, Nadeln und Ersatzspulen enth\u00e4lt.  <\/p>\n<h2>Ausstattung im Set<\/h2>\n<p>Die Maschine wird mit einem Zubeh\u00f6rsatz geliefert, der Folgendes umfasst:<\/p>\n<ul>\n<li><strong>90 Nadeln (3 St\u00fcck)<\/strong><\/li>\n<li><strong>doppelnadel <\/strong><\/li>\n<li><strong>ersatzspulen<\/strong> (3 St\u00fcck)<\/li>\n<li>prujka<\/li>\n<li>\u00f6l<\/li>\n<li>schraubendreher<\/li>\n<li>transporter-Absperrplatte<\/li>\n<li>universalfu\u00df<\/li>\n<li>knopflochfu\u00df<\/li>\n<li>n\u00e4hfu\u00df f\u00fcr Rei\u00dfverschl\u00fcsse<\/li>\n<li>n\u00e4hf\u00fchrung f\u00fcr Blindstich<\/li>\n<li><strong>staubschutzh\u00fclle<\/strong> <\/li>\n<\/ul>\n<h2>24-monatige Garantie<\/h2>\n<p>Die<span>Maschine wird mit <\/span> einer 24-monatigen<strong>Garantie<\/strong><span>und<\/span><strong>der<\/strong><strong>Anleitung<\/strong><strong>in polnischer Sprache<\/strong><span>geliefert <\/span>,<span> die vor der Benutzung des Ger\u00e4ts gelesen werden sollte, um die M\u00f6glichkeiten der Maschine sicher und richtig nutzen<\/span> zu k\u00f6nnen.<\/p>\n<h2>Wartung der N\u00e4hmaschine. Schritt f\u00fcr Schritt.<\/h2>\n<\/div>\n","protected":false},"excerpt":{"rendered":"<p>Kornelia II 2004 ist ein einfaches Modell einer mechanischen Haushaltsn\u00e4hmaschine, die mit Overlock- und Elastikstichen ausgestattet ist. Sie erm\u00f6glicht die Einstellung der Stichl\u00e4nge. Zwei im Geh\u00e4use versenkte Metallfadenstifte erleichtern das N\u00e4hen mit<\/p>\n","protected":false},"featured_media":15067,"comment_status":"open","ping_status":"closed","template":"","meta":[],"product_brand":[],"product_cat":[395],"product_tag":[],"class_list":{"0":"post-15992","1":"product","2":"type-product","3":"status-publish","4":"has-post-thumbnail","6":"product_cat-maszyny-do-szycia-tradycyjne","8":"first","9":"instock","10":"purchasable","11":"product-type-simple"},"_links":{"self":[{"href":"https:\/\/gltestm.webology.pl\/de\/wp-json\/wp\/v2\/product\/15992","targetHints":{"allow":["GET"]}}],"collection":[{"href":"https:\/\/gltestm.webology.pl\/de\/wp-json\/wp\/v2\/product"}],"about":[{"href":"https:\/\/gltestm.webology.pl\/de\/wp-json\/wp\/v2\/types\/product"}],"replies":[{"embeddable":true,"href":"https:\/\/gltestm.webology.pl\/de\/wp-json\/wp\/v2\/comments?post=15992"}],"version-history":[{"count":0,"href":"https:\/\/gltestm.webology.pl\/de\/wp-json\/wp\/v2\/product\/15992\/revisions"}],"wp:featuredmedia":[{"embeddable":true,"href":"https:\/\/gltestm.webology.pl\/de\/wp-json\/wp\/v2\/media\/15067"}],"wp:attachment":[{"href":"https:\/\/gltestm.webology.pl\/de\/wp-json\/wp\/v2\/media?parent=15992"}],"wp:term":[{"taxonomy":"product_brand","embeddable":true,"href":"https:\/\/gltestm.webology.pl\/de\/wp-json\/wp\/v2\/product_brand?post=15992"},{"taxonomy":"product_cat","embeddable":true,"href":"https:\/\/gltestm.webology.pl\/de\/wp-json\/wp\/v2\/product_cat?post=15992"},{"taxonomy":"product_tag","embeddable":true,"href":"https:\/\/gltestm.webology.pl\/de\/wp-json\/wp\/v2\/product_tag?post=15992"}],"curies":[{"name":"wp","href":"https:\/\/api.w.org\/{rel}","templated":true}]}}