{"id":15988,"date":"2024-09-22T21:40:53","date_gmt":"2024-09-22T19:40:53","guid":{"rendered":"https:\/\/gltestm.webology.pl\/produkt\/lucznik-weronika-ii-2008-naehmaschine\/"},"modified":"2026-03-22T21:40:31","modified_gmt":"2026-03-22T20:40:31","slug":"lucznik-weronika-ii-2008-naehmaschine","status":"publish","type":"product","link":"https:\/\/gltestm.webology.pl\/de\/produkt\/lucznik-weronika-ii-2008-naehmaschine\/","title":{"rendered":"\u0141ucznik Weronika II 2008 N\u00e4hmaschine"},"content":{"rendered":"<h2><strong>Archer Veronica II 2008 &#8211; Die entspannende Kraft des N\u00e4hens<\/strong><\/h2>\n<p>Es scheint zart zu sein? Lassen Sie sich davon nicht t\u00e4uschen! Die Weronika II 2008 ist eine bekannte und beliebte Maschine, die seit Jahren eine beliebte Wahl f\u00fcr die erste Ausr\u00fcstung zum N\u00e4henlernen ist. Sie verf\u00fcgt nicht nur \u00fcber Standardmodi, sondern auch \u00fcber Overlock- und elastische Stiche. Kurz gesagt, es handelt sich um eine <strong>einfache<\/strong> <strong> <a href=\"https:\/\/galerialucznik.pl\/\" target=\"_blank\" rel=\"noopener\">N\u00e4hmaschine<\/a><\/strong>, die sich in jedem Haushalt als n\u00fctzlich erweisen und bei der L\u00f6sung von N\u00e4hkrisen helfen wird. <\/p>\n<p>Mit ihren guten technischen Parametern ist die <strong>Weronika II 2008<\/strong> auch eine Maschine von au\u00dfergew\u00f6hnlicher Sch\u00f6nheit. Sie wird durch die auf das Geh\u00e4use gemalten Lavendelbl\u00fcten hervorgehoben, die sich sanft im Wind wiegen. All dies macht das N\u00e4hen mit Hilfe der neuen Version unseres Klassikers nicht nur effektiv, sondern auch beeindruckend. Und auch, dank der Lavendelbl\u00fcten, beruhigend.<\/p>\n<h2><strong>\u0141ucznik Weronika II 2008 N\u00e4hmaschine &#8211; Einfachheit ist ihre Trumpfkarte!<\/strong><\/h2>\n<p>Die Weronika II 2008 ist unglaublich einfach zu bedienen. Mit dem Drehknopf auf der Vorderseite der Maschine k\u00f6nnen Sie ganz einfach einen der <strong>22 Stiche<\/strong> ausw\u00e4hlen, <strong>\u00fcber die sie verf\u00fcgt<\/strong>. Dazu m\u00fcssen Sie die Nummer des gew\u00fcnschten Stichs finden. Und wie finden Sie den Stich, f\u00fcr den Sie sich gerade interessieren? Das ist ganz einfach! Werfen Sie einfach einen Blick auf den praktischen Auszug, der sich auf dem Geh\u00e4use der Maschine befindet, und w\u00e4hlen Sie den Stich aus, der Sie interessiert!<\/p>\n<p>Und das ist noch nicht alles! Die Weronika II 2008 verf\u00fcgt auch \u00fcber eine <strong>Stichl\u00e4ngenverstellung<\/strong> <strong>, R\u00fcckw\u00e4rtsn\u00e4hen, eine eingebaute Beleuchtung und einen Freiarm zum praktischen S\u00e4umen von Beinen oder \u00c4rmeln<\/strong>. Dank dieser L\u00f6sungen wird das N\u00e4hen definitiv einfacher und komfortabler.<\/p>\n<h2><strong>Weronika II 2008 &#8211; wird sich an so mancher N\u00e4hfront bew\u00e4hren!<\/strong><\/h2>\n<p>Die N\u00e4hmaschine \u0141ucznik Weronika II 2008 erm\u00f6glicht sehr bequemes <strong>N\u00e4hen mit einer Doppelnadel<\/strong>. Erm\u00f6glicht wird dies durch einen <strong>zweiten Dorn f\u00fcr eine zus\u00e4tzliche Garnrolle<\/strong>, die &#8211; bei Bedarf &#8211; hinzugef\u00fcgt werden kann. F\u00fcr viele N\u00e4herinnen und N\u00e4her ist dies ein wichtiger und sehr n\u00fctzlicher Komfort.<\/p>\n<p>Die N\u00e4hmaschine Weronika II 2008 ist mit <strong>Grund-, Nutz- und Overlockstichen<\/strong> ausgestattet. Eine solche F\u00fclle von Stichen gibt uns eine breite Palette von M\u00f6glichkeiten beim Erlernen des N\u00e4hens, insbesondere bei d\u00fcnnen und empfindlichen Stoffen und solchen mittlerer Dicke. Mit Hilfe von Veronica 2008 werden Sie Ihre ersten Kissen und schicke Bettw\u00e4sche herstellen, Leinentaschen und Hemden n\u00e4hen, Gardinen verzieren und k\u00fcrzen. Die Auswahl an elastischen Stichen gibt Ihnen hingegen die M\u00f6glichkeit, Stretchstoffe bequem zu n\u00e4hen, und ist gleichzeitig ein idealer Einstieg in das N\u00e4hen mit Maschenstoffen.<\/p>\n<p>Ein praktisches, ausziehbares Staufach an der Vorderseite der Maschine nimmt die Grundausstattung und das f\u00fcr die Wartung der Maschine notwendige Zubeh\u00f6r auf:<\/p>\n<ul>\n<li>3 Spulen f\u00fcr den Unterfaden<\/li>\n<li>universalfu\u00df<\/li>\n<li>knopfann\u00e4hfu\u00df<\/li>\n<li>fu\u00df zum Einn\u00e4hen eines Rei\u00dfverschlusses (Zipper)<\/li>\n<li>knopfloch-N\u00e4hfu\u00df<\/li>\n<li>3 Ersatz-Universalnadeln<\/li>\n<li>r\u00fcsche<\/li>\n<li>platte zur Abdeckung des Stofftransporters<\/li>\n<li>\u00f6ler<\/li>\n<li>schraubenzieher<\/li>\n<\/ul>\n<p>Die Maschine wird au\u00dferdem geliefert mit:<\/p>\n<ul>\n<li>staubschutzhaube<\/li>\n<li>fu\u00dfregler<\/li>\n<\/ul>\n<h2>24-monatige Garantie<\/h2>\n<p>Die<strong>N\u00e4hmaschine<\/strong> Weronika<strong>II 2008 wird mit einer 24-monatigen Garantie<\/strong> und einer Anleitung in polnischer Sprache geliefert. Machen Sie sich mit der Anleitung vertraut, bevor Sie die Maschine zum ersten Mal benutzen!<\/p>\n<h2>Wartung der N\u00e4hmaschine. Schritt f\u00fcr Schritt.<\/h2>\n","protected":false},"excerpt":{"rendered":"<p>Veronica II 2008 ist eine klassische mechanische N\u00e4hmaschine. Sie kennen sie, oder besser gesagt&#8230; ihre Vorg\u00e4ngerin. Lernen Sie Weronika in einer neuen lavendelfarbenen Ausgabe kennen, die Sie nicht nur durch ihr Aussehen verf\u00fchren wird! Sie verf\u00fcgt \u00fcber<\/p>\n","protected":false},"featured_media":15316,"comment_status":"open","ping_status":"closed","template":"","meta":[],"product_brand":[],"product_cat":[395],"product_tag":[],"class_list":{"0":"post-15988","1":"product","2":"type-product","3":"status-publish","4":"has-post-thumbnail","6":"product_cat-maszyny-do-szycia-tradycyjne","8":"first","9":"instock","10":"purchasable","11":"product-type-simple"},"_links":{"self":[{"href":"https:\/\/gltestm.webology.pl\/de\/wp-json\/wp\/v2\/product\/15988","targetHints":{"allow":["GET"]}}],"collection":[{"href":"https:\/\/gltestm.webology.pl\/de\/wp-json\/wp\/v2\/product"}],"about":[{"href":"https:\/\/gltestm.webology.pl\/de\/wp-json\/wp\/v2\/types\/product"}],"replies":[{"embeddable":true,"href":"https:\/\/gltestm.webology.pl\/de\/wp-json\/wp\/v2\/comments?post=15988"}],"version-history":[{"count":0,"href":"https:\/\/gltestm.webology.pl\/de\/wp-json\/wp\/v2\/product\/15988\/revisions"}],"wp:featuredmedia":[{"embeddable":true,"href":"https:\/\/gltestm.webology.pl\/de\/wp-json\/wp\/v2\/media\/15316"}],"wp:attachment":[{"href":"https:\/\/gltestm.webology.pl\/de\/wp-json\/wp\/v2\/media?parent=15988"}],"wp:term":[{"taxonomy":"product_brand","embeddable":true,"href":"https:\/\/gltestm.webology.pl\/de\/wp-json\/wp\/v2\/product_brand?post=15988"},{"taxonomy":"product_cat","embeddable":true,"href":"https:\/\/gltestm.webology.pl\/de\/wp-json\/wp\/v2\/product_cat?post=15988"},{"taxonomy":"product_tag","embeddable":true,"href":"https:\/\/gltestm.webology.pl\/de\/wp-json\/wp\/v2\/product_tag?post=15988"}],"curies":[{"name":"wp","href":"https:\/\/api.w.org\/{rel}","templated":true}]}}