{"id":15984,"date":"2024-09-22T21:40:53","date_gmt":"2024-09-22T19:40:53","guid":{"rendered":"https:\/\/gltestm.webology.pl\/produkt\/lucznik-milena-ii-419-naehmaschine\/"},"modified":"2026-03-22T21:40:20","modified_gmt":"2026-03-22T20:40:20","slug":"lucznik-milena-ii-419-naehmaschine","status":"publish","type":"product","link":"https:\/\/gltestm.webology.pl\/de\/produkt\/lucznik-milena-ii-419-naehmaschine\/","title":{"rendered":"Lucznik Milena II 419 N\u00e4hmaschine"},"content":{"rendered":"<h2><strong>Lucznik Milena II 419 N\u00e4hmaschine &#8211; ein bew\u00e4hrtes Mittel gegen Haushaltskrisen!<\/strong><\/h2>\n<p><strong>Eine einfache<\/strong> <strong>N\u00e4hmaschine<\/strong> ist in jedem Haushalt unverzichtbar. Warum eigentlich? Es ist eine Maschine des ersten Ranges, die es wert ist, immer griffbereit zu sein &#8211; oder, wie manche es vorziehen: &#8222;on standby&#8220; &#8211; um die kleinen und etwas gr\u00f6\u00dferen N\u00e4hkrisen im Haushalt zu meistern.<\/p>\n<p>Wenn Sie auf der Suche nach einer &#8222;Einsteiger&#8220; <a href=\"https:\/\/galerialucznik.pl\/\" target=\"_blank\" rel=\"noopener\">-N\u00e4hmaschine<\/a> sind, um Ihr Abenteuer mit der Kunst des Schneiderns zu beginnen, ist die <strong>Milena II 419<\/strong> die ideale Wahl.<\/p>\n<h2><strong>Milena II 419 &#8211; Sie werden nicht nur durch ihre \u00c4u\u00dferlichkeiten fasziniert sein<\/strong><\/h2>\n<p>Schauen Sie sich diese Maschine an und <strong>Sie werden sie auf den ersten Blick lieben!<\/strong> Und das allein schon wegen ihres Aussehens. Milena II 419 ist jetzt in einem neuen, leichten Design erh\u00e4ltlich, und ihr K\u00f6rper ist <strong>mit sch\u00f6nen aufblasbaren Gegenst\u00e4nden verziert, die mit dem Fr\u00fchling assoziiert werden.<\/strong><\/p>\n<p>Drachen, aufblasbare Objekte, Wind&#8230; Beim Anblick unserer neuen Maschine m\u00f6chte man nur noch singen und n\u00e4hen! Und da sie genauso einfach ist wie ihre bekannte und beliebte Vorg\u00e4ngerin, wird das N\u00e4hen mit ihr zum Singen.<\/p>\n<h2><strong>Mit der Lucznik Milena II 419 wird das N\u00e4hen zum reinen Vergn\u00fcgen!<\/strong><\/h2>\n<p>Die Milena II 419 ist ein Allzweckmodell, das mit einer breiten Palette von Materialien zurechtkommt. Sie l\u00e4sst Sie beim K\u00fcrzen von Gardinen nicht im Stich, arbeitet beim Ausbessern oder Anpassen von Kleidungsst\u00fccken perfekt mit, und &#8211; wenn Sie Lust haben &#8211; n\u00e4ht sie mit Ihnen sch\u00f6ne Kreationen f\u00fcr Kinder, Enkelkinder und liebe Menschen.<\/p>\n<p>Die Milena II 419 wird mit Hilfe von Kn\u00f6pfen bedient. Mit Hilfe des Buchstabenknopfes k\u00f6nnen Sie ganz einfach einen der <strong>22 Stiche<\/strong> ausw\u00e4hlen (indem Sie den dem Stich entsprechenden Buchstaben w\u00e4hlen). Sie wissen nicht, f\u00fcr welchen Stich Sie sich entscheiden sollen? Nichts leichter als das! Alle Stiche <strong>sind<\/strong> <strong>auf dem Geh\u00e4use abgebildet<\/strong>, so dass Sie jederzeit einen Blick darauf werfen und den Stich ausw\u00e4hlen k\u00f6nnen, der am besten zu dem Material passt, mit dem Sie gerade arbeiten. Mit dem zweiten Drehknopf w\u00e4hlen Sie die Stichl\u00e4nge &#8211; also wie fein Sie n\u00e4hen wollen.<\/p>\n<p>Die Lucznik Milena II 419 N\u00e4hmaschine verf\u00fcgt \u00fcber <strong>einfache Nutz-, Elastik- und Overlockstiche<\/strong>. Die gro\u00dfe Anzahl von Stichen gibt Ihnen einen gro\u00dfen Spielraum beim N\u00e4henlernen, besonders bei d\u00fcnnen, zarten und mitteldicken Stoffen. Mit ihrer Hilfe werden Sie erfolgreich Ihre ersten Kissen, Leinentaschen, Handytaschen oder Hemden n\u00e4hen, Gardinen dekorieren und k\u00fcrzen und schicke Bettw\u00e4sche herstellen. Die Auswahl an elastischen Stichen wiederum gibt Ihnen die M\u00f6glichkeit, bequem dehnbare Stoffe zu n\u00e4hen, und ist gleichzeitig eine Einf\u00fchrung in das N\u00e4hen mit Maschenstoffen.<\/p>\n<p>Die<strong>Milena II 419<\/strong> verf\u00fcgt au\u00dferdem \u00fcber eine <strong>Stichl\u00e4ngenverstellung<\/strong>, <strong>R\u00fcckw\u00e4rtsn\u00e4hen, eine integrierte Beleuchtung und einen freien Arm (Reach)<\/strong> zum praktischen S\u00e4umen von Beinen oder \u00c4rmeln. Dank dieser L\u00f6sungen wird das N\u00e4hen einfacher und komfortabler.<\/p>\n<p>Die Milena II 419 erm\u00f6glicht das <strong>bequeme N\u00e4hen mit einer Doppelnadel<\/strong> &#8211; dies ist m\u00f6glich dank eines <strong>zweiten Dorns f\u00fcr eine zus\u00e4tzliche Garnrolle<\/strong>, die &#8211; falls erforderlich &#8211; jederzeit hinzugef\u00fcgt werden kann.<\/p>\n<h2>Serienm\u00e4\u00dfige Ausstattung<\/h2>\n<p>Das <strong>ausziehbare Zubeh\u00f6rfach<\/strong> nimmt die Grundausstattung der Maschine und das f\u00fcr die Wartung notwendige Zubeh\u00f6r auf:<\/p>\n<ul>\n<li>3 Spulen f\u00fcr den Unterfaden<\/li>\n<li>knopfann\u00e4hfu\u00df<\/li>\n<li>fu\u00df zum Einn\u00e4hen eines Rei\u00dfverschlusses (Zipper)<\/li>\n<li>knopflochn\u00e4hfu\u00df<\/li>\n<li>3 Ersatznadeln<\/li>\n<li>prujka<\/li>\n<li>platte zur Abdeckung des Stofftransporters<\/li>\n<li>\u00f6ler<\/li>\n<li>schraubenzieher<\/li>\n<li>staubschutzhaube<\/li>\n<li>fu\u00dfregler<\/li>\n<\/ul>\n<h2>24-monatige Garantie<\/h2>\n<p>Die<span>Maschine wird mit <\/span><strong>einer 24-monatigen Garantie<\/strong><span>und<\/span><strong>der<\/strong><strong>polnischen Anleitung<\/strong><span>geliefert <\/span><span>, mit der Sie sich vor der Benutzung des Ger\u00e4ts vertraut machen sollten, damit Sie seine F\u00e4higkeiten sicher und bestimmungsgem\u00e4\u00df nutzen<\/span> k\u00f6nnen.<\/p>\n<h2>Wartung der N\u00e4hmaschine. Schritt f\u00fcr Schritt.<\/h2>\n","protected":false},"excerpt":{"rendered":"<p>Die bekannte und beliebte N\u00e4hmaschine Milena II 419 in neuem Gewand! Die Milena II 419, verziert mit wundersch\u00f6nen, luftigen Pusteblumen, ist eine einfache, mechanische Maschine, die mit 22 Stichen ausgestattet ist, darunter auch elastische Stiche und Ove<\/p>\n","protected":false},"featured_media":13937,"comment_status":"open","ping_status":"closed","template":"","meta":[],"product_brand":[],"product_cat":[395],"product_tag":[],"class_list":{"0":"post-15984","1":"product","2":"type-product","3":"status-publish","4":"has-post-thumbnail","6":"product_cat-maszyny-do-szycia-tradycyjne","8":"first","9":"instock","10":"purchasable","11":"product-type-simple"},"_links":{"self":[{"href":"https:\/\/gltestm.webology.pl\/de\/wp-json\/wp\/v2\/product\/15984","targetHints":{"allow":["GET"]}}],"collection":[{"href":"https:\/\/gltestm.webology.pl\/de\/wp-json\/wp\/v2\/product"}],"about":[{"href":"https:\/\/gltestm.webology.pl\/de\/wp-json\/wp\/v2\/types\/product"}],"replies":[{"embeddable":true,"href":"https:\/\/gltestm.webology.pl\/de\/wp-json\/wp\/v2\/comments?post=15984"}],"version-history":[{"count":0,"href":"https:\/\/gltestm.webology.pl\/de\/wp-json\/wp\/v2\/product\/15984\/revisions"}],"wp:featuredmedia":[{"embeddable":true,"href":"https:\/\/gltestm.webology.pl\/de\/wp-json\/wp\/v2\/media\/13937"}],"wp:attachment":[{"href":"https:\/\/gltestm.webology.pl\/de\/wp-json\/wp\/v2\/media?parent=15984"}],"wp:term":[{"taxonomy":"product_brand","embeddable":true,"href":"https:\/\/gltestm.webology.pl\/de\/wp-json\/wp\/v2\/product_brand?post=15984"},{"taxonomy":"product_cat","embeddable":true,"href":"https:\/\/gltestm.webology.pl\/de\/wp-json\/wp\/v2\/product_cat?post=15984"},{"taxonomy":"product_tag","embeddable":true,"href":"https:\/\/gltestm.webology.pl\/de\/wp-json\/wp\/v2\/product_tag?post=15984"}],"curies":[{"name":"wp","href":"https:\/\/api.w.org\/{rel}","templated":true}]}}