{"id":15980,"date":"2024-09-22T21:40:53","date_gmt":"2024-09-22T19:40:53","guid":{"rendered":"https:\/\/gltestm.webology.pl\/produkt\/lucznik-karina-910-naehmaschine\/"},"modified":"2026-03-22T21:39:49","modified_gmt":"2026-03-22T20:39:49","slug":"lucznik-karina-910-naehmaschine","status":"publish","type":"product","link":"https:\/\/gltestm.webology.pl\/de\/produkt\/lucznik-karina-910-naehmaschine\/","title":{"rendered":"Lucznik Karina 910 N\u00e4hmaschine"},"content":{"rendered":"<h2>Die Lucznik Karina 910 N\u00e4hmaschine &#8211; ein reines Vergn\u00fcgen und eine Garantie f\u00fcr die volle Bandbreite der Grundf\u00e4higkeiten.<\/h2>\n<p>Mit der Karina 910 k\u00f6nnen Sie mit <strong>38 N\u00e4hprogrammen<\/strong> arbeiten (22 N\u00e4hprogramme ohne Doppelnadel). Sie ist mit einem <strong>Freiarm<\/strong> ausgestattet, mit dem Sie u.a. <strong>Beine oder \u00c4rmel<\/strong> s\u00e4umen k\u00f6nnen. <a href=\"https:\/\/galerialucznik.pl\/\" target=\"_blank\" rel=\"noopener\">Die Maschine <\/a>erm\u00f6glicht die Verwendung von Grund-, Elastik-, Nutz- und Overlockstichen und bietet die M\u00f6glichkeit, deren L\u00e4nge einzustellen.<\/p>\n<h2>Die wichtigsten Merkmale<\/h2>\n<ul>\n<li><strong>22 Stiche (elastisch<\/strong>, verdeckt, gerade, Muschel,  zickzack, dreifach, Br\u00fccke, <strong>dreifach<\/strong>, <strong>overlock<\/strong>)<\/li>\n<li>m\u00f6glichkeit zum N\u00e4hen <strong>mit Doppelnadel <\/strong>(insgesamt 38 Stiche!)<\/li>\n<li><strong>knopflochn\u00e4hen<\/strong> (4 Schritte)<\/li>\n<li>funktion <strong>Knopfann\u00e4hen<\/strong> <\/li>\n<li>n\u00e4hen <strong>R\u00fcckw\u00e4rtsn\u00e4hen<\/strong> (Hebel)<\/li>\n<li>einstellung  von <strong>Stichl\u00e4nge<\/strong><\/li>\n<li>einstellung  von <strong>Zickzack-Breite<\/strong><\/li>\n<li>einstellung der <strong>Fadenspannung<\/strong><\/li>\n<li><strong>automatische<\/strong> Fadenspulung auf Spule<\/li>\n<li><strong>freiarm<\/strong> &#8211; \u00dcberhang<\/li>\n<li><strong>hoch<\/strong> Fu\u00dfl\u00fcftung<\/li>\n<li> <strong>LED-Beleuchtung<\/strong> <\/li>\n<\/ul>\n<h2><strong>Erstens &#8211; Effizienz<\/strong><\/h2>\n<p>Die Karina 910 erweist sich als <strong>zuverl\u00e4ssige Begleiterin<\/strong> f\u00fcr Ihre ersten N\u00e4hprojekte. Ihr <strong>leichtes Geh\u00e4use<\/strong> garantiert eine hohe Mobilit\u00e4t, so dass Sie die Maschine zu Hause bequem tragen, aufstellen und verstauen k\u00f6nnen. Mit der Karina 910 bearbeiten Sie problemlos <strong>einfache Materialien<\/strong> und haben die M\u00f6glichkeit, <strong>zwei Nadeln<\/strong> sowie <strong>verschiedene Fu\u00dftypen<\/strong> zu verwenden. <\/p>\n<h2>Mitgeliefertes Zubeh\u00f6r<\/h2>\n<p>In der Zusatzausstattung, die sich in einem <strong>praktischen Staufach<\/strong> an der Vorderseite der Maschine befindet.<\/p>\n<ul>\n<li><strong>n\u00e4hf\u00fc\u00dfe<\/strong> (universal, f\u00fcr Rei\u00dfverschl\u00fcsse, f\u00fcr Knopfl\u00f6cher, f\u00fcr Kn\u00f6pfe)<\/li>\n<li><strong>ersatznadeln 90<\/strong> (3 St\u00fcck)<\/li>\n<li><strong>spulennadel<\/strong> (2 St\u00fcck)<\/li>\n<li><strong>ersatzspulen <\/strong>(3 St\u00fcck)<\/li>\n<li><strong>spulendorn<\/strong> (2 St\u00fcck)<\/li>\n<li>prujka<\/li>\n<li>\u00f6l<\/li>\n<li>schraubendreher<\/li>\n<li>filzunterlegscheiben f\u00fcr den Spulendorn<\/li>\n<li><strong>staubschutzhaube<\/strong> <\/li>\n<li>transporter-Absperrplatte<\/li>\n<li>fu\u00dfregler<\/li>\n<\/ul>\n<h2>24-monatige Garantie<\/h2>\n<p>Die<span>Maschine wird mit <\/span><strong>einer 24-monatigen Garantie<\/strong><span>und<\/span><strong>der<\/strong><strong>Anleitung<\/strong><strong>in polnischer<\/strong> Sprache<span>geliefert <\/span><span>, die vor der Benutzung des Ger\u00e4ts gelesen werden sollte, um dessen volle Leistungsf\u00e4higkeit sicher und bestimmungsgem\u00e4\u00df nutzen<\/span> zu k\u00f6nnen.<\/p>\n<h2>Wartung der N\u00e4hmaschine. Schritt f\u00fcr Schritt.<\/h2>\n","protected":false},"excerpt":{"rendered":"<p>Karina 910 ist ein Einsteigermodell der N\u00e4hmaschine der Marke Lucznik. Die Maschine bietet Arbeit mit vielen Stichen. Sie eignet sich hervorragend f\u00fcr erste Projekte und bietet eine zus\u00e4tzliche Ausstattung und eine Reihe von M\u00f6glichkeiten, um die Erwartun<\/p>\n","protected":false},"featured_media":12952,"comment_status":"open","ping_status":"closed","template":"","meta":[],"product_brand":[],"product_cat":[395],"product_tag":[],"class_list":{"0":"post-15980","1":"product","2":"type-product","3":"status-publish","4":"has-post-thumbnail","6":"product_cat-maszyny-do-szycia-tradycyjne","8":"first","9":"instock","10":"purchasable","11":"product-type-simple"},"_links":{"self":[{"href":"https:\/\/gltestm.webology.pl\/de\/wp-json\/wp\/v2\/product\/15980","targetHints":{"allow":["GET"]}}],"collection":[{"href":"https:\/\/gltestm.webology.pl\/de\/wp-json\/wp\/v2\/product"}],"about":[{"href":"https:\/\/gltestm.webology.pl\/de\/wp-json\/wp\/v2\/types\/product"}],"replies":[{"embeddable":true,"href":"https:\/\/gltestm.webology.pl\/de\/wp-json\/wp\/v2\/comments?post=15980"}],"version-history":[{"count":0,"href":"https:\/\/gltestm.webology.pl\/de\/wp-json\/wp\/v2\/product\/15980\/revisions"}],"wp:featuredmedia":[{"embeddable":true,"href":"https:\/\/gltestm.webology.pl\/de\/wp-json\/wp\/v2\/media\/12952"}],"wp:attachment":[{"href":"https:\/\/gltestm.webology.pl\/de\/wp-json\/wp\/v2\/media?parent=15980"}],"wp:term":[{"taxonomy":"product_brand","embeddable":true,"href":"https:\/\/gltestm.webology.pl\/de\/wp-json\/wp\/v2\/product_brand?post=15980"},{"taxonomy":"product_cat","embeddable":true,"href":"https:\/\/gltestm.webology.pl\/de\/wp-json\/wp\/v2\/product_cat?post=15980"},{"taxonomy":"product_tag","embeddable":true,"href":"https:\/\/gltestm.webology.pl\/de\/wp-json\/wp\/v2\/product_tag?post=15980"}],"curies":[{"name":"wp","href":"https:\/\/api.w.org\/{rel}","templated":true}]}}