{"id":15976,"date":"2024-09-22T21:40:53","date_gmt":"2024-09-22T19:40:53","guid":{"rendered":"https:\/\/gltestm.webology.pl\/produkt\/lucznik-patrycja-2090-naehmaschine\/"},"modified":"2026-03-22T21:39:48","modified_gmt":"2026-03-22T20:39:48","slug":"lucznik-patrycja-2090-naehmaschine","status":"publish","type":"product","link":"https:\/\/gltestm.webology.pl\/de\/produkt\/lucznik-patrycja-2090-naehmaschine\/","title":{"rendered":"\u0141ucznik Patrycja 2090 N\u00e4hmaschine"},"content":{"rendered":"<h2><strong>Lucznik Patrycja 2090 N\u00e4hmaschine<\/strong><\/h2>\n<p>Die<strong>Patrycja 2090<\/strong> ist eine elektronische High-End-Maschine mit den neuesten <strong>technologischen<\/strong> und <strong>Designl\u00f6sungen<\/strong>. Sie ist solide, zuverl\u00e4ssig und bietet Ihnen die M\u00f6glichkeit, Ihre Schneiderk\u00fcnste voll auszusch\u00f6pfen. Dank  einer<strong>Vielzahl von Annehmlichkeiten<\/strong> und Funktionen, die die einzelnen Arbeitsschritte und die Programmierung der Maschine beschleunigen, macht sie das N\u00e4hen noch einfacher und <strong>angenehmer<\/strong>.<\/p>\n<p>Mit der<strong>Patrycja 2090<\/strong> k\u00f6nnen Sie so viele <strong>198 Stiche<\/strong> ausf\u00fchren, sowohl Nutzstiche (z.B. Overlock oder elastische Stiche) als auch <strong>dekorative<\/strong> Stiche. Sie kann auch <strong>194<\/strong> \u00e4sthetische<strong>Zeichen<\/strong> wie Zahlen, Buchstaben und Satzzeichen sticken. Alle diese Stiche sind mit den entsprechenden <strong>Voreinstellungen<\/strong> programmiert, so dass Sie sich nicht jedes Mal um die Einstellung der Parameter k\u00fcmmern m\u00fcssen, wie bei herk\u00f6mmlichen mechanischen <strong><a href=\"https:\/\/galerialucznik.pl\/\" target=\"_blank\" rel=\"noopener\">Maschinen<\/a><\/strong>. Dank des<strong>intuitiven Men\u00fcs<\/strong>   k\u00f6nnen wir jedoch alle Einstellungen problemlos anpassen und kontrollieren und sogar die Reihenfolge programmieren, in der die einzelnen Stiche ausgef\u00fchrt werden. Diese Funktion nennt sich <strong>Stichspeicher<\/strong> &#8211; und ist unter anderem von unsch\u00e4tzbarem Wert, wenn es darum geht, Produkte mit einem eigenen Monogramm zu versehen oder Namen zu sticken. Der Speicher enth\u00e4lt  <strong>4Module<\/strong>, die bis zu <strong>20 Einheiten<\/strong> von Stichen speichern k\u00f6nnen.<\/p>\n<h2>Funktionstasten f\u00fcr einfaches N\u00e4hen auf der Maschine<\/h2>\n<p>Spezielle <strong>Funktionstasten<\/strong> sollen Ihnen die Arbeit erleichtern. Eine davon ist die <strong>automatische Nadellifttaste<\/strong>, mit der man programmieren kann, dass das N\u00e4hen immer mit angehobener oder im Stoff steckender Nadel beendet wird. Die Taste <strong>f\u00fcr die automatische Verriegelung<\/strong>  erm\u00f6glicht es, den Anfang und das Ende eines Stichs mit einer Schleife zu versehen, um zu verhindern, dass er sich kr\u00e4uselt. Auf \u00e4hnliche Weise k\u00f6nnen wir auch <strong>das gestickte<\/strong> <strong>Muster<\/strong> nach Belieben<strong>verl\u00e4ngern<\/strong> oder das N\u00e4hen mit <strong>spiegelbildlich<\/strong> gestalten.<\/p>\n<p>Eine spezielle <strong>Taste f\u00fcr den Doppelnadelmodus<\/strong> erm\u00f6glicht es uns, die erforderlichen Einstellungen automatisch vorzunehmen, was die Sicherheit erh\u00f6ht. Sie brauchen sich keine Gedanken oder Sorgen zu machen, dass Sie die Maschine, die Nadel oder den Stoff besch\u00e4digen k\u00f6nnten.<\/p>\n<p>Ein angenehmer Komfort bei Patricia ist die Auswahl zwischen bis zu <strong>acht<\/strong> automatischen Knopflochsaumprogrammen. Es gen\u00fcgt nicht nur, den entsprechenden Fu\u00df zu setzen und die Gr\u00f6\u00dfe des Knopflochs zu w\u00e4hlen, sondern wir k\u00f6nnen auch die gestickte Form entsprechend der Form des Knopfes und der Art des Stoffes ausw\u00e4hlen<\/p>\n<p>Dank dem<strong>breiten LED-Display<\/strong>  k\u00f6nnen wir alle Funktionen und Parameter nach Belieben \u00e4ndern und kontrollieren, so dass wir alle notwendigen Informationen an einem Ort sehen k\u00f6nnen.<\/p>\n<p>Die Patrycja 2090 erm\u00f6glicht vollautomatisches N\u00e4hen \u00fcber die <strong>START\/STOP-Taste<\/strong> oder traditionell mit dem Fu\u00df <strong>Geschwindigkeitsregler<\/strong>. Mit dem <strong>Geschwindigkeitsregler<\/strong>, der sich bequem in der Mitte des Maschinengeh\u00e4uses befindet, k\u00f6nnen wir die N\u00e4hgeschwindigkeit stufenlos einstellen und nach Belieben reduzieren, wenn wir an einem besonders komplizierten Element arbeiten, sticken oder eine Applikation n\u00e4hen, so dass wir nicht bef\u00fcrchten m\u00fcssen, den Regler versehentlich zu stark zu dr\u00fccken. F\u00fcr diese Art von Arbeit ist es auch n\u00fctzlich, dass <strong>jede beliebige Nadelposition &#8211;<\/strong> n\u00e4her rechts, links oder in der Mitte &#8211; einstellen kann.<\/p>\n<p>Die Maschine verf\u00fcgt \u00fcber einen hochwertigeren<strong> Drehgreifer<\/strong>, der im Gegensatz zum Pendelgreifer <strong>einen leisen<\/strong> <strong>Betrieb<\/strong> und eine einfachere Befestigung der unteren Spule in der Maschinentrommel erm\u00f6glicht.<\/p>\n<p>Haben Sie keine Angst, sich in der Vielzahl der von Patrycja angebotenen Stiche zu verirren &#8211; wir haben f\u00fcr Sie einen speziellen <strong>&#8222;Download&#8220;<\/strong> vorbereitet, der thematisch gruppierte Stiche mit ihren Nummern und Abbildungen enth\u00e4lt. Er ist bequem im Boden der Maschine untergebracht und kann bei Bedarf herausgezogen werden.<\/p>\n<h2>Automatische Funktionen der N\u00e4hmaschine<\/h2>\n<p>Nat\u00fcrlich verf\u00fcgt die <strong>Patrycja 2090<\/strong> auch \u00fcber Funktionen und Annehmlichkeiten, die f\u00fcr weniger fortgeschrittene Maschinen geeignet sind, wie z. B.: <strong>automatischer Fadeneinf\u00e4dler<\/strong> der Maschinennadel, LED-Beleuchtung \u00fcber dem Arbeitsbereich und R\u00fcckw\u00e4rtsn\u00e4hen, was von unsch\u00e4tzbarem Nutzen ist. Diskrete, aber leicht lesbare Anweisungen, die auf dem Geh\u00e4use aufgedruckt sind, helfen Ihnen, die Maschine richtig einzuf\u00e4deln, sei es beim Einf\u00e4deln des Oberfadens oder beim Einsetzen der Unterfadenspule in die Trommel. Der <strong>ausziehbare Beh\u00e4lter<\/strong> der Maschine enth\u00e4lt auch einen Satz notwendiger <strong>Zubeh\u00f6rteile<\/strong>. Wenn der Beh\u00e4lter abgenommen wird, kann ein spezieller<strong> Tisch<\/strong> an der Patricia angebracht werden<strong>,<\/strong> der ihren Arbeitsbereich erweitert &#8211; ideal, um das Quilten oder N\u00e4hen von Materialien mit einer gro\u00dfen Oberfl\u00e4che zu erleichtern, wie z. B. Gardinen, Tischdecken, Vorh\u00e4nge oder Bettw\u00e4sche.<\/p>\n<h2>Mitgeliefertes Zubeh\u00f6r<\/h2>\n<p>Die Maschine wird mit einer Reihe von Zubeh\u00f6rteilen geliefert, die Folgendes umfassen<\/p>\n<ul>\n<li> <strong>universalfu\u00df<\/strong> <\/li>\n<li>fu\u00df f\u00fcr  Rei\u00dfverschl\u00fcsse<\/li>\n<li>fu\u00df f\u00fcr <strong>Knopflochn\u00e4hen<\/strong><\/li>\n<li>fu\u00df f\u00fcr <strong>Knopfann\u00e4hen<\/strong><\/li>\n<li>fu\u00df f\u00fcr <strong>Overlockstich<\/strong><\/li>\n<li>fu\u00df f\u00fcr <strong>Coverstich<\/strong> <\/li>\n<li>fu\u00df f\u00fcr  satinstich<\/li>\n<li><strong>spulen<\/strong> 3 St\u00fcck<\/li>\n<li><strong>nadeln<\/strong> 3 St\u00fcck<\/li>\n<li><strong>griff<\/strong> Spulen<strong>(gro\u00df<\/strong>)<\/li>\n<li> <strong>spulenhalter<\/strong><strong>(klein<\/strong>)<\/li>\n<li><strong>filz<\/strong> unter der Spulenhalterung<\/li>\n<li>zus\u00e4tzlicher Spulenstift<\/li>\n<li>gro\u00dfer und kleiner Schraubendreher<\/li>\n<li><strong>quilting-F\u00fchrung<\/strong><\/li>\n<li>pinsel + Lochschneider<\/li>\n<li>geschwindigkeitsregler mit Netzkabel<\/li>\n<li>weiche <strong>Abdeckung<\/strong> <strong>Anti-Staub-Abdeckung<\/strong><\/li>\n<\/ul>\n<h2>24-monatige Garantie<\/h2>\n<p>Die<strong>Patrycja 2090<\/strong> wird mit einer zweij\u00e4hrigen Garantie und einer Bedienungsanleitung in polnischer Sprache geliefert, die vor der Benutzung des Ger\u00e4ts gelesen werden sollte, um dessen volle Leistungsf\u00e4higkeit sicher und bestimmungsgem\u00e4\u00df nutzen zu k\u00f6nnen.<\/p>\n","protected":false},"excerpt":{"rendered":"<p>Hochwertige automatische N\u00e4hmaschine \u0141ucznik Patrycja 2090. Sie verf\u00fcgt \u00fcber eine Reihe von Annehmlichkeiten, die das N\u00e4hen schneller und angenehmer machen, sowie \u00fcber die neuesten technologischen und Designl\u00f6sungen<\/p>\n","protected":false},"featured_media":13109,"comment_status":"open","ping_status":"closed","template":"","meta":[],"product_brand":[],"product_cat":[405],"product_tag":[],"class_list":{"0":"post-15976","1":"product","2":"type-product","3":"status-publish","4":"has-post-thumbnail","6":"product_cat-maszyny-do-szycia-elektroniczne","8":"first","9":"instock","10":"purchasable","11":"product-type-simple"},"_links":{"self":[{"href":"https:\/\/gltestm.webology.pl\/de\/wp-json\/wp\/v2\/product\/15976","targetHints":{"allow":["GET"]}}],"collection":[{"href":"https:\/\/gltestm.webology.pl\/de\/wp-json\/wp\/v2\/product"}],"about":[{"href":"https:\/\/gltestm.webology.pl\/de\/wp-json\/wp\/v2\/types\/product"}],"replies":[{"embeddable":true,"href":"https:\/\/gltestm.webology.pl\/de\/wp-json\/wp\/v2\/comments?post=15976"}],"version-history":[{"count":0,"href":"https:\/\/gltestm.webology.pl\/de\/wp-json\/wp\/v2\/product\/15976\/revisions"}],"wp:featuredmedia":[{"embeddable":true,"href":"https:\/\/gltestm.webology.pl\/de\/wp-json\/wp\/v2\/media\/13109"}],"wp:attachment":[{"href":"https:\/\/gltestm.webology.pl\/de\/wp-json\/wp\/v2\/media?parent=15976"}],"wp:term":[{"taxonomy":"product_brand","embeddable":true,"href":"https:\/\/gltestm.webology.pl\/de\/wp-json\/wp\/v2\/product_brand?post=15976"},{"taxonomy":"product_cat","embeddable":true,"href":"https:\/\/gltestm.webology.pl\/de\/wp-json\/wp\/v2\/product_cat?post=15976"},{"taxonomy":"product_tag","embeddable":true,"href":"https:\/\/gltestm.webology.pl\/de\/wp-json\/wp\/v2\/product_tag?post=15976"}],"curies":[{"name":"wp","href":"https:\/\/api.w.org\/{rel}","templated":true}]}}