{"id":15968,"date":"2024-09-22T21:40:53","date_gmt":"2024-09-22T19:40:53","guid":{"rendered":"https:\/\/gltestm.webology.pl\/produkt\/lucznik-helena-2060-naehmaschine\/"},"modified":"2026-03-22T21:39:25","modified_gmt":"2026-03-22T20:39:25","slug":"lucznik-helena-2060-naehmaschine","status":"publish","type":"product","link":"https:\/\/gltestm.webology.pl\/de\/produkt\/lucznik-helena-2060-naehmaschine\/","title":{"rendered":"Lucznik Helena 2060 N\u00e4hmaschine"},"content":{"rendered":"<h2>N\u00e4hmaschine Lucznik Helena 2060 &#8211; h\u00f6chster Komfort beim N\u00e4hen!<\/h2>\n<p><strong>Helena2060<\/strong> ist eine elektronische Maschine der Spitzenklasse. Sie zeichnet sich durch eine Reihe von N\u00e4hautomationsfunktionen aus, die Ihnen die Arbeit an der Maschine so einfach, schnell und angenehm wie m\u00f6glich machen sollen. <strong>Sie kann automatisch n\u00e4hen<\/strong>, ganz ohne den Einsatz eines Fu\u00dfanlassers. Sie <strong>schneidet automatisch den Faden ab<\/strong> und <strong>hebt die Nadel an<\/strong>, wenn Sie mit dem N\u00e4hen fertig sind. Sie macht auch die <strong>Stichsicherheitsschlaufe<\/strong> von selbst, schneidet <strong>das Loch<\/strong> perfekt auf die Gr\u00f6\u00dfe des Knopfes zu und w\u00e4hlt die Standardeinstellungen f\u00fcr jedes ihrer <strong>233 N\u00e4hprogramme<\/strong>.<\/p>\n<p>Mit der <strong>Helena 2060<\/strong> k\u00f6nnen Sie auch <strong>schreiben<\/strong>! Der Speicher der Maschine umfasst <strong>zwei Schreibmuster<\/strong> &#8211; technisch und dekorativ &#8211; sowie Zahlen und Satzzeichen. Sie k\u00f6nnen Ihre ausgew\u00e4hlten Buchstabenfolgen speichern und jederzeit wieder aufrufen, um Ihre Arbeit zu signieren.<\/p>\n<h2>Die wichtigsten Merkmale<\/h2>\n<ul>\n<li><strong>233<\/strong> <strong>N\u00e4hprogramme<\/strong> (klassisch, Overlock, elastisch, dekorativ und viele andere)<\/li>\n<li>zwei gespeicherte Schriftz\u00fcge (technisch und dekorativ), Zahlen und Interpunktionszeichen<\/li>\n<li><strong>automatisches N\u00e4hen<\/strong>, aktiviert durch eine Taste<\/li>\n<li>automatisches Einf\u00e4deln der Nadel<\/li>\n<li>automatisches Aufspulen des Fadens auf der Spule<\/li>\n<li>automatische Knopflochkantenanpassung an die Knopfgr\u00f6\u00dfe<\/li>\n<li><strong>automatisches Fadenabschneiden<\/strong><\/li>\n<li>automatische Verriegelung des Stichendes<\/li>\n<li>automatisches Anheben der Nadel<\/li>\n<li>stichspeicher<\/li>\n<li>anpassung des<strong>Presserfu\u00dfes<\/strong> an das Material<\/li>\n<li>einstellung der Fadenspannung<\/li>\n<li>m\u00f6glichkeit der Stichver\u00e4nderung (L\u00e4nge, Breite, Spiegelbild, Verl\u00e4ngerung)<\/li>\n<li>positionierung der Nadel<\/li>\n<li>m\u00f6glichkeit des N\u00e4hens <strong>mit Doppelnadel<\/strong><\/li>\n<li>stufenlose Einstellung der N\u00e4hgeschwindigkeit mit einem speziellen Schieberegler<\/li>\n<li>freier Arm<\/li>\n<li>r\u00fcckw\u00e4rtsn\u00e4hen<\/li>\n<li>hochwertiger, leiser Drehgreifer<\/li>\n<li>vorschau der Fadenmenge auf der Unterspule<\/li>\n<li>warnsystem gegen Fehlbedienung<\/li>\n<li>solide <strong>Metallkomponenten<\/strong><\/li>\n<\/ul>\n<h2>Ausstattung inklusive<\/h2>\n<p>Die Maschine <strong>Helena 2060<\/strong> &#8211; ist mit einer Stichplatte ausgestattet, die auf der Oberseite der Maschine in Augenh\u00f6he montiert oder bei Bedarf herausgezogen werden kann. <\/p>\n<p>Die Maschine wird mit Zubeh\u00f6r geliefert:<\/p>\n<ul>\n<li>universalfu\u00df<\/li>\n<li>obertransportfu\u00df (Schreitfu\u00df)<\/li>\n<li>knopflochs\u00e4umerfu\u00df<\/li>\n<li>fu\u00df zum Einn\u00e4hen von Rei\u00dfverschl\u00fcssen (Rei\u00dfverschl\u00fcsse)<\/li>\n<li>overlockstichfu\u00df<\/li>\n<li>verdeckte Nahtzugabe<\/li>\n<li>satinstichfu\u00df<\/li>\n<li>steppfu\u00df<\/li>\n<li>knopflochfu\u00df<\/li>\n<li>rillfu\u00df<\/li>\n<li>ausbesserungsfu\u00df und Stickfu\u00df<\/li>\n<li>kordelzugfu\u00df<\/li>\n<li>saumfu\u00df<\/li>\n<li>spule<\/li>\n<li>nadeln<\/li>\n<li>ersatzspulen<\/li>\n<li>schraubendreher<\/li>\n<li>zus\u00e4tzlicher Stift f\u00fcr Spule<\/li>\n<li>steppanleitung<\/li>\n<li>staubschutzh\u00fclle<\/li>\n<\/ul>\n<h2>Helena 2060 &#8211; intuitives N\u00e4hmaschinenmen\u00fc<\/h2>\n<p>Wenn Sie einen N\u00e4hmodus ausw\u00e4hlen, <strong>fordert<\/strong> die Helena <strong>2060 Sie auf, den Fu\u00df zu w\u00e4hlen<\/strong>, der f\u00fcr einen bestimmten Stich am besten geeignet ist. Sein Symbol wird \u00fcber dem Muster des gew\u00e4hlten Stichs angezeigt.<\/p>\n<p>Dank des<strong> intuitiven Men\u00fcs<\/strong> lassen sich alle Sticheinstellungen, einschlie\u00dflich der <strong>L\u00e4nge und Breite der<\/strong> einzelnen Stiche, problemlos und ohne Einschr\u00e4nkungen einstellen und kontrollieren. Die Einstellm\u00f6glichkeiten sind so frei, dass man bei Bedarf sogar <strong>das gestickte Muster oder den Stich verl\u00e4ngern<\/strong> oder<strong> spiegelbildlich<\/strong> n\u00e4hen kann.<\/p>\n<p>Die Helena<strong>2060<\/strong> verf\u00fcgt au\u00dferdem \u00fcber ein <strong>Warnsystem<\/strong>, um unbeabsichtigte Sch\u00e4den durch einen verwickelten oder eingeklemmten Faden zu vermeiden. Dank der angezeigten Symbole <strong>sagt <\/strong>die Maschine selbst <strong>dem Benutzer <\/strong>, was zu tun ist &#8211; den unteren Spulenaufwickelstift in die richtige Position bringen oder den Knopflochhebel senken. Bei unsachgem\u00e4\u00dfem Gebrauch warnt sie den Benutzer vor der Gefahr einer Besch\u00e4digung.<\/p>\n<h2>Spezielle Funktionstasten sollen Ihnen die Arbeit erleichtern und komfortabler machen.<\/h2>\n<ul>\n<li><strong>automatische Nadellifttaste<\/strong> &#8211; dank der Maschine Lucznik Helena 2060 &#8211; eine gro\u00dfe Anzahl von M\u00f6glichkeiten und gut durchdachten L\u00f6sungen, um die Maschine selbst nicht mit angehobener oder im Stoff steckender Nadel n\u00e4hen zu lassen, ohne das Handrad zu benutzen,<\/li>\n<li><strong>automatische Fadenabschneidetaste<\/strong> &#8211; dank dieser Taste schneiden Sie den Faden direkt am Ende des Stichs ab, ohne zur Schere greifen zu m\u00fcssen,<\/li>\n<li>taste f\u00fcr die<strong>automatische Fadenverriegelung<\/strong> &#8211; damit k\u00f6nnen Sie den Anfang und das Ende eines Stichs mit einer Schleife versehen, damit er nicht abrei\u00dft,<\/li>\n<li>taste f\u00fcr den<strong>Doppelnadelmodus<\/strong> &#8211; mit dieser Taste k\u00f6nnen Sie automatisch die erforderlichen Einstellungen f\u00fcr das N\u00e4hen mit einer Doppelnadel vornehmen, ohne sich Gedanken \u00fcber eine Besch\u00e4digung der Maschine, der Nadel oder des Stoffes machen zu m\u00fcssen.<\/li>\n<li>taste<strong>sTART\/STOPP<\/strong> &#8211; schaltet den N\u00e4hvorgang automatisch ein, ohne dass ein Fu\u00dfanlasser benutzt werden muss,<\/li>\n<li><strong>geschwindigkeitsschieber<\/strong> &#8211; mit dem Sie die Geschwindigkeit der Maschine im automatischen N\u00e4hmodus einstellen k\u00f6nnen. Er erm\u00f6glicht es Ihnen, die Geschwindigkeit deutlich zu reduzieren, wenn Sie an einem sehr komplizierten St\u00fcck arbeiten.<span>\n<p><\/span><\/li>\n<\/ul>\n<h2>\u0141ucznik Helena 2060 &#8211; eine gro\u00dfe Auswahl an M\u00f6glichkeiten und durchdachten L\u00f6sungen<\/h2>\n<p>Diese Maschine verf\u00fcgt auch \u00fcber eine Reihe anderer Eigenschaften, die Sie sicher zu sch\u00e4tzen wissen.<\/p>\n<ul>\n<li>die M\u00f6glichkeit einer <strong>beliebigen Nadelpositionierung <\/strong>&#8211; n\u00e4her rechts, links oder in der Mitte (im Bereich von bis zu 7 mm), High-End,<\/li>\n<li>ger\u00e4uscharmer <strong>Drehgreifer<\/strong>, mit dem Sie die untere Spule leicht in der Trommel der Maschine fixieren k\u00f6nnen. Durch die transparente Trommelabdeckung kann man die Menge des verbleibenden Fadens auf der unteren Spule der Maschine sehen,<\/li>\n<li><strong>automatischer Nadeleinf\u00e4dler<\/strong>, mit dem Sie die Maschine schneller f\u00fcr die Arbeit vorbereiten k\u00f6nnen,<\/li>\n<li>die bequeme <strong>Einstellung des Fu\u00dfdrucks<\/strong>, die es Ihnen erm\u00f6glicht, die Arbeitsweise der Maschine an das zu n\u00e4hende Material anzupassen.<\/li>\n<\/ul>\n<h2>Helena 2060 &#8211; Sch\u00f6nheit innen und au\u00dfen<\/h2>\n<p>Woraus besteht das Innere der Helena <strong>2060<\/strong>? Das Geh\u00e4use und die kleinen Komponenten bestehen aus <strong>modernen Metalllegierungen<\/strong>, deren Eigenschaften den Bedingungen entsprechen, unter denen die Komponenten arbeiten (z. B. Widerstandsf\u00e4higkeit gegen Abrieb, Temperaturanstieg oder Kontakt mit Strom). Au\u00dferdem befindet sich im Inneren eine Hauptplatine &#8211; wie in einem Computer -, die die Steuerung der Ger\u00e4tesoftware erm\u00f6glicht.<\/p>\n<p><strong>Die Metallkomponenten der Helena 2060<\/strong> sind in einem Geh\u00e4use aus leichtem <strong>Polycarbonat<\/strong> untergebracht, das den Schutz des Mechanismus mit geringem Gewicht verbindet. So k\u00f6nnen Sie das Ger\u00e4t mit Hilfe eines eingebauten Griffs <strong>leicht<\/strong> von einem Ort zum anderen <strong>transportieren<\/strong> oder es nach Gebrauch einfach verstauen (z. B. in einem Schrank).<\/p>\n<h2>24-monatige Garantie<\/h2>\n<p>Auf das<strong>Ger\u00e4t <\/strong> wird<strong>eine 24-monatige<\/strong> Garantie gew\u00e4hrt. Zum Lieferumfang geh\u00f6rt au\u00dferdem <strong>eine leicht verst\u00e4ndliche Bedienungsanleitung<\/strong> in polnischer und englischer Sprache, die Sie mit dem Ger\u00e4t vertraut macht und es Ihnen erm\u00f6glicht, seine M\u00f6glichkeiten voll auszusch\u00f6pfen. Schauen Sie es sich unbedingt an, bevor Sie mit dem N\u00e4hen beginnen!<\/p>\n<h2>Wartung der N\u00e4hmaschine. Schritt f\u00fcr Schritt.<\/h2>\n","protected":false},"excerpt":{"rendered":"<p>Helena 2060 steht f\u00fcr h\u00f6chste Qualit\u00e4t, \u00e4sthetische Verarbeitung und den wahren Komfort eines reibungslosen, pr\u00e4zisen N\u00e4hens dank modernster L\u00f6sungen. Sie verf\u00fcgt \u00fcber eine Reihe von Einrichtungen, die das N\u00e4hen schneller und angenehmer machen.<\/p>\n","protected":false},"featured_media":14110,"comment_status":"open","ping_status":"closed","template":"","meta":[],"product_brand":[],"product_cat":[405],"product_tag":[],"class_list":{"0":"post-15968","1":"product","2":"type-product","3":"status-publish","4":"has-post-thumbnail","6":"product_cat-maszyny-do-szycia-elektroniczne","8":"first","9":"instock","10":"purchasable","11":"product-type-simple"},"_links":{"self":[{"href":"https:\/\/gltestm.webology.pl\/de\/wp-json\/wp\/v2\/product\/15968","targetHints":{"allow":["GET"]}}],"collection":[{"href":"https:\/\/gltestm.webology.pl\/de\/wp-json\/wp\/v2\/product"}],"about":[{"href":"https:\/\/gltestm.webology.pl\/de\/wp-json\/wp\/v2\/types\/product"}],"replies":[{"embeddable":true,"href":"https:\/\/gltestm.webology.pl\/de\/wp-json\/wp\/v2\/comments?post=15968"}],"version-history":[{"count":0,"href":"https:\/\/gltestm.webology.pl\/de\/wp-json\/wp\/v2\/product\/15968\/revisions"}],"wp:featuredmedia":[{"embeddable":true,"href":"https:\/\/gltestm.webology.pl\/de\/wp-json\/wp\/v2\/media\/14110"}],"wp:attachment":[{"href":"https:\/\/gltestm.webology.pl\/de\/wp-json\/wp\/v2\/media?parent=15968"}],"wp:term":[{"taxonomy":"product_brand","embeddable":true,"href":"https:\/\/gltestm.webology.pl\/de\/wp-json\/wp\/v2\/product_brand?post=15968"},{"taxonomy":"product_cat","embeddable":true,"href":"https:\/\/gltestm.webology.pl\/de\/wp-json\/wp\/v2\/product_cat?post=15968"},{"taxonomy":"product_tag","embeddable":true,"href":"https:\/\/gltestm.webology.pl\/de\/wp-json\/wp\/v2\/product_tag?post=15968"}],"curies":[{"name":"wp","href":"https:\/\/api.w.org\/{rel}","templated":true}]}}