{"id":15960,"date":"2024-09-22T21:40:53","date_gmt":"2024-09-22T19:40:53","guid":{"rendered":"https:\/\/gltestm.webology.pl\/produkt\/lucznik-laura-555-naehmaschine\/"},"modified":"2026-03-22T21:38:57","modified_gmt":"2026-03-22T20:38:57","slug":"lucznik-laura-555-naehmaschine","status":"publish","type":"product","link":"https:\/\/gltestm.webology.pl\/de\/produkt\/lucznik-laura-555-naehmaschine\/","title":{"rendered":"Lucznik Laura 555 N\u00e4hmaschine"},"content":{"rendered":"<h2><strong>Lucznik Laura 555 N\u00e4hmaschine <\/strong><\/h2>\n<p>Die N\u00e4hmaschine <strong>Laura 555<\/strong> ist ein multifunktionales Modell, mit dem Sie eine Vielzahl von Stichen n\u00e4hen und sie auf verschiedene Weise ver\u00e4ndern k\u00f6nnen.<\/p>\n<h2>Hauptmerkmale:<\/h2>\n<div>\n<div>\n<div>\n<ul>\n<li><strong>35 N\u00e4hprogramme<\/strong> (Geradstiche, <strong>elastische<\/strong> <strong>Overlockstiche<\/strong>, Kn\u00f6pfe n\u00e4hen, Knopfl\u00f6cher s\u00e4umen und andere)<\/li>\n<li>m\u00f6glichkeit, mit einer Doppelnadel zu n\u00e4hen (dekoratives N\u00e4hen)<\/li>\n<li><strong>3 an der Maschine angebrachte F\u00fc\u00dfe<\/strong> (universell, f\u00fcr Rei\u00dfverschl\u00fcsse, f\u00fcr Knopfl\u00f6cher)<\/li>\n<li>leistung <strong>70 W<\/strong><\/li>\n<li>knopflochschneiden &#8211; 4-stufig<\/li>\n<li>stichl\u00e4ngenverstellung bis zu 4 mm<\/li>\n<li>stichbreitenverstellung bis zu 5 mm<\/li>\n<li>3 Nadelpositionseinstellungen: links, mittig, rechts<\/li>\n<li>r\u00fcckw\u00e4rtsn\u00e4hen<\/li>\n<li><strong>einstellung des Fu\u00dfdrucks<\/strong><\/li>\n<li>auskuppeln der Transportz\u00e4hne (Platte im Lieferumfang enthalten)<\/li>\n<li>freiarm zum einfachen N\u00e4hen von Beinen, \u00c4rmeln, Manschetten<\/li>\n<li>fadenr\u00fcckspulen auf Spulen<\/li>\n<li>einrastbare F\u00fc\u00dfe<\/li>\n<li>tragegriff<\/li>\n<li>praktisches Staufach f\u00fcr Zubeh\u00f6r<\/li>\n<li>pendelgreifer<\/li>\n<li>lED-Beleuchtung<\/li>\n<\/ul>\n<\/div>\n<\/div>\n<\/div>\n<p>DieLaura<strong>555<\/strong> erm\u00f6glicht Ihnen die volle Kontrolle \u00fcber das Aussehen des Stichs mit eingebauten Einstellkn\u00f6pfen <strong>L\u00e4nge<\/strong> und <strong>Stichbreite<\/strong>. Das bedeutet, dass wir die Art des N\u00e4hens frei an die meisten Materialtypen anpassen und, falls erforderlich, <strong>die Position der Nadel<\/strong> beim N\u00e4hen eines Geradstichs (Steppstich)<strong>\u00e4ndern<\/strong> k\u00f6nnen. <strong>Die Stichl\u00e4nge<\/strong> kann bis zu 4 Millimeter eingestellt werden, w\u00e4hrend <strong>die Stichbreite<\/strong>  bis zu 5 Millimeter einstellen kann. Die Anpassung der N\u00e4hmethode an eine Vielzahl von Materialien wird auch  durch die Einstellung<strong>des Fu\u00dfdrucks<\/strong> mit einem praktischen Drehknopf erleichtert. <\/p>\n<p>Zwei separate Fadenstifte, die sich bequem im Geh\u00e4use verstauen lassen, erm\u00f6glichen  das problemlose Einsetzen einer<strong>Doppelnadel<\/strong>.<\/p>\n<p>Zu den <strong>35 verschiedenen Stichen<\/strong>, die die Maschine ausf\u00fchren kann, geh\u00f6ren <strong>elastische Stiche<\/strong>, die zum N\u00e4hen mit dehnbaren Stoffen verwendet werden, <strong>Zierstiche<\/strong><span> &#8211; <\/span>f\u00fcr dekoratives N\u00e4hen, und <strong>Overlockstiche<\/strong>, d. h. Stiche, die beim N\u00e4hen von N\u00e4harbeiten von unsch\u00e4tzbarem Wert sind und das S\u00e4umen auf einer echten Overlockmaschine imitieren. Laura 555 erm\u00f6glicht auch das unsichtbare Vers\u00e4ubern der  Kanten mit einem<strong>verdeckten Stich<\/strong>.<\/p>\n<p>Um das Sticken kleiner Details und die Sichtbarkeit des Stichs auf dem Stoff zu erleichtern, verf\u00fcgt die Laura 555 \u00fcber eine <strong>LED-Beleuchtung <\/strong>\u00fcber dem Arbeitsbereich.<\/p>\n<p>Die Maschine verf\u00fcgt au\u00dferdem \u00fcber einen bequem zu erreichenden<strong> R\u00fcckw\u00e4rtsn\u00e4hhebel<\/strong>, mit dem sich das Ende und der Anfang jedes Stichs leicht sichern lassen, sowie \u00fcber einen speziellen  <strong>Fadenschneider<\/strong>, der im Geh\u00e4use versteckt ist und mit dem sich die Fadenenden schnell abschneiden lassen, indem man den Stoff nach dem N\u00e4hen unter dem Fu\u00df herauszieht.<\/p>\n<p>Wenn Sie einen Teil des Arbeitsbereichs der Maschine abtrennen, k\u00f6nnen Sie den so genannten <strong>Freiarm<\/strong> erstellen, mit dem Sie bequem Kragen oder Hemdmanschetten s\u00e4umen k\u00f6nnen. Der gleiche Teil der Maschine dient als praktisches <strong>Aufbewahrungsfach f\u00fcr das mitgelieferte Zubeh\u00f6r <\/strong>. Darunter befinden sich: Ersatznadeln, Spulen, Zusatzf\u00fc\u00dfe (f\u00fcr Knopfl\u00f6cher und zum N\u00e4hen von Rei\u00dfverschl\u00fcssen), eine Steppf\u00fchrung, eine Platte zum Abdecken der Z\u00e4hne des Stofftransporteurs, eine R\u00fcsche und Zubeh\u00f6r f\u00fcr die Wartung der Maschine: Schraubendreher, B\u00fcrste und \u00d6ler.<\/p>\n<h2>Enthaltenes Zubeh\u00f6r<\/h2>\n<ul>\n<li>fu\u00df <strong>universal<\/strong><\/li>\n<li>fu\u00df f\u00fcr  Rei\u00dfverschl\u00fcsse<\/li>\n<li>fu\u00df f\u00fcr <strong>Knopfl\u00f6cher<\/strong><\/li>\n<li>aufrei\u00dfer<\/li>\n<li>\u00f6l<\/li>\n<li>schraubendreher<\/li>\n<li>einsatz zum Abschalten des Transportbandes<\/li>\n<li><strong>ersatzspulen (3 St\u00fcck)<\/strong><\/li>\n<li><strong>ersatznadeln 90 (3 St\u00fcck)<\/strong><\/li>\n<li>steppf\u00fchrung<\/li>\n<li>staubschutzhaube<\/li>\n<li>fu\u00dfgeschwindigkeitsregler mit Netzkabel<\/li>\n<\/ul>\n<h2>24-monatige Garantie<\/h2>\n<p>Die<span>Maschine wird mit <\/span><strong>einer 24-monatigen Garantie<\/strong><span>und<\/span><strong>der<\/strong><strong>Anleitung<\/strong><strong>in polnischer<\/strong> Sprache<span>geliefert <\/span><span>, die vor der Benutzung des Ger\u00e4ts gelesen werden sollte, um die volle Leistungsf\u00e4higkeit der Maschine sicher und bestimmungsgem\u00e4\u00df nutzen<\/span> zu k\u00f6nnen.<\/p>\n<h2>Wartung der N\u00e4hmaschine. Schritt f\u00fcr Schritt.<\/h2>\n","protected":false},"excerpt":{"rendered":"<p>Die Laura 555 ist eine Multifunktionsmaschine mit bis zu 35 voll einstellbaren Stichen &#8211; sowohl in der L\u00e4nge als auch in der Breite. Sie verf\u00fcgt au\u00dferdem \u00fcber einen einstellbaren Fu\u00dfdruck in Form eines praktischen Einstellrades. Sie erm\u00f6glicht das N\u00e4hen i<\/p>\n","protected":false},"featured_media":14514,"comment_status":"open","ping_status":"closed","template":"","meta":[],"product_brand":[],"product_cat":[395],"product_tag":[],"class_list":{"0":"post-15960","1":"product","2":"type-product","3":"status-publish","4":"has-post-thumbnail","6":"product_cat-maszyny-do-szycia-tradycyjne","8":"first","9":"instock","10":"purchasable","11":"product-type-simple"},"_links":{"self":[{"href":"https:\/\/gltestm.webology.pl\/de\/wp-json\/wp\/v2\/product\/15960","targetHints":{"allow":["GET"]}}],"collection":[{"href":"https:\/\/gltestm.webology.pl\/de\/wp-json\/wp\/v2\/product"}],"about":[{"href":"https:\/\/gltestm.webology.pl\/de\/wp-json\/wp\/v2\/types\/product"}],"replies":[{"embeddable":true,"href":"https:\/\/gltestm.webology.pl\/de\/wp-json\/wp\/v2\/comments?post=15960"}],"version-history":[{"count":0,"href":"https:\/\/gltestm.webology.pl\/de\/wp-json\/wp\/v2\/product\/15960\/revisions"}],"wp:featuredmedia":[{"embeddable":true,"href":"https:\/\/gltestm.webology.pl\/de\/wp-json\/wp\/v2\/media\/14514"}],"wp:attachment":[{"href":"https:\/\/gltestm.webology.pl\/de\/wp-json\/wp\/v2\/media?parent=15960"}],"wp:term":[{"taxonomy":"product_brand","embeddable":true,"href":"https:\/\/gltestm.webology.pl\/de\/wp-json\/wp\/v2\/product_brand?post=15960"},{"taxonomy":"product_cat","embeddable":true,"href":"https:\/\/gltestm.webology.pl\/de\/wp-json\/wp\/v2\/product_cat?post=15960"},{"taxonomy":"product_tag","embeddable":true,"href":"https:\/\/gltestm.webology.pl\/de\/wp-json\/wp\/v2\/product_tag?post=15960"}],"curies":[{"name":"wp","href":"https:\/\/api.w.org\/{rel}","templated":true}]}}