{"id":18589,"date":"2026-03-18T22:39:20","date_gmt":"2026-03-18T21:39:20","guid":{"rendered":"https:\/\/gltestm.webology.pl\/produkt\/cestovni-chladnicka-cbx-8-coolgo-s\/"},"modified":"2026-03-18T22:39:20","modified_gmt":"2026-03-18T21:39:20","slug":"cestovni-chladnicka-cbx-8-coolgo-s","status":"publish","type":"product","link":"https:\/\/gltestm.webology.pl\/cs\/produkt\/cestovni-chladnicka-cbx-8-coolgo-s\/","title":{"rendered":"Cestovn\u00ed chladni\u010dka CBX-8 Cool&#038;Go S"},"content":{"rendered":"<h2><strong>Objevte prostornou cestovn\u00ed chladni\u010dku \u0141ucznik CBX-24 Cool&amp;Go L \u2013 V\u00e1\u0161 mobiln\u00ed z\u00e1sobn\u00edk \u010derstvosti!<\/strong><\/h2>\n<p>Vydejte se na cesty bez obav o \u010derstvost va\u0161ich obl\u00edben\u00fdch sva\u010din a n\u00e1poj\u016f! P\u0159edstavujeme \u0141ucznik CBX-24 Cool&amp;Go L \u2013 prostornou cestovn\u00ed chladni\u010dku, kter\u00e1 spln\u00ed v\u0161echny va\u0161e pot\u0159eby. Ide\u00e1ln\u00ed pro del\u0161\u00ed v\u00fdlety, rodinn\u00e9 pikniky nebo kempov\u00e1n\u00ed pod stanem. Navr\u017eena s ohledem na va\u0161e pohodl\u00ed a komfort, zajist\u00ed spolehliv\u00e9 chlazen\u00ed nebo udr\u017eov\u00e1n\u00ed tepla, a\u0165 jste kdekoli.<\/p>\n<h2>Kapacita, kter\u00e1 v\u00e1s p\u0159ekvap\u00ed<\/h2>\n<p>U\u017e nemus\u00edte vyb\u00edrat, co si vz\u00edt s sebou! D\u00edky <strong>p\u016fsobiv\u00e9 kapacit\u011b 24 litr\u016f<\/strong> \u0141ucznik CBX-24 Cool&amp;Go L pojme z\u00e1soby pro celou rodinu nebo skupinu p\u0159\u00e1tel. Velk\u00e9 lahve s n\u00e1poji, n\u00e1doby s j\u00eddlem, \u010derstv\u00e9 ovoce \u2013 v\u0161e si najde sv\u00e9 m\u00edsto a vy si budete u\u017e\u00edvat plnohodnotn\u00e9 j\u00eddlo a osv\u011b\u017euj\u00edc\u00ed n\u00e1poje, bez ohledu na vzd\u00e1lenost.<\/p>\n<h2>Dva zdroje nap\u00e1jen\u00ed \u2013 naprost\u00e1 svoboda pou\u017eit\u00ed<\/h2>\n<p>Tato chladni\u010dka je skute\u010dn\u00fd chameleon! \u0141ucznik CBX-24 Cool&amp;Go L nab\u00edz\u00ed <strong>dv\u011b mo\u017enosti nap\u00e1jen\u00ed<\/strong> \u2013 <strong>s\u00ed\u0165ov\u00e9 (220-240V AC)<\/strong> a <strong>automobilov\u00e9 (12V DC)<\/strong>:<\/p>\n<p>\u2b50\ufe0f <strong>S\u00ed\u0165ov\u00e9 (220-240V AC)<\/strong> \u2013 ide\u00e1ln\u00ed pro pou\u017eit\u00ed doma, v kempu s p\u0159\u00edstupem k elekt\u0159in\u011b nebo v letn\u00edm dom\u011b. Nav\u00edc <strong>speci\u00e1ln\u00ed re\u017eim ECO<\/strong> pro s\u00ed\u0165ov\u00e9 nap\u00e1jen\u00ed zaji\u0161\u0165uje minim\u00e1ln\u00ed spot\u0159ebu energie a \u0161et\u0159\u00ed va\u0161i pen\u011b\u017eenku i \u017eivotn\u00ed prost\u0159ed\u00ed.<\/p>\n<p>\u2b50\ufe0f <strong>Automobilov\u00e9 (12V DC)<\/strong> \u2013 p\u0159ipojte ji k z\u00e1suvce zapalova\u010de v aut\u011b a u\u017e\u00edvejte si \u010derstv\u00e9 produkty po celou dobu cesty. Bez probl\u00e9m\u016f se dostanete i na konec sv\u011bta s jistotou, \u017ee va\u0161e j\u00eddlo je v bezpe\u010d\u00ed.<\/p>\n<h2>Chlad\u00ed, a kdy\u017e je pot\u0159eba \u2013 oh\u0159\u00edv\u00e1!<\/h2>\n<p>\u0141ucznik CBX-24 Cool&amp;Go L je v\u00edc ne\u017e jen chladni\u010dka. D\u00edky <strong>\u00fa\u010dinn\u00e9mu Peltierovu chladic\u00edmu syst\u00e9mu<\/strong> sn\u00ed\u017e\u00ed vnit\u0159n\u00ed teplotu a\u017e o <strong><span><span><span><span><span>1<\/span><span><span>5<\/span><span><span><span><span><span><span><span><span>\u2218<\/span><\/span><\/span><\/span><\/span><\/span><\/span><\/span><\/span><span>C<\/span><\/span><\/span><\/span><\/span> pod okoln\u00ed teplotu<\/strong>. Ide\u00e1ln\u00ed pro hork\u00e9 dny, udr\u017euj\u00edc\u00ed n\u00e1poje v osv\u011b\u017euj\u00edc\u00ed teplot\u011b. A co v\u00edc, m\u00e1 <strong>funkci oh\u0159evu<\/strong>, kter\u00e1 umo\u017e\u0148uje oh\u0159\u00e1t j\u00eddlo a\u017e na <strong><span><span><span><span><span>55<\/span><span>\u00b1<\/span><\/span><span><span>1<\/span><span><span>0<\/span><span><span><span><span><span><span><span><span>\u2218<\/span><\/span><\/span><\/span><\/span><\/span><\/span><\/span><\/span><span>C<\/span><\/span><\/span><\/span><\/span><\/strong>. Tepl\u00e1 pol\u00e9vka v kempu? Hork\u00e1 k\u00e1va na dlouh\u00e9 cest\u011b? S \u0141ucznik CBX-24 je to mo\u017en\u00e9!<\/p>\n<h2>Promy\u0161len\u00e9 detaily, kter\u00e9 si zamilujete<\/h2>\n<p>P\u0159i navrhov\u00e1n\u00ed \u0141ucznik CBX-24 Cool&amp;Go L jsme mysleli na v\u0161e, co u\u010din\u00ed va\u0161e cesty je\u0161t\u011b p\u0159\u00edjemn\u011bj\u0161\u00ed:<\/p>\n<p>\u2714\ufe0f <strong>P\u0159ep\u00e1\u017eka pro rozd\u011blen\u00ed \u00falo\u017en\u00fdch z\u00f3n<\/strong> \u2013 snadno uspo\u0159\u00e1d\u00e1te produkty, odd\u011bl\u00edte n\u00e1poje od j\u00eddla.<\/p>\n<p>\u2714\ufe0f <strong>Blokovac\u00ed rukoje\u0165 horn\u00edho v\u00edka<\/strong> \u2013 z\u00e1ruka bezpe\u010dnosti a t\u011bsnosti i na hrbolat\u00fdch silnic\u00edch.<\/p>\n<p>\u2714\ufe0f <strong>P\u0159ehledn\u00e9 LED diody<\/strong> \u2013 informuj\u00ed, zda chladni\u010dka chlad\u00ed (zelen\u00e1) nebo oh\u0159\u00edv\u00e1 (\u010derven\u00e1).<\/p>\n<p>\u2714\ufe0f <strong>Rukoje\u0165 pro zved\u00e1n\u00ed v\u00edka<\/strong> \u2013 usnad\u0148uje p\u0159en\u00e1\u0161en\u00ed, i kdy\u017e je chladni\u010dka pln\u00e1.<\/p>\n<p>\u2714\ufe0f <strong>Izolace z polyuretanov\u00e9 p\u011bny 100% bez CFC a HCFC<\/strong> \u2013 db\u00e1me na \u017eivotn\u00ed prost\u0159ed\u00ed a va\u0161e zdrav\u00ed.<\/p>\n<h2>\u0141ucznik CBX-24 Cool&amp;Go L je v\u00e1\u0161 ide\u00e1ln\u00ed cestovn\u00ed spole\u010dn\u00edk!<\/h2>\n<p>\u0141ucznik CBX-24 Cool&amp;Go L je <strong>prostorn\u00e1 (24L)<\/strong>, <strong>v\u0161estrann\u00e1<\/strong> a <strong>spolehliv\u00e1 cestovn\u00ed chladni\u010dka<\/strong>. D\u00edky <strong>dv\u011bma mo\u017enostem nap\u00e1jen\u00ed (AC\/DC)<\/strong> a <strong>funkc\u00edm chlazen\u00ed a oh\u0159evu<\/strong> se osv\u011bd\u010d\u00ed za v\u0161ech podm\u00ednek. <strong>Energeticky \u00fasporn\u00fd re\u017eim ECO<\/strong> a <strong>praktick\u00e1 \u0159e\u0161en\u00ed<\/strong>, jako je p\u0159ep\u00e1\u017eka nebo LED diody, d\u011blaj\u00ed jej\u00ed pou\u017e\u00edv\u00e1n\u00ed \u010distou radost\u00ed. Postarejte se o sv\u011b\u017eest a pohodl\u00ed sv\u00fdch cest s \u0141ucznik CBX-24 Cool&amp;Go L!<\/p>\n<h2>Nejd\u016fle\u017eit\u011bj\u0161\u00ed parametry:<\/h2>\n<p>\u2705 <strong>Kapacita:<\/strong> 24 litr\u016f<\/p>\n<p>\u2705 <strong>Nap\u00e1jen\u00ed:<\/strong> 220-240V AC a 12V DC<\/p>\n<p>\u2705 <strong>Chlazen\u00ed:<\/strong> a\u017e <span><span><span><span><span>1<\/span><span><span>5<\/span><span><span><span><span><span><span><span><span>\u2218<\/span><\/span><\/span><\/span><\/span><\/span><\/span><\/span><\/span><span>C<\/span><\/span><\/span><\/span><\/span> pod okoln\u00ed teplotu<\/p>\n<p>\u2705 <strong>Oh\u0159ev:<\/strong> a\u017e <span><span><span><span><span>55<\/span><span>\u00b1<\/span><\/span><span><span>1<\/span><span><span>0<\/span><span><span><span><span><span><span><span><span>\u2218<\/span><\/span><\/span><\/span><\/span><\/span><\/span><\/span><\/span><span>C<\/span><\/span><\/span><\/span><\/span><\/p>\n<p>\u2705 <strong>Re\u017eim ECO:<\/strong> Ano (pro AC)<\/p>\n<p>\u2705 <strong>D\u00e9lka kabelu AC:<\/strong> 1,8m<\/p>\n<p>\u2705 <strong>D\u00e9lka kabelu DC:<\/strong> 2m<\/p>\n<p>\u2705 <strong>Hmotnost (netto):<\/strong> 4 kg<\/p>\n","protected":false},"excerpt":{"rendered":"<p>Cestovn\u00ed chladni\u010dka \u0141ucznik CBX-24 Cool&#038;Go L: Va\u0161e obl\u00edben\u00e9 j\u00eddlo a n\u00e1poje v\u017edy \u010derstv\u00e9, a\u0165 jste kdekoli! Prostorn\u00e1, se dv\u011bma re\u017eimy nap\u00e1jen\u00ed a funkc\u00ed oh\u0159evu \u2013 ide\u00e1ln\u00ed pro ka\u017edou cestu.<\/p>\n","protected":false},"featured_media":14637,"comment_status":"open","ping_status":"closed","template":"","meta":[],"product_brand":[],"product_cat":[611],"product_tag":[],"class_list":{"0":"post-18589","1":"product","2":"type-product","3":"status-publish","4":"has-post-thumbnail","6":"product_cat-lodowki-turystyczne","8":"first","9":"outofstock","10":"taxable","11":"shipping-taxable","12":"purchasable","13":"product-type-variable"},"_links":{"self":[{"href":"https:\/\/gltestm.webology.pl\/cs\/wp-json\/wp\/v2\/product\/18589","targetHints":{"allow":["GET"]}}],"collection":[{"href":"https:\/\/gltestm.webology.pl\/cs\/wp-json\/wp\/v2\/product"}],"about":[{"href":"https:\/\/gltestm.webology.pl\/cs\/wp-json\/wp\/v2\/types\/product"}],"replies":[{"embeddable":true,"href":"https:\/\/gltestm.webology.pl\/cs\/wp-json\/wp\/v2\/comments?post=18589"}],"version-history":[{"count":0,"href":"https:\/\/gltestm.webology.pl\/cs\/wp-json\/wp\/v2\/product\/18589\/revisions"}],"wp:featuredmedia":[{"embeddable":true,"href":"https:\/\/gltestm.webology.pl\/cs\/wp-json\/wp\/v2\/media\/14637"}],"wp:attachment":[{"href":"https:\/\/gltestm.webology.pl\/cs\/wp-json\/wp\/v2\/media?parent=18589"}],"wp:term":[{"taxonomy":"product_brand","embeddable":true,"href":"https:\/\/gltestm.webology.pl\/cs\/wp-json\/wp\/v2\/product_brand?post=18589"},{"taxonomy":"product_cat","embeddable":true,"href":"https:\/\/gltestm.webology.pl\/cs\/wp-json\/wp\/v2\/product_cat?post=18589"},{"taxonomy":"product_tag","embeddable":true,"href":"https:\/\/gltestm.webology.pl\/cs\/wp-json\/wp\/v2\/product_tag?post=18589"}],"curies":[{"name":"wp","href":"https:\/\/api.w.org\/{rel}","templated":true}]}}