{"id":18585,"date":"2026-03-18T22:39:20","date_gmt":"2026-03-18T21:39:20","guid":{"rendered":"https:\/\/gltestm.webology.pl\/produkt\/krejcovske-nuzky-24-cm-medene\/"},"modified":"2026-03-22T21:56:35","modified_gmt":"2026-03-22T20:56:35","slug":"krejcovske-nuzky-24-cm-medene","status":"publish","type":"product","link":"https:\/\/gltestm.webology.pl\/cs\/produkt\/krejcovske-nuzky-24-cm-medene\/","title":{"rendered":"Krej\u010dovsk\u00e9 n\u016f\u017eky 24 cm, m\u011bd\u011bn\u00e9"},"content":{"rendered":"<p><strong>Vysoce kvalitn\u00ed<\/strong> <strong>kovov\u00e9<\/strong> \u0161ic\u00ed n\u016f\u017eky, kter\u00e9 budou<strong> dokonal\u00fdm n\u00e1strojem<\/strong> pro v\u0161echny nad\u0161ence do \u0161it\u00ed a krej\u010dovstv\u00ed. Tyto multifunk\u010dn\u00ed n\u016f\u017eky jsou vyrobeny z odoln\u00e9 nerezov\u00e9 oceli a zajist\u00ed v\u00e1m p\u0159esn\u00e9 a precizn\u00ed st\u0159\u00edh\u00e1n\u00ed materi\u00e1lu. <strong>Usnadn\u00ed<\/strong> a <strong>urychl\u00ed<\/strong> v\u00e1m pr\u00e1ci.<\/p>\n<h2>\u010cist\u00e9 a snadn\u00e9 st\u0159\u00edh\u00e1n\u00ed<\/h2>\n<p>Tyto <strong>profesion\u00e1ln\u00ed<\/strong> \u0161ic\u00ed n\u016f\u017eky jsou nepostradateln\u00e9 pro st\u0159\u00edh\u00e1n\u00ed materi\u00e1l\u016f v\u0161eho druhu. A\u0165 u\u017e pracujete s jemn\u00fdmi <strong>l\u00e1tkami<\/strong> nebo <strong>siln\u011bj\u0161\u00edmi<\/strong> materi\u00e1ly, tyto n\u016f\u017eky si porad\u00ed s jak\u00fdmkoli \u00fakolem. Jejich ostr\u00e9 \u010depele zaji\u0161\u0165uj\u00ed <strong>\u010dist\u00fd<\/strong> a <strong>rovnom\u011brn\u00fd<\/strong> st\u0159ih bez rizika <strong>po\u0161kozen\u00ed<\/strong> materi\u00e1lu.<\/p>\n<h2>Elegantn\u00ed design a ergonomick\u00e1 rukoje\u0165<\/h2>\n<p>N\u016f\u017eky maj\u00ed <strong>pohodlnou<\/strong> a <strong>robustn\u00ed<\/strong> kovovou rukoje\u0165 v elegantn\u00ed <strong>zlat\u00e9 barv\u011b<\/strong>, kter\u00e1 jim nejen dod\u00e1v\u00e1 stylov\u00fd vzhled, ale tak\u00e9 poskytuje <strong>bezpe\u010dn\u00e9<\/strong> a <strong>pohodln\u00e9 uchopen\u00ed<\/strong>. D\u00edky jejich <strong>ergonomick\u00e9mu<\/strong> designu budete moci pracovat dlouh\u00e9 hodiny, ani\u017e byste poci\u0165ovali nepohodl\u00ed.<\/p>\n<h2>Pohodln\u00e9 st\u0159\u00edh\u00e1n\u00ed <\/h2>\n<p>D\u00e9lka<strong>t\u011bchto n\u016f\u017eek je 24 cm<\/strong>, co\u017e v\u00e1m poskytuje spr\u00e1vnou d\u00e9lku \u010depel\u00ed pro pohodln\u00e9 man\u00e9vrov\u00e1n\u00ed p\u0159i st\u0159\u00edh\u00e1n\u00ed. A\u0165 u\u017e vytv\u00e1\u0159\u00edte vlastn\u00ed n\u00e1vrhy, upravujete oble\u010den\u00ed nebo d\u011bl\u00e1te dekorace, tyto n\u016f\u017eky pro v\u00e1s budou <strong>dokonal\u00fdm n\u00e1strojem<\/strong>.<\/p>\n<p>Neztr\u00e1cejte u\u017e \u010das snahou st\u0159\u00edhat materi\u00e1l nep\u0159esn\u00fdmi n\u00e1stroji. Objednejte si <strong>zlat\u00e9 \u0161<\/strong> ic\u00ed n\u016f\u017eky nyn\u00ed a u\u017e\u00edvejte si snadn\u011bj\u0161\u00ed, rychlej\u0161\u00ed a p\u0159esn\u011bj\u0161\u00ed \u0161it\u00ed. Dodejte sv\u00e9 \u0161ic\u00ed d\u00edln\u011b trochu elegance s n\u016f\u017ekami ve zlat\u00e9 barv\u011b.<\/p>\n<h2>\u010c\u00edm se vyzna\u010duj\u00ed krej\u010dovsk\u00e9 n\u016f\u017eky?<\/h2>\n<p><strong>Slu\u0161n\u00e9 krej\u010dovsk\u00e9<\/strong> n\u016f\u017eky jsou nepostradateln\u00fdm dopl\u0148kem ka\u017ed\u00e9ho \u0161ic\u00edho ateli\u00e9ru, a to i toho, kter\u00fd se nach\u00e1z\u00ed v dom\u00e1cnosti. Jsou vyrobeny z kvalitn\u00ed nerezov\u00e9 <strong>oceli<\/strong>, d\u00edky \u010demu\u017e n\u00e1m slou\u017e\u00ed dlouh\u00e1 l\u00e9ta. Jsou ur\u010deny ke st\u0159\u00edh\u00e1n\u00ed <strong>r\u016fzn\u00fdch materi\u00e1l\u016f<\/strong>, od vlny, \u010dalounick\u00fdch materi\u00e1l\u016f a\u017e po klasickou bavlnu. Takov\u00e9 <strong>profesion\u00e1ln\u00ed krej\u010dovsk\u00e9 n\u016f\u017eky<\/strong> n\u00e1m usnadn\u00ed a urychl\u00ed pr\u00e1ci. Jsou velmi ostr\u00e9 a maj\u00ed pohodlnou a odolnou kovovou rukoje\u0165 v elegantn\u00ed zlat\u00e9 barv\u011b.<\/p>\n<h2>Spr\u00e1vn\u00e9 pou\u017eit\u00ed<\/h2>\n<p>Ne\u017e za\u010dnete st\u0159\u00edhat l\u00e1tku, je dobr\u00e9 se ujistit, \u017ee n\u016f\u017eky dr\u017e\u00edte spr\u00e1vn\u011b &#8211; <strong>palec<\/strong> by m\u011bl b\u00fdt v <strong>men\u0161\u00edm otvoru<\/strong>. T\u00edmto zp\u016fsobem n\u016f\u017eky l\u00e9pe st\u0159\u00edhaj\u00ed. Je d\u016fle\u017eit\u00e9 m\u00edt na pam\u011bti, \u017ee tyto n\u016f\u017eky pou\u017e\u00edv\u00e1me <strong>pouze<\/strong> na <strong>l\u00e1tku<\/strong>. Nenechte se zl\u00e1kat k tomu, abyste je pou\u017eili na pap\u00edr nebo jin\u00e9 ne\u0161ic\u00ed pr\u00e1ce. Maj\u00ed-li b\u00fdt investic\u00ed na dlouhou dobu, pe\u010dujme o n\u011b a pou\u017e\u00edvejme je podle sv\u00e9ho ur\u010den\u00ed.<\/p>\n","protected":false},"excerpt":{"rendered":"<p>Krej\u010dovsk\u00e9 n\u016f\u017eky z vysoce kvalitn\u00ed nerezov\u00e9 oceli ve zlat\u00e9 barv\u011b.<\/p>\n","protected":false},"featured_media":15759,"comment_status":"open","ping_status":"closed","template":"","meta":[],"product_brand":[],"product_cat":[771],"product_tag":[],"class_list":{"0":"post-18585","1":"product","2":"type-product","3":"status-publish","4":"has-post-thumbnail","6":"product_cat-nozyce-i-obcinaczki","8":"first","9":"instock","10":"taxable","11":"shipping-taxable","12":"purchasable","13":"product-type-variable"},"_links":{"self":[{"href":"https:\/\/gltestm.webology.pl\/cs\/wp-json\/wp\/v2\/product\/18585","targetHints":{"allow":["GET"]}}],"collection":[{"href":"https:\/\/gltestm.webology.pl\/cs\/wp-json\/wp\/v2\/product"}],"about":[{"href":"https:\/\/gltestm.webology.pl\/cs\/wp-json\/wp\/v2\/types\/product"}],"replies":[{"embeddable":true,"href":"https:\/\/gltestm.webology.pl\/cs\/wp-json\/wp\/v2\/comments?post=18585"}],"version-history":[{"count":0,"href":"https:\/\/gltestm.webology.pl\/cs\/wp-json\/wp\/v2\/product\/18585\/revisions"}],"wp:featuredmedia":[{"embeddable":true,"href":"https:\/\/gltestm.webology.pl\/cs\/wp-json\/wp\/v2\/media\/15759"}],"wp:attachment":[{"href":"https:\/\/gltestm.webology.pl\/cs\/wp-json\/wp\/v2\/media?parent=18585"}],"wp:term":[{"taxonomy":"product_brand","embeddable":true,"href":"https:\/\/gltestm.webology.pl\/cs\/wp-json\/wp\/v2\/product_brand?post=18585"},{"taxonomy":"product_cat","embeddable":true,"href":"https:\/\/gltestm.webology.pl\/cs\/wp-json\/wp\/v2\/product_cat?post=18585"},{"taxonomy":"product_tag","embeddable":true,"href":"https:\/\/gltestm.webology.pl\/cs\/wp-json\/wp\/v2\/product_tag?post=18585"}],"curies":[{"name":"wp","href":"https:\/\/api.w.org\/{rel}","templated":true}]}}