{"id":18573,"date":"2026-03-18T22:39:19","date_gmt":"2026-03-18T21:39:19","guid":{"rendered":"https:\/\/gltestm.webology.pl\/produkt\/sici-stroj-lucznik-master-craft-100-60-eco\/"},"modified":"2026-03-18T22:39:19","modified_gmt":"2026-03-18T21:39:19","slug":"sici-stroj-lucznik-master-craft-100-60-eco","status":"publish","type":"product","link":"https:\/\/gltestm.webology.pl\/cs\/produkt\/sici-stroj-lucznik-master-craft-100-60-eco\/","title":{"rendered":"\u0160ic\u00ed stroj \u0141ucznik Master Craft 100.60 eco"},"content":{"rendered":"<p>\u0141ucznik mastercraft 100.60 eco \u2013 p\u0159esnost, ekologie a spolehlivost na vy\u0161\u0161\u00ed \u00farovni! Seznamte se s \u0161ic\u00edm strojem \u0141ucznik MasterCraft 100.60 eco \u2013 pokro\u010dil\u00fdm modelem z \u0159ady &#8222;Tradice &amp; P\u0159esnost&#8220;, kter\u00fd posouv\u00e1 dom\u00e1c\u00ed \u0161it\u00ed na vy\u0161\u0161\u00ed \u00farove\u0148 pohodl\u00ed a mo\u017enost\u00ed. Kombinac\u00ed inovativn\u00ed technologie, ekologick\u00e9ho p\u0159\u00edstupu a spolehlivosti polsk\u00e9 zna\u010dky \u0141ucznik byl tento stroj vytvo\u0159en pro nad\u0161ence hledaj\u00edc\u00ed v\u0161estrann\u00fd a robustn\u00ed n\u00e1stroj pro realizaci i t\u011bch nejambici\u00f3zn\u011bj\u0161\u00edch krej\u010dovsk\u00fdch projekt\u016f.<\/p>\n<p>Inovativn\u00ed dc motor \u2013 \u00faspora, v\u00fdkon a v\u00fdjime\u010dn\u011b tich\u00fd provoz Srdcem stroje \u0141ucznik MasterCraft 100.60 eco je modern\u00ed, ekologick\u00fd stejnosm\u011brn\u00fd (dc) motor. Jeho pokro\u010dil\u00e1 technologie zaji\u0161\u0165uje nejen v\u00fdjime\u010dn\u011b tich\u00fd a p\u0159esn\u00fd provoz, ale tak\u00e9 re\u00e1ln\u00e9 ekonomick\u00e9 a ekologick\u00e9 v\u00fdhody: Je levn\u011bj\u0161\u00ed v provozu \u2013 spot\u0159ebov\u00e1v\u00e1 t\u00e9m\u011b\u0159 o 37 % m\u00e9n\u011b energie ve srovn\u00e1n\u00ed s tradi\u010dn\u00edmi ac motory. Vyzna\u010duje se v\u00fdrazn\u011b ni\u017e\u0161\u00ed spot\u0159ebou energie \u2013 \u00faspora \u010din\u00ed p\u0159ibli\u017en\u011b 30 %. M\u00e1 del\u0161\u00ed \u017eivotnost \u2013 a\u017e o 50 % del\u0161\u00ed. V\u00fdb\u011brem tohoto modelu si vyb\u00edr\u00e1te \u0161it\u00ed s p\u00e9\u010d\u00ed o planetu a o svou pen\u011b\u017eenku, bez kompromis\u016f v oblasti v\u00fdkonu.<\/p>\n<p>Pevn\u00e1 konstrukce \u2013 zv\u00fd\u0161en\u00e1 odolnost a stabilita MasterCraft 100.60 eco je stroj vytvo\u0159en\u00fd pro intenzivn\u00ed provoz. M\u00e1 odoln\u00e9 kovov\u00e9 t\u011blo a pevn\u00e9 kovov\u00e9 vnit\u0159n\u00ed komponenty. Zaji\u0161\u0165uje to v\u00fdjime\u010dnou stabilitu a spolehlivost, i p\u0159i \u0161it\u00ed n\u00e1ro\u010dn\u00fdch materi\u00e1l\u016f a mnoha vrstev. Stroj bez probl\u00e9m\u016f si porad\u00ed jak s jemn\u00fdmi l\u00e1tkami, tak s hrub\u00fdmi materi\u00e1ly, zaru\u010duj\u00edc p\u0159esn\u00e9 a plynul\u00e9 \u0161it\u00ed. Vyzna\u010duje se rovn\u011b\u017e jedine\u010dn\u00fdm, modern\u00edm designem, zd\u016fraz\u0148uj\u00edc\u00edm jeho pokro\u010dil\u00fd charakter.<\/p>\n<p>V\u0161estrannost a kreativita \u2013 a\u017e 34 \u0161ic\u00edch program\u016f a pln\u00e1 kontrola Posu\u0148te svou kreativitu na vy\u0161\u0161\u00ed \u00farove\u0148! \u0141ucznik MasterCraft 100.60 eco nab\u00edz\u00ed a\u017e 34 vestav\u011bn\u00fdch \u0161ic\u00edch program\u016f, co\u017e v\u00e1m d\u00e1v\u00e1 v\u00fdrazn\u011b \u0161ir\u0161\u00ed spektrum mo\u017enost\u00ed ne\u017e u z\u00e1kladn\u00edch model\u016f. Naleznete zde mimo jin\u00e9 rovn\u00e9 stehy, cikcak, a\u017e 8 overlockov\u00fdch steh\u016f (ide\u00e1ln\u00edch pro zakon\u010dov\u00e1n\u00ed okraj\u016f), trojskost, pleten\u00e9 stehy, elastick\u00e9, sat\u00e9nov\u00e9, kryt\u00e9, ozdobn\u00e9 a mnoho dal\u0161\u00edch, umo\u017e\u0148uj\u00edc\u00edch v\u0161estrann\u00e9 pou\u017eit\u00ed. Intuitivn\u00ed displej steh\u016f umo\u017e\u0148uje snadn\u00fd v\u00fdb\u011br a kontrolu zvolen\u00e9ho programu. Stroj disponuje automatick\u00fdm, 1-krokov\u00fdm ob\u0161\u00edv\u00e1n\u00edm knofl\u00edkov\u00e9 d\u00edrky, d\u00edky n\u011bmu\u017e ide\u00e1ln\u00ed knofl\u00edkov\u00e1 d\u00edrka vznikne v jedn\u00e9 jednoduch\u00e9 operaci \u2013 to je v\u00fdznamn\u00e9 usnadn\u011bn\u00ed oproti model\u016fm s v\u00edce krokovou d\u00edrkou! P\u0159esn\u00e1 regulace d\u00e9lky (0-4 mm) a \u0161\u00ed\u0159ky stehu (0-5 mm) v\u00e1m d\u00e1v\u00e1 plnou kontrolu nad vzhledem ka\u017ed\u00e9ho stehu, umo\u017e\u0148uj\u00edc ide\u00e1ln\u00ed p\u0159izp\u016fsoben\u00ed materi\u00e1lu a efektu.<\/p>\n<p>Inteligentn\u00ed \u0159e\u0161en\u00ed \u2013 komfort a intuitivn\u00ed ovl\u00e1d\u00e1n\u00ed Automatick\u00fd navl\u00e9ka\u010d jehly zkracuje dobu p\u0159\u00edpravy stroje k provozu, co\u017e je zvl\u00e1\u0161t\u011b u\u017eite\u010dn\u00e9 pro osoby s hor\u0161\u00edm zrakem. Vestav\u011bn\u00fd odst\u0159ih\u00e1va\u010d nit\u00ed umo\u017e\u0148uje rychle dokon\u010dit \u0161it\u00ed bez pou\u017eit\u00ed dal\u0161\u00edch n\u00e1stroj\u016f. Mo\u017enost pou\u017eit\u00ed dvojit\u00e9 jehly pro ozdobn\u00e9 \u0161it\u00ed nebo zpevn\u011bn\u00ed. Dva kovov\u00e9, svisl\u00e9 dr\u017e\u00e1ky c\u00edvky zaji\u0161\u0165uj\u00ed stabiln\u00ed pod\u00e1v\u00e1n\u00ed nit\u00ed. Praktick\u00e9 grafiky na krytu krok za krokem instruuj\u00ed, jak spr\u00e1vn\u011b nit navl\u00e9ci. Voln\u00e9 rameno s pohodln\u00fdm m\u00edstem pro p\u0159\u00edslu\u0161enstv\u00ed usnad\u0148uje \u0161it\u00ed uzav\u0159en\u00fdch prvk\u016f (ruk\u00e1vy, nohavice, obvody) a ukl\u00e1d\u00e1n\u00ed pot\u0159ebn\u00fdch drobnost\u00ed. Jasn\u00e9 led osv\u011btlen\u00ed dokonale osv\u011btluje pracovn\u00ed plochu, zlep\u0161uj\u00edc viditelnost detail\u016f. Klasick\u00fd k\u00fdvav\u00fd chapa\u010d zaji\u0161\u0165uje plynul\u00fd a spolehliv\u00fd chod stroje. Pohodln\u00e1 rukoje\u0165 pro p\u0159en\u00e1\u0161en\u00ed usnad\u0148uje transport a skladov\u00e1n\u00ed stroje.<\/p>\n<p>Bohat\u00e9 standardn\u00ed p\u0159\u00edslu\u0161enstv\u00ed \u2013 p\u0159ipraveno k provozu ihned Spolu se strojem obdr\u017e\u00edte kompletn\u00ed sadu standardn\u00edho krej\u010dovsk\u00e9ho p\u0159\u00edslu\u0161enstv\u00ed, d\u00edky n\u011bmu\u017e m\u016f\u017eete za\u010d\u00edt \u0161\u00edt ihned po vybalen\u00ed z krabice. V sad\u011b naleznete mimo jin\u00e9: patky (univerz\u00e1ln\u00ed, pro v\u0161\u00edv\u00e1n\u00ed zip\u016f, pro ob\u0161\u00edv\u00e1n\u00ed knofl\u00edkov\u00fdch d\u00edrek, pro p\u0159i\u0161\u00edv\u00e1n\u00ed knofl\u00edk\u016f), p\u00e1ratko s kart\u00e1\u010dkem, vod\u00edtko pro pro\u0161\u00edv\u00e1n\u00ed, n\u00e1hradn\u00ed sada jehel, plastov\u00e9 c\u00edvky (3x), \u0161roubov\u00e1k, olejni\u010dka, deska pro zakryt\u00ed pod\u00e1vac\u00edch zoubk\u016f (pro l\u00e1t\u00e1n\u00ed a p\u0159i\u0161\u00edv\u00e1n\u00ed knofl\u00edk\u016f), dal\u0161\u00ed dr\u017e\u00e1k c\u00edvky, podlo\u017eka pod c\u00edvku, protiprachov\u00fd obal, regul\u00e1tor ot\u00e1\u010dek.<\/p>\n<p>Z\u00e1ruka \u2013 36 m\u011bs\u00edc\u016f door-to-door Zakoupen\u00edm \u0161ic\u00edho stroje \u0141ucznik MasterCraft 100.60 eco investujete do kvality potvrzen\u00e9 dlouhou 36m\u011bs\u00ed\u010dn\u00ed z\u00e1rukou po\u010d\u00ednaje dnem n\u00e1kupu. Zaru\u010dujeme bezprobl\u00e9mov\u00fd a spolehliv\u00fd provoz za\u0159\u00edzen\u00ed, pokud je pou\u017e\u00edv\u00e1no v souladu s p\u0159ilo\u017een\u00fdm n\u00e1vodem k obsluze. Pro va\u0161e maxim\u00e1ln\u00ed pohodl\u00ed se na stroj vztahuje z\u00e1ruka v syst\u00e9mu Door-to-Door. To znamen\u00e1, \u017ee v p\u0159\u00edpad\u011b z\u00e1vady se centr\u00e1ln\u00ed servis zna\u010dky \u0141ucznik postar\u00e1 o vyzvednut\u00ed stroje p\u0159\u00edmo od v\u00e1s prost\u0159ednictv\u00edm kur\u00fdra a po oprav\u011b v\u00e1m jej doru\u010d\u00ed zp\u011bt, ani\u017e byste jej museli sami dopravit do servisn\u00edho m\u00edsta. Jak vyu\u017e\u00edt z\u00e1ru\u010dn\u00ed opravu? P\u0159\u00edm\u00fd kontakt s centr\u00e1ln\u00edm servisem \u0141ucznik: RADOM ul. Lubelska 89\/95 tel. (+48) 48 384 00 13 e-mail: serwis-lucznik@aspa.pl Otev\u00edrac\u00ed doba servisu: 07:00 &#8211; 15:00<\/p>\n<p>Shrnut\u00ed \u2013 \u0141ucznik MasterCraft 100.60 eco Zna\u010dka: \u0141ucznik Model: MasterCraft 100.60 eco Typ stroje: Dom\u00e1c\u00ed \u0161ic\u00ed stroj Po\u010det steh\u016f: 34 (v\u010detn\u011b 8 overlockov\u00fdch, 1-krokov\u00e1 automatick\u00e1 knofl\u00edkov\u00e1 d\u00edrka) Motor: Ekologick\u00fd DC (45W) Konstrukce: Kovov\u00e9 t\u011blo a kovov\u00e9 komponenty Regulace d\u00e9lky stehu: 0-4 mm Regulace \u0161\u00ed\u0159ky stehu: 0-5 mm Chapa\u010d: K\u00fdvav\u00fd Navl\u00e9ka\u010d jehly: Automatick\u00fd vestav\u011bn\u00fd Nav\u00edjen\u00ed c\u00edvky: Automatick\u00e9 Odst\u0159ih\u00e1va\u010d nit\u00ed: Vestav\u011bn\u00fd Voln\u00e9 rameno: Ano (se schr\u00e1nkou) Osv\u011btlen\u00ed: LED Z\u00e1ruka: 36 m\u011bs\u00edc\u016f Door-to-Door Hmotnost netto: 7.45 kg Rozm\u011bry (\u0161 x h x v): 41.0 x 19.0 x 30.0 cm V sad\u011b: Kompletn\u00ed sada standardn\u00edho krej\u010dovsk\u00e9ho p\u0159\u00edslu\u0161enstv\u00ed. Dal\u0161\u00ed vlastnosti: Displej steh\u016f, grafiky s pokyny k navl\u00e9k\u00e1n\u00ed, rukoje\u0165 pro p\u0159en\u00e1\u0161en\u00ed.   Objevte radost z \u0161it\u00ed s \u0141ucznik MasterCraft 100.60 eco \u2013 strojem, kter\u00fd spojuje pokro\u010dilou technologii, ekologii a spolehlivost polsk\u00e9 zna\u010dky \u0141ucznik. Ide\u00e1ln\u00ed pro n\u00e1ro\u010dn\u00e9 kutily!<\/p>\n","protected":false},"excerpt":{"rendered":"<p>\u0141ucznik mastercraft 100.60 eco \u2013 p\u0159esnost, ekologie a spolehlivost na vy\u0161\u0161\u00ed \u00farovni! Seznamte se s \u0161ic\u00edm strojem \u0141ucznik MasterCraft 100.60<\/p>\n","protected":false},"featured_media":15306,"comment_status":"open","ping_status":"closed","template":"","meta":[],"product_brand":[],"product_cat":[396],"product_tag":[],"class_list":{"0":"post-18573","1":"product","2":"type-product","3":"status-publish","4":"has-post-thumbnail","6":"product_cat-maszyny-do-szycia-tradycyjne","8":"first","9":"instock","10":"taxable","11":"shipping-taxable","12":"purchasable","13":"product-type-variable"},"_links":{"self":[{"href":"https:\/\/gltestm.webology.pl\/cs\/wp-json\/wp\/v2\/product\/18573","targetHints":{"allow":["GET"]}}],"collection":[{"href":"https:\/\/gltestm.webology.pl\/cs\/wp-json\/wp\/v2\/product"}],"about":[{"href":"https:\/\/gltestm.webology.pl\/cs\/wp-json\/wp\/v2\/types\/product"}],"replies":[{"embeddable":true,"href":"https:\/\/gltestm.webology.pl\/cs\/wp-json\/wp\/v2\/comments?post=18573"}],"version-history":[{"count":0,"href":"https:\/\/gltestm.webology.pl\/cs\/wp-json\/wp\/v2\/product\/18573\/revisions"}],"wp:featuredmedia":[{"embeddable":true,"href":"https:\/\/gltestm.webology.pl\/cs\/wp-json\/wp\/v2\/media\/15306"}],"wp:attachment":[{"href":"https:\/\/gltestm.webology.pl\/cs\/wp-json\/wp\/v2\/media?parent=18573"}],"wp:term":[{"taxonomy":"product_brand","embeddable":true,"href":"https:\/\/gltestm.webology.pl\/cs\/wp-json\/wp\/v2\/product_brand?post=18573"},{"taxonomy":"product_cat","embeddable":true,"href":"https:\/\/gltestm.webology.pl\/cs\/wp-json\/wp\/v2\/product_cat?post=18573"},{"taxonomy":"product_tag","embeddable":true,"href":"https:\/\/gltestm.webology.pl\/cs\/wp-json\/wp\/v2\/product_tag?post=18573"}],"curies":[{"name":"wp","href":"https:\/\/api.w.org\/{rel}","templated":true}]}}