{"id":18569,"date":"2026-03-18T22:39:18","date_gmt":"2026-03-18T21:39:18","guid":{"rendered":"https:\/\/gltestm.webology.pl\/produkt\/univerzalni-pouzdro-na-sici-stroj-2\/"},"modified":"2026-03-18T22:39:18","modified_gmt":"2026-03-18T21:39:18","slug":"univerzalni-pouzdro-na-sici-stroj-2","status":"publish","type":"product","link":"https:\/\/gltestm.webology.pl\/cs\/produkt\/univerzalni-pouzdro-na-sici-stroj-2\/","title":{"rendered":"Univerz\u00e1ln\u00ed pouzdro na \u0161ic\u00ed stroj"},"content":{"rendered":"<h2>Chra\u0148te a pohodln\u011b p\u0159epravujte sv\u016fj \u0161ic\u00ed stroj<\/h2>\n<p>Hled\u00e1te zp\u016fsob, jak <strong>ochr\u00e1nit<\/strong> sv\u016fj \u0161ic\u00ed <strong>stroj<\/strong> p\u0159ed pov\u011btrnostn\u00edmi vlivy a <strong>pohodln\u011b<\/strong> ho <strong>p\u0159en\u00e1\u0161et<\/strong> z m\u00edsta na m\u00edsto? Zde je pro v\u00e1s \u0159e\u0161en\u00ed! Ka\u017ed\u00fd \u0161ic\u00ed stroj <strong>by m\u011bl m\u00edt vlastn\u00ed pouzdro,<\/strong> kter\u00e9 ho nejen ochr\u00e1n\u00ed p\u0159ed <strong>prachem<\/strong> a <strong>ne\u010distotami<\/strong>, ale tak\u00e9 <strong>usnadn\u00ed<\/strong> jeho <strong>p\u0159epravu<\/strong> a ulo\u017een\u00ed do sk\u0159\u00edn\u011b.<\/p>\n<h2>Kl\u00ed\u010dov\u00e9 vlastnosti<\/h2>\n<ul>\n<li><strong>Ochrana<\/strong> \u0161ic\u00edho stroje p\u0159ed <strong>prachem<\/strong> a mechanick\u00fdm <strong>po\u0161kozen\u00edm<\/strong> <\/li>\n<li><strong>Pohodln\u00e1 p\u0159eprava<\/strong> d\u00edky pevn\u00fdm bok\u016fm, <strong>pevn\u00e9mu dnu<\/strong> a lehk\u00e9 konstrukci<\/li>\n<li><strong>T\u0159i velk\u00e9<\/strong> <strong>prostorn\u00e9<\/strong> <strong>kapsy na<\/strong> such\u00fd zip <strong>pro<\/strong> p\u0159\u00edslu\u0161enstv\u00ed a praktick\u00e9 pom\u016fcky<\/li>\n<li>Vyrobeno z \u017eak\u00e1rov\u00e9 tkaniny <strong>odoln\u00e9<\/strong> proti skvrn\u00e1m s kr\u00e1sn\u00fdmi st\u0159\u00edb\u0159it\u011b \u010dern\u00fdmi kv\u011bty<\/li>\n<li>Stylov\u00fd design<\/li>\n<li><strong>Pohodln\u00e1 dr\u017eadla pro p\u0159en\u00e1\u0161en\u00ed<\/strong><\/li>\n<li><strong>Vodot\u011bsn\u00fd<\/strong> \u0161t\u00edtek na p\u0159edn\u00ed stran\u011b kufru s va\u0161imi kontaktn\u00edmi \u00fadaji<\/li>\n<li><strong>Rozm\u011bry kufru<\/strong>: rozm\u011bry kufru: 42x25x33 cm<\/li>\n<\/ul>\n<h2>Praktick\u00e9 kapsy a pevn\u00e1 konstrukce<\/h2>\n<p>N\u00e1\u0161 kufr na \u0161ic\u00ed stroje je vybaven<strong> t\u0159emi velk\u00fdmi<\/strong> prostorn\u00fdmi kapsami na <strong>such\u00fd zip<\/strong>, do kter\u00fdch m\u016f\u017eete bezpe\u010dn\u011b ulo\u017eit ve\u0161ker\u00e9 <strong>pot\u0159ebn\u00e9<\/strong> <strong>p\u0159\u00edslu\u0161enstv\u00ed<\/strong> a <strong>praktick\u00e9 pom\u016fcky<\/strong>. Pevn\u00e9 dno a polstrovan\u00e9 boky ochr\u00e1n\u00ed v\u00e1\u0161 stroj p\u0159ed po\u0161kozen\u00edm b\u011bhem p\u0159epravy.<\/p>\n<h2>Stylov\u00fd design a snadn\u00e9 p\u0159en\u00e1\u0161en\u00ed<\/h2>\n<p>N\u00e1\u0161 kufr je vyroben z \u017eak\u00e1rov\u00e9ho materi\u00e1lu <strong>odoln\u00e9ho proti skvrn\u00e1m<\/strong> s kr\u00e1sn\u00fdmi <strong>st\u0159\u00edbrn\u00fdmi a \u010dern\u00fdmi kv\u011bty<\/strong> a je nejen funk\u010dn\u00ed, ale tak\u00e9 velmi stylov\u00fd. Pohodln\u00e9 rukojeti a <strong>n\u00edzk\u00e1 hmotnost<\/strong> usnad\u0148uj\u00ed p\u0159en\u00e1\u0161en\u00ed stroje z m\u00edsta na m\u00edsto.<\/p>\n<h2>S na\u0161\u00edm kufrem zapome\u0148te na probl\u00e9my s p\u0159epravou<\/h2>\n<p>U\u017e si ned\u011blejte starosti s t\u00edm, jak <strong>bezpe\u010dn\u011b<\/strong> a <strong>pohodln\u011b<\/strong> <strong>p\u0159epravit<\/strong> sv\u016fj \u0161ic\u00ed stroj. N\u00e1\u0161 kufr na \u0161ic\u00ed stroj je pro v\u00e1s ide\u00e1ln\u00edm \u0159e\u0161en\u00edm! A d\u00edky vodot\u011bsn\u00e9mu \u0161t\u00edtku na p\u0159edn\u00ed stran\u011b kuf\u0159\u00edku budete m\u00edt sv\u00e9 kontaktn\u00ed \u00fadaje v\u017edy po ruce, co\u017e v\u00e1m usnadn\u00ed z\u00edsk\u00e1n\u00ed stroje, pokud se p\u0159i p\u0159eprav\u011b ztrat\u00ed.<\/p>\n","protected":false},"excerpt":{"rendered":"<p>Pouzdro chr\u00e1n\u00ed a usnad\u0148uje p\u0159epravu. T\u0159i kapsy, pevn\u00e9 dno a polstrovan\u00e9 boky. Vyrobeno z \u017eak\u00e1rov\u00e9ho materi\u00e1lu odoln\u00e9ho proti skvrn\u00e1m ve st\u0159\u00edbrno-\u010dern\u00e9 kv\u011btinov\u00e9 barv\u011b. Pohodln\u00e1 dr\u017eadla a n\u00edzk\u00e1 hmotnost umo\u017e\u0148uj\u00ed snadn\u00e9 p\u0159en\u00e1\u0161en\u00ed.<\/p>\n","protected":false},"featured_media":14799,"comment_status":"open","ping_status":"closed","template":"","meta":[],"product_brand":[],"product_cat":[541],"product_tag":[],"class_list":{"0":"post-18569","1":"product","2":"type-product","3":"status-publish","4":"has-post-thumbnail","6":"product_cat-pokrowce-i-walizki","8":"first","9":"instock","10":"taxable","11":"shipping-taxable","12":"purchasable","13":"product-type-variable"},"_links":{"self":[{"href":"https:\/\/gltestm.webology.pl\/cs\/wp-json\/wp\/v2\/product\/18569","targetHints":{"allow":["GET"]}}],"collection":[{"href":"https:\/\/gltestm.webology.pl\/cs\/wp-json\/wp\/v2\/product"}],"about":[{"href":"https:\/\/gltestm.webology.pl\/cs\/wp-json\/wp\/v2\/types\/product"}],"replies":[{"embeddable":true,"href":"https:\/\/gltestm.webology.pl\/cs\/wp-json\/wp\/v2\/comments?post=18569"}],"version-history":[{"count":0,"href":"https:\/\/gltestm.webology.pl\/cs\/wp-json\/wp\/v2\/product\/18569\/revisions"}],"wp:featuredmedia":[{"embeddable":true,"href":"https:\/\/gltestm.webology.pl\/cs\/wp-json\/wp\/v2\/media\/14799"}],"wp:attachment":[{"href":"https:\/\/gltestm.webology.pl\/cs\/wp-json\/wp\/v2\/media?parent=18569"}],"wp:term":[{"taxonomy":"product_brand","embeddable":true,"href":"https:\/\/gltestm.webology.pl\/cs\/wp-json\/wp\/v2\/product_brand?post=18569"},{"taxonomy":"product_cat","embeddable":true,"href":"https:\/\/gltestm.webology.pl\/cs\/wp-json\/wp\/v2\/product_cat?post=18569"},{"taxonomy":"product_tag","embeddable":true,"href":"https:\/\/gltestm.webology.pl\/cs\/wp-json\/wp\/v2\/product_tag?post=18569"}],"curies":[{"name":"wp","href":"https:\/\/api.w.org\/{rel}","templated":true}]}}