{"id":18557,"date":"2026-03-18T22:39:17","date_gmt":"2026-03-18T21:39:17","guid":{"rendered":"https:\/\/gltestm.webology.pl\/produkt\/barva-nite-bila-500-m\/"},"modified":"2026-03-18T22:39:17","modified_gmt":"2026-03-18T21:39:17","slug":"barva-nite-bila-500-m","status":"publish","type":"product","link":"https:\/\/gltestm.webology.pl\/cs\/produkt\/barva-nite-bila-500-m\/","title":{"rendered":"Barva nit\u011b &#8211; B\u00edl\u00e1 500 m"},"content":{"rendered":"<p><strong>Polyesterov\u00e9 \u0161ic\u00ed nit\u011b<\/strong> jsou nezbytnou sou\u010d\u00e1st\u00ed vybaven\u00ed ka\u017ed\u00e9 \u0161ic\u00ed d\u00edlny i dom\u00e1c\u00edho n\u00e1\u0159ad\u00ed. Jsou nejuniverz\u00e1ln\u011bj\u0161\u00ed, proto\u017ee maj\u00ed <strong>malou smr\u0161titelnost<\/strong> a vynikaj\u00edc\u00ed <strong>odolnost v\u016f\u010di teplu,<\/strong> vznikaj\u00edc\u00edmu nap\u0159\u00edklad p\u0159i \u017eehlen\u00ed. <strong>Barva nit\u00ed Lucznik je odoln\u00e1 v\u016f\u010di<\/strong> <strong>barven\u00ed<\/strong> vlivem slune\u010dn\u00edho z\u00e1\u0159en\u00ed a n\u011bkter\u00fdch chemick\u00fdch l\u00e1tek, kter\u00fdm mohou b\u00fdt textilie vystaveny &#8211; nap\u0159\u00edklad p\u0159i pran\u00ed.<\/p>\n<p><strong>Nit\u011b<\/strong> Archer <strong>byly vytvo\u0159eny speci\u00e1ln\u011b pro \u0161it\u00ed na stroji<\/strong> a nap\u011bt\u00ed vznikaj\u00edc\u00ed p\u0159i pr\u016fchodu r\u016fzn\u00fdmi chapadly a vytv\u00e1\u0159en\u00ed steh\u016f. Maj\u00ed <strong>optim\u00e1ln\u00ed z\u00e1krut<\/strong>, kter\u00fd jim nedovol\u00ed p\u0159etrhnout se p\u0159i hektick\u00e9 pr\u00e1ci na jak\u00e9mkoli materi\u00e1lu, kter\u00fd se v\u00e1m dostane do rukou. <\/p>\n<p>Bezpe\u010dnost<strong>jejich v\u00fdroby<\/strong> a n\u00e1sledn\u00e1 absence jak\u00fdchkoli jedovat\u00fdch nebo dr\u00e1\u017ediv\u00fdch chemik\u00e1li\u00ed umo\u017e\u0148uje jejich pou\u017eit\u00ed p\u0159i tvorb\u011b v\u00fdrobk\u016f pro d\u011bti, jako je oble\u010den\u00ed, hra\u010dky, zavinova\u010dky nebo deky. Budou se v\u00e1m hodit i tehdy, kdy\u017e budete pot\u0159ebovat u\u0161\u00edt kost\u00fdm princezny nebo superhrdiny na karnevalov\u00fd ples ve \u0161kolce.<\/p>\n<p>Samoz\u0159ejm\u011b je lze pou\u017e\u00edt i k za\u0161\u00edv\u00e1n\u00ed nebo oprav\u011b nedokonalost\u00ed prezentovan\u00fdch od\u011bvn\u00edmi firmami. Ale pro\u010d se zastavovat u takov\u00fdch v\u0161edn\u00edch prac\u00ed \ud83d\ude09<\/p>\n<p>Nit\u011b Archer jsou <strong>vhodn\u00e9<\/strong> i pro <strong>alergiky<\/strong> a lidi s podr\u00e1\u017ed\u011bn\u00edm na l\u00e1tky s \u0161edou koul\u00ed.<\/p>\n","protected":false},"excerpt":{"rendered":"<p>Univerz\u00e1ln\u00ed nit Lucznik, ur\u010den\u00e1 pro \u0161ic\u00ed stroje. Polyester, optim\u00e1ln\u00ed z\u00e1krut, vhodn\u00e9 pro alergiky. Typ 120, d\u00e9lka n\u00e1vinu 500 m<\/p>\n","protected":false},"featured_media":13343,"comment_status":"open","ping_status":"closed","template":"","meta":[],"product_brand":[],"product_cat":[711],"product_tag":[],"class_list":{"0":"post-18557","1":"product","2":"type-product","3":"status-publish","4":"has-post-thumbnail","6":"product_cat-nici-do-maszyn","8":"first","9":"instock","10":"taxable","11":"shipping-taxable","12":"purchasable","13":"product-type-variable"},"_links":{"self":[{"href":"https:\/\/gltestm.webology.pl\/cs\/wp-json\/wp\/v2\/product\/18557","targetHints":{"allow":["GET"]}}],"collection":[{"href":"https:\/\/gltestm.webology.pl\/cs\/wp-json\/wp\/v2\/product"}],"about":[{"href":"https:\/\/gltestm.webology.pl\/cs\/wp-json\/wp\/v2\/types\/product"}],"replies":[{"embeddable":true,"href":"https:\/\/gltestm.webology.pl\/cs\/wp-json\/wp\/v2\/comments?post=18557"}],"version-history":[{"count":0,"href":"https:\/\/gltestm.webology.pl\/cs\/wp-json\/wp\/v2\/product\/18557\/revisions"}],"wp:featuredmedia":[{"embeddable":true,"href":"https:\/\/gltestm.webology.pl\/cs\/wp-json\/wp\/v2\/media\/13343"}],"wp:attachment":[{"href":"https:\/\/gltestm.webology.pl\/cs\/wp-json\/wp\/v2\/media?parent=18557"}],"wp:term":[{"taxonomy":"product_brand","embeddable":true,"href":"https:\/\/gltestm.webology.pl\/cs\/wp-json\/wp\/v2\/product_brand?post=18557"},{"taxonomy":"product_cat","embeddable":true,"href":"https:\/\/gltestm.webology.pl\/cs\/wp-json\/wp\/v2\/product_cat?post=18557"},{"taxonomy":"product_tag","embeddable":true,"href":"https:\/\/gltestm.webology.pl\/cs\/wp-json\/wp\/v2\/product_tag?post=18557"}],"curies":[{"name":"wp","href":"https:\/\/api.w.org\/{rel}","templated":true}]}}