{"id":18545,"date":"2026-03-18T22:39:16","date_gmt":"2026-03-18T21:39:16","guid":{"rendered":"https:\/\/gltestm.webology.pl\/produkt\/rychlovarna-konvice-wk-2502-compact-glass-12-l\/"},"modified":"2026-03-22T22:00:19","modified_gmt":"2026-03-22T21:00:19","slug":"rychlovarna-konvice-wk-2502-compact-glass-12-l","status":"publish","type":"product","link":"https:\/\/gltestm.webology.pl\/cs\/produkt\/rychlovarna-konvice-wk-2502-compact-glass-12-l\/","title":{"rendered":"Rychlovarn\u00e1 konvice WK-2502 Compact Glass 1,2 l"},"content":{"rendered":"<p>Hled\u00e1te konvici, kter\u00e1 nejen skv\u011ble vypad\u00e1, ale tak\u00e9 dokonale pln\u00ed sv\u00e9 funkce? Rychlovarn\u00e1 konvice <strong>\u0141ucznik WK-2502 Compact Glass<\/strong> je nejen spojen\u00edm <strong>elegance<\/strong> a <strong>funk\u010dnosti<\/strong>, ale tak\u00e9 v\u00fdrazem mimo\u0159\u00e1dn\u00e9 p\u00e9\u010de o va\u0161e <strong>pohodl\u00ed<\/strong> a <strong>bezpe\u010dnost<\/strong> p\u0159i ka\u017edodenn\u00ed p\u0159\u00edprav\u011b \u010daje nebo k\u00e1vy. Jej\u00ed <strong>elegantn\u00ed design<\/strong> nejen\u017ee dod\u00e1 va\u0161\u00ed kuchyni \u0161arm, ale tak\u00e9 se d\u00edky n\u011bmu stane p\u0159\u00edprava va\u0161ich obl\u00edben\u00fdch n\u00e1poj\u016f skute\u010dn\u00fdm pot\u011b\u0161en\u00edm.<\/p>\n<h2>Kl\u00ed\u010dov\u00e9 vlastnosti kompaktn\u00ed sklen\u011bn\u00e9 konvice WK-2502<\/h2>\n<ul>\n<li>Barva: <strong>b\u00edl\u00e1<\/strong><\/li>\n<li><strong>P\u0159\u00edkon: 1630 W<\/strong><\/li>\n<li><strong>Objem: 1,2 litru<\/strong><\/li>\n<li>Cord length: <strong>d\u00e9lka: 70 cm<\/strong><\/li>\n<li>\u00dalo\u017en\u00fd prostor pro \u0161\u0148\u016fru<\/li>\n<li><strong>Tepeln\u011b odoln\u00e9 sklen\u011bn\u00e9 t\u011blo<\/strong> &#8211; <strong>borosilik\u00e1tov\u00e9 sklo<\/strong>. Odoln\u00e9 a odoln\u00e9 proti skvrn\u00e1m<\/li>\n<li><strong>Skryt\u00e9,<\/strong> <strong>ploch\u00e9<\/strong> topn\u00e9 t\u011bleso z <strong>nerezov\u00e9 oceli<\/strong><\/li>\n<li><strong>Ukazatel hladiny vody<\/strong><\/li>\n<li><strong>Vyj\u00edmateln\u00fd<\/strong> filtr proti vodn\u00edmu kameni<\/li>\n<li><strong>Dvojit\u00fd bezpe\u010dnostn\u00ed syst\u00e9m<\/strong><\/li>\n<li><strong>Automatick\u00e9 vypnut\u00ed po dosa\u017een\u00ed varu<\/strong><\/li>\n<li><strong>Ochrana proti<\/strong> varu nasucho<\/li>\n<li>Automatick\u00e9 otev\u00edr\u00e1n\u00ed v\u00edka<\/li>\n<li>Z\u00e1kladna oto\u010dn\u00e1 o 360\u00b0<\/li>\n<li><strong>Modr\u00e9 LED podsv\u00edcen\u00ed<\/strong><\/li>\n<\/ul>\n<h2>Elegance se snoub\u00ed s funk\u010dnost\u00ed<\/h2>\n<p>P\u0159edstavte si elegantn\u00ed <strong>rychlovarnou konvici<\/strong>, kter\u00e1 dokonale zapadne do <strong>jak\u00e9hokoli stylu kuchyn\u011b<\/strong> a dod\u00e1 j\u00ed \u0161arm a \u00farove\u0148. Na\u0161e kompaktn\u00ed sklen\u011bn\u00e1 konvice WK-2502 je nejen n\u00e1strojem pro p\u0159\u00edpravu va\u0161ich obl\u00edben\u00fdch n\u00e1poj\u016f, ale tak\u00e9 jedine\u010dn\u00fdm dekorativn\u00edm prvkem va\u0161\u00ed kuchyn\u011b.<\/p>\n<h2>Robustnost, kter\u00e1 vydr\u017e\u00ed<\/h2>\n<p>Na\u0161e konvice je vyrobena ze <strong>\u017e\u00e1ruvzdorn\u00e9ho sklen\u011bn\u00e9ho t\u011bla<\/strong>, tak\u017ee nejen v\u00fdjime\u010dn\u011b vypad\u00e1, ale je tak\u00e9 mimo\u0159\u00e1dn\u011b <strong>odoln\u00e1<\/strong> a <strong>odoln\u00e1 v\u016f\u010di jak\u00fdmkoli skvrn\u00e1m<\/strong>. Objevte konvici, kter\u00e1 nejen\u017ee vydr\u017e\u00ed roky, ale tak\u00e9 si zachov\u00e1 sv\u016fj elegantn\u00ed vzhled bez ohledu na podm\u00ednky pou\u017e\u00edv\u00e1n\u00ed.<\/p>\n<h2>Bezpe\u010dnost na prvn\u00edm m\u00edst\u011b<\/h2>\n<p>D\u00edky <strong>dvojit\u00e9mu bezpe\u010dnostn\u00edmu syst\u00e9mu<\/strong> se pou\u017e\u00edv\u00e1n\u00ed na\u0161\u00ed kompaktn\u00ed sklen\u011bn\u00e9 konvice WK-2502 st\u00e1v\u00e1 bezpe\u010dn\u00fdm a pohodln\u00fdm. D\u00edky <strong>automatick\u00e9mu vypnut\u00ed p\u0159i varu vody<\/strong> a <strong>ochran\u011b proti varu na sucho<\/strong> si m\u016f\u017eete vychutnat sv\u016fj obl\u00edben\u00fd n\u00e1poj bez obav o bezpe\u010dnost sv\u00e9 dom\u00e1cnosti nebo sebe sama.<\/p>\n<h2>Objem 1,2 litru<\/h2>\n<p>S kapacitou <strong>1,2 litru<\/strong> je na\u0161e konvice ide\u00e1ln\u00edm spole\u010dn\u00edkem pro ka\u017edodenn\u00ed p\u0159\u00edpravu \u010daje nebo k\u00e1vy. D\u00edky t\u00e9to kapacit\u011b m\u016f\u017eete p\u0159ipravit aromatick\u00fd n\u00e1poj <strong>pro celou rodinu<\/strong> nebo pozvat <strong>p\u0159\u00e1tele na k\u00e1vu<\/strong> s v\u011bdom\u00edm, \u017ee konvice uspokoj\u00ed jejich \u017e\u00edze\u0148.<\/p>\n<p>Pro lep\u0161\u00ed p\u0159edstavu, <strong>1,2 litru vody vysta\u010d\u00ed p\u0159ibli\u017en\u011b na 4-5 \u0161\u00e1lk\u016f \u010d<\/strong> aje nebo <strong>k\u00e1vy<\/strong>, p\u0159\u00edpadn\u011b i v\u00edce, pokud m\u00e1te r\u00e1di jemn\u011bj\u0161\u00ed chu\u0165 a n\u00e1poj \u0159ed\u00edte vodou. Takto v\u00e1m nikdy nedojde hork\u00fd n\u00e1poj, kdy\u017e budete cht\u00edt pohostit sebe i sv\u00e9 bl\u00edzk\u00e9.<\/p>\n<h2>Pr\u016fzra\u010dn\u00e1 a \u010dist\u00e1 voda<\/h2>\n<p><strong>Vyj\u00edmateln\u00fd filtr proti vodn\u00edmu kameni<\/strong> ve <strong>tvaru s\u00edtka<\/strong> udr\u017euje vodu <strong>\u010distou<\/strong> a <strong>pr\u016fzra\u010dnou<\/strong> a d\u00edky jeho snadn\u00e9mu \u010di\u0161t\u011bn\u00ed je udr\u017eov\u00e1n\u00ed <strong>konvice Lucznik<\/strong> v bezvadn\u00e9m stavu rychl\u00e9 a snadn\u00e9.<\/p>\n<h2>Elegantn\u00ed modr\u00e9 LED podsv\u00edcen\u00ed<\/h2>\n<p><strong>Modr\u00e9 LED podsv\u00edcen\u00ed<\/strong> dod\u00e1v\u00e1 konvici <strong>eleganci<\/strong> a je\u0161t\u011b v\u00edce zp\u0159\u00edjem\u0148uje jej\u00ed pou\u017e\u00edv\u00e1n\u00ed.<\/p>\n<h2>Skryt\u00e9 ploch\u00e9 topn\u00e9 t\u011bleso<\/h2>\n<p>D\u00edky <strong>skryt\u00e9mu<\/strong> <strong>ploch\u00e9mu<\/strong> topn\u00e9mu t\u011blesu z <strong>nerezov\u00e9 oceli<\/strong> se konvice snadno <strong>\u010dist\u00ed<\/strong> a <strong>udr\u017euje<\/strong>.<\/p>\n<h2>Pohodln\u00e1 360\u00b0 oto\u010dn\u00e1 z\u00e1kladna<\/h2>\n<p>D\u00edky 360\u00b0 oto\u010dn\u00e9 z\u00e1kladn\u011b je <strong>manipulace s<\/strong> konvic\u00ed mimo\u0159\u00e1dn\u011b <strong>snadn\u00e1<\/strong> a <strong>pohodln\u00e1<\/strong>.<\/p>\n<h2>Praktick\u00fd dr\u017e\u00e1k kabelu<\/h2>\n<p>\u00dalo\u017en\u00fd prostor na \u0161\u0148\u016fru udr\u017euje po\u0159\u00e1dek na kuchy\u0148sk\u00e9 desce a umo\u017e\u0148uje pohodln\u00e9 a estetick\u00e9 ulo\u017een\u00ed konvice.<\/p>\n<h2>P\u0159\u00edrodn\u00ed odstra\u0148ov\u00e1n\u00ed vodn\u00edho kamene pro del\u0161\u00ed \u017eivotnost<\/h2>\n<p>Sta\u010d\u00ed pravideln\u011b \u010distit s\u00edtko pomoc\u00ed p\u0159\u00edrodn\u00edch produkt\u016f, jako je <strong>ocet<\/strong> nebo <strong>citron<\/strong>, abyste odstranili usazeniny vodn\u00edho kamene a udr\u017eeli konvici v bezvadn\u00e9m stavu po dlouh\u00e1 l\u00e9ta. Va\u0161e konvice tak bude v\u017edy p\u0159ipravena k p\u0159\u00edprav\u011b va\u0161eho obl\u00edben\u00e9ho n\u00e1poje, zachov\u00e1 si svou <strong>\u00fa\u010dinnost<\/strong> a <strong>eleganci<\/strong> a zajist\u00ed, \u017ee ka\u017ed\u00e9 r\u00e1no za\u010dne aromatick\u00fdm \u010dajem nebo k\u00e1vou bez jak\u00fdchkoli pot\u00ed\u017e\u00ed.<\/p>\n<p>Objednejte si nyn\u00ed na\u0161i kompaktn\u00ed sklen\u011bnou rychlovarnou konvici \u0141ucznik WK-2502 a u\u017e\u00edvejte si eleganci a funk\u010dnost p\u0159i sv\u00fdch ka\u017edodenn\u00edch ritu\u00e1lech va\u0159en\u00ed \u010daje nebo k\u00e1vy!<\/p>\n","protected":false},"excerpt":{"rendered":"<p>Kompaktn\u00ed konvice s p\u0159\u00edkonem 1630 W. Objem 1,2 litru. T\u011blo z borosilik\u00e1tov\u00e9ho skla. Vyj\u00edmateln\u00fd filtr proti vodn\u00edmu kameni. Ploch\u00e9 topn\u00e9 t\u011bleso INOX. Automatick\u00e9 vyp\u00edn\u00e1n\u00ed. Dvojit\u00fd bezpe\u010dnostn\u00ed syst\u00e9m.<\/p>\n","protected":false},"featured_media":15025,"comment_status":"open","ping_status":"closed","template":"","meta":[],"product_brand":[],"product_cat":[571],"product_tag":[],"class_list":{"0":"post-18545","1":"product","2":"type-product","3":"status-publish","4":"has-post-thumbnail","6":"product_cat-czajniki","8":"first","9":"instock","10":"taxable","11":"shipping-taxable","12":"purchasable","13":"product-type-variable"},"_links":{"self":[{"href":"https:\/\/gltestm.webology.pl\/cs\/wp-json\/wp\/v2\/product\/18545","targetHints":{"allow":["GET"]}}],"collection":[{"href":"https:\/\/gltestm.webology.pl\/cs\/wp-json\/wp\/v2\/product"}],"about":[{"href":"https:\/\/gltestm.webology.pl\/cs\/wp-json\/wp\/v2\/types\/product"}],"replies":[{"embeddable":true,"href":"https:\/\/gltestm.webology.pl\/cs\/wp-json\/wp\/v2\/comments?post=18545"}],"version-history":[{"count":0,"href":"https:\/\/gltestm.webology.pl\/cs\/wp-json\/wp\/v2\/product\/18545\/revisions"}],"wp:featuredmedia":[{"embeddable":true,"href":"https:\/\/gltestm.webology.pl\/cs\/wp-json\/wp\/v2\/media\/15025"}],"wp:attachment":[{"href":"https:\/\/gltestm.webology.pl\/cs\/wp-json\/wp\/v2\/media?parent=18545"}],"wp:term":[{"taxonomy":"product_brand","embeddable":true,"href":"https:\/\/gltestm.webology.pl\/cs\/wp-json\/wp\/v2\/product_brand?post=18545"},{"taxonomy":"product_cat","embeddable":true,"href":"https:\/\/gltestm.webology.pl\/cs\/wp-json\/wp\/v2\/product_cat?post=18545"},{"taxonomy":"product_tag","embeddable":true,"href":"https:\/\/gltestm.webology.pl\/cs\/wp-json\/wp\/v2\/product_tag?post=18545"}],"curies":[{"name":"wp","href":"https:\/\/api.w.org\/{rel}","templated":true}]}}