{"id":18541,"date":"2026-03-18T22:39:15","date_gmt":"2026-03-18T21:39:15","guid":{"rendered":"https:\/\/gltestm.webology.pl\/produkt\/rychlovarna-konvice-wk-2501-standard-black-17-l\/"},"modified":"2026-03-18T22:39:15","modified_gmt":"2026-03-18T21:39:15","slug":"rychlovarna-konvice-wk-2501-standard-black-17-l","status":"publish","type":"product","link":"https:\/\/gltestm.webology.pl\/cs\/produkt\/rychlovarna-konvice-wk-2501-standard-black-17-l\/","title":{"rendered":"Rychlovarn\u00e1 konvice WK-2501 Standard Black 1,7 l"},"content":{"rendered":"<h2>Jedine\u010dn\u00fd design pro va\u0161i kuchyni<\/h2>\n<p>Hled\u00e1te n\u011bco, co v\u00e1m nejen usnadn\u00ed ka\u017edodenn\u00ed p\u0159\u00edpravu hork\u00fdch n\u00e1poj\u016f, ale tak\u00e9 <strong>dod\u00e1 va\u0161\u00ed kuchyni \u0161arm<\/strong>? Rychlovarn\u00e1 konvice <strong>\u0141ucznik WK 2501 STANDARD<\/strong> je spojen\u00edm <strong>elegance<\/strong> a <strong>funk\u010dnosti<\/strong>. D\u00edky sv\u00e9 barv\u011b se stane nejen kuchy\u0148sk\u00fdm spot\u0159ebi\u010dem, ale tak\u00e9 ozdobou interi\u00e9ru.<\/p>\n<h2>Kl\u00ed\u010dov\u00e9 vlastnosti rychlovarn\u00e9 konvice WK 2501 Standard<\/h2>\n<ul>\n<li>Barva: \u010dern\u00e1<\/li>\n<li><strong>P\u0159\u00edkon: 1800 W<\/strong><\/li>\n<li><strong>Objem: 1,7 l<\/strong><\/li>\n<li>Cord length:<strong> d\u00e9lka: 70 cm<\/strong><\/li>\n<li><strong><strong>\u00dalo\u017en\u00fd prostor pro<\/strong> \u0161\u0148\u016fru<\/strong><\/li>\n<li>Bezpe\u010dnostn\u00ed kryt &#8222;<strong>Cool touch<\/strong><\/li>\n<li><strong>Dvojit\u00e9<\/strong> st\u011bny<\/li>\n<li>Vnit\u0159n\u00ed st\u011bny z<strong> oceli typu 304<\/strong><\/li>\n<li><strong>Vyj\u00edmateln\u00fd<\/strong> filtr <strong>proti vodn\u00edmu kameni<\/strong><\/li>\n<li><strong>Ukazatel<\/strong> hladiny vody<\/li>\n<li><strong>Dvojit\u00fd<\/strong> <strong>bezpe\u010dnostn\u00ed<\/strong> syst\u00e9m<\/li>\n<li><strong>Automatick\u00e9<\/strong> vypnut\u00ed <strong>po dosa\u017een\u00ed varu<\/strong><\/li>\n<li><strong>Ochrana proti<\/strong> varu nasucho<\/li>\n<li><strong>Automatick\u00e9 otev\u00edr\u00e1n\u00ed<\/strong> v\u00edka<\/li>\n<li>Z\u00e1kladna<strong>oto\u010dn\u00e1<\/strong> o 360\u00b0<\/li>\n<li><strong>Osv\u011btlen\u00fd<\/strong> sp\u00edna\u010d <\/li>\n<li><strong>Dodate\u010dn\u00fd<\/strong> vyj\u00edmateln\u00fd <strong>filtr s<\/strong> jemn\u00fdmi oky <strong>proti vodn\u00edmu kameni<\/strong> v balen\u00ed. <\/li>\n<\/ul>\n<h2>P\u0159\u00edkon 1800 W: rychl\u00e9 a efektivn\u00ed va\u0159en\u00ed<\/h2>\n<p>Rychlovarn\u00e1 konvice \u0141ucznik WK 2501 STANDARD se vyzna\u010duje <strong>p\u0159\u00edkonem 1800 W<\/strong>, kter\u00fd zaru\u010duje <strong>rychl\u00e9<\/strong> a <strong>\u00fa\u010dinn\u00e9<\/strong> va\u0159en\u00ed vody. D\u00edky tomuto vysok\u00e9mu v\u00fdkonu si m\u016f\u017eete vychutnat sv\u00e9 obl\u00edben\u00e9 n\u00e1poje b\u011bhem <strong>n\u011bkolika m\u00e1lo okam\u017eik\u016f<\/strong>, bez dlouh\u00e9ho \u010dek\u00e1n\u00ed.<\/p>\n<p>A\u0165 u\u017e pot\u0159ebujete rychle doplnit \u0161\u00e1lek k\u00e1vy p\u0159ed odchodem do pr\u00e1ce nebo rychle p\u0159ipravit hork\u00fd \u010daj pro hosty, d\u00edky <strong>v\u00fdkonu 1800 W konvice \u0141UCZNIK WK 2501<\/strong> je va\u0159en\u00ed rychl\u00e9, snadn\u00e9 a pohodln\u00e9.<\/p>\n<h2>Optim\u00e1ln\u00ed objem: 1,7 litru<\/h2>\n<p>S <strong>objemem 1,7 litru<\/strong> je konvice WK-2501 ide\u00e1ln\u00ed nejen na <strong>ve\u010d\u00edrky <\/strong>nebo <strong>rodinn\u00e9 oslavy<\/strong>, ale i pro <strong>ka\u017edodenn\u00ed pou\u017eit\u00ed<\/strong>.<\/p>\n<p><strong>Objem 1,7 litru<\/strong> odpov\u00edd\u00e1 p\u0159ibli\u017en\u011b <strong>6 standardn\u00edm \u0161\u00e1lk\u016fm<\/strong> nebo <strong>sklenic\u00edm<\/strong>. M\u016f\u017eete tak snadno obslou\u017eit <strong>v\u00edce host\u016f<\/strong> nebo uhasit \u017e\u00edze\u0148 cel\u00e9 rodiny bez nutnosti \u010dast\u00e9ho dopl\u0148ov\u00e1n\u00ed.<\/p>\n<h2>Spolehliv\u00fd a bezpe\u010dn\u00fd<\/h2>\n<p>Rychlovarn\u00e1 konvice \u0141ucznik WK-2501 STANDARD je z\u00e1rukou <strong>vysok\u00e9 kvality<\/strong> a <strong>bezpe\u010dnosti<\/strong>. D\u00edky <strong>dvojit\u00e9mu bezpe\u010dnostn\u00edmu syst\u00e9mu<\/strong>, <strong>automatick\u00e9mu<\/strong> otev\u00edr\u00e1n\u00ed v\u00edka a <strong>ukazateli hladiny vody<\/strong> si m\u016f\u017eete p\u0159i pou\u017e\u00edv\u00e1n\u00ed tohoto spot\u0159ebi\u010de u\u017e\u00edvat klid. Bezpe\u010dn\u00e1, praktick\u00e1 a stylov\u00e1 &#8211; v\u0161e, co pot\u0159ebujete, v jednom v\u00fdrobku.<\/p>\n<h2>Kryt &#8222;Cool touch&#8220;<\/h2>\n<p>D\u00edky <strong>inovativn\u00edmu krytu &#8222;cool touch&#8220; s<\/strong> dvojit\u00fdmi st\u011bnami zaru\u010duje konvice WK-2501 nejen bezpe\u010dnost, ale tak\u00e9 v\u00fdjime\u010dn\u00fd u\u017eivatelsk\u00fd komfort.<\/p>\n<p>Vnit\u0159n\u00ed st\u011bny konvice jsou vyrobeny z prvot\u0159\u00eddn\u00ed oceli typu 304 pro dlouhou \u017eivotnost a odolnost proti korozi a z vn\u011bj\u0161\u00ed strany z vysoce kvalitn\u00edho plastu pro tepelnou izolaci a ochranu proti pop\u00e1len\u00ed.<\/p>\n<p>Kryt &#8222;cool touch&#8220; pom\u00e1h\u00e1 <strong>udr\u017eovat teplotu vody<\/strong>. Nyn\u00ed je p\u0159\u00edprava hork\u00fdch n\u00e1poj\u016f nejen snadn\u00e1, ale tak\u00e9 bezpe\u010dn\u00e1 a p\u0159\u00edjemn\u00e1.<\/p>\n<h2>Vyj\u00edmateln\u00fd filtr proti vodn\u00edmu kameni<\/h2>\n<p>Konvice WK-2501 Standard je vybavena <strong>vyj\u00edmateln\u00fdm filtrem proti vodn\u00edmu kameni<\/strong>, kter\u00fd hraje kl\u00ed\u010dovou roli p\u0159i zaji\u0161t\u011bn\u00ed <strong>\u010dist\u00e9 vody<\/strong> a snadn\u00e9 \u00fadr\u017eby. D\u00edky <strong>vyj\u00edmateln\u00e9mu<\/strong> filtru jej m\u016f\u017eete <strong>snadno<\/strong> a <strong>rychle<\/strong> vy\u010distit od nashrom\u00e1\u017ed\u011bn\u00e9ho <strong>vodn\u00edho<\/strong> kamene a dal\u0161\u00edch ne\u010distot. <strong>Filtr<\/strong> jednodu\u0161e <strong>opl\u00e1chn\u011bte pod tekouc\u00ed<\/strong> vodou nebo jej namo\u010dte do roztoku <strong>octa<\/strong> \u010di <strong>citronov\u00e9 \u0161\u0165\u00e1vy<\/strong> a pot\u00e9 d\u016fkladn\u011b <strong>opl\u00e1chn\u011bte<\/strong>.<\/p>\n<h2>Skryt\u00e9 ploch\u00e9 topn\u00e9 t\u011bleso z nerezov\u00e9 oceli<\/h2>\n<p>Konvice je vybavena <strong>skryt\u00fdm topn\u00fdm t\u011blesem z nerezov\u00e9 oceli<\/strong>. Toto \u0159e\u0161en\u00ed zaji\u0161\u0165uje nejen <strong>dlouhou \u017eivotnost<\/strong> a <strong>v\u00fdkon<\/strong>, ale tak\u00e9 <strong>usnad\u0148uje udr\u017eov\u00e1n\u00ed spot\u0159ebi\u010de v \u010distot\u011b<\/strong>.<\/p>\n<p>Ploch\u00fd povrch topn\u00e9ho t\u011blesa <strong>sni\u017euje riziko usazov\u00e1n\u00ed vodn\u00edho kamene<\/strong>, co\u017e se projevuje ve <strong>snadn\u011bj\u0161\u00edm<\/strong> a <strong>\u00fa\u010dinn\u011bj\u0161\u00edm<\/strong> \u010di\u0161t\u011bn\u00ed. Krom\u011b toho jeho <strong>skryt\u00fd design zaji\u0161\u0165uje, \u017ee konvice vypad\u00e1 esteticky<\/strong> a usnad\u0148uje udr\u017eov\u00e1n\u00ed \u010distoty uvnit\u0159.<\/p>\n<h2>Ekologick\u00e9 \u010di\u0161t\u011bn\u00ed konvice a filtru<\/h2>\n<p>P\u0159i p\u00e9\u010di o \u017eivotn\u00ed prost\u0159ed\u00ed je dobr\u00e9 zvolit ekologick\u00e9 <strong>metody \u010di\u0161t\u011bn\u00ed<\/strong> konvice a <strong>filtru<\/strong>. Jedn\u00edm z nej\u00fa\u010dinn\u011bj\u0161\u00edch zp\u016fsob\u016f je pou\u017eit\u00ed <strong>roztoku octa<\/strong> nebo <strong>citronov\u00e9 \u0161\u0165\u00e1vy<\/strong>, co\u017e jsou <strong>p\u0159\u00edrodn\u00ed prost\u0159edky na odstra\u0148ov\u00e1n\u00ed vodn\u00edho kamene<\/strong>.<\/p>\n<p>Jednodu\u0161e napl\u0148te konvici <strong>sm\u011bs\u00ed vody<\/strong> a <strong>octa<\/strong> nebo <strong>citronov\u00e9 \u0161\u0165\u00e1vy<\/strong>, pot\u00e9 <strong>ji p\u0159eva\u0159te<\/strong> a nechte <strong>n\u011bkolik hodin<\/strong> nebo <strong>p\u0159es noc<\/strong> <strong>va\u0159it<\/strong>. Nezapome\u0148te <strong>konvici<\/strong> a <strong>filtr<\/strong> d\u016fkladn\u011b <strong>vypl\u00e1chnout<\/strong>. <strong>Pravideln\u00e9 \u010di\u0161t\u011bn\u00ed<\/strong> t\u00edmto zp\u016fsobem, jednou za n\u011bkolik m\u011bs\u00edc\u016f, udr\u017e\u00ed v\u00e1\u0161 <strong>spot\u0159ebi\u010d<\/strong> <strong>\u010dist\u00fd<\/strong> a <strong>\u00fa\u010dinn\u00fd<\/strong> a z\u00e1rove\u0148 sn\u00ed\u017e\u00ed v\u00e1\u0161 dopad na \u017eivotn\u00ed prost\u0159ed\u00ed.<\/p>\n<h2>360\u00b0 oto\u010dn\u00e1 z\u00e1kladna: pohodl\u00ed a snadn\u00e9 pou\u017e\u00edv\u00e1n\u00ed<\/h2>\n<p>Rychlovarn\u00e1 konvice \u0141ucznik WK-2501 Standard je vybavena <strong>360\u00b0 oto\u010dnou<\/strong> z\u00e1kladnou, d\u00edky n\u00ed\u017e je ovl\u00e1d\u00e1n\u00ed spot\u0159ebi\u010de mimo\u0159\u00e1dn\u011b <strong>pohodln\u00e9<\/strong> a <strong>intuitivn\u00ed<\/strong>. D\u00edky n\u00ed m\u016f\u017eete konvici um\u00edstit na podstavec v <strong>jak\u00e9koli orientaci<\/strong>, co\u017e usnad\u0148uje jej\u00ed p\u0159ipojen\u00ed k nap\u00e1jen\u00ed a <strong>pohodln\u00e9 nal\u00e9v\u00e1n\u00ed vody<\/strong>, ani\u017e byste museli ot\u00e1\u010det cel\u00fdm p\u0159\u00edstrojem.<\/p>\n<p>Mimo\u0159\u00e1dn\u011b <strong>praktick\u00e9 \u0159e\u0161en\u00ed,<\/strong> d\u00edky n\u011bmu\u017e je pou\u017e\u00edv\u00e1n\u00ed konvice je\u0161t\u011b pohodln\u011bj\u0161\u00ed a p\u0159\u00edjemn\u011bj\u0161\u00ed, a vy se tak m\u016f\u017eete soust\u0159edit na to, co je opravdu d\u016fle\u017eit\u00e9 &#8211; vychutnat si sv\u016fj obl\u00edben\u00fd n\u00e1poj.<\/p>\n<h2>Ulo\u017een\u00ed kabelu: p\u0159ehledn\u00e9 a estetick\u00e9<\/h2>\n<p>V podstavci konvice najdete <strong>funk\u010dn\u00ed p\u0159ihr\u00e1dku pro ulo\u017een\u00ed \u0161\u0148\u016fry o d\u00e9lce 70 cm<\/strong>, kter\u00e1 zaji\u0161\u0165uje nejen <strong>po\u0159\u00e1dek ve<\/strong> va\u0161em kuchy\u0148sk\u00e9m prostoru, ale tak\u00e9 <strong>estetick\u00fd vzhled spot\u0159ebi\u010de<\/strong>. D\u00edky tomuto \u0159e\u0161en\u00ed m\u016f\u017eete <strong>snadno ulo\u017eit p\u0159ebyte\u010dn\u00fd nap\u00e1jec\u00ed kabel<\/strong> a eliminovat tak zbyte\u010dn\u00fd <strong>nepo\u0159\u00e1dek na<\/strong> kuchy\u0148sk\u00e9 desce.<\/p>\n<p>D\u00edky ulo\u017een\u00ed kabelu nav\u00edc <strong>konvice vypad\u00e1 \u00fahledn\u011b<\/strong> a <strong>elegantn\u011b<\/strong>, co\u017e se dokonale hod\u00ed ke <strong>ka\u017ed\u00e9mu stylu kuchyn\u011b<\/strong>. Jedn\u00e1 se o <strong>praktick\u00e9<\/strong> a estetick\u00e9 <strong>\u0159e\u0161en\u00ed<\/strong>, kter\u00e9 zvy\u0161uje pohodl\u00ed a zp\u0159\u00edjem\u0148uje pou\u017e\u00edv\u00e1n\u00ed konvice.<\/p>\n<p>Chcete v\u00edc ne\u017e jen oby\u010dejnou rychlovarnou konvici? Vyberte si konvici \u0141UCZNIK WK-2501 STANDARD v \u010dern\u00e9 barv\u011b a dodejte sv\u00e9 kuchyni \u010distotu a styl je\u0161t\u011b dnes!<\/p>\n","protected":false},"excerpt":{"rendered":"<p>Elegantn\u00ed konvice s p\u0159\u00edkonem 1800 W. Objem 1,7 litru. Bezpe\u010dnostn\u00ed kryt Cool touch. Dvojit\u00e9 st\u011bny. Vyj\u00edmateln\u00fd filtr proti vodn\u00edmu kameni (druh\u00fd je sou\u010d\u00e1st\u00ed dod\u00e1vky). Ploch\u00e9 topn\u00e9 t\u011bleso INOX. Automatick\u00e9 vypnut\u00ed. Dvojit\u00fd bezpe\u010dnostn\u00ed syst\u00e9m.<\/p>\n","protected":false},"featured_media":12928,"comment_status":"open","ping_status":"closed","template":"","meta":[],"product_brand":[],"product_cat":[571],"product_tag":[],"class_list":{"0":"post-18541","1":"product","2":"type-product","3":"status-publish","4":"has-post-thumbnail","6":"product_cat-czajniki","8":"first","9":"instock","10":"taxable","11":"shipping-taxable","12":"purchasable","13":"product-type-variable"},"_links":{"self":[{"href":"https:\/\/gltestm.webology.pl\/cs\/wp-json\/wp\/v2\/product\/18541","targetHints":{"allow":["GET"]}}],"collection":[{"href":"https:\/\/gltestm.webology.pl\/cs\/wp-json\/wp\/v2\/product"}],"about":[{"href":"https:\/\/gltestm.webology.pl\/cs\/wp-json\/wp\/v2\/types\/product"}],"replies":[{"embeddable":true,"href":"https:\/\/gltestm.webology.pl\/cs\/wp-json\/wp\/v2\/comments?post=18541"}],"version-history":[{"count":0,"href":"https:\/\/gltestm.webology.pl\/cs\/wp-json\/wp\/v2\/product\/18541\/revisions"}],"wp:featuredmedia":[{"embeddable":true,"href":"https:\/\/gltestm.webology.pl\/cs\/wp-json\/wp\/v2\/media\/12928"}],"wp:attachment":[{"href":"https:\/\/gltestm.webology.pl\/cs\/wp-json\/wp\/v2\/media?parent=18541"}],"wp:term":[{"taxonomy":"product_brand","embeddable":true,"href":"https:\/\/gltestm.webology.pl\/cs\/wp-json\/wp\/v2\/product_brand?post=18541"},{"taxonomy":"product_cat","embeddable":true,"href":"https:\/\/gltestm.webology.pl\/cs\/wp-json\/wp\/v2\/product_cat?post=18541"},{"taxonomy":"product_tag","embeddable":true,"href":"https:\/\/gltestm.webology.pl\/cs\/wp-json\/wp\/v2\/product_tag?post=18541"}],"curies":[{"name":"wp","href":"https:\/\/api.w.org\/{rel}","templated":true}]}}