{"id":18533,"date":"2026-03-18T22:39:14","date_gmt":"2026-03-18T21:39:14","guid":{"rendered":"https:\/\/gltestm.webology.pl\/produkt\/zestaw-nici-do-maszyny-do-szycia-lucznik-mini-malwina-black\/"},"modified":"2026-03-22T22:00:10","modified_gmt":"2026-03-22T21:00:10","slug":"zestaw-nici-do-maszyny-do-szycia-lucznik-mini-malwina-black","status":"publish","type":"product","link":"https:\/\/gltestm.webology.pl\/cs\/produkt\/zestaw-nici-do-maszyny-do-szycia-lucznik-mini-malwina-black\/","title":{"rendered":"Zestaw nici do maszyny do szycia \u0141ucznik Mini MALWINA BLACK"},"content":{"rendered":"<p><!-- ####### HEY, I AM THE SOURCE EDITOR! #########--><\/p>\n<p><strong>Nit\u011b Lucznik Mini<\/strong> jsou praktickou sadou nit\u00ed \u0161pi\u010dkov\u00e9 kvality, kter\u00e9 se budou hodit v ka\u017ed\u00e9 dom\u00e1c\u00ed \u0161ic\u00ed d\u00edln\u011b. Tyto nit\u011b byly vyrobeny speci\u00e1ln\u011b pro \u0161it\u00ed na stroji. Budou tedy ide\u00e1ln\u00ed pro<strong> \u00fapravy<\/strong>, opravy a<strong> \u0161it\u00ed<\/strong> <strong>od\u011bv\u016f<\/strong>. Sada obsahuje <strong>6 c\u00edvek nit\u00ed<\/strong> v kr\u00e1sn\u00fdch barv\u00e1ch.<\/p>\n<h2>Paleta barev nit\u00ed Mini Rose<\/h2>\n<ul>\n<li>B\u00edl\u00e1: 001<\/li>\n<li>R\u016f\u017eov\u00e1: 0113, 0311, 0614, 1301<\/li>\n<li>Fialov\u00e1: 0138<\/li>\n<\/ul>\n<h2>Kreativita bez hranic<\/h2>\n<p>Nit\u011b Lucznik Mini nab\u00edzej\u00ed tak\u00e9 neomezen\u00e9 kreativn\u00ed mo\u017enosti \u0161it\u00ed. D\u00edky jejich kr\u00e1sn\u00fdm barv\u00e1m, optim\u00e1ln\u00edmu z\u00e1krutu nit\u00ed m\u016f\u017eete \u0161\u00edt bez obav z p\u0159etr\u017een\u00ed nit\u011b. Na\u0161e nit\u011b se net\u0159ep\u00ed a ne\u017emolkuj\u00ed. <strong>Hladk\u00e1 vazba<\/strong> umo\u017e\u0148uje voln\u00e9 provl\u00e9k\u00e1n\u00ed nit\u00ed v\u0161emi vodi\u010di, d\u00edky \u010demu\u017e je pr\u00e1ce mimo\u0159\u00e1dn\u011b hladk\u00e1.<\/p>\n<p>Ka\u017ed\u00e1 c\u00edvka je navinuta na tenk\u00e9m plastov\u00e9m v\u00e1le\u010dku s <strong>praktick\u00fdmi z\u00e1kladnami <\/strong>na obou stran\u00e1ch, kter\u00e9 stabilizuj\u00ed c\u00edvku na trnech stroje i p\u0159i \u0161it\u00ed t\u011bch nejslo\u017eit\u011bj\u0161\u00edch steh\u016f. Tyto nit\u011b v\u00e1m d\u00e1vaj\u00ed mo\u017enost projevit svou kreativitu a vytvo\u0159it n\u011bco jedine\u010dn\u00e9ho!<\/p>\n<h2><strong>Spolehlivost po dlouhou dobu<\/strong><\/h2>\n<p>Nit\u011b \u0159ady Mini maj\u00ed a\u017e 100 metr\u016f n\u00e1vinu na ka\u017ed\u00e9 c\u00edvce, co\u017e v\u00e1m zajist\u00ed dlouhotrvaj\u00edc\u00ed a spolehliv\u00e9 \u0161it\u00ed. Bez ohledu na to, jak dlouh\u00e9 jsou va\u0161e projekty, tyto nit\u011b vydr\u017e\u00ed hodiny precizn\u00ed pr\u00e1ce. Nyn\u00ed se m\u016f\u017eete soust\u0159edit na realizaci sv\u00e9 vize, ani\u017e byste museli p\u0159eru\u0161it pr\u00e1ci uprost\u0159ed.<\/p>\n<h2><strong>Bezpe\u010dn\u00e9 \u0161it\u00ed pro va\u0161i rodinu<\/strong><\/h2>\n<p>Bezpe\u010dnost je prioritou, zejm\u00e9na pokud jde o na\u0161i rodinu. Proto jsou na\u0161e nit\u011b ide\u00e1ln\u00ed pro \u0161it\u00ed bezpe\u010dn\u00e9ho oble\u010den\u00ed pro va\u0161e nejmen\u0161\u00ed. Jsou vyrobeny s ohledem na zdrav\u00ed a pohodl\u00ed a neobsahuj\u00ed \u017e\u00e1dn\u00e9 toxick\u00e9 ani dr\u00e1\u017ediv\u00e9 chemik\u00e1lie. Jsou tak\u00e9 ide\u00e1ln\u00ed pro alergiky a osoby s citlivost\u00ed na l\u00e1tky. Nyn\u00ed si m\u016f\u017eete b\u00fdt jisti, \u017ee oble\u010den\u00ed, kter\u00e9 u\u0161ijete, bude bezpe\u010dn\u00e9 a p\u0159\u00edjemn\u00e9 na dotek.<\/p>\n<h2><strong>Jedine\u010dn\u00e1 \u0161k\u00e1la barev<\/strong><\/h2>\n<p>Na\u0161e kolekce Mini nab\u00edz\u00ed \u0161irokou \u0161k\u00e1lu barev, kter\u00e9 jist\u011b spln\u00ed va\u0161e o\u010dek\u00e1v\u00e1n\u00ed. D\u016fle\u017eit\u00e9 je, \u017ee v\u0161echny tyto barvy jsou odoln\u00e9 proti vyblednut\u00ed p\u0159i vystaven\u00ed slune\u010dn\u00edmu z\u00e1\u0159en\u00ed, pran\u00ed a n\u011bkter\u00fdm chemick\u00fdm prost\u0159edk\u016fm. Nyn\u00ed si m\u016f\u017eete b\u00fdt jisti, \u017ee si va\u0161e vzory zachovaj\u00ed sv\u016fj kr\u00e1sn\u00fd vzhled po dlouhou dobu. Nev\u00e1hejte se pod\u00edvat na na\u0161e dal\u0161\u00ed sady. Nyn\u00ed m\u016f\u017ee b\u00fdt \u0161it\u00ed je\u0161t\u011b v\u00edce vzru\u0161uj\u00edc\u00ed a uspokojuj\u00edc\u00ed!<\/p>\n","protected":false},"excerpt":{"rendered":"<p>Sada barevn\u00fdch nit\u00ed ur\u010den\u00fdch pro \u0161ic\u00ed stroje. Pohodln\u00e9, stabiln\u00ed c\u00edvky o d\u00e9lce 100 m. V\u00fdrobn\u00ed materi\u00e1l: materi\u00e1l: 100% polyester. Typ 120.<\/p>\n","protected":false},"featured_media":15897,"comment_status":"open","ping_status":"closed","template":"","meta":[],"product_brand":[],"product_cat":[711],"product_tag":[],"class_list":{"0":"post-18533","1":"product","2":"type-product","3":"status-publish","4":"has-post-thumbnail","6":"product_cat-nici-do-maszyn","8":"first","9":"instock","10":"taxable","11":"shipping-taxable","12":"purchasable","13":"product-type-variable"},"_links":{"self":[{"href":"https:\/\/gltestm.webology.pl\/cs\/wp-json\/wp\/v2\/product\/18533","targetHints":{"allow":["GET"]}}],"collection":[{"href":"https:\/\/gltestm.webology.pl\/cs\/wp-json\/wp\/v2\/product"}],"about":[{"href":"https:\/\/gltestm.webology.pl\/cs\/wp-json\/wp\/v2\/types\/product"}],"replies":[{"embeddable":true,"href":"https:\/\/gltestm.webology.pl\/cs\/wp-json\/wp\/v2\/comments?post=18533"}],"version-history":[{"count":0,"href":"https:\/\/gltestm.webology.pl\/cs\/wp-json\/wp\/v2\/product\/18533\/revisions"}],"wp:featuredmedia":[{"embeddable":true,"href":"https:\/\/gltestm.webology.pl\/cs\/wp-json\/wp\/v2\/media\/15897"}],"wp:attachment":[{"href":"https:\/\/gltestm.webology.pl\/cs\/wp-json\/wp\/v2\/media?parent=18533"}],"wp:term":[{"taxonomy":"product_brand","embeddable":true,"href":"https:\/\/gltestm.webology.pl\/cs\/wp-json\/wp\/v2\/product_brand?post=18533"},{"taxonomy":"product_cat","embeddable":true,"href":"https:\/\/gltestm.webology.pl\/cs\/wp-json\/wp\/v2\/product_cat?post=18533"},{"taxonomy":"product_tag","embeddable":true,"href":"https:\/\/gltestm.webology.pl\/cs\/wp-json\/wp\/v2\/product_tag?post=18533"}],"curies":[{"name":"wp","href":"https:\/\/api.w.org\/{rel}","templated":true}]}}