{"id":18529,"date":"2026-03-18T22:39:14","date_gmt":"2026-03-18T21:39:14","guid":{"rendered":"https:\/\/gltestm.webology.pl\/produkt\/rychlovarna-konvice-s-regulaci-teploty-wk-2020-bila-2\/"},"modified":"2026-03-22T22:00:06","modified_gmt":"2026-03-22T21:00:06","slug":"rychlovarna-konvice-s-regulaci-teploty-wk-2020-bila-2","status":"publish","type":"product","link":"https:\/\/gltestm.webology.pl\/cs\/produkt\/rychlovarna-konvice-s-regulaci-teploty-wk-2020-bila-2\/","title":{"rendered":"Rychlovarn\u00e1 konvice s regulac\u00ed teploty WK-2020 b\u00edl\u00e1"},"content":{"rendered":"<h2><strong>Dokonal\u00e1 chu\u0165 va\u0161eho n\u00e1poje<\/strong><\/h2>\n<p>Ka\u017ed\u00fd milovn\u00edk <strong>\u010daje<\/strong> nebo <strong>k\u00e1vy<\/strong> v\u00ed, \u017ee <strong>teplota<\/strong> m\u00e1 velk\u00fd v\u00fdznam pro <strong>chu\u0165 n\u00e1poje<\/strong>. Rychlovarn\u00e1 konvice Lucznik WK-2020 s <strong>regulac\u00ed teploty<\/strong> je kl\u00ed\u010dem k dokonal\u00e9 chuti va\u0161eho obl\u00edben\u00e9ho n\u00e1poje. D\u00edky n\u00ed si m\u016f\u017eete uva\u0159it <strong>\u010daj<\/strong>, <strong>k\u00e1vu<\/strong> nebo t\u0159eba <strong>bylinky<\/strong> p\u0159i dokonale<strong> nastaven\u00e9 teplot\u011b<\/strong>, kter\u00e1 zaru\u010d\u00ed nezapomenuteln\u00fd chu\u0165ov\u00fd z\u00e1\u017eitek. Nyn\u00ed bude v\u00e1\u0161 n\u00e1poj chutnat je\u0161t\u011b l\u00e9pe ne\u017e d\u0159\u00edve!<\/p>\n<p><img fetchpriority=\"high\" decoding=\"async\" src=\"\/data\/include\/cms\/.product\/1\/8\/1781\/1.jpg\" width=\"768\" height=\"480\" \/><\/p>\n<h2><strong>Kl\u00ed\u010dov\u00e9 vlastnosti<\/strong><\/h2>\n<ul>\n<li><strong>Typ skla:<\/strong> <strong>borosilik\u00e1tov\u00e9<\/strong>, zaji\u0161\u0165uj\u00edc\u00ed trvanlivost a \u010distotu<\/li>\n<li><strong>Topn\u00e9 t\u011bleso<\/strong>: <strong>skryt\u00e9<\/strong>, pro bezpe\u010dnost a estetiku<\/li>\n<li><strong>Vodn\u00ed filtr<\/strong>: <strong>ano<\/strong>, pro vynikaj\u00edc\u00ed kvalitu n\u00e1poje<\/li>\n<li><strong>Zp\u016fsob<\/strong> otev\u00edr\u00e1n\u00ed v\u00edka: <strong>tla\u010d\u00edtko<\/strong>, rychl\u00fd a pohodln\u00fd p\u0159\u00edstup<\/li>\n<li><strong>Ukazatel<\/strong><strong>hladiny vody<\/strong>: ano, kontrola mno\u017estv\u00ed vody bez nutnosti otev\u00edr\u00e1n\u00ed<\/li>\n<li><strong>Zvukov\u00fd sign\u00e1l<\/strong>: <strong>ano<\/strong>, upozorn\u011bn\u00ed, \u017ee je n\u00e1poj p\u0159ipraven<\/li>\n<li><strong>Oto\u010dn\u00e1 z\u00e1kladna<\/strong>: <strong>ano<\/strong>, pro snadn\u00fd p\u0159\u00edstup z obou stran<\/li>\n<li><strong>LED podsv\u00edcen\u00ed<\/strong>: <strong>ano<\/strong>, elegantn\u00ed a u\u017eite\u010dn\u00e9<\/li>\n<li><strong>Regulace teploty<\/strong>: <strong>ano<\/strong>, rozsah od 60 \u00b0C do 100 \u00b0C, pro r\u016fzn\u00e9 n\u00e1poje<\/li>\n<li><strong>P\u0159\u00edkon<\/strong>: <strong>1800-2200 W<\/strong>, rychl\u00e9 va\u0159en\u00ed vody<\/li>\n<li><strong>Objem<\/strong><strong>n\u00e1dr\u017eky<\/strong>: <strong>1,8 l<\/strong>, pro n\u011bkolik \u0161\u00e1lk\u016f dokonal\u00e9ho n\u00e1poje<\/li>\n<\/ul>\n<p> <img decoding=\"async\" src=\"\/data\/include\/cms\/.product\/1\/8\/1781\/6.jpg\" alt=\"czajnik elektryczny wk-2020\" width=\"768\" height=\"480\" \/><\/p>\n<h2><strong>P\u0159esn\u00e1 regulace teploty<\/strong><\/h2>\n<p>Najd\u011bte sv\u016fj dokonal\u00fd bod chuti d\u00edky regulaci<strong> teploty<\/strong> konvice WK-2020. Nyn\u00ed si m\u016f\u017eete vychutnat \u010daj, yerba mat\u00e9, zelen\u00fd \u010daj nebo aromatick\u00e9 bylinky v jejich pln\u00e9 kr\u00e1se. Nen\u00ed to jen konvice, je to v\u00e1\u0161 osobn\u00ed barista, p\u0159ipraven\u00fd p\u0159izp\u016fsobit se va\u0161im preferenc\u00edm.<\/p>\n<p><strong>Panel pro volbu<\/strong> teploty \u010din\u00ed tento proces neuv\u011b\u0159iteln\u011b jednoduch\u00fdm. Dotykem tla\u010d\u00edtka <strong>zapnut\u00ed\/vypnut\u00ed<\/strong> a jeho podr\u017een\u00edm po dobu<strong> 3 sekund<\/strong> aktivujete <strong>funkci udr\u017eov\u00e1n\u00ed teploty<\/strong>. Ta udr\u017e\u00ed vodu dokonale teplou, dokud nebudete p\u0159ipraveni na sv\u016fj obl\u00edben\u00fd n\u00e1poj. Ka\u017ed\u00e1 <strong>teplota<\/strong> m\u00e1 sv\u016fj jedine\u010dn\u00fd<strong> barevn\u00fd odst\u00edn<\/strong>.<\/p>\n<p><strong><img decoding=\"async\" src=\"\/data\/include\/cms\/.product\/5\/5\/1155\/5.jpg\" alt=\"regulacja temperatury\" width=\"768\" height=\"480\" \/><br \/><\/strong><\/p>\n<h2><strong>Pohodln\u00fd a funk\u010dn\u00ed design<\/strong><\/h2>\n<p>Jeho <strong>elegantn\u00ed design<\/strong> je nejen poutav\u00fd, ale tak\u00e9 spl\u0148uje v\u0161echny va\u0161e pot\u0159eby. <\/p>\n<p><strong>Vestav\u011bn\u00fd<\/strong> vodn\u00ed <strong>filtr<\/strong> <strong>zlep\u0161uje kvalitu<\/strong> va\u0161eho n\u00e1poje t\u00edm, \u017ee odstra\u0148uje ne\u017e\u00e1douc\u00ed <strong>ne\u010distoty<\/strong>. Velk\u00e1 kapacita n\u00e1dr\u017eky<strong>(1,8 l<\/strong>) umo\u017e\u0148uje p\u0159ipravit a\u017e <strong>6-7 \u0161\u00e1lk\u016f n\u00e1poje<\/strong>, co\u017e je ide\u00e1ln\u00ed pro setk\u00e1n\u00ed s p\u0159\u00e1teli nebo rodinou.<\/p>\n<p>Cel\u00e1 je usazena na <strong>360stup\u0148ov\u00e9 oto\u010dn\u00e9 z\u00e1kladn\u011b<\/strong>, co\u017e znamen\u00e1, \u017ee ji m\u016f\u017eete pohodln\u011b pou\u017e\u00edvat z obou stran. <strong>D\u00edky snadn\u00e9mu \u010di\u0161t\u011bn\u00ed je<\/strong> nav\u00edc konvice je\u0161t\u011b u\u017eivatelsky p\u0159\u00edv\u011btiv\u011bj\u0161\u00ed. <\/p>\n<p> <img loading=\"lazy\" decoding=\"async\" src=\"\/data\/include\/cms\/.product\/1\/8\/1781\/14.jpg\" alt=\"czajnik elektryczny wk-2020\" width=\"768\" height=\"480\" \/><\/p>\n<h2><strong>V\u00e1\u0161 kl\u00ed\u010dov\u00fd n\u00e1stroj pro dokonal\u00e9 n\u00e1poje<\/strong><\/h2>\n<p>Rychlovarn\u00e1 konvice WK-2020 je <strong>nepostradateln\u00fdm spole\u010dn\u00edkem<\/strong> pro va\u0161e chv\u00edle odpo\u010dinku a setk\u00e1n\u00ed s bl\u00edzk\u00fdmi. Jej\u00ed funkce v\u00e1m umo\u017en\u00ed vychutnat si <strong>dokonalou chu\u0165<\/strong> n\u00e1poj\u016f, p\u0159izp\u016fsobenou va\u0161im chut\u00edm.<\/p>\n<p><strong>P\u0159esn\u00e1<\/strong> regulace teploty, <strong>funk\u010dn\u00ed<\/strong> design, <strong>vysok\u00e1 kvalita<\/strong> a 24m\u011bs\u00ed\u010dn\u00ed z\u00e1ruka jsou jen n\u011bkter\u00e9 z p\u0159ednost\u00ed tohoto p\u0159\u00edstroje. Nyn\u00ed m\u016f\u017eete hrd\u011b serv\u00edrovat \u010daj, k\u00e1vu a dal\u0161\u00ed n\u00e1poje, kter\u00e9 pot\u011b\u0161\u00ed va\u0161e hosty.<\/p>\n<p>Rychlovarn\u00e1 konvice WK-2020 &#8211; je v\u00edce ne\u017e jen spot\u0159ebi\u010d. Je to v\u00e1\u0161 n\u00e1stroj pro vytv\u00e1\u0159en\u00ed nezapomenuteln\u00fdch chu\u0165ov\u00fdch z\u00e1\u017eitk\u016f.<\/p>\n<p><img loading=\"lazy\" decoding=\"async\" src=\"\/data\/include\/cms\/.product\/1\/8\/1781\/19.jpg\" alt=\"czajnik elektryczny wk-2020\" width=\"768\" height=\"480\" \/><\/p>\n","protected":false},"excerpt":{"rendered":"<p>Rychlovarn\u00e1 konvice WK-2020 s regulac\u00ed teploty m\u00e1 u\u017eite\u010dnou funkci udr\u017eov\u00e1n\u00ed teploty a panel pro v\u00fdb\u011br optim\u00e1ln\u00ed teploty n\u00e1poje (barevn\u00e9 LED podsv\u00edcen\u00ed). D\u00edky n\u00ed bude v\u00e1\u0161 obl\u00edben\u00fd n\u00e1poj chutnat dokonale!<\/p>\n","protected":false},"featured_media":15762,"comment_status":"open","ping_status":"closed","template":"","meta":[],"product_brand":[],"product_cat":[571],"product_tag":[],"class_list":{"0":"post-18529","1":"product","2":"type-product","3":"status-publish","4":"has-post-thumbnail","6":"product_cat-czajniki","8":"first","9":"outofstock","10":"taxable","11":"shipping-taxable","12":"purchasable","13":"product-type-variable"},"_links":{"self":[{"href":"https:\/\/gltestm.webology.pl\/cs\/wp-json\/wp\/v2\/product\/18529","targetHints":{"allow":["GET"]}}],"collection":[{"href":"https:\/\/gltestm.webology.pl\/cs\/wp-json\/wp\/v2\/product"}],"about":[{"href":"https:\/\/gltestm.webology.pl\/cs\/wp-json\/wp\/v2\/types\/product"}],"replies":[{"embeddable":true,"href":"https:\/\/gltestm.webology.pl\/cs\/wp-json\/wp\/v2\/comments?post=18529"}],"version-history":[{"count":0,"href":"https:\/\/gltestm.webology.pl\/cs\/wp-json\/wp\/v2\/product\/18529\/revisions"}],"wp:featuredmedia":[{"embeddable":true,"href":"https:\/\/gltestm.webology.pl\/cs\/wp-json\/wp\/v2\/media\/15762"}],"wp:attachment":[{"href":"https:\/\/gltestm.webology.pl\/cs\/wp-json\/wp\/v2\/media?parent=18529"}],"wp:term":[{"taxonomy":"product_brand","embeddable":true,"href":"https:\/\/gltestm.webology.pl\/cs\/wp-json\/wp\/v2\/product_brand?post=18529"},{"taxonomy":"product_cat","embeddable":true,"href":"https:\/\/gltestm.webology.pl\/cs\/wp-json\/wp\/v2\/product_cat?post=18529"},{"taxonomy":"product_tag","embeddable":true,"href":"https:\/\/gltestm.webology.pl\/cs\/wp-json\/wp\/v2\/product_tag?post=18529"}],"curies":[{"name":"wp","href":"https:\/\/api.w.org\/{rel}","templated":true}]}}