{"id":18525,"date":"2026-03-18T22:39:13","date_gmt":"2026-03-18T21:39:13","guid":{"rendered":"https:\/\/gltestm.webology.pl\/produkt\/cerne-hroty-sg-011-pro-sonicky-zubni-kartacek-sg-516-a-sg-515\/"},"modified":"2026-03-22T21:57:07","modified_gmt":"2026-03-22T20:57:07","slug":"cerne-hroty-sg-011-pro-sonicky-zubni-kartacek-sg-516-a-sg-515","status":"publish","type":"product","link":"https:\/\/gltestm.webology.pl\/cs\/produkt\/cerne-hroty-sg-011-pro-sonicky-zubni-kartacek-sg-516-a-sg-515\/","title":{"rendered":"\u010cern\u00e9 hroty SG-011 pro sonick\u00fd zubn\u00ed kart\u00e1\u010dek SG-516 a SG-515"},"content":{"rendered":"<h2><strong>\u010cern\u00e9 hroty <span>SG-011 <\/span>pro sonick\u00fd zubn\u00ed kart\u00e1\u010dek SG- 516.<\/strong><\/h2>\n<p>Sada dvou \u0161pi\u010dek <span>SG-011 <\/span>pro cestovn\u00ed sonick\u00fd zubn\u00ed kart\u00e1\u010dek Lucznik <strong>SG-516<\/strong> v \u010dern\u00e9 barv\u011b. Jsou vhodn\u00e9 tak\u00e9 pro zubn\u00ed kart\u00e1\u010dky Lucznik <strong>SG-515<\/strong> a <strong>SG-508<\/strong>.<\/p>\n<p>\u0160pi\u010dky se vyzna\u010duj\u00ed m\u011bkk\u00fdmi \u0161t\u011btinami, speci\u00e1ln\u011b tvarovan\u00fdmi pro sonick\u00fd zubn\u00ed kart\u00e1\u010dek, kter\u00e9 umo\u017e\u0148uj\u00ed d\u016fkladn\u00e9 \u010di\u0161t\u011bn\u00ed zub\u016f a d\u00e1sn\u00ed. Na v\u00fdrobu \u0161t\u011btin \u0161pi\u010dek zubn\u00edch kart\u00e1\u010dk\u016f byla pou\u017eita<strong> b\u011bl\u00edc\u00ed vl\u00e1kna DUPONT,<\/strong> kter\u00e1 umo\u017e\u0148uj\u00ed je\u0161t\u011b b\u011blej\u0161\u00ed a zdrav\u011bj\u0161\u00ed \u00fasm\u011bv.<\/p>\n<p>\u0160pi\u010dky sonick\u00e9ho zubn\u00edho kart\u00e1\u010dku by se m\u011bly pravideln\u011b vym\u011b\u0148ovat, p\u0159ibli\u017en\u011b <strong>ka\u017ed\u00e9 3 m\u011bs\u00edce<\/strong>.<\/p>\n<p>Sada obsahuje <strong>2 ks \u0161pi\u010dek SG-011<\/strong>.<\/p>\n<h2><strong>Pro\u010d je sonick\u00fd zubn\u00ed kart\u00e1\u010dek nejlep\u0161\u00edm p\u0159\u00edstrojem pro ka\u017edodenn\u00ed p\u00e9\u010di o zuby?<\/strong><\/h2>\n<p>Jen m\u00e1lo v\u011bc\u00ed na vzhledu \u010dlov\u011bka upout\u00e1 pozornost v\u00edce ne\u017e \u0161irok\u00fd a sn\u011bhob\u00edl\u00fd \u00fasm\u011bv. Kr\u00e1sn\u00fd \u00fasm\u011bv je v\u0161ak p\u0159edev\u0161\u00edm zdrav\u00fd \u00fasm\u011bv. Zdrav\u00ed zub\u016f zase vy\u017eaduje velkou pozornost a p\u00e9\u010di. <\/p>\n<p>Abychom od zuba\u0159e nikdy nesly\u0161eli nep\u0159\u00edjemn\u00e1 slova jako &#8222;paradent\u00f3za&#8220;, &#8222;vrt\u00e1n\u00ed&#8220; nebo &#8222;kazy&#8220;, je nutn\u00e9 (krom\u011b pravideln\u00fdch prohl\u00eddek) \u0159\u00e1dn\u011b a denn\u011b pe\u010dovat o \u00fastn\u00ed hygienu &#8211; zuby je t\u0159eba d\u016fkladn\u011b \u010distit kart\u00e1\u010dkem a zubn\u00ed nit\u00ed. Doporu\u010duje se tak\u00e9 \u010di\u0161t\u011bn\u00ed jazyka a vyplachov\u00e1n\u00ed \u00fast. To zd\u00e1nliv\u011b v\u00ed ka\u017ed\u00fd z n\u00e1s, a p\u0159esto se k dne\u0161n\u00edmu dni probl\u00e9my se zubn\u00edm kazem objevuj\u00ed u 9 z 10 Pol\u00e1k\u016f. To zase znamen\u00e1, \u017ee n\u011bco d\u011bl\u00e1me \u0161patn\u011b. <\/p>\n<p><strong>Elektrick\u00fd<\/strong> zubn\u00ed kart\u00e1\u010dek nebo <strong>sonick\u00fd<\/strong> zubn\u00ed kart\u00e1\u010dek m\u016f\u017ee pomoci tento probl\u00e9m odstranit. <strong>Elektrick\u00e9 zubn\u00ed<\/strong> kart\u00e1\u010dky jsou na trhu ji\u017e dlouho, a jsou proto v\u0161eobecn\u011b zn\u00e1m\u00e9, ale <strong>sonick\u00fd<\/strong> zubn\u00ed kart\u00e1\u010dek je n\u011bco jako novinka, ke kter\u00e9 nev\u00edme, jak se postavit. Jak tedy<strong> sonick\u00fd zubn\u00ed kart\u00e1\u010dek<\/strong>funguje? No, jeho fungov\u00e1n\u00ed je zalo\u017eeno na kombinaci dvou prvk\u016f &#8211; prov\u00e1d\u011bn\u00ed \u0161vihov\u00fdch pohyb\u016f a vys\u00edl\u00e1n\u00ed vysokofrekven\u010dn\u00edch zvukov\u00fdch vln.<\/p>\n<p>\u0160t\u011btiny p\u0159\u00edstroje se pohybuj\u00ed rychlost\u00ed v\u00edce ne\u017e 38 000 pohyb\u016f za minutu. To je opravdu hodn\u011b &#8211; u popul\u00e1rn\u011bj\u0161\u00edch elektrick\u00fdch zubn\u00edch kart\u00e1\u010dk\u016f je to obvykle kolem 8 000 pohyb\u016f za minutu. V kombinaci s vys\u00edlan\u00fdmi zvukov\u00fdmi vlnami tak vznik\u00e1 tzv. aktivn\u00ed oblak, kter\u00fd si lze p\u0159edstavit jako jak\u00e9si &#8222;\u010distic\u00ed silov\u00e9 pole&#8220; Jedn\u00e1 se o oblast, kter\u00e1 sah\u00e1 3-5 mm od \u0161pi\u010dky vl\u00e1ken a umo\u017e\u0148uje snadn\u00e9 a \u00fa\u010dinn\u00e9 \u010di\u0161t\u011bn\u00ed t\u011b\u017eko p\u0159\u00edstupn\u00fdch m\u00edst v \u00fastech. <\/p>\n<p>Co je na n\u011bm tak skv\u011bl\u00e9ho? Inu, <strong>sonick\u00fd zubn\u00ed<\/strong> kart\u00e1\u010dek dokonale vy\u010dist\u00ed nejen p\u0159irozen\u011b t\u011b\u017eko p\u0159\u00edstupn\u00e1 m\u00edsta v \u00fastech, jako jsou prostory mezi zuby, ale tak\u00e9 oblast kolem rovn\u00e1tek. Skv\u011ble \u010dist\u00ed zuby jak od zbytk\u016f j\u00eddla, tak (p\u0159i pravideln\u00e9m pou\u017e\u00edv\u00e1n\u00ed) od pevn\u00fdch ne\u010distot, jako je zubn\u00ed k\u00e1men, plak nebo usazeniny z k\u00e1vy a \u010daje. <\/p>\n<p>Co je nem\u00e9n\u011b d\u016fle\u017eit\u00e9, d\u00edky jemn\u00fdm \u0161t\u011btin\u00e1m a zametac\u00edm pohyb\u016fm nevede \u010di\u0161t\u011bn\u00ed zub\u016f <strong>sonick\u00fdm p\u0159\u00edstrojem<\/strong> k \u00fastupu d\u00e1sn\u00ed, co\u017e je obzvl\u00e1\u0161t\u011b d\u016fle\u017eit\u00e9, pokud si chcete zachovat kr\u00e1sn\u00fd a p\u0159irozen\u00fd \u00fasm\u011bv po mnoho let, a co v\u00edc, <strong>sonick\u00e9<\/strong> <strong>zubn\u00ed kart\u00e1\u010dky<\/strong> mohou s \u00fasp\u011bchem pou\u017e\u00edvat i lid\u00e9 trp\u00edc\u00ed paradent\u00f3zou.<strong><br \/><\/strong><\/p>\n","protected":false},"excerpt":{"rendered":"<p>N\u00e1hradn\u00ed hroty pro sonick\u00fd zubn\u00ed kart\u00e1\u010dek. \u0160pi\u010dky lze pou\u017e\u00edt v zubn\u00edch kart\u00e1\u010dc\u00edch SG-516, SG-515 a SG-508<\/p>\n","protected":false},"featured_media":14104,"comment_status":"open","ping_status":"closed","template":"","meta":[],"product_brand":[],"product_cat":[676],"product_tag":[],"class_list":{"0":"post-18525","1":"product","2":"type-product","3":"status-publish","4":"has-post-thumbnail","6":"product_cat-soniczne-szczoteczki-do-zebow","8":"first","9":"instock","10":"taxable","11":"shipping-taxable","12":"purchasable","13":"product-type-variable"},"_links":{"self":[{"href":"https:\/\/gltestm.webology.pl\/cs\/wp-json\/wp\/v2\/product\/18525","targetHints":{"allow":["GET"]}}],"collection":[{"href":"https:\/\/gltestm.webology.pl\/cs\/wp-json\/wp\/v2\/product"}],"about":[{"href":"https:\/\/gltestm.webology.pl\/cs\/wp-json\/wp\/v2\/types\/product"}],"replies":[{"embeddable":true,"href":"https:\/\/gltestm.webology.pl\/cs\/wp-json\/wp\/v2\/comments?post=18525"}],"version-history":[{"count":0,"href":"https:\/\/gltestm.webology.pl\/cs\/wp-json\/wp\/v2\/product\/18525\/revisions"}],"wp:featuredmedia":[{"embeddable":true,"href":"https:\/\/gltestm.webology.pl\/cs\/wp-json\/wp\/v2\/media\/14104"}],"wp:attachment":[{"href":"https:\/\/gltestm.webology.pl\/cs\/wp-json\/wp\/v2\/media?parent=18525"}],"wp:term":[{"taxonomy":"product_brand","embeddable":true,"href":"https:\/\/gltestm.webology.pl\/cs\/wp-json\/wp\/v2\/product_brand?post=18525"},{"taxonomy":"product_cat","embeddable":true,"href":"https:\/\/gltestm.webology.pl\/cs\/wp-json\/wp\/v2\/product_cat?post=18525"},{"taxonomy":"product_tag","embeddable":true,"href":"https:\/\/gltestm.webology.pl\/cs\/wp-json\/wp\/v2\/product_tag?post=18525"}],"curies":[{"name":"wp","href":"https:\/\/api.w.org\/{rel}","templated":true}]}}