{"id":18517,"date":"2026-03-18T22:39:12","date_gmt":"2026-03-18T21:39:12","guid":{"rendered":"https:\/\/gltestm.webology.pl\/produkt\/stojanovy-vysavac-2-v-1-lucznik-op-2019\/"},"modified":"2026-03-22T21:58:07","modified_gmt":"2026-03-22T20:58:07","slug":"stojanovy-vysavac-2-v-1-lucznik-op-2019","status":"publish","type":"product","link":"https:\/\/gltestm.webology.pl\/cs\/produkt\/stojanovy-vysavac-2-v-1-lucznik-op-2019\/","title":{"rendered":"Stojanov\u00fd vysava\u010d 2 v 1 Lucznik OP-2019"},"content":{"rendered":"<h2>Stojanov\u00fd vysava\u010d OP-2019 2 v 1 &#8211; spolehliv\u00fd a praktick\u00fd <\/h2>\n<p>Vysava\u010d<strong>Lucznik OP-2019 2 v 1<\/strong> m\u00e1 <strong>p\u0159\u00edkon 115 W <\/strong>. Noha vysava\u010de Lucznik OP-2019 je vybavena oto\u010dnou konstrukc\u00ed o 135 a 180 stup\u0148\u016f, co\u017e v\u00e1m d\u00e1v\u00e1 mo\u017enost vys\u00e1vat pod r\u016fzn\u00fdmi \u00fahly a usnad\u0148uje vys\u00e1v\u00e1n\u00ed pod n\u00e1bytkem a v roz\u00edch. LED osv\u011btlen\u00ed na kart\u00e1\u010di osv\u011btluje ukl\u00edzen\u00fd povrch, co\u017e v\u00fdrazn\u011b usnad\u0148uje \u00faklid pod postelemi nebo knihovnami. Dokovac\u00ed stanice, kam m\u016f\u017eeme vysava\u010d um\u00edstit pro uskladn\u011bn\u00ed a nab\u00edjen\u00ed.<\/p>\n<h2>Kl\u00ed\u010dov\u00e9 vlastnosti vysava\u010de OP-2019<\/h2>\n<ul>\n<li>P\u0159\u00edkon <strong>vysava\u010de<\/strong> &#8211; <strong>115 W<\/strong> <\/li>\n<li>A\u017e 60<strong> minut nep\u0159etr\u017eit\u00e9ho<\/strong> provozu <\/li>\n<li><strong>2 \u00farovn\u011b v\u00fdkonu <\/strong><\/li>\n<li><strong>EPA filtr<\/strong><\/li>\n<li>Pohodln\u00e1<strong>skl\u00e1dac\u00ed rukoje\u0165<\/strong> <\/li>\n<li>Pracovn\u00ed \u00fahly: <strong>90<\/strong> stup\u0148\u016f, <strong>135<\/strong> stup\u0148\u016f <strong>180<\/strong> stup\u0148\u016f<\/li>\n<li>0.n\u00e1dr\u017e na<strong>prach<\/strong> o<strong>objemu 5 l<\/strong>    n\u00e1dr\u017e na<strong>prach<\/strong> <\/li>\n<li><strong>Osv\u011btlen\u00ed<\/strong> pracovn\u00ed plochy <strong>LED dioda<\/strong><\/li>\n<li>Maxim\u00e1ln\u00ed hlu\u010dnost <strong>80 dB<\/strong><\/li>\n<li>Nap\u00e1jen\u00ed lithium-iontov\u00e1 baterie  kapacita<strong>2000 mAh<\/strong> <\/li>\n<li>Doba nab\u00edjen\u00ed 4-6 hodin<\/li>\n<li>z\u00e1ruka<strong>24 m\u011bs\u00edc\u016f<\/strong> <\/li>\n<\/ul>\n<h2>Standardn\u00ed v\u00fdbava<\/h2>\n<ul>\n<li>odn\u00edmateln\u00fd <strong>ru\u010dn\u00ed vysava\u010d<\/strong><\/li>\n<li>hubice na<strong>\u010daloun\u011bn\u00ed<\/strong> <\/li>\n<li><strong>\u0161t\u011brbinov\u00e1<\/strong> hubice<\/li>\n<li><strong>nap\u00e1jec\u00ed zdroj<\/strong><\/li>\n<li>n\u00e1vod k <strong>pou\u017eit\u00ed<\/strong> v pol\u0161tin\u011b<\/li>\n<\/ul>\n<h2>Vysava\u010d 2v1<\/h2>\n<p>Vysava\u010d \u0141ucznik OP-2019 2 v 1 m\u00e1 2 pracovn\u00ed rychlosti, tak\u017ee je mo\u017en\u00e9 p\u0159izp\u016fsobit provoz p\u0159\u00edstroje aktu\u00e1ln\u00edm pot\u0159eb\u00e1m a tak\u00e9 prodlou\u017eit dobu provozu. Na jedno nabit\u00ed m\u016f\u017ee vysava\u010d Lucznik OP-2019 pracovat nep\u0159etr\u017eit\u011b a\u017e hodinu. Doba nab\u00edjen\u00ed je 4-6 hodin.<\/p>\n<p>Vysava\u010d Lucznik OP-2019 2 v 1 se snadno pou\u017e\u00edv\u00e1, je velmi lehk\u00fd a kompaktn\u00ed. D\u00edky praktick\u00e9 skl\u00e1dac\u00ed rukojeti a kompaktn\u00edm rozm\u011br\u016fm jej po pou\u017eit\u00ed jednodu\u0161e ulo\u017e\u00edte do sk\u0159\u00edn\u011b nebo z\u00e1suvky.<\/p>\n<h2>EPA filtr a turbokart\u00e1\u010d<\/h2>\n<p>Je vybaven vym\u011bniteln\u00fdm a \u010distiteln\u00fdm a opakovan\u011b pou\u017eiteln\u00fdm EPA filtrem. Turbokart\u00e1\u010d se spir\u00e1lovit\u00fdmi \u0161t\u011btinami umo\u017e\u0148uje d\u016fkladn\u011bj\u0161\u00ed a \u00fa\u010dinn\u011bj\u0161\u00ed \u010di\u0161t\u011bn\u00ed.<\/p>\n<h2>z\u00e1ruka 24 m\u011bs\u00edc\u016f<\/h2>\n<p>Na vysava\u010d Lucznik OP-2019 2 v 1 se vztahuje z\u00e1ruka 24 m\u011bs\u00edc\u016f. P\u0159\u00edstupn\u00fd manu\u00e1l, kter\u00fd je sou\u010d\u00e1st\u00ed balen\u00ed, je ps\u00e1n v pol\u0161tin\u011b a angli\u010dtin\u011b. N\u00e1vod je t\u0159eba si p\u0159e\u010d\u00edst p\u0159ed prvn\u00edm pou\u017eit\u00edm p\u0159\u00edstroje.<\/p>\n","protected":false},"excerpt":{"rendered":"<p>Skl\u00e1dac\u00ed akumul\u00e1torov\u00fd vysava\u010d OP-2019 2 v 1. N\u00e1stupce zn\u00e1m\u00e9ho a obl\u00edben\u00e9ho modelu OP-2018 je vybaven v\u00fdkonn\u011bj\u0161\u00edm motorem a kapacitn\u011bj\u0161\u00ed bateri\u00ed.<\/p>\n","protected":false},"featured_media":13188,"comment_status":"open","ping_status":"closed","template":"","meta":[],"product_brand":[],"product_cat":[631],"product_tag":[],"class_list":{"0":"post-18517","1":"product","2":"type-product","3":"status-publish","4":"has-post-thumbnail","6":"product_cat-odkurzacze","8":"first","9":"instock","10":"taxable","11":"shipping-taxable","12":"purchasable","13":"product-type-variable"},"_links":{"self":[{"href":"https:\/\/gltestm.webology.pl\/cs\/wp-json\/wp\/v2\/product\/18517","targetHints":{"allow":["GET"]}}],"collection":[{"href":"https:\/\/gltestm.webology.pl\/cs\/wp-json\/wp\/v2\/product"}],"about":[{"href":"https:\/\/gltestm.webology.pl\/cs\/wp-json\/wp\/v2\/types\/product"}],"replies":[{"embeddable":true,"href":"https:\/\/gltestm.webology.pl\/cs\/wp-json\/wp\/v2\/comments?post=18517"}],"version-history":[{"count":0,"href":"https:\/\/gltestm.webology.pl\/cs\/wp-json\/wp\/v2\/product\/18517\/revisions"}],"wp:featuredmedia":[{"embeddable":true,"href":"https:\/\/gltestm.webology.pl\/cs\/wp-json\/wp\/v2\/media\/13188"}],"wp:attachment":[{"href":"https:\/\/gltestm.webology.pl\/cs\/wp-json\/wp\/v2\/media?parent=18517"}],"wp:term":[{"taxonomy":"product_brand","embeddable":true,"href":"https:\/\/gltestm.webology.pl\/cs\/wp-json\/wp\/v2\/product_brand?post=18517"},{"taxonomy":"product_cat","embeddable":true,"href":"https:\/\/gltestm.webology.pl\/cs\/wp-json\/wp\/v2\/product_cat?post=18517"},{"taxonomy":"product_tag","embeddable":true,"href":"https:\/\/gltestm.webology.pl\/cs\/wp-json\/wp\/v2\/product_tag?post=18517"}],"curies":[{"name":"wp","href":"https:\/\/api.w.org\/{rel}","templated":true}]}}