{"id":18505,"date":"2026-03-18T22:39:11","date_gmt":"2026-03-18T21:39:11","guid":{"rendered":"https:\/\/gltestm.webology.pl\/produkt\/sklenena-rychlovarna-konvice-pk-2018-cerna-2\/"},"modified":"2026-03-22T21:55:24","modified_gmt":"2026-03-22T20:55:24","slug":"sklenena-rychlovarna-konvice-pk-2018-cerna-2","status":"publish","type":"product","link":"https:\/\/gltestm.webology.pl\/cs\/produkt\/sklenena-rychlovarna-konvice-pk-2018-cerna-2\/","title":{"rendered":"Sklen\u011bn\u00e1 rychlovarn\u00e1 konvice PK-2018 &#8211; \u010dern\u00e1"},"content":{"rendered":"<h2><strong>Rychlovarn\u00e1 konvice Premium PK-2018<\/strong><\/h2>\n<p>Je dobr\u00e9 m\u00edt kolem sebe kr\u00e1sn\u00e9 v\u011bci &#8211; d\u00edky nim se c\u00edt\u00edme l\u00e9pe a \u0161\u0165astn\u011bji. Pokud se nav\u00edc jejich kr\u00e1sa spoj\u00ed s kvalitou, z\u00edsk\u00e1te kombinaci, kter\u00e1 v\u00e1m zaru\u010d\u00ed maxim\u00e1ln\u00ed pohodl\u00ed. Takov\u00e1 je <strong>rychlovarn\u00e1 konvice \u0141ucznik Premium PK-2018<\/strong>.<\/p>\n<p>U\u017e prvn\u00ed pohled na konvici \u0141ucznik <strong>Premium PK-2018<\/strong> sta\u010d\u00ed k tomu, abyste si uv\u011bdomili, \u017ee m\u00e1me co do \u010din\u011bn\u00ed s v\u00fdjime\u010dn\u00fdm za\u0159\u00edzen\u00edm. Fotografie nevystihuj\u00ed jej\u00ed <strong>okouzluj\u00edc\u00ed<\/strong> dojem. P\u0159edev\u0161\u00edm vyvol\u00e1v\u00e1 asociaci se slavnou \u010dernou kabelkou na \u0159et\u00edzku, kterou zpopularizovala Coco Chanel &#8211; tento dojem vyvol\u00e1vaj\u00ed <strong>elegantn\u00ed ozdobn\u00e9 dr\u00e1\u017eky pl\u00e1\u0161t\u011b<\/strong>, kter\u00e9 klamn\u011b p\u0159ipom\u00ednaj\u00ed tvar jej\u00edch pro\u0161\u00edvan\u00fdch pali\u010dek. Ty byly um\u00edst\u011bny v podstavci a u v\u00edka, \u010d\u00edm\u017e p\u0159\u00edjemn\u011b dotv\u00e1\u0159ej\u00ed celou kompozici. Tohle nen\u00ed oby\u010dejn\u00e1 konvice &#8211; tohle je konvice na \u00farovni! Um\u00edst\u011bte ji na n\u00e1padn\u00e9 m\u00edsto ve sv\u00e9 kuchyni a dod\u00e1 j\u00ed to na eleganci jako \u0161pendl\u00edky no\u0161en\u00e9 do &#8222;mal\u00e9 \u010dern\u00e9&#8220;.<\/p>\n<p>Kr\u00e1sa je v\u0161ak pouze p\u0159idanou hodnotou konvice <strong>Lucznik Premium PK-2018 <\/strong> <strong>. <\/strong>Kvalitu elektrick\u00e9ho spot\u0159ebi\u010de ur\u010duje p\u0159edev\u0161\u00edm kvalita jeho sou\u010d\u00e1st\u00ed. Proto jsme se rozhodli vybavit ji <strong>syst\u00e9mem Strix<\/strong>, co\u017e je kvalitn\u00ed zna\u010dkov\u00fd regul\u00e1tor, kter\u00fd m\u00e1 na starosti p\u0159enos energie mezi p\u0159\u00edstrojem a jeho z\u00e1kladnou. D\u00edky tomuto \u0159e\u0161en\u00ed je \u017eivotnost p\u0159\u00edstroje del\u0161\u00ed, co\u017e pro v\u00e1s znamen\u00e1 nejen v\u011bt\u0161\u00ed spokojenost, ale tak\u00e9 \u00fasporu! <\/p>\n<p><strong>Topn\u00e9 t\u011bleso<\/strong> konvice <strong>Lucznik Premium PK-2018<\/strong> je d\u016fmysln\u011b <strong>ukryto v nerezov\u00e9<\/strong> z\u00e1kladn\u011b, tak\u017ee m\u00e1te pln\u00fd p\u0159ehled o obsahu ve sklen\u011bn\u00e9 n\u00e1dr\u017ece. Jakmile zapnete oh\u0159ev, okam\u017eit\u011b se zespodu rozsv\u00edt\u00ed jemn\u00e9 osv\u011btlen\u00ed, kter\u00e9 signalizuje, \u017ee spot\u0159ebi\u010d pracuje, a upozor\u0148uje na pozoruhodn\u00fd pohled, kter\u00fd se v\u00e1m naskytne. Jak \u010das plyne a va\u0159en\u00ed se bl\u00ed\u017e\u00ed k varu, p\u0159ed va\u0161ima o\u010dima se odehraje skute\u010dn\u00e1 pod\u00edvan\u00e1 pln\u00e1 sv\u011btla a vody.<\/p>\n<p><strong>Oto\u010dn\u00e1 kulat\u00e1 z\u00e1kladna<\/strong> konvice <strong>Lucznik Premium PK-2018 <\/strong>v\u00e1m umo\u017en\u00ed um\u00edstit ji kdekoli v kuchyni nebo pracovn\u011b a pohodln\u011b p\u0159istupovat k jej\u00ed rukojeti z obou stran &#8211; \u0159e\u0161en\u00ed vhodn\u00e9 pro lev\u00e1ky! Samotn\u00e1 rukoje\u0165 je navr\u017eena tak, aby maximalizovala va\u0161i bezpe\u010dnost. Nezah\u0159\u00edv\u00e1 se a d\u00edky sv\u00e9mu tvaru dob\u0159e padne do ruky a minimalizuje riziko pop\u00e1len\u00ed p\u00e1rou. <\/p>\n<p>Bezpe\u010dnost pou\u017e\u00edv\u00e1n\u00ed konvice <strong>Lucznik Premium PK-2018 <\/strong>zvy\u0161uje tak\u00e9 <strong>funkce ochrany proti p\u0159eh\u0159\u00e1t\u00ed<\/strong>, kter\u00e1 zabr\u00e1n\u00ed p\u0159ep\u00e1len\u00ed mechanismu.<\/p>\n<p>N\u00e1dr\u017eka na vodu konvice Lucznik <strong>Premium PK-2018 <\/strong>je vyrobena z <strong>borosilikonov\u00e9ho skla <\/strong>, kter\u00e9 se vyzna\u010duje vysokou toleranc\u00ed v\u016f\u010di zm\u011bn\u00e1m teploty a odolnost\u00ed v\u016f\u010di n\u00e1raz\u016fm, tak\u017ee se nemus\u00edte ob\u00e1vat jej\u00edho po\u0161kozen\u00ed p\u0159i b\u011b\u017en\u00e9m pou\u017e\u00edv\u00e1n\u00ed. Krom\u011b toho nelze tomuto materi\u00e1lu up\u0159\u00edt v\u00fdjime\u010dnou estetiku, dokonalou pr\u016fhlednost a hladkost, co\u017e nejen umoc\u0148uje vzhled, ale tak\u00e9 umo\u017e\u0148uje<strong>rychl\u00e9 a zcela bezprobl\u00e9mov\u00e9<\/strong> \u010di\u0161t\u011bn\u00ed<strong>konvice<\/strong>. Maxim\u00e1ln\u00ed mno\u017estv\u00ed vody, kter\u00e9 n\u00e1dr\u017eka konvice umo\u017e\u0148uje uva\u0159it, je cel\u00fdch <strong>1,7 litru<\/strong>, co\u017e sta\u010d\u00ed na p\u0159\u00edpravu p\u011bti st\u0159edn\u011b velk\u00fdch \u0161\u00e1lk\u016f k\u00e1vy nebo \u010daje najednou.<\/p>\n<p>Rychlovarn\u00e1 konvice <strong>Lucznik Premium<\/strong> <strong>PK-2018<\/strong> je dod\u00e1v\u00e1na s 24m\u011bs\u00ed\u010dn\u00ed z\u00e1rukou a n\u00e1vodem k pou\u017eit\u00ed v pol\u0161tin\u011b a angli\u010dtin\u011b, kter\u00fd byste si m\u011bli p\u0159ed pou\u017eit\u00edm p\u0159e\u010d\u00edst.<\/p>\n","protected":false},"excerpt":{"rendered":"<p>Mimo\u0159\u00e1dn\u011b stylov\u00e1 a dekorativn\u00ed \u010dern\u00e1 rychlovarn\u00e1 konvice vyroben\u00e1 ze skla a vybaven\u00e1 skryt\u00fdm topn\u00fdm t\u011blesem &#8211; elegantn\u00ed a \u0161ik do ka\u017ed\u00e9 kuchyn\u011b!<\/p>\n","protected":false},"featured_media":14615,"comment_status":"open","ping_status":"closed","template":"","meta":[],"product_brand":[],"product_cat":[571],"product_tag":[],"class_list":{"0":"post-18505","1":"product","2":"type-product","3":"status-publish","4":"has-post-thumbnail","6":"product_cat-czajniki","8":"first","9":"instock","10":"taxable","11":"shipping-taxable","12":"purchasable","13":"product-type-variable"},"_links":{"self":[{"href":"https:\/\/gltestm.webology.pl\/cs\/wp-json\/wp\/v2\/product\/18505","targetHints":{"allow":["GET"]}}],"collection":[{"href":"https:\/\/gltestm.webology.pl\/cs\/wp-json\/wp\/v2\/product"}],"about":[{"href":"https:\/\/gltestm.webology.pl\/cs\/wp-json\/wp\/v2\/types\/product"}],"replies":[{"embeddable":true,"href":"https:\/\/gltestm.webology.pl\/cs\/wp-json\/wp\/v2\/comments?post=18505"}],"version-history":[{"count":0,"href":"https:\/\/gltestm.webology.pl\/cs\/wp-json\/wp\/v2\/product\/18505\/revisions"}],"wp:featuredmedia":[{"embeddable":true,"href":"https:\/\/gltestm.webology.pl\/cs\/wp-json\/wp\/v2\/media\/14615"}],"wp:attachment":[{"href":"https:\/\/gltestm.webology.pl\/cs\/wp-json\/wp\/v2\/media?parent=18505"}],"wp:term":[{"taxonomy":"product_brand","embeddable":true,"href":"https:\/\/gltestm.webology.pl\/cs\/wp-json\/wp\/v2\/product_brand?post=18505"},{"taxonomy":"product_cat","embeddable":true,"href":"https:\/\/gltestm.webology.pl\/cs\/wp-json\/wp\/v2\/product_cat?post=18505"},{"taxonomy":"product_tag","embeddable":true,"href":"https:\/\/gltestm.webology.pl\/cs\/wp-json\/wp\/v2\/product_tag?post=18505"}],"curies":[{"name":"wp","href":"https:\/\/api.w.org\/{rel}","templated":true}]}}