{"id":18501,"date":"2026-03-18T22:39:10","date_gmt":"2026-03-18T21:39:10","guid":{"rendered":"https:\/\/gltestm.webology.pl\/produkt\/sada-vysivacich-niti-lucznik-heavy-metal\/"},"modified":"2026-03-22T21:53:45","modified_gmt":"2026-03-22T20:53:45","slug":"sada-vysivacich-niti-lucznik-heavy-metal","status":"publish","type":"product","link":"https:\/\/gltestm.webology.pl\/cs\/produkt\/sada-vysivacich-niti-lucznik-heavy-metal\/","title":{"rendered":"Sada vy\u0161\u00edvac\u00edch nit\u00ed Lucznik &#8211; Heavy Metal"},"content":{"rendered":"<p>Sada vysoce kvalitn\u00edch<span> metalizovan\u00fdch <\/span><strong>vy\u0161\u00edvac\u00edch nit\u00ed Lucznik Heavy Metal<\/strong> je ide\u00e1ln\u00ed pro strojov\u00e9 vy\u0161\u00edv\u00e1n\u00ed, tvorbu monogram\u016f a dekorativn\u00edch steh\u016f. Jsou vhodn\u00e9 tak\u00e9 pro ru\u010dn\u00ed vy\u0161\u00edv\u00e1n\u00ed, vy\u0161\u00edv\u00e1n\u00ed na po\u010d\u00edta\u010di a prov\u00e1d\u011bn\u00ed dal\u0161\u00edch ru\u010dn\u00edch prac\u00ed.<\/p>\n<p>D\u00edky procesu metalizace maj\u00ed tyto nit\u011b <strong>vysok\u00fd lesk<\/strong> dod\u00e1vaj\u00edc\u00ed lesk ka\u017ed\u00e9 vy\u0161\u00edvac\u00ed pr\u00e1ci a kr\u00e1snou origin\u00e1ln\u00ed barvu. D\u00edky pota\u017een\u00ed kulat\u00fdch nit\u00ed metaliza\u010dn\u00edm povlakem se lesknou a t\u0159pyt\u00ed opravdu v pln\u00e9 s\u00edle. \u017d\u00e1dn\u00e1 v\u00fd\u0161ivka nebo vzor vytvo\u0159en\u00fd s jejich pomoc\u00ed nem\u016f\u017ee b\u00fdt p\u0159ehl\u00e9dnut! <\/p>\n<p>Barevn\u00e1 \u0161k\u00e1la sady &#8222;Heavy Metal&#8220; v\u00e1m umo\u017en\u00ed vy\u0159\u00e1dit se s neobvykl\u00fdmi, fascinuj\u00edc\u00edmi metalick\u00fdmi v\u00fd\u0161ivkami. N\u00e1dhern\u011b t\u0159pytiv\u00e1 z\u00e1\u0159e v\u00e1m umo\u017en\u00ed vy\u0161\u00edt t\u0159pytiv\u00e9 vzory hv\u011bzd, m\u011bs\u00edc\u016f, slunc\u00ed, ale i kr\u00e1lovskou korunu nebo ryt\u00ed\u0159sk\u00fd me\u010d&#8230;.. Pou\u017eit\u00ed k dokon\u010den\u00ed od\u011bv\u016f a p\u0159edm\u011bt\u016f ozdobn\u00fdmi stehy nebo monogramy dod\u00e1 fascinuj\u00edc\u00ed efekt mimo\u0159\u00e1dn\u011b dekorativn\u00edho charakteru. <\/p>\n<p><span>D\u016fle\u017eit\u00e9 je, \u017ee nit\u011b jsou <\/span><strong>hypoalergenn\u00ed<\/strong> &#8211;<span>tak\u017ee zcela bezpe\u010dn\u00e9 pro alergiky a d\u011bti . <\/span><\/p>\n<p><span>Metalizovan\u00e9 nit\u011b nemaj\u00ed r\u00e1dy od\u011br, protahov\u00e1n\u00ed a \u00fazk\u00e9 \u0161vy. P\u0159i \u0161it\u00ed na stroji nastavte nap\u011bt\u00ed vrchn\u00ed nit\u011b ni\u017e\u0161\u00ed ne\u017e obvykle, vyhn\u011bte se tak\u00e9 tuh\u00fdm a siln\u00fdm stabiliz\u00e1tor\u016fm. <\/span><\/p>\n<p><span>Spolu s t\u00edmto typem nit\u00ed v\u0159ele doporu\u010dujeme pou\u017e\u00edt patku pro <a href=\"https:\/\/galerialucznik.pl\/product-pol-83-Stopka-do-aplikacji-wyszywania-rozetek.html\" target=\"_blank\" rel=\"noopener\">vy\u0161\u00edv\u00e1n\u00ed rozet<\/a> &#8211; dos\u00e1hnete tak efektu kouzeln\u00fdch a fascinuj\u00edc\u00edch hv\u011bzdi\u010dek, slun\u00ed\u010dek a sn\u011bhov\u00fdch vlo\u010dek. <br \/><\/span><\/p>\n<p><span>Chcete-li spr\u00e1vn\u011b pe\u010dovat o v\u00fd\u0161ivky zhotoven\u00e9 metalizovan\u00fdmi nit\u011bmi, \u010dist\u011bte je studenou vodou nebo suchou cestou. \u017dehlen\u00ed a su\u0161en\u00ed by tak\u00e9 m\u011blo prob\u00edhat p\u0159i nejni\u017e\u0161\u00ed mo\u017en\u00e9 teplot\u011b.<\/span><\/p>\n","protected":false},"excerpt":{"rendered":"<p>Metalizovan\u00e9 nit\u011b nejvy\u0161\u0161\u00ed kvality vytvo\u0159en\u00e9 speci\u00e1ln\u011b pro kreativn\u00ed \u0161it\u00ed. 10 c\u00edvek ve vkusn\u00e9m balen\u00ed v kr\u00e1sn\u011b t\u0159pytiv\u00fdch metalick\u00fdch barv\u00e1ch. D\u00e9lka: 100 metr\u016f<\/p>\n","protected":false},"featured_media":14592,"comment_status":"open","ping_status":"closed","template":"","meta":[],"product_brand":[],"product_cat":[721],"product_tag":[],"class_list":{"0":"post-18501","1":"product","2":"type-product","3":"status-publish","4":"has-post-thumbnail","6":"product_cat-nici-do-haftu-w-zestawach","8":"first","9":"instock","10":"taxable","11":"shipping-taxable","12":"purchasable","13":"product-type-variable"},"_links":{"self":[{"href":"https:\/\/gltestm.webology.pl\/cs\/wp-json\/wp\/v2\/product\/18501","targetHints":{"allow":["GET"]}}],"collection":[{"href":"https:\/\/gltestm.webology.pl\/cs\/wp-json\/wp\/v2\/product"}],"about":[{"href":"https:\/\/gltestm.webology.pl\/cs\/wp-json\/wp\/v2\/types\/product"}],"replies":[{"embeddable":true,"href":"https:\/\/gltestm.webology.pl\/cs\/wp-json\/wp\/v2\/comments?post=18501"}],"version-history":[{"count":0,"href":"https:\/\/gltestm.webology.pl\/cs\/wp-json\/wp\/v2\/product\/18501\/revisions"}],"wp:featuredmedia":[{"embeddable":true,"href":"https:\/\/gltestm.webology.pl\/cs\/wp-json\/wp\/v2\/media\/14592"}],"wp:attachment":[{"href":"https:\/\/gltestm.webology.pl\/cs\/wp-json\/wp\/v2\/media?parent=18501"}],"wp:term":[{"taxonomy":"product_brand","embeddable":true,"href":"https:\/\/gltestm.webology.pl\/cs\/wp-json\/wp\/v2\/product_brand?post=18501"},{"taxonomy":"product_cat","embeddable":true,"href":"https:\/\/gltestm.webology.pl\/cs\/wp-json\/wp\/v2\/product_cat?post=18501"},{"taxonomy":"product_tag","embeddable":true,"href":"https:\/\/gltestm.webology.pl\/cs\/wp-json\/wp\/v2\/product_tag?post=18501"}],"curies":[{"name":"wp","href":"https:\/\/api.w.org\/{rel}","templated":true}]}}