{"id":18489,"date":"2026-03-18T22:39:09","date_gmt":"2026-03-18T21:39:09","guid":{"rendered":"https:\/\/gltestm.webology.pl\/produkt\/dvousterbinovy-topinkovac-lucznik-ts-50-b\/"},"modified":"2026-03-22T21:54:04","modified_gmt":"2026-03-22T20:54:04","slug":"dvousterbinovy-topinkovac-lucznik-ts-50-b","status":"publish","type":"product","link":"https:\/\/gltestm.webology.pl\/cs\/produkt\/dvousterbinovy-topinkovac-lucznik-ts-50-b\/","title":{"rendered":"Dvou\u0161t\u011brbinov\u00fd topinkova\u010d Lucznik TS-50 B"},"content":{"rendered":"<h2><strong>Dvoupl\u00e1tkov\u00fd topinkova\u010d Lucznik TS-50 B<\/strong><\/h2>\n<p><strong>Topinkova\u010dTS-50 B<\/strong> je  dvou\u0161t\u011brbinov\u00fd p\u0159\u00edstroj snastavitelnou<strong>teplotou op\u00e9k\u00e1n\u00ed<\/strong> chleba, kter\u00fd v\u00e1m umo\u017en\u00ed p\u0159ipravit si obl\u00edben\u00e9 toasty dokonale, ka\u017ed\u00e9 r\u00e1no p\u0159esn\u011b tak, jak to m\u00e1te r\u00e1di!<\/p>\n<p>M\u00e1 tak\u00e9 <strong>funkci stop,<\/strong> kter\u00e1 v\u00e1m umo\u017en\u00ed nastavit dobu op\u00e9k\u00e1n\u00ed, co\u017e v\u00e1m d\u00e1 mo\u017enost ud\u011blat si takov\u00fd toast, jak\u00fd m\u00e1te r\u00e1di. Od nyn\u011bj\u0161ka si m\u016f\u017eete p\u0159ipravit k\u0159upav\u00e9 a chutn\u00e9 toasty pro sebe a sv\u00e9 bl\u00edzk\u00e9 p\u0159esn\u011b tak, jak je m\u00e1te r\u00e1di. D\u00edky regulaci teploty je p\u0159iprav\u00edte dokonale &#8222;na jedni\u010dku&#8220;! Zaru\u010den\u00e1 hostina pro chu\u0165ov\u00e9 bu\u0148ky.<\/p>\n<h2>Kl\u00ed\u010dov\u00e9 vlastnosti<\/h2>\n<ul>\n<li><strong>P\u0159\u00edkon 700 W<\/strong><\/li>\n<li><strong>2 toasty<\/strong><\/li>\n<li>otvory o pr\u016fm\u011bru 19 mm pro chl\u00e9b<\/li>\n<li><strong>sedmistup\u0148ov\u00e1<\/strong> regulace doby op\u00e9k\u00e1n\u00ed<\/li>\n<li><strong>Automatick\u00e9 vysunut\u00ed<\/strong> chleba po dokon\u010den\u00ed op\u00e9k\u00e1n\u00ed<\/li>\n<li><strong>Funkce &#8222;STOP&#8220;<\/strong> &#8211; rychl\u00e9 p\u0159eru\u0161en\u00ed op\u00e9k\u00e1n\u00ed<\/li>\n<li>Plastov\u00fd, tepeln\u011b izolovan\u00fd kryt<\/li>\n<li>Vyj\u00edmateln\u00fd <strong>z\u00e1sobn\u00edk na drobky<\/strong><\/li>\n<li>N\u00e1vod k pou\u017eit\u00ed v pol\u0161tin\u011b<\/li>\n<\/ul>\n<h2>z\u00e1ruka 24 m\u011bs\u00edc\u016f<\/h2>\n<p><strong>Topinkova\u010dTS-50 B<\/strong> m\u00e1 <strong>24m\u011bs\u00ed\u010dn\u00ed z\u00e1ruku<\/strong> a <strong>n\u00e1vod v pol\u0161tin\u011b<\/strong>, kter\u00fd je t\u0159eba si p\u0159e\u010d\u00edst p\u0159ed prvn\u00edm pou\u017eit\u00edm za\u0159\u00edzen\u00ed.<\/p>\n","protected":false},"excerpt":{"rendered":"<p>Topinkova\u010d se dv\u011bma pl\u00e1tky. M\u00e1 nastavitelnou teplotu op\u00e9k\u00e1n\u00ed a funkci Stop, kter\u00e1 reguluje dobu op\u00e9k\u00e1n\u00ed.<\/p>\n","protected":false},"featured_media":14672,"comment_status":"open","ping_status":"closed","template":"","meta":[],"product_brand":[],"product_cat":[586],"product_tag":[],"class_list":{"0":"post-18489","1":"product","2":"type-product","3":"status-publish","4":"has-post-thumbnail","6":"product_cat-tostery-i-opiekacze","8":"first","9":"instock","10":"taxable","11":"shipping-taxable","12":"purchasable","13":"product-type-variable"},"_links":{"self":[{"href":"https:\/\/gltestm.webology.pl\/cs\/wp-json\/wp\/v2\/product\/18489","targetHints":{"allow":["GET"]}}],"collection":[{"href":"https:\/\/gltestm.webology.pl\/cs\/wp-json\/wp\/v2\/product"}],"about":[{"href":"https:\/\/gltestm.webology.pl\/cs\/wp-json\/wp\/v2\/types\/product"}],"replies":[{"embeddable":true,"href":"https:\/\/gltestm.webology.pl\/cs\/wp-json\/wp\/v2\/comments?post=18489"}],"version-history":[{"count":0,"href":"https:\/\/gltestm.webology.pl\/cs\/wp-json\/wp\/v2\/product\/18489\/revisions"}],"wp:featuredmedia":[{"embeddable":true,"href":"https:\/\/gltestm.webology.pl\/cs\/wp-json\/wp\/v2\/media\/14672"}],"wp:attachment":[{"href":"https:\/\/gltestm.webology.pl\/cs\/wp-json\/wp\/v2\/media?parent=18489"}],"wp:term":[{"taxonomy":"product_brand","embeddable":true,"href":"https:\/\/gltestm.webology.pl\/cs\/wp-json\/wp\/v2\/product_brand?post=18489"},{"taxonomy":"product_cat","embeddable":true,"href":"https:\/\/gltestm.webology.pl\/cs\/wp-json\/wp\/v2\/product_cat?post=18489"},{"taxonomy":"product_tag","embeddable":true,"href":"https:\/\/gltestm.webology.pl\/cs\/wp-json\/wp\/v2\/product_tag?post=18489"}],"curies":[{"name":"wp","href":"https:\/\/api.w.org\/{rel}","templated":true}]}}