{"id":18485,"date":"2026-03-18T22:39:09","date_gmt":"2026-03-18T21:39:09","guid":{"rendered":"https:\/\/gltestm.webology.pl\/produkt\/elektronicka-kuchynska-vaha-ks-509-b\/"},"modified":"2026-03-22T21:53:50","modified_gmt":"2026-03-22T20:53:50","slug":"elektronicka-kuchynska-vaha-ks-509-b","status":"publish","type":"product","link":"https:\/\/gltestm.webology.pl\/cs\/produkt\/elektronicka-kuchynska-vaha-ks-509-b\/","title":{"rendered":"Elektronick\u00e1 kuchy\u0148sk\u00e1 v\u00e1ha KS-509 B"},"content":{"rendered":"<h2><strong>Elektronick\u00e1 kuchy\u0148sk\u00e1 v\u00e1ha KS-509 B<\/strong><\/h2>\n<p><strong>Kompaktn\u00ed<\/strong> kuchy\u0148sk\u00e1 v\u00e1ha z <strong>nerezov\u00e9 <\/strong>oceli. Je vybavena p\u0159esn\u00fdm tenzometrem s rozsahem m\u011b\u0159en\u00ed <strong>2 &#8211; 5000 g<\/strong> a v\u00fdkonn\u00fdm procesorem, kter\u00fd zaji\u0161\u0165uje p\u0159esnost m\u011b\u0159en\u00ed na 1 g v jednotk\u00e1ch<strong> kg, g, oz, lb<\/strong>.<\/p>\n<h2><strong>Funk\u010dn\u00ed a snadno se \u010dist\u00ed<\/strong><\/h2>\n<p>M\u00e1 funkci<strong> t\u00e1rov\u00e1n\u00ed <\/strong>  <strong>, indik\u00e1tor vybit\u00ed baterie, automatick\u00e9 vypnut\u00ed <\/strong>a <strong> LCD displej s<\/strong> modr\u00fdm podsv\u00edcen\u00edm. V\u00e1ha se snadno \u010dist\u00ed d\u00edky konstrukci v\u00e1\u017eic\u00ed plochy <strong>z nerezov\u00e9 oceli <\/strong>INOX.<\/p>\n<h2>Kl\u00ed\u010dov\u00e9 vlastnosti<\/h2>\n<ul>\n<li>v\u00e1\u017eic\u00ed plocha z <strong>nerezov\u00e9 oceli INOX<\/strong><\/li>\n<li><strong>snadno<\/strong> se \u010dist\u00ed<\/li>\n<li>maxim\u00e1ln\u00ed zat\u00ed\u017een\u00ed: <strong>5 kg<\/strong><\/li>\n<li>rozsah m\u011b\u0159en\u00ed: <strong>2-5000 g<\/strong><\/li>\n<li><strong>p\u0159esnost m\u011b\u0159en\u00ed 1 g<\/strong><\/li>\n<li>m\u011brn\u00e9 jednotky: kg, g, oz, lb<\/li>\n<li><strong>lED<\/strong> podsv\u00edcen\u00ed<\/li>\n<li>nap\u00e1jen\u00ed: 2 ks. CR2032 (sou\u010d\u00e1st dod\u00e1vky)<\/li>\n<\/ul>\n<h2>z\u00e1ruka 24 m\u011bs\u00edc\u016f<\/h2>\n<p>Kuchy\u0148sk\u00e1 v\u00e1ha KS-509 B je dod\u00e1v\u00e1na s <strong>24m\u011bs\u00ed\u010dn\u00ed z\u00e1rukou<\/strong> a n\u00e1vodem v polsk\u00e9m jazyce, kter\u00fd je t\u0159eba si p\u0159ed pou\u017eit\u00edm za\u0159\u00edzen\u00ed p\u0159e\u010d\u00edst.<\/p>\n<p><a href=\"https:\/\/galerialucznik.pl\/pl\/info\/regulamin-akcji-promocyjnej-waga-plus-mlynki-w-galerii-lucznik-93.html\" target=\"_blank\" rel=\"noopener\"><img fetchpriority=\"high\" decoding=\"async\" src=\"\/data\/include\/cms\/bannery\/KS-509-plus-mlynki\/Slider_ucznik_1920x500.jpg\" alt=\"Waga kuchenna KS-509 plus dwa m\u0142ynki PM-201 C za 75 z\u0142\" width=\"1920\" height=\"500\" \/><\/a><\/p>\n","protected":false},"excerpt":{"rendered":"<p>Kompaktn\u00ed kuchy\u0148sk\u00e1 v\u00e1ha z nerezov\u00e9 oceli v kr\u00e1sn\u00e9 m\u011bd\u011bn\u00e9 barv\u011b. Umo\u017e\u0148uje p\u0159esn\u00e9 v\u00e1\u017een\u00ed v rozmez\u00ed 2-5000 g s p\u0159esnost\u00ed 1 g.<\/p>\n","protected":false},"featured_media":13275,"comment_status":"open","ping_status":"closed","template":"","meta":[],"product_brand":[],"product_cat":[566],"product_tag":[],"class_list":{"0":"post-18485","1":"product","2":"type-product","3":"status-publish","4":"has-post-thumbnail","6":"product_cat-wagi-kuchenne","8":"first","9":"instock","10":"taxable","11":"shipping-taxable","12":"purchasable","13":"product-type-variable"},"_links":{"self":[{"href":"https:\/\/gltestm.webology.pl\/cs\/wp-json\/wp\/v2\/product\/18485","targetHints":{"allow":["GET"]}}],"collection":[{"href":"https:\/\/gltestm.webology.pl\/cs\/wp-json\/wp\/v2\/product"}],"about":[{"href":"https:\/\/gltestm.webology.pl\/cs\/wp-json\/wp\/v2\/types\/product"}],"replies":[{"embeddable":true,"href":"https:\/\/gltestm.webology.pl\/cs\/wp-json\/wp\/v2\/comments?post=18485"}],"version-history":[{"count":0,"href":"https:\/\/gltestm.webology.pl\/cs\/wp-json\/wp\/v2\/product\/18485\/revisions"}],"wp:featuredmedia":[{"embeddable":true,"href":"https:\/\/gltestm.webology.pl\/cs\/wp-json\/wp\/v2\/media\/13275"}],"wp:attachment":[{"href":"https:\/\/gltestm.webology.pl\/cs\/wp-json\/wp\/v2\/media?parent=18485"}],"wp:term":[{"taxonomy":"product_brand","embeddable":true,"href":"https:\/\/gltestm.webology.pl\/cs\/wp-json\/wp\/v2\/product_brand?post=18485"},{"taxonomy":"product_cat","embeddable":true,"href":"https:\/\/gltestm.webology.pl\/cs\/wp-json\/wp\/v2\/product_cat?post=18485"},{"taxonomy":"product_tag","embeddable":true,"href":"https:\/\/gltestm.webology.pl\/cs\/wp-json\/wp\/v2\/product_tag?post=18485"}],"curies":[{"name":"wp","href":"https:\/\/api.w.org\/{rel}","templated":true}]}}