{"id":18481,"date":"2026-03-18T22:39:08","date_gmt":"2026-03-18T21:39:08","guid":{"rendered":"https:\/\/gltestm.webology.pl\/produkt\/sada-elastickych-overlockovych-niti-lucznik-hneda\/"},"modified":"2026-03-22T21:53:33","modified_gmt":"2026-03-22T20:53:33","slug":"sada-elastickych-overlockovych-niti-lucznik-hneda","status":"publish","type":"product","link":"https:\/\/gltestm.webology.pl\/cs\/produkt\/sada-elastickych-overlockovych-niti-lucznik-hneda\/","title":{"rendered":"Sada elastick\u00fdch overlockov\u00fdch nit\u00ed Lucznik &#8211; hn\u011bd\u00e1"},"content":{"rendered":"<p><strong>Sada 4 c\u00edvek pru\u017en\u00fdch overlockov\u00fdch nit\u00ed<\/strong> <span>pro \u0161it\u00ed na <\/span><strong>overlocku <\/strong><span>a<\/span><strong> coverlock (render)<\/strong>. Nepostradateln\u00e9 pro \u0161it\u00ed a dokon\u010dov\u00e1n\u00ed \u00faplet\u016f overlockov\u00fdm stehem.<\/p>\n<p>Nit\u011b jsou vhodn\u00e9 pro \u0161it\u00ed overlocku v\u0161emi pru\u017en\u00fdmi stehy overlocku a coverlocku (rendl\u00edku). Umo\u017en\u00ed v\u00e1m maximalizovat rozta\u017enost lemu tak, aby bylo maximalizov\u00e1no pohodl\u00ed p\u0159i no\u0161en\u00ed \u0161it\u00fdch v\u00fdrobk\u016f.<\/p>\n<p><strong>Elastick\u00e9 overlockov\u00e9 nit\u011b Lucznik <\/strong>jsou ide\u00e1ln\u00ed pro \u0161it\u00ed se v\u0161emi druhy \u00faplet\u016f, v\u010detn\u011b mikin, \u017eerzeje nebo minky. S \u00fasp\u011bchem je lze pou\u017e\u00edt i p\u0159i \u0161it\u00ed plavek a sportovn\u00edho oble\u010den\u00ed.<\/p>\n<p>Velk\u00e1<strong>c\u00edvka<\/strong> je p\u0159izp\u016fsobena specifik\u016fm \u0161it\u00ed na dom\u00e1c\u00edm overlocku a d\u00e9lka jej\u00edho n\u00e1vinu nehroz\u00ed p\u0159eru\u0161en\u00edm pr\u00e1ce v nejm\u00e9n\u011b vhodnou chv\u00edli. Maj\u00ed <strong> d\u00e9lku 4000 m<\/strong>, tedy cel\u00fdch 4 kilometry nit\u00ed, co\u017e v\u00e1m umo\u017en\u00ed<strong> pohodln\u011b<\/strong> vytv\u00e1\u0159et siln\u00e9 a pru\u017en\u00e9 overlockov\u00e9 stehy.<\/p>\n<p><strong> <strong>Pru\u017en\u00e9 overlockov\u00e9 nit\u011b Lucznik <\/strong><\/strong>jsou vyrobeny<strong> ze 100% speci\u00e1ln\u011b strukturovan\u00e9ho kontinu\u00e1ln\u00edho polyesteru <\/strong>s optim\u00e1ln\u00edm z\u00e1krutem<strong>, <\/strong>kter\u00fd jim zaji\u0161\u0165uje schopnost nata\u017een\u00ed a prodlou\u017een\u00ed a\u017e o 25 % jejich d\u00e9lky. Vyzna\u010duj\u00ed se <strong>v\u00fdjime\u010dnou trvanlivost\u00ed a odolnost\u00ed proti t\u0159en\u00ed <\/strong>p\u0159i pr\u016fchodu vod\u00edtky stroje. Technologie jejich v\u00fdroby byla vyvinuta tak, aby spl\u0148ovala v\u0161echny po\u017eadavky souvisej\u00edc\u00ed se specifiky \u0161it\u00ed na overlockov\u00e9m stroji. <\/p>\n<p>Jejich <strong>univerz\u00e1lnost<\/strong> je ovlivn\u011bna tak\u00e9 vynikaj\u00edc\u00ed tepelnou odolnost\u00ed. Barva nit\u00ed je <strong>odoln\u00e1 proti zabarven\u00ed<\/strong> vlivem sv\u011btla, pran\u00ed a n\u011bkter\u00fdch chemick\u00fdch l\u00e1tek, kter\u00fdm mohou b\u00fdt textilie vystaveny. <\/p>\n<p><strong>Elastick\u00e9 overlockov\u00e9 nit\u011b Lucznik <\/strong>spl\u0148uj\u00ed po\u017eadavky platn\u00e9 normy pro d\u011btsk\u00e9 v\u00fdrobky, tak\u017ee jsou ide\u00e1ln\u00ed pro v\u00fdrobu jak\u00e9hokoli oble\u010den\u00ed, dopl\u0148k\u016f, mask\u00e1\u010d\u016f nebo zavinova\u010dek pro d\u011bti, miminka a jejich maminky.   <\/p>\n","protected":false},"excerpt":{"rendered":"<p>Sada 4 polyesterov\u00fdch overlockov\u00fdch nit\u00ed.<\/p>\n","protected":false},"featured_media":15015,"comment_status":"open","ping_status":"closed","template":"","meta":[],"product_brand":[],"product_cat":[731],"product_tag":[],"class_list":{"0":"post-18481","1":"product","2":"type-product","3":"status-publish","4":"has-post-thumbnail","6":"product_cat-nici-do-overlockow-w-zestawach","8":"first","9":"instock","10":"taxable","11":"shipping-taxable","12":"purchasable","13":"product-type-variable"},"_links":{"self":[{"href":"https:\/\/gltestm.webology.pl\/cs\/wp-json\/wp\/v2\/product\/18481","targetHints":{"allow":["GET"]}}],"collection":[{"href":"https:\/\/gltestm.webology.pl\/cs\/wp-json\/wp\/v2\/product"}],"about":[{"href":"https:\/\/gltestm.webology.pl\/cs\/wp-json\/wp\/v2\/types\/product"}],"replies":[{"embeddable":true,"href":"https:\/\/gltestm.webology.pl\/cs\/wp-json\/wp\/v2\/comments?post=18481"}],"version-history":[{"count":0,"href":"https:\/\/gltestm.webology.pl\/cs\/wp-json\/wp\/v2\/product\/18481\/revisions"}],"wp:featuredmedia":[{"embeddable":true,"href":"https:\/\/gltestm.webology.pl\/cs\/wp-json\/wp\/v2\/media\/15015"}],"wp:attachment":[{"href":"https:\/\/gltestm.webology.pl\/cs\/wp-json\/wp\/v2\/media?parent=18481"}],"wp:term":[{"taxonomy":"product_brand","embeddable":true,"href":"https:\/\/gltestm.webology.pl\/cs\/wp-json\/wp\/v2\/product_brand?post=18481"},{"taxonomy":"product_cat","embeddable":true,"href":"https:\/\/gltestm.webology.pl\/cs\/wp-json\/wp\/v2\/product_cat?post=18481"},{"taxonomy":"product_tag","embeddable":true,"href":"https:\/\/gltestm.webology.pl\/cs\/wp-json\/wp\/v2\/product_tag?post=18481"}],"curies":[{"name":"wp","href":"https:\/\/api.w.org\/{rel}","templated":true}]}}