{"id":18477,"date":"2026-03-18T22:39:08","date_gmt":"2026-03-18T21:39:08","guid":{"rendered":"https:\/\/gltestm.webology.pl\/produkt\/sada-niti-lucznik-regular-overlock-bila\/"},"modified":"2026-03-22T21:53:27","modified_gmt":"2026-03-22T20:53:27","slug":"sada-niti-lucznik-regular-overlock-bila","status":"publish","type":"product","link":"https:\/\/gltestm.webology.pl\/cs\/produkt\/sada-niti-lucznik-regular-overlock-bila\/","title":{"rendered":"Sada nit\u00ed Lucznik Regular overlock &#8211; B\u00edl\u00e1"},"content":{"rendered":"<p><strong>Speci\u00e1ln\u00ed sada 4<\/strong> overlockov\u00fdch <strong>nit\u00ed<\/strong> pro <span>\u0161it\u00ed na <\/span><strong>overlocku <\/strong><span>a<\/span><strong> coverlock (render)<\/strong>. Nepostradateln\u00e9 pro \u0161it\u00ed pletenin a dokon\u010dov\u00e1n\u00ed textiln\u00edch v\u00fdrobk\u016f overlockov\u00fdm stehem.<\/p>\n<p>Nit\u011b jsou vhodn\u00e9 pro \u0161it\u00ed overlocku v\u0161emi stehy overlock\u016f, coverlock\u016f a klasick\u00fdch dom\u00e1c\u00edch \u0161ic\u00edch stroj\u016f s pou\u017eit\u00edm stoj\u00e1nku na nit\u011b. <\/p>\n<p><strong>Velk\u00e1 c\u00edvka<\/strong> je p\u0159izp\u016fsobena specifik\u016fm \u0161it\u00ed na dom\u00e1c\u00edm overlockov\u00e9m stroji a d\u00e9lka jej\u00edho n\u00e1vinu nehroz\u00ed p\u0159eru\u0161en\u00edm pr\u00e1ce v nejm\u00e9n\u011b vhodnou chv\u00edli. Maj\u00ed je<strong> d\u00e9lku 4000 m<\/strong>, tedy cel\u00fdch 4 kilometry nit\u00ed, co\u017e umo\u017en\u00ed<strong> pohodln\u00e9<\/strong> vytv\u00e1\u0159en\u00ed siln\u00fdch overlockov\u00fdch steh\u016f.<br \/><strong><br \/>Overlockov\u00e9 nit\u011b Lucznik Regular<\/strong> jsou vyrobeny<strong> ze 100% polyesteru <\/strong>s optim\u00e1ln\u00edm z\u00e1krutem, kter\u00fd jim dod\u00e1v\u00e1 <strong>v\u00fdjime\u010dnou trvanlivost, odolnost proti t\u0159en\u00ed, protahov\u00e1n\u00ed a nap\u00edn\u00e1n\u00ed<\/strong> p\u0159i pr\u016fchodu vodi\u010di stroje. Technologie jejich v\u00fdroby byla vyvinuta tak, aby spl\u0148ovala po\u017eadavky specifik overlockov\u00e9ho \u0161it\u00ed. Jejich <strong>univerz\u00e1lnost<\/strong> ovliv\u0148uje tak\u00e9 n\u00edzk\u00e1 smr\u0161titelnost a vynikaj\u00edc\u00ed tepeln\u00e1 odolnost.<\/p>\n<p><span>Barva nit\u00ed je <strong>odoln\u00e1 proti zabarven\u00ed<\/strong> vlivem sv\u011btla, pran\u00ed a n\u011bkter\u00fdch chemick\u00fdch l\u00e1tek, kter\u00fdm mohou b\u00fdt textilie vystaveny. <\/span><\/p>\n<p><strong>Overlockov\u00e9 nit\u011b Lucznik Regular<\/strong> spl\u0148uj\u00ed po\u017eadavky platn\u00e9 normy pro d\u011btsk\u00e9 v\u00fdrobky, tak\u017ee jsou ide\u00e1ln\u00ed pro v\u00fdrobu jak\u00e9hokoli oble\u010den\u00ed, dopl\u0148k\u016f, mask\u00e1\u010d\u016f nebo zavinova\u010dek pro d\u011bti, miminka a jejich maminky. <\/p>\n","protected":false},"excerpt":{"rendered":"<p>Sada 4 polyesterov\u00fdch overlockov\u00fdch nit\u00ed. D\u00e9lka: 4000 m, typ: 120.<\/p>\n","protected":false},"featured_media":14421,"comment_status":"open","ping_status":"closed","template":"","meta":[],"product_brand":[],"product_cat":[731],"product_tag":[],"class_list":{"0":"post-18477","1":"product","2":"type-product","3":"status-publish","4":"has-post-thumbnail","6":"product_cat-nici-do-overlockow-w-zestawach","8":"first","9":"instock","10":"taxable","11":"shipping-taxable","12":"purchasable","13":"product-type-variable"},"_links":{"self":[{"href":"https:\/\/gltestm.webology.pl\/cs\/wp-json\/wp\/v2\/product\/18477","targetHints":{"allow":["GET"]}}],"collection":[{"href":"https:\/\/gltestm.webology.pl\/cs\/wp-json\/wp\/v2\/product"}],"about":[{"href":"https:\/\/gltestm.webology.pl\/cs\/wp-json\/wp\/v2\/types\/product"}],"replies":[{"embeddable":true,"href":"https:\/\/gltestm.webology.pl\/cs\/wp-json\/wp\/v2\/comments?post=18477"}],"version-history":[{"count":0,"href":"https:\/\/gltestm.webology.pl\/cs\/wp-json\/wp\/v2\/product\/18477\/revisions"}],"wp:featuredmedia":[{"embeddable":true,"href":"https:\/\/gltestm.webology.pl\/cs\/wp-json\/wp\/v2\/media\/14421"}],"wp:attachment":[{"href":"https:\/\/gltestm.webology.pl\/cs\/wp-json\/wp\/v2\/media?parent=18477"}],"wp:term":[{"taxonomy":"product_brand","embeddable":true,"href":"https:\/\/gltestm.webology.pl\/cs\/wp-json\/wp\/v2\/product_brand?post=18477"},{"taxonomy":"product_cat","embeddable":true,"href":"https:\/\/gltestm.webology.pl\/cs\/wp-json\/wp\/v2\/product_cat?post=18477"},{"taxonomy":"product_tag","embeddable":true,"href":"https:\/\/gltestm.webology.pl\/cs\/wp-json\/wp\/v2\/product_tag?post=18477"}],"curies":[{"name":"wp","href":"https:\/\/api.w.org\/{rel}","templated":true}]}}