{"id":18473,"date":"2026-03-18T22:39:07","date_gmt":"2026-03-18T21:39:07","guid":{"rendered":"https:\/\/gltestm.webology.pl\/produkt\/sada-niti-lucznik-denim-jeans-oldschool\/"},"modified":"2026-03-22T21:52:56","modified_gmt":"2026-03-22T20:52:56","slug":"sada-niti-lucznik-denim-jeans-oldschool","status":"publish","type":"product","link":"https:\/\/gltestm.webology.pl\/cs\/produkt\/sada-niti-lucznik-denim-jeans-oldschool\/","title":{"rendered":"Sada nit\u00ed Lucznik: DENIM &amp; JEANS Oldschool"},"content":{"rendered":"<h2><strong>Lucznik jeans threads &#8211; D\u017e\u00edny Oldschool set<\/strong><\/h2>\n<p>Sada Jeans <strong>Oldschool<\/strong> je superpevn\u00e1 polyesterov\u00e1 nit ur\u010den\u00e1 speci\u00e1ln\u011b pro strojov\u00e9 \u0161it\u00ed, tak\u00e9 pro \u0161it\u00ed<strong> n\u00e1ro\u010dn\u00fdch, pevn\u00fdch a siln\u00fdch <\/strong>materi\u00e1l\u016f, jako je d\u017e\u00ednovina, technick\u00e9 tkaniny, od\u011bvy a v\u00fdrobky z k\u016f\u017ee a k\u016f\u017ei podobn\u00e9, ko\u017ee\u0161iny, pracovn\u00ed od\u011bvy, ochrann\u00e9 a taktick\u00e9 od\u011bvy. Nit\u011b <strong>Archer DENIM &amp; JEANS<\/strong> jsou extr\u00e9mn\u011b <strong>trvanliv\u00e9 a odoln\u00e9 proti p\u0159etr\u017een\u00ed<\/strong> &#8211; rozlu\u010dte se tedy s p\u0159etr\u017een\u00fdmi nit\u011bmi, opakovan\u00fdm navl\u00e9k\u00e1n\u00edm a dvojit\u00fdm \u0161it\u00edm. D\u00edky n\u00edzk\u00e9 m\u00ed\u0159e pr\u016fta\u017enosti, optim\u00e1ln\u00ed stabilit\u011b z\u00e1krutu a vynikaj\u00edc\u00ed odolnosti proti t\u0159en\u00ed spln\u00ed v\u0161echny po\u017eadavky na trvanliv\u00e9 \u0161it\u00ed.<\/p>\n<p>Z\u00e1kladn\u00ed \u0161k\u00e1la barev obsa\u017een\u00e1 v na\u0161em biologicky rozlo\u017eiteln\u00e9m balen\u00ed v\u00e1m poskytne odolnost, pevnost a mo\u017enost rozt\u00e1hnout sv\u00e1 kreativn\u00ed k\u0159\u00eddla. <strong>Tlou\u0161\u0165ka a v\u00fdraznost<\/strong> nit\u00ed v\u00e1m toti\u017e umo\u017en\u00ed vytv\u00e1\u0159et <strong>dekorativn\u00ed \u0161it\u00ed<\/strong> i na &#8222;oby\u010dejn\u00fdch&#8220; materi\u00e1lech. Samoz\u0159ejm\u011b je m\u016f\u017eete pou\u017e\u00edt i na <strong>opravu<\/strong> nebo <strong>korekci<\/strong> nedokonalost\u00ed, kter\u00e9 v\u00e1m od\u011bvn\u00ed firmy p\u0159edlo\u017eily. Prost\u011b pro\u010d se zastavovat u v\u0161edn\u00edch prac\u00ed \ud83d\ude42<\/p>\n<p><span>Nemus\u00edte se b\u00e1t, \u017ee by va\u0161i pr\u00e1ci ne\u010dekan\u011b p\u0159eru\u0161il ne\u00faprosn\u00fd konec nit\u011b, proto\u017ee maj\u00ed <strong>140 metr\u016f n\u00e1vinu<\/strong> &#8211; a to na ka\u017ed\u00e9 c\u00edvce.<\/span><\/p>\n<p><span>Bezpe\u010dnost<strong>jejich v\u00fdroby<\/strong>, a tedy absence jak\u00fdchkoli jedovat\u00fdch nebo dr\u00e1\u017ediv\u00fdch chemik\u00e1li\u00ed, v\u00e1m umo\u017en\u00ed \u0161\u00edt bezpe\u010dn\u00e9 oble\u010dky pro va\u0161e d\u011b\u0165\u00e1tko. Jsou tak\u00e9 <strong>ide\u00e1ln\u00ed pro alergiky<\/strong> a osoby s podr\u00e1\u017ed\u011bn\u00edm \u0161ed\u00e9 l\u00e1tky. <\/p>\n<p><\/span><\/p>\n<p>\u0160k\u00e1la barev v sad\u011b <span>DENIM &amp; JEANS<\/span> <span>:<\/span><\/p>\n<ul>\n<li>B\u00edl\u00e1<\/li>\n<li>Kr\u00e9mov\u00e1<\/li>\n<li>Hn\u011bd\u00e1<\/li>\n<li>N\u00e1mo\u0159nick\u00e1 mod\u0159<\/li>\n<li>\u010cern\u00e1<\/li>\n<\/ul>\n<p>V\u0161echny barvy vykazuj\u00ed <strong>odolnost proti zabarven\u00ed<\/strong> p\u0159i slune\u010dn\u00edm z\u00e1\u0159en\u00ed, pran\u00ed a p\u016fsoben\u00ed n\u011bkter\u00fdch chemick\u00fdch l\u00e1tek.<\/p>\n","protected":false},"excerpt":{"rendered":"<p>5 c\u00edvek po 140 metrech, typ 30. Superpevn\u00e1 polyesterov\u00e1 nit nejvy\u0161\u0161\u00ed kvality, nezbytn\u00e1 pro odoln\u00e9 \u0161it\u00ed, ve vkusn\u00e9m balen\u00ed a v univerz\u00e1ln\u00edch barv\u00e1ch!<\/p>\n","protected":false},"featured_media":14634,"comment_status":"open","ping_status":"closed","template":"","meta":[],"product_brand":[],"product_cat":[726],"product_tag":[],"class_list":{"0":"post-18473","1":"product","2":"type-product","3":"status-publish","4":"has-post-thumbnail","6":"product_cat-nici-do-jeansu-w-zestawach","8":"first","9":"instock","10":"taxable","11":"shipping-taxable","12":"purchasable","13":"product-type-variable"},"_links":{"self":[{"href":"https:\/\/gltestm.webology.pl\/cs\/wp-json\/wp\/v2\/product\/18473","targetHints":{"allow":["GET"]}}],"collection":[{"href":"https:\/\/gltestm.webology.pl\/cs\/wp-json\/wp\/v2\/product"}],"about":[{"href":"https:\/\/gltestm.webology.pl\/cs\/wp-json\/wp\/v2\/types\/product"}],"replies":[{"embeddable":true,"href":"https:\/\/gltestm.webology.pl\/cs\/wp-json\/wp\/v2\/comments?post=18473"}],"version-history":[{"count":0,"href":"https:\/\/gltestm.webology.pl\/cs\/wp-json\/wp\/v2\/product\/18473\/revisions"}],"wp:featuredmedia":[{"embeddable":true,"href":"https:\/\/gltestm.webology.pl\/cs\/wp-json\/wp\/v2\/media\/14634"}],"wp:attachment":[{"href":"https:\/\/gltestm.webology.pl\/cs\/wp-json\/wp\/v2\/media?parent=18473"}],"wp:term":[{"taxonomy":"product_brand","embeddable":true,"href":"https:\/\/gltestm.webology.pl\/cs\/wp-json\/wp\/v2\/product_brand?post=18473"},{"taxonomy":"product_cat","embeddable":true,"href":"https:\/\/gltestm.webology.pl\/cs\/wp-json\/wp\/v2\/product_cat?post=18473"},{"taxonomy":"product_tag","embeddable":true,"href":"https:\/\/gltestm.webology.pl\/cs\/wp-json\/wp\/v2\/product_tag?post=18473"}],"curies":[{"name":"wp","href":"https:\/\/api.w.org\/{rel}","templated":true}]}}