{"id":18465,"date":"2026-03-18T22:39:06","date_gmt":"2026-03-18T21:39:06","guid":{"rendered":"https:\/\/gltestm.webology.pl\/produkt\/univerzalni-patka-pro-sici-stroje\/"},"modified":"2026-03-22T21:42:26","modified_gmt":"2026-03-22T20:42:26","slug":"univerzalni-patka-pro-sici-stroje","status":"publish","type":"product","link":"https:\/\/gltestm.webology.pl\/cs\/produkt\/univerzalni-patka-pro-sici-stroje\/","title":{"rendered":"Univerz\u00e1ln\u00ed patka pro \u0161ic\u00ed stroje"},"content":{"rendered":"<h2>Univerz\u00e1ln\u00ed patka pro \u0161ic\u00ed stroje<\/h2>\n<p>Univerz\u00e1ln\u00ed patka pro \u0161ic\u00ed stroje je <strong>univerz\u00e1ln\u00ed<\/strong> n\u00e1stroj, kter\u00fd se pou\u017e\u00edv\u00e1 v <strong>mnoha typech projekt\u016f<\/strong>.<\/p>\n<h2>Kl\u00ed\u010dov\u00e9 vlastnosti univerz\u00e1ln\u00ed patky<\/h2>\n<ul>\n<li><strong>Multifunk\u010dn\u00ed<\/strong>: Tato patka je ur\u010dena pro <strong>v\u0161eobecn\u00e9 pou\u017eit\u00ed<\/strong> a je ide\u00e1ln\u00ed pro r\u016fzn\u00e9 typy \u0161it\u00ed, v\u010detn\u011b <strong>u\u017eitkov\u00fdch<\/strong> steh\u016f, <strong>pru\u017en\u00fdch<\/strong> steh\u016f a ozdobn\u00fdch a <strong>ornament\u00e1ln\u00edch<\/strong> steh\u016f. M\u016f\u017eete s n\u00ed snadno prov\u00e1d\u011bt mnoho r\u016fzn\u00fdch \u0161ic\u00edch operac\u00ed.<\/li>\n<li>\u0160ijte<strong>dvojitou jehlou<\/strong>: Tento n\u00e1stroj umo\u017e\u0148uje \u0161\u00edt tak\u00e9 <strong>dvojitou jehlou<\/strong>, co\u017e je u\u017eite\u010dn\u00e9 pro vytv\u00e1\u0159en\u00ed <strong>v\u00fdrazn\u00fdch<\/strong> a <strong>odoln\u00fdch<\/strong> steh\u016f. Sta\u010d\u00ed nastavit vhodnou \u0161\u00ed\u0159ku a d\u00e9lku \u0161it\u00ed, abyste dos\u00e1hli po\u017eadovan\u00fdch v\u00fdsledk\u016f.<\/li>\n<li>P\u0159izp\u016fsobivost: Patka se <strong>snadno instaluje<\/strong> i <strong>demontuje<\/strong> a je kompatibiln\u00ed <strong>s v\u011bt\u0161inou dom\u00e1c\u00edch \u0161ic\u00edch stroj\u016f<\/strong>. D\u00edky tomu se pohodln\u011b pou\u017e\u00edv\u00e1 a je snadno p\u0159\u00edstupn\u00e1.<\/li>\n<li>V\u00fdb\u011br steh\u016f: M\u016f\u017eete si vybrat <strong>r\u016fzn\u00e9 typy steh\u016f<\/strong> podle pot\u0159eb projektu a univerz\u00e1ln\u00ed patka zajist\u00ed p\u0159esn\u00e9 a estetick\u00e9 v\u00fdsledky.<\/li>\n<\/ul>\n<p>Univerz\u00e1ln\u00ed patka pro \u0161ic\u00ed stroje je nepostradateln\u00fdm n\u00e1strojem pro ka\u017ed\u00e9ho krej\u010d\u00edho nebo hobby \u0161vadlenu, kter\u00fd chce vytv\u00e1\u0159et r\u016fzn\u00e9 l\u00e1tkov\u00e9 projekty. Jej\u00ed univerz\u00e1lnost v\u00e1m umo\u017en\u00ed experimentovat s r\u016fzn\u00fdmi stehy a technikami \u0161it\u00ed, co\u017e v\u00e1m otev\u0159e \u0161irok\u00e9 mo\u017enosti pro vytv\u00e1\u0159en\u00ed jedine\u010dn\u00fdch a kr\u00e1sn\u00fdch od\u011bv\u016f a dopl\u0148k\u016f.<\/p>\n<h2>Syst\u00e9m rychl\u00e9ho upevn\u011bn\u00ed MATIC<\/h2>\n<div>Patka je vhodn\u00e1 pro v\u0161echny stroje Lucznik z aktu\u00e1ln\u00ed prodejn\u00ed \u0159ady. Patka je ur\u010dena pro v\u011bt\u0161inu dom\u00e1c\u00edch \u0161ic\u00edch stroj\u016f s rychloup\u00ednac\u00edm syst\u00e9mem <a href=\"https:\/\/galerialucznik.pl\/search.php?text=matic\" target=\"_blank\" rel=\"noopener\"><strong>MATIC<\/strong><\/a>. Pro star\u0161\u00ed stroje, kter\u00e9 nemaj\u00ed <strong><a href=\"https:\/\/galerialucznik.pl\/search.php?text=matic\" target=\"_blank\" rel=\"noopener\">rychloup\u00ednac\u00ed<\/a> dr\u017e\u00e1k , <\/strong> je nutn\u00e9 jej nainstalovat.<\/div>\n<h2><strong>P\u0159\u00edklady<\/strong><strong> stroj\u016f, ke kter\u00fdm patka pasuje<\/strong><\/h2>\n<ul>\n<li><strong>Lucznik<\/strong>: v\u0161echny stroje z aktu\u00e1ln\u00ed prodejn\u00ed nab\u00eddky, nap\u0159\u00edklad Ewa 2014, Teresa, <a>Polonia 2018<\/a>,<a>  ZofiaII<\/a><a>2015, <\/a><a>Helena 2060, <\/a><a>Marilyn 2018 HD, <\/a>Kornelia 2005 a dal\u0161\u00ed.<\/li>\n<li><strong>Archer<\/strong>: 884, 827, 877, 814, 864, 834, 833, 838 &#8211; <strong><a href=\"https:\/\/galerialucznik.pl\/pl\/products\/czesci-i-akcesoria\/stopki-i-lamowniki\/uchwyty-do-stopek\/uchwyt-matic-typ-niski-576.html\" target=\"_blank\" rel=\"noopener\">pouze s n\u00edzkou n\u00e1sadou Matic.<\/a><\/strong><\/li>\n<li><strong>Archer<\/strong> t\u0159. 400 &#8211; <strong><a href=\"https:\/\/galerialucznik.pl\/pl\/products\/czesci-i-akcesoria\/stopki-i-lamowniki\/uchwyty-do-stopek\/uchwyt-matic-typ-wysoki-577.html\" target=\"_blank\" rel=\"noopener\">pouze s vysokou rukojet\u00ed Matic<\/a><\/strong>.<\/li>\n<li><strong>Singer<\/strong>: 4411 HEAVY DUTY, 4423 HEAVY DUTY, 3221, Brilliance 6180, C44 a dal\u0161\u00ed.<\/li>\n<li><strong>Singer<\/strong>: 814, 833, 518, 514 &#8211; <strong><a href=\"https:\/\/galerialucznik.pl\/pl\/products\/czesci-i-akcesoria\/stopki-i-lamowniki\/uchwyty-do-stopek\/uchwyt-matic-typ-niski-576.html\" target=\"_blank\" rel=\"noopener\">pouze s n\u00edzkou rukojet\u00ed Matic<\/a><\/strong><\/li>\n<li><strong>Janome<\/strong> s v\u00fdkyvnou stopkou: 393, 415, 419S, E1015, JUNO J15, SAKURA 95 a dal\u0161\u00ed.<\/li>\n<li><strong>Elna<\/strong> s kyvn\u00fdm d\u0159\u00edkem: 160, 220, 3210 Jeans, 560 a dal\u0161\u00ed.<\/li>\n<li><strong>Brother<\/strong>: NV-10, NV-35, NV-1250, 1100, 1800, VQ2, DS-140 a dal\u0161\u00ed<\/li>\n<li><strong>Juki<\/strong>: HZL-27Z, 353, F400, F600 a dal\u0161\u00ed<\/li>\n<li><strong>Minerva<\/strong>: B32, 250C, Decor Professional, Experience 1000 a dal\u0161\u00ed.<\/li>\n<li><strong>Toyota<\/strong> s \u010dlunkov\u00fdm a rota\u010dn\u00edm chapa\u010dem: 21DES, SPA15R, SUPER JEANS 26, QUILT226, SPA34, JFS18<\/li>\n<\/ul>\n<p>P\u0159ed vlastn\u00edm <strong>\u0161it\u00edm<\/strong> v\u017edy prove\u010fte <strong>zku\u0161ebn\u00ed \u0161it\u00ed<\/strong>.<\/p>\n","protected":false},"excerpt":{"rendered":"<p>Univerz\u00e1ln\u00ed patka pro v\u0161eobecn\u00e9 pou\u017eit\u00ed s \u0159adou u\u017eitkov\u00fdch, pru\u017en\u00fdch a ozdobn\u00fdch a dekorativn\u00edch steh\u016f.<\/p>\n","protected":false},"featured_media":12941,"comment_status":"open","ping_status":"closed","template":"","meta":[],"product_brand":[],"product_cat":[451],"product_tag":[],"class_list":{"0":"post-18465","1":"product","2":"type-product","3":"status-publish","4":"has-post-thumbnail","6":"product_cat-stopki-do-maszyn","8":"first","9":"outofstock","10":"taxable","11":"shipping-taxable","12":"purchasable","13":"product-type-variable"},"_links":{"self":[{"href":"https:\/\/gltestm.webology.pl\/cs\/wp-json\/wp\/v2\/product\/18465","targetHints":{"allow":["GET"]}}],"collection":[{"href":"https:\/\/gltestm.webology.pl\/cs\/wp-json\/wp\/v2\/product"}],"about":[{"href":"https:\/\/gltestm.webology.pl\/cs\/wp-json\/wp\/v2\/types\/product"}],"replies":[{"embeddable":true,"href":"https:\/\/gltestm.webology.pl\/cs\/wp-json\/wp\/v2\/comments?post=18465"}],"version-history":[{"count":0,"href":"https:\/\/gltestm.webology.pl\/cs\/wp-json\/wp\/v2\/product\/18465\/revisions"}],"wp:featuredmedia":[{"embeddable":true,"href":"https:\/\/gltestm.webology.pl\/cs\/wp-json\/wp\/v2\/media\/12941"}],"wp:attachment":[{"href":"https:\/\/gltestm.webology.pl\/cs\/wp-json\/wp\/v2\/media?parent=18465"}],"wp:term":[{"taxonomy":"product_brand","embeddable":true,"href":"https:\/\/gltestm.webology.pl\/cs\/wp-json\/wp\/v2\/product_brand?post=18465"},{"taxonomy":"product_cat","embeddable":true,"href":"https:\/\/gltestm.webology.pl\/cs\/wp-json\/wp\/v2\/product_cat?post=18465"},{"taxonomy":"product_tag","embeddable":true,"href":"https:\/\/gltestm.webology.pl\/cs\/wp-json\/wp\/v2\/product_tag?post=18465"}],"curies":[{"name":"wp","href":"https:\/\/api.w.org\/{rel}","templated":true}]}}