{"id":18461,"date":"2026-03-18T22:39:06","date_gmt":"2026-03-18T21:39:06","guid":{"rendered":"https:\/\/gltestm.webology.pl\/produkt\/matic-handle-nizky-typ\/"},"modified":"2026-03-22T21:50:42","modified_gmt":"2026-03-22T20:50:42","slug":"matic-handle-nizky-typ","status":"publish","type":"product","link":"https:\/\/gltestm.webology.pl\/cs\/produkt\/matic-handle-nizky-typ\/","title":{"rendered":"Matic handle &#8211; n\u00edzk\u00fd typ"},"content":{"rendered":"<p><strong>Alow matic dr\u017e\u00e1k,<\/strong> kter\u00fd umo\u017e\u0148uje nacvaknout a vym\u011bnit nacvak\u00e1vac\u00ed no\u017ei\u010dky, kter\u00e9 m\u00e1me v nab\u00eddce. <\/p>\n<p><span>Umo\u017en\u00ed v\u00e1m p\u0159ipevnit patku typu matic na star\u0161\u00ed stroj. <\/span><\/p>\n<p><span>Dr\u017e\u00e1k Low<strong>mat<\/strong> ic je vhodn\u00fd pro nov\u011bj\u0161\u00ed stroje Lucznik \u0159ady <strong>800 a 2000<\/strong> a pro <strong>v\u0161echny sou\u010dasn\u00e9 modely stroj\u016f Lucznik.<br \/><\/strong><\/span><\/p>\n<div>\n<div>\n<div>\n<p>Dr\u017e\u00e1k se<span>snadno instaluje a je vhodn\u00fd pro v\u011bt\u0161inu dom\u00e1c\u00edch nov\u011bj\u0161\u00edch \u0161ic\u00edch stroj\u016f<\/span> (<span> Lucznik t\u0159\u00eddy 800, Janome, Brother, Toyota, Huskystar, Redstar, Pfaff, Singer, Bernina Bernette, Jaguar<\/span>).<\/p>\n<p>Nehod\u00ed se pro stroje Lucznik 466<\/p><\/div>\n<\/div>\n<\/div>\n","protected":false},"excerpt":{"rendered":"<p>Rychloup\u00ednac\u00ed dr\u017e\u00e1k pro \u0161ic\u00ed stroje. Umo\u017e\u0148uje p\u0159ipevnit rychloup\u00ednac\u00ed patku na star\u0161\u00ed typ stroje Lucznik.<\/p>\n","protected":false},"featured_media":13777,"comment_status":"open","ping_status":"closed","template":"","meta":[],"product_brand":[],"product_cat":[466],"product_tag":[],"class_list":{"0":"post-18461","1":"product","2":"type-product","3":"status-publish","4":"has-post-thumbnail","6":"product_cat-uchwyty-do-stopek","8":"first","9":"outofstock","10":"taxable","11":"shipping-taxable","12":"purchasable","13":"product-type-variable"},"_links":{"self":[{"href":"https:\/\/gltestm.webology.pl\/cs\/wp-json\/wp\/v2\/product\/18461","targetHints":{"allow":["GET"]}}],"collection":[{"href":"https:\/\/gltestm.webology.pl\/cs\/wp-json\/wp\/v2\/product"}],"about":[{"href":"https:\/\/gltestm.webology.pl\/cs\/wp-json\/wp\/v2\/types\/product"}],"replies":[{"embeddable":true,"href":"https:\/\/gltestm.webology.pl\/cs\/wp-json\/wp\/v2\/comments?post=18461"}],"version-history":[{"count":0,"href":"https:\/\/gltestm.webology.pl\/cs\/wp-json\/wp\/v2\/product\/18461\/revisions"}],"wp:featuredmedia":[{"embeddable":true,"href":"https:\/\/gltestm.webology.pl\/cs\/wp-json\/wp\/v2\/media\/13777"}],"wp:attachment":[{"href":"https:\/\/gltestm.webology.pl\/cs\/wp-json\/wp\/v2\/media?parent=18461"}],"wp:term":[{"taxonomy":"product_brand","embeddable":true,"href":"https:\/\/gltestm.webology.pl\/cs\/wp-json\/wp\/v2\/product_brand?post=18461"},{"taxonomy":"product_cat","embeddable":true,"href":"https:\/\/gltestm.webology.pl\/cs\/wp-json\/wp\/v2\/product_cat?post=18461"},{"taxonomy":"product_tag","embeddable":true,"href":"https:\/\/gltestm.webology.pl\/cs\/wp-json\/wp\/v2\/product_tag?post=18461"}],"curies":[{"name":"wp","href":"https:\/\/api.w.org\/{rel}","templated":true}]}}