{"id":18453,"date":"2026-03-18T22:39:05","date_gmt":"2026-03-18T21:39:05","guid":{"rendered":"https:\/\/gltestm.webology.pl\/produkt\/elektronicka-kuchynska-vaha-pt-852-ex-bila\/"},"modified":"2026-03-22T21:48:38","modified_gmt":"2026-03-22T20:48:38","slug":"elektronicka-kuchynska-vaha-pt-852-ex-bila","status":"publish","type":"product","link":"https:\/\/gltestm.webology.pl\/cs\/produkt\/elektronicka-kuchynska-vaha-pt-852-ex-bila\/","title":{"rendered":"Elektronick\u00e1 kuchy\u0148sk\u00e1 v\u00e1ha PT-852 EX b\u00edl\u00e1"},"content":{"rendered":"<h2>Elektronick\u00e1 kuchy\u0148sk\u00e1 v\u00e1ha PT-852 EX<\/h2>\n<p>Elektronick\u00e1 kuchy\u0148sk\u00e1 v\u00e1ha PT-852 EX je velmi u\u017eite\u010dn\u00e1 p\u0159i p\u0159\u00edprav\u011b pokrm\u016f, kter\u00e9 vy\u017eaduj\u00ed ur\u010dit\u00e9 porce produkt\u016f. Je ide\u00e1ln\u00ed pro v\u00e1\u017een\u00ed ko\u0159en\u00ed a potravinov\u00fdch p\u0159\u00edsad. M\u00e1 dotykov\u00fd ovl\u00e1dac\u00ed panel. Sklen\u011bn\u00e1 plo\u0161ina je vybavena kvalitn\u00edmi senzory s LCD displejem.<\/p>\n<h2>Kl\u00ed\u010dov\u00e9 vlastnosti<\/h2>\n<ul>\n<li>Funkce: zapnut\u00ed\/vypnut\u00ed, automatick\u00e9 vypnut\u00ed, t\u00e1rov\u00e1n\u00ed, zm\u011bna jednotek (unit), indik\u00e1tor slab\u00e9 baterie<\/li>\n<li>Dimensions: 20 x 18 cm<\/li>\n<li>Rozsah m\u011b\u0159en\u00ed: 2-5000 g<\/li>\n<li>P\u0159esnost m\u011b\u0159en\u00ed: 1 g<\/li>\n<li>LED podsv\u00edcen\u00ed<\/li>\n<li>Jednotky m\u011b\u0159en\u00ed: g, oz, lb, ml, \u0161\u00e1lek<\/li>\n<li>Plo\u0161ina z tvrzen\u00e9ho skla<\/li>\n<li>Nap\u00e1jen\u00ed 2 x baterie AAA (sou\u010d\u00e1st dod\u00e1vky)<\/li>\n<\/ul>\n<h2>z\u00e1ruka 24 m\u011bs\u00edc\u016f<\/h2>\n<p>Na v\u00e1hu je poskytov\u00e1na 24m\u011bs\u00ed\u010dn\u00ed z\u00e1ruka a n\u00e1vod k pou\u017eit\u00ed v pol\u0161tin\u011b, kter\u00fd je t\u0159eba si p\u0159ed pou\u017eit\u00edm za\u0159\u00edzen\u00ed p\u0159e\u010d\u00edst.<\/p>\n","protected":false},"excerpt":{"rendered":"<p>Kuchy\u0148sk\u00e1 v\u00e1ha s dotykov\u00fdm panelem. Plo\u0161ina z tvrzen\u00e9ho skla. Ide\u00e1ln\u00ed pro v\u00e1\u017een\u00ed ko\u0159en\u00ed a potravinov\u00fdch p\u0159\u00edsad. Rozsah m\u011b\u0159en\u00ed 2-5000 g s p\u0159esnost\u00ed 1 g.<\/p>\n","protected":false},"featured_media":14696,"comment_status":"open","ping_status":"closed","template":"","meta":[],"product_brand":[],"product_cat":[566],"product_tag":[],"class_list":{"0":"post-18453","1":"product","2":"type-product","3":"status-publish","4":"has-post-thumbnail","6":"product_cat-wagi-kuchenne","8":"first","9":"instock","10":"taxable","11":"shipping-taxable","12":"purchasable","13":"product-type-variable"},"_links":{"self":[{"href":"https:\/\/gltestm.webology.pl\/cs\/wp-json\/wp\/v2\/product\/18453","targetHints":{"allow":["GET"]}}],"collection":[{"href":"https:\/\/gltestm.webology.pl\/cs\/wp-json\/wp\/v2\/product"}],"about":[{"href":"https:\/\/gltestm.webology.pl\/cs\/wp-json\/wp\/v2\/types\/product"}],"replies":[{"embeddable":true,"href":"https:\/\/gltestm.webology.pl\/cs\/wp-json\/wp\/v2\/comments?post=18453"}],"version-history":[{"count":0,"href":"https:\/\/gltestm.webology.pl\/cs\/wp-json\/wp\/v2\/product\/18453\/revisions"}],"wp:featuredmedia":[{"embeddable":true,"href":"https:\/\/gltestm.webology.pl\/cs\/wp-json\/wp\/v2\/media\/14696"}],"wp:attachment":[{"href":"https:\/\/gltestm.webology.pl\/cs\/wp-json\/wp\/v2\/media?parent=18453"}],"wp:term":[{"taxonomy":"product_brand","embeddable":true,"href":"https:\/\/gltestm.webology.pl\/cs\/wp-json\/wp\/v2\/product_brand?post=18453"},{"taxonomy":"product_cat","embeddable":true,"href":"https:\/\/gltestm.webology.pl\/cs\/wp-json\/wp\/v2\/product_cat?post=18453"},{"taxonomy":"product_tag","embeddable":true,"href":"https:\/\/gltestm.webology.pl\/cs\/wp-json\/wp\/v2\/product_tag?post=18453"}],"curies":[{"name":"wp","href":"https:\/\/api.w.org\/{rel}","templated":true}]}}