{"id":18449,"date":"2026-03-18T22:39:05","date_gmt":"2026-03-18T21:39:05","guid":{"rendered":"https:\/\/gltestm.webology.pl\/produkt\/lucznik-ha2-klasicke-latkove-jehly\/"},"modified":"2026-03-22T21:43:19","modified_gmt":"2026-03-22T20:43:19","slug":"lucznik-ha2-klasicke-latkove-jehly","status":"publish","type":"product","link":"https:\/\/gltestm.webology.pl\/cs\/produkt\/lucznik-ha2-klasicke-latkove-jehly\/","title":{"rendered":"Lucznik HA*2 klasick\u00e9 l\u00e1tkov\u00e9 jehly"},"content":{"rendered":"<h2><strong>Sada jehel Lucznik HA*2<\/strong><\/h2>\n<p>Sada jehel Lucznik HA*2 je ur\u010dena pro \u0161it\u00ed s l\u00e1tkami. Tyto jehly m\u016f\u017eeme pou\u017e\u00edt pro \u0161ic\u00ed stroje i overlocky zna\u010dky Lucznik.<\/p>\n<p>Jehly \u0141ucznik s ba\u0148kou <strong>SLOW<\/strong> jsou vhodn\u00e9 pro v\u0161echny \u0161ic\u00ed stroje a overlocky zna\u010dky \u0141ucznik z aktu\u00e1ln\u00ed prodejn\u00ed nab\u00eddky.<\/p>\n<p>Jehly Lucznik HA*2 jsou baleny po <strong>5 kusech<\/strong> dod\u00e1v\u00e1ny ve<strong> 3 velikostech<\/strong> (od tlou\u0161\u0165ky 70 do tlou\u0161\u0165ky 90).<\/p>\n<p><strong>70\/10 &#8211; 1 ks.<\/strong><br \/><strong>80\/12 &#8211; 2 ks.<\/strong><br \/><strong>90\/14 &#8211; 2 ks.<\/strong><\/p>\n<p>P\u0159i v\u00fdb\u011bru velikosti jehel plat\u00ed jednoduch\u00e9 pravidlo &#8211; v\u017edy volte co nejmen\u0161\u00ed velikost, abyste zbyte\u010dn\u011b neprod\u00edrali \u0161itou l\u00e1tku. Mus\u00edme si v\u0161ak uv\u011bdomit, \u017ee pr\u00e1v\u011b velikost jehly ur\u010duje velikost o\u010dka, a to mus\u00ed b\u00fdt dostate\u010dn\u011b velk\u00e9, aby se nit mohla voln\u011b pohybovat.<\/p>\n<p><strong>PAMATUJTE!<\/strong><br \/>Pravideln\u011b byste tak\u00e9 m\u011bli kontrolovat \u0161pi\u010dku jehly, kdy\u017e si v\u0161imnete jak\u00fdchkoli zn\u00e1mek opot\u0159eben\u00ed, vym\u011b\u0148te jehlu za novou. Stav jehly ovliv\u0148uje kvalitu stehu, po\u0161kozen\u00e1 \u0161pi\u010dka jehly m\u016f\u017ee po\u0161kodit \u0161itou l\u00e1tku. Jehly by m\u011bly b\u00fdt uchov\u00e1v\u00e1ny v p\u016fvodn\u00edm obalu, aby nedo\u0161lo k jejich po\u0161kozen\u00ed.<\/p>\n","protected":false},"excerpt":{"rendered":"<p>Univerz\u00e1ln\u00ed jehly na l\u00e1tky v sad\u011b &#8211; 5 kus\u016f ve velikostech: 70, 80, 90<\/p>\n","protected":false},"featured_media":14548,"comment_status":"open","ping_status":"closed","template":"","meta":[],"product_brand":[],"product_cat":[521],"product_tag":[],"class_list":{"0":"post-18449","1":"product","2":"type-product","3":"status-publish","4":"has-post-thumbnail","6":"product_cat-igly-do-maszyn","8":"first","9":"instock","10":"taxable","11":"shipping-taxable","12":"purchasable","13":"product-type-variable"},"_links":{"self":[{"href":"https:\/\/gltestm.webology.pl\/cs\/wp-json\/wp\/v2\/product\/18449","targetHints":{"allow":["GET"]}}],"collection":[{"href":"https:\/\/gltestm.webology.pl\/cs\/wp-json\/wp\/v2\/product"}],"about":[{"href":"https:\/\/gltestm.webology.pl\/cs\/wp-json\/wp\/v2\/types\/product"}],"replies":[{"embeddable":true,"href":"https:\/\/gltestm.webology.pl\/cs\/wp-json\/wp\/v2\/comments?post=18449"}],"version-history":[{"count":0,"href":"https:\/\/gltestm.webology.pl\/cs\/wp-json\/wp\/v2\/product\/18449\/revisions"}],"wp:featuredmedia":[{"embeddable":true,"href":"https:\/\/gltestm.webology.pl\/cs\/wp-json\/wp\/v2\/media\/14548"}],"wp:attachment":[{"href":"https:\/\/gltestm.webology.pl\/cs\/wp-json\/wp\/v2\/media?parent=18449"}],"wp:term":[{"taxonomy":"product_brand","embeddable":true,"href":"https:\/\/gltestm.webology.pl\/cs\/wp-json\/wp\/v2\/product_brand?post=18449"},{"taxonomy":"product_cat","embeddable":true,"href":"https:\/\/gltestm.webology.pl\/cs\/wp-json\/wp\/v2\/product_cat?post=18449"},{"taxonomy":"product_tag","embeddable":true,"href":"https:\/\/gltestm.webology.pl\/cs\/wp-json\/wp\/v2\/product_tag?post=18449"}],"curies":[{"name":"wp","href":"https:\/\/api.w.org\/{rel}","templated":true}]}}