{"id":18445,"date":"2026-03-18T22:39:04","date_gmt":"2026-03-18T21:39:04","guid":{"rendered":"https:\/\/gltestm.webology.pl\/produkt\/elektronicka-analyticka-koupelnova-vaha-bs-11-b\/"},"modified":"2026-03-22T21:40:18","modified_gmt":"2026-03-22T20:40:18","slug":"elektronicka-analyticka-koupelnova-vaha-bs-11-b","status":"publish","type":"product","link":"https:\/\/gltestm.webology.pl\/cs\/produkt\/elektronicka-analyticka-koupelnova-vaha-bs-11-b\/","title":{"rendered":"Elektronick\u00e1 analytick\u00e1 koupelnov\u00e1 v\u00e1ha BS-11 B"},"content":{"rendered":"<h2><strong>Elektronick\u00e1 multifunk\u010dn\u00ed koupelnov\u00e1 v\u00e1ha BS-11 B<\/strong><\/h2>\n<p><strong>Elektronick\u00e1 multifunk\u010dn\u00ed<\/strong> koupelnov\u00e1 v\u00e1ha BS-11<strong>B<\/strong> s maxim\u00e1ln\u00ed v\u00e1\u017eivost\u00ed 180 kg, LCD displejem, indik\u00e1torem p\u0159et\u00ed\u017een\u00ed a indik\u00e1torem baterie m\u016f\u017ee zaujmout \u010destn\u00e9 m\u00edsto ve va\u0161\u00ed koupeln\u011b. <strong>V\u00e1ha je schopna ulo\u017eit \u00fadaje o 10 osob\u00e1ch<\/strong>. Povrch v\u00e1hy je vyroben z tvrzen\u00e9ho skla. <strong>V\u00e1ha<\/strong> vyu\u017e\u00edv\u00e1 nejnov\u011bj\u0161\u00ed technologii BIA (bioelektrick\u00e1 impedan\u010dn\u00ed anal\u00fdza). Na\u0161e<strong> multifunk\u010dn\u00ed v\u00e1ha <\/strong>m\u00e1 na v\u00fdb\u011br z m\u011brn\u00fdch jednotek v kg, lb a st.<\/p>\n<h2>Kl\u00ed\u010dov\u00e9 vlastnosti<\/h2>\n<ul>\n<li>Velk\u00fd, snadno \u010diteln\u00fd displej LCD<\/li>\n<li>Jednotky hmotnosti: kg, lb, st<\/li>\n<li>Rozsah m\u011b\u0159en\u00ed hmotnosti: 5-180 kg<\/li>\n<li>P\u0159esnost m\u011b\u0159en\u00ed: 100 g<\/li>\n<li>Dal\u0161\u00ed m\u011b\u0159en\u00ed: svalov\u00e1 hmota, kostn\u00ed tk\u00e1\u0148, t\u011blesn\u00fd tuk, obsah vody v t\u011ble<\/li>\n<li>P\u0159esnost m\u011b\u0159en\u00ed tukov\u00e9 tk\u00e1n\u011b: 0,01%<\/li>\n<li>Pam\u011b\u0165 a\u017e pro 10 u\u017eivatel\u016f<\/li>\n<li>Automatick\u00e9 zapnut\u00ed &#8211; funkce &#8222;step-on&#8220;<\/li>\n<li>Automatick\u00e9 vypnut\u00ed (prodlu\u017euje \u017eivotnost baterie)<\/li>\n<li>Automatick\u00e1 kalibrace<\/li>\n<li>Bezpe\u010dnostn\u00ed tvrzen\u00e9 sklo<\/li>\n<li>Indik\u00e1tor nabit\u00ed baterie<\/li>\n<li>Nap\u00e1jen\u00ed: 2 baterie AAA (jsou sou\u010d\u00e1st\u00ed dod\u00e1vky)<\/li>\n<li>Rozm\u011bry: 30 \u00d7 30 cm<\/li>\n<\/ul>\n<p><strong>V\u00e1ha<\/strong> je vybavena <strong>funkc\u00ed m\u011b\u0159en\u00ed BMI a kalori\u00ed<\/strong> a <strong>m\u011b\u0159en\u00edm t\u011blesn\u00e9 hmotnosti a sval\u016f, kost\u00ed, tuku a hydratace s p\u0159esnost\u00ed 0,1 %<\/strong>. Jedn\u00e1 se o mimo\u0159\u00e1dn\u011b u\u017eite\u010dn\u00e9 \u00fadaje, kter\u00e9 se budou hodit ka\u017ed\u00e9mu, zejm\u00e9na lidem, kte\u0159\u00ed cvi\u010d\u00ed a pe\u010duj\u00ed o sv\u00e9 zdrav\u00ed a cht\u011bj\u00ed dos\u00e1hnout dan\u00e9ho c\u00edle, a\u0165 u\u017e jde o zv\u00fd\u0161en\u00ed svalov\u00e9 hmoty, sn\u00ed\u017een\u00ed procenta t\u011blesn\u00e9ho tuku nebo prost\u011b jen zhubnout p\u00e1r kilogram\u016f. Na\u0161e profesion\u00e1ln\u00ed <strong>elektronick\u00e1 multifunk\u010dn\u00ed koupelnov\u00e1 v\u00e1ha BS-11 B <\/strong>v\u00e1m umo\u017en\u00ed to, co si nyn\u00ed m\u016f\u017eete zkontrolovat na vah\u00e1ch, kter\u00e9 najdete v posilovn\u00e1ch nebo v dietologick\u00fdch ordinac\u00edch. Pozn\u00e1mka: Procento t\u011blesn\u00e9ho tuku a procento t\u011blesn\u00e9 hydratace maj\u00ed <strong>pouze informativn\u00ed<\/strong> charakter.<\/p>\n<h2><strong>z\u00e1ruka 24 m\u011bs\u00edc\u016f<\/strong><\/h2>\n<p><strong>Elektronick\u00e1 v\u00e1haBS-11 B <\/strong>je dod\u00e1v\u00e1na s<strong> 24m\u011bs\u00ed\u010dn\u00ed z\u00e1rukou <\/strong>a<strong> n\u00e1vodem v pol\u0161tin\u011b<\/strong>, kter\u00fd je t\u0159eba si p\u0159ed pou\u017eit\u00edm za\u0159\u00edzen\u00ed p\u0159e\u010d\u00edst.            <\/p>\n","protected":false},"excerpt":{"rendered":"<p>Elektronick\u00e1 multifunk\u010dn\u00ed koupelnov\u00e1 v\u00e1ha BS-11B s maxim\u00e1ln\u00ed nosnost\u00ed 180 kg, s LCD displejem, kter\u00e1 je vybavena funkc\u00ed m\u011b\u0159en\u00ed BMI a kalori\u00ed, m\u011b\u0159en\u00edm t\u011blesn\u00e9 hmotnosti, sval\u016f, kost\u00ed a tuku a hydratace.<\/p>\n","protected":false},"featured_media":14962,"comment_status":"open","ping_status":"closed","template":"","meta":[],"product_brand":[],"product_cat":[666],"product_tag":[],"class_list":{"0":"post-18445","1":"product","2":"type-product","3":"status-publish","4":"has-post-thumbnail","6":"product_cat-wagi-lazienkowe","8":"first","9":"outofstock","10":"taxable","11":"shipping-taxable","12":"purchasable","13":"product-type-variable"},"_links":{"self":[{"href":"https:\/\/gltestm.webology.pl\/cs\/wp-json\/wp\/v2\/product\/18445","targetHints":{"allow":["GET"]}}],"collection":[{"href":"https:\/\/gltestm.webology.pl\/cs\/wp-json\/wp\/v2\/product"}],"about":[{"href":"https:\/\/gltestm.webology.pl\/cs\/wp-json\/wp\/v2\/types\/product"}],"replies":[{"embeddable":true,"href":"https:\/\/gltestm.webology.pl\/cs\/wp-json\/wp\/v2\/comments?post=18445"}],"version-history":[{"count":0,"href":"https:\/\/gltestm.webology.pl\/cs\/wp-json\/wp\/v2\/product\/18445\/revisions"}],"wp:featuredmedia":[{"embeddable":true,"href":"https:\/\/gltestm.webology.pl\/cs\/wp-json\/wp\/v2\/media\/14962"}],"wp:attachment":[{"href":"https:\/\/gltestm.webology.pl\/cs\/wp-json\/wp\/v2\/media?parent=18445"}],"wp:term":[{"taxonomy":"product_brand","embeddable":true,"href":"https:\/\/gltestm.webology.pl\/cs\/wp-json\/wp\/v2\/product_brand?post=18445"},{"taxonomy":"product_cat","embeddable":true,"href":"https:\/\/gltestm.webology.pl\/cs\/wp-json\/wp\/v2\/product_cat?post=18445"},{"taxonomy":"product_tag","embeddable":true,"href":"https:\/\/gltestm.webology.pl\/cs\/wp-json\/wp\/v2\/product_tag?post=18445"}],"curies":[{"name":"wp","href":"https:\/\/api.w.org\/{rel}","templated":true}]}}