{"id":18441,"date":"2026-03-18T22:39:04","date_gmt":"2026-03-18T21:39:04","guid":{"rendered":"https:\/\/gltestm.webology.pl\/produkt\/mlynek-na-sul-pepr-a-koreni-pm-101-zeleny\/"},"modified":"2026-03-22T21:48:35","modified_gmt":"2026-03-22T20:48:35","slug":"mlynek-na-sul-pepr-a-koreni-pm-101-zeleny","status":"publish","type":"product","link":"https:\/\/gltestm.webology.pl\/cs\/produkt\/mlynek-na-sul-pepr-a-koreni-pm-101-zeleny\/","title":{"rendered":"Ml\u00fdnek na s\u016fl, pep\u0159 a ko\u0159en\u00ed PM-101 zelen\u00fd"},"content":{"rendered":"<h2><strong>Ml\u00fdnek na s\u016fl, pep\u0159 a ko\u0159en\u00ed PM101 <\/strong>&#8211; podrobnosti<strong><br \/><\/strong><\/h2>\n<p>Ml\u00fdnek na<strong>s\u016fl, pep\u0159 a ko <\/strong>\u0159en\u00edPM101 je vybaven <strong>keramick\u00fdmi vl\u00e1kny <\/strong>, jejich\u017e pr\u00e1ci lze nastavit a libovoln\u011b tak sn\u00ed\u017eit nebo zv\u00fd\u0161it tlou\u0161\u0165ku mlet\u00ed ko\u0159en\u00ed.<\/p>\n<p>Sv\u011b\u017e\u00ed zelen\u00e1 barva ml\u00fdnku <strong>PM 101<\/strong> vn\u00e1\u0161\u00ed do m\u00edstnosti sv\u011b\u017e\u00ed, pozitivn\u00ed akcent a d\u00edky matn\u00e9mu, na dotek p\u0159\u00edjemn\u00e9mu t\u011blu je jeho pou\u017e\u00edv\u00e1n\u00ed skute\u010dn\u00fdm pot\u011b\u0161en\u00edm.<\/p>\n<p><strong>Ml\u00fdnek<\/strong> je ide\u00e1ln\u00ed pro mlet\u00ed soli, pep\u0159e, koriandru a dal\u0161\u00edho ko\u0159en\u00ed.<strong> K dispozici v r\u016fzn\u00fdch barv\u00e1ch <\/strong>: oran\u017eov\u00e9, \u017elut\u00e9, r\u016f\u017eov\u00e9, modr\u00e9, \u010derven\u00e9, b\u00edl\u00e9, \u010dern\u00e9, vanilkov\u00e9, \u010dokol\u00e1dov\u00e9 a fialov\u00e9. <\/p>\n<p><strong>Ml\u00fdnek na s\u016fl, pep\u0159 a ko\u0159en\u00edPM101<\/strong> je dod\u00e1v\u00e1n s <strong>24m\u011bs\u00ed\u010dn\u00ed z\u00e1rukou<\/strong> a <strong>n\u00e1vodem v pol\u0161tin\u011b<\/strong>, kter\u00fd je t\u0159eba si p\u0159ed pou\u017eit\u00edm za\u0159\u00edzen\u00ed p\u0159e\u010d\u00edst.  <\/p>\n","protected":false},"excerpt":{"rendered":"<p>Ml\u00fdnek na s\u016fl, pep\u0159 a ko\u0159en\u00ed PM101 je ide\u00e1ln\u00ed pro mlet\u00ed soli, pep\u0159e, koriandru a dal\u0161\u00edho ko\u0159en\u00ed. Ml\u00fdnek je k dispozici v r\u016fzn\u00fdch barv\u00e1ch a m\u00e1 keramick\u00fd mechanismus s nastavitelnou tlou\u0161\u0165kou mlet\u00ed<\/p>\n","protected":false},"featured_media":13267,"comment_status":"open","ping_status":"closed","template":"","meta":[],"product_brand":[],"product_cat":[591],"product_tag":[],"class_list":{"0":"post-18441","1":"product","2":"type-product","3":"status-publish","4":"has-post-thumbnail","6":"product_cat-mlynki","8":"first","9":"instock","10":"taxable","11":"shipping-taxable","12":"product-type-simple"},"_links":{"self":[{"href":"https:\/\/gltestm.webology.pl\/cs\/wp-json\/wp\/v2\/product\/18441","targetHints":{"allow":["GET"]}}],"collection":[{"href":"https:\/\/gltestm.webology.pl\/cs\/wp-json\/wp\/v2\/product"}],"about":[{"href":"https:\/\/gltestm.webology.pl\/cs\/wp-json\/wp\/v2\/types\/product"}],"replies":[{"embeddable":true,"href":"https:\/\/gltestm.webology.pl\/cs\/wp-json\/wp\/v2\/comments?post=18441"}],"version-history":[{"count":0,"href":"https:\/\/gltestm.webology.pl\/cs\/wp-json\/wp\/v2\/product\/18441\/revisions"}],"wp:featuredmedia":[{"embeddable":true,"href":"https:\/\/gltestm.webology.pl\/cs\/wp-json\/wp\/v2\/media\/13267"}],"wp:attachment":[{"href":"https:\/\/gltestm.webology.pl\/cs\/wp-json\/wp\/v2\/media?parent=18441"}],"wp:term":[{"taxonomy":"product_brand","embeddable":true,"href":"https:\/\/gltestm.webology.pl\/cs\/wp-json\/wp\/v2\/product_brand?post=18441"},{"taxonomy":"product_cat","embeddable":true,"href":"https:\/\/gltestm.webology.pl\/cs\/wp-json\/wp\/v2\/product_cat?post=18441"},{"taxonomy":"product_tag","embeddable":true,"href":"https:\/\/gltestm.webology.pl\/cs\/wp-json\/wp\/v2\/product_tag?post=18441"}],"curies":[{"name":"wp","href":"https:\/\/api.w.org\/{rel}","templated":true}]}}