{"id":18437,"date":"2026-03-18T22:39:03","date_gmt":"2026-03-18T21:39:03","guid":{"rendered":"https:\/\/gltestm.webology.pl\/produkt\/mlynek-na-sul-pepr-a-koreni-pm-101-bily\/"},"modified":"2026-03-22T21:48:32","modified_gmt":"2026-03-22T20:48:32","slug":"mlynek-na-sul-pepr-a-koreni-pm-101-bily","status":"publish","type":"product","link":"https:\/\/gltestm.webology.pl\/cs\/produkt\/mlynek-na-sul-pepr-a-koreni-pm-101-bily\/","title":{"rendered":"Ml\u00fdnek na s\u016fl, pep\u0159 a ko\u0159en\u00ed PM-101 b\u00edl\u00fd"},"content":{"rendered":"<h2><strong>Ml\u00fdnek na s\u016fl, pep\u0159 a ko\u0159en\u00ed PM101 <\/strong>&#8211; podrobnosti<strong><br \/><\/strong><\/h2>\n<p><strong>Elektrick\u00fd ml\u00fdnek na s\u016fl, pep\u0159 a ko\u0159en\u00ed PM101 b\u00edl\u00fd<\/strong> s <strong>keramick\u00fdm mechanismem <\/strong>vybaven\u00fdm mo\u017enost\u00ed<strong> nastaven\u00ed tlou\u0161\u0165ky mlet\u00ed <\/strong> ko\u0159en\u00ed<strong>. <\/strong><\/p>\n<p><strong>Ml\u00fdnek<\/strong> je ide\u00e1ln\u00ed pro mlet\u00ed soli, pep\u0159e, koriandru a dal\u0161\u00edho ko\u0159en\u00ed. Je<strong> k dispozici v r\u016fzn\u00fdch barv\u00e1ch <\/strong>: oran\u017eov\u00e9, \u017elut\u00e9, zelen\u00e9, r\u016f\u017eov\u00e9, modr\u00e9, \u010derven\u00e9, \u010dern\u00e9, vanilkov\u00e9, \u010dokol\u00e1dov\u00e9 a fialov\u00e9. Jeho elegantn\u00ed a stylov\u00fd design dokonale zapadne do z\u00e1zem\u00ed Na\u0161\u00ed kuchyn\u011b.<\/p>\n<p><strong>Ml\u00fdnek na s\u016fl, pep\u0159 a ko\u0159en\u00edPM101<\/strong> je dod\u00e1v\u00e1n s <strong>24m\u011bs\u00ed\u010dn\u00ed z\u00e1rukou<\/strong> a <strong>n\u00e1vodem v pol\u0161tin\u011b<\/strong>, kter\u00fd je t\u0159eba si p\u0159ed pou\u017eit\u00edm za\u0159\u00edzen\u00ed p\u0159e\u010d\u00edst.  <\/p>\n","protected":false},"excerpt":{"rendered":"<p>Ml\u00fdnek na s\u016fl, pep\u0159 a ko\u0159en\u00ed PM101 je ide\u00e1ln\u00ed pro mlet\u00ed soli, pep\u0159e, koriandru a dal\u0161\u00edho ko\u0159en\u00ed. Ml\u00fdnek je k dispozici v r\u016fzn\u00fdch barv\u00e1ch a m\u00e1 keramick\u00fd mechanismus s nastavitelnou tlou\u0161\u0165kou mlet\u00ed<\/p>\n","protected":false},"featured_media":13514,"comment_status":"open","ping_status":"closed","template":"","meta":[],"product_brand":[],"product_cat":[],"product_tag":[],"class_list":{"0":"post-18437","1":"product","2":"type-product","3":"status-publish","4":"has-post-thumbnail","7":"first","8":"instock","9":"taxable","10":"shipping-taxable","11":"product-type-simple"},"_links":{"self":[{"href":"https:\/\/gltestm.webology.pl\/cs\/wp-json\/wp\/v2\/product\/18437","targetHints":{"allow":["GET"]}}],"collection":[{"href":"https:\/\/gltestm.webology.pl\/cs\/wp-json\/wp\/v2\/product"}],"about":[{"href":"https:\/\/gltestm.webology.pl\/cs\/wp-json\/wp\/v2\/types\/product"}],"replies":[{"embeddable":true,"href":"https:\/\/gltestm.webology.pl\/cs\/wp-json\/wp\/v2\/comments?post=18437"}],"version-history":[{"count":0,"href":"https:\/\/gltestm.webology.pl\/cs\/wp-json\/wp\/v2\/product\/18437\/revisions"}],"wp:featuredmedia":[{"embeddable":true,"href":"https:\/\/gltestm.webology.pl\/cs\/wp-json\/wp\/v2\/media\/13514"}],"wp:attachment":[{"href":"https:\/\/gltestm.webology.pl\/cs\/wp-json\/wp\/v2\/media?parent=18437"}],"wp:term":[{"taxonomy":"product_brand","embeddable":true,"href":"https:\/\/gltestm.webology.pl\/cs\/wp-json\/wp\/v2\/product_brand?post=18437"},{"taxonomy":"product_cat","embeddable":true,"href":"https:\/\/gltestm.webology.pl\/cs\/wp-json\/wp\/v2\/product_cat?post=18437"},{"taxonomy":"product_tag","embeddable":true,"href":"https:\/\/gltestm.webology.pl\/cs\/wp-json\/wp\/v2\/product_tag?post=18437"}],"curies":[{"name":"wp","href":"https:\/\/api.w.org\/{rel}","templated":true}]}}